{"id":522947,"date":"2025-01-23T12:13:40","date_gmt":"2025-01-23T12:13:40","guid":{"rendered":"https:\/\/madabouthorror.co.uk\/?post_type=product&#038;p=522947"},"modified":"2026-04-27T18:21:12","modified_gmt":"2026-04-27T17:21:12","slug":"the-exorcist-pazuzu-deluxe-injection-mask","status":"publish","type":"product","link":"https:\/\/madabouthorror.co.uk\/fr\/product\/the-exorcist-pazuzu-deluxe-injection-mask\/","title":{"rendered":"L'Exorciste - Pazuzu Deluxe Injection Mask"},"content":{"rendered":"<p>Voici le mod\u00e8le sous licence officielle <em>L'Exorciste<\/em> \u2013 Masque Pazuzu Deluxe \u00e0 injection de Trick or Treat Studios ! Ce masque en plastique rigide tr\u00e8s d\u00e9taill\u00e9 est dot\u00e9 d'une capuche en tissu et d'une sangle \u00e9lastique pour un ajustement s\u00fbr et confortable.<\/p>\n<p>L'EXORCISTE et tous les personnages et \u00e9l\u00e9ments associ\u00e9s sont la propri\u00e9t\u00e9 de et sont des marques commerciales de Warner Bros. Entertainment Inc. WB SHIELD : \u00a9 &amp; \u2122<\/p>","protected":false},"excerpt":{"rendered":"<p>Pr\u00e9sentation du masque d'injection deluxe Pazuzu sous licence officielle L'Exorciste de Trick or Treat Studios ! Ce masque en plastique dur tr\u00e8s d\u00e9taill\u00e9 est dot\u00e9 d'une cagoule en tissu et d'une sangle \u00e9lastique pour un ajustement s\u00fbr et confortable. THE EXORCIST et tous les personnages et \u00e9l\u00e9ments associ\u00e9s \u00a9 &amp; \u2122 Warner Bros. Entertainment Inc. WB SHIELD : \u00a9 &amp;\u2026<\/p>","protected":false},"featured_media":522949,"comment_status":"closed","ping_status":"closed","template":"","meta":{"_acf_changed":false},"product_brand":[],"product_cat":[6580,6609,9962,6541,6571,6792,6704],"product_tag":[],"class_list":{"0":"post-522947","1":"product","2":"type-product","3":"status-publish","4":"has-post-thumbnail","6":"product_cat-movie-tv","7":"product_cat-pre-order-masks","8":"product_cat-trick-or-treat-studios-masks","9":"product_cat-masks","10":"product_cat-just-arrived","11":"product_cat-trick-or-treat-studios","12":"product_cat-theexorcist","13":"product_shipping_class-small-parcel-economy-3-5-business-days","15":"first","16":"instock","17":"taxable","18":"shipping-taxable","19":"purchasable","20":"product-type-simple"},"supplier_id":470964,"supplier_sku":"TTWB163","barcode":"810116285099","atum_controlled":true,"out_stock_date":null,"out_stock_threshold":null,"inheritable":false,"inbound_stock":0,"stock_on_hold":0,"sold_today":0,"sales_last_days":2,"reserved_stock":0,"customer_returns":0,"warehouse_damage":0,"lost_in_post":0,"other_logs":0,"out_stock_days":0,"lost_sales":0,"has_location":false,"update_date":"2026-04-30T02:04:19","atum_locations":[],"atum_stock_status":"instock","restock_status":false,"low_stock_amount":6,"sales_update_date":"2026-04-30T02:04:18","calc_backorders":null,"acf":[],"yoast_head":"<!-- This site is optimized with the Yoast SEO plugin v27.5 - https:\/\/yoast.com\/product\/yoast-seo-wordpress\/ -->\n<title>The Exorcist - Pazuzu Deluxe Injection Mask | Mad About Horror<\/title>\n<meta name=\"description\" content=\"The Exorcist - Pazuzu Deluxe Injection Mask. Official UK Stockist of Trick or Treat Studios. The UK&#039;s leading horror collectibles specialist\" \/>\n<meta name=\"robots\" content=\"index, follow, max-snippet:-1, max-image-preview:large, max-video-preview:-1\" \/>\n<link rel=\"canonical\" href=\"https:\/\/madabouthorror.co.uk\/fr\/product\/the-exorcist-pazuzu-deluxe-injection-mask\/\" \/>\n<meta property=\"og:locale\" content=\"fr_FR\" \/>\n<meta property=\"og:type\" content=\"article\" \/>\n<meta property=\"og:title\" content=\"The Exorcist - Pazuzu Deluxe Injection Mask | Mad About Horror\" \/>\n<meta property=\"og:description\" content=\"The Exorcist - Pazuzu Deluxe Injection Mask. Official UK Stockist of Trick or Treat Studios. The UK&#039;s leading horror collectibles specialist\" \/>\n<meta property=\"og:url\" content=\"https:\/\/madabouthorror.co.uk\/fr\/product\/the-exorcist-pazuzu-deluxe-injection-mask\/\" \/>\n<meta property=\"og:site_name\" content=\"Mad About Horror\" \/>\n<meta property=\"article:publisher\" content=\"https:\/\/www.facebook.com\/madabouthorror\/\" \/>\n<meta property=\"article:modified_time\" content=\"2026-04-27T17:21:12+00:00\" \/>\n<meta property=\"og:image\" content=\"https:\/\/madabouthorror.co.uk\/wp-content\/uploads\/2025\/01\/TTWB163-exorcist-pazuzu-mask-front_1512x.png.webp\" \/>\n\t<meta property=\"og:image:width\" content=\"1500\" \/>\n\t<meta property=\"og:image:height\" content=\"1500\" \/>\n\t<meta property=\"og:image:type\" content=\"image\/webp\" \/>\n<meta name=\"twitter:card\" content=\"summary_large_image\" \/>\n<meta name=\"twitter:label1\" content=\"Dur\u00e9e de lecture estim\u00e9e\" \/>\n\t<meta name=\"twitter:data1\" content=\"1 minute\" \/>\n<script type=\"application\/ld+json\" class=\"yoast-schema-graph\">{\"@context\":\"https:\\\/\\\/schema.org\",\"@graph\":[{\"@type\":[\"WebPage\",\"ItemPage\"],\"@id\":\"https:\\\/\\\/madabouthorror.co.uk\\\/product\\\/the-exorcist-pazuzu-deluxe-injection-mask\\\/\",\"url\":\"https:\\\/\\\/madabouthorror.co.uk\\\/product\\\/the-exorcist-pazuzu-deluxe-injection-mask\\\/\",\"name\":\"The Exorcist - Pazuzu Deluxe Injection Mask | Mad About Horror\",\"isPartOf\":{\"@id\":\"https:\\\/\\\/madabouthorror.co.uk\\\/#website\"},\"primaryImageOfPage\":{\"@id\":\"https:\\\/\\\/madabouthorror.co.uk\\\/product\\\/the-exorcist-pazuzu-deluxe-injection-mask\\\/#primaryimage\"},\"image\":{\"@id\":\"https:\\\/\\\/madabouthorror.co.uk\\\/product\\\/the-exorcist-pazuzu-deluxe-injection-mask\\\/#primaryimage\"},\"thumbnailUrl\":\"https:\\\/\\\/madabouthorror.co.uk\\\/wp-content\\\/uploads\\\/2025\\\/01\\\/TTWB163-exorcist-pazuzu-mask-front_1512x.png.webp\",\"datePublished\":\"2025-01-23T12:13:40+00:00\",\"dateModified\":\"2026-04-27T17:21:12+00:00\",\"description\":\"The Exorcist - Pazuzu Deluxe Injection Mask. Official UK Stockist of Trick or Treat Studios. The UK's leading horror collectibles specialist\",\"breadcrumb\":{\"@id\":\"https:\\\/\\\/madabouthorror.co.uk\\\/product\\\/the-exorcist-pazuzu-deluxe-injection-mask\\\/#breadcrumb\"},\"inLanguage\":\"fr-FR\",\"potentialAction\":[{\"@type\":\"ReadAction\",\"target\":[\"https:\\\/\\\/madabouthorror.co.uk\\\/product\\\/the-exorcist-pazuzu-deluxe-injection-mask\\\/\"]}]},{\"@type\":\"ImageObject\",\"inLanguage\":\"fr-FR\",\"@id\":\"https:\\\/\\\/madabouthorror.co.uk\\\/product\\\/the-exorcist-pazuzu-deluxe-injection-mask\\\/#primaryimage\",\"url\":\"https:\\\/\\\/madabouthorror.co.uk\\\/wp-content\\\/uploads\\\/2025\\\/01\\\/TTWB163-exorcist-pazuzu-mask-front_1512x.png.webp\",\"contentUrl\":\"https:\\\/\\\/madabouthorror.co.uk\\\/wp-content\\\/uploads\\\/2025\\\/01\\\/TTWB163-exorcist-pazuzu-mask-front_1512x.png.webp\",\"width\":1500,\"height\":1500,\"caption\":\"The Exorcist - Pazuzu Deluxe Injection Mask\"},{\"@type\":\"BreadcrumbList\",\"@id\":\"https:\\\/\\\/madabouthorror.co.uk\\\/product\\\/the-exorcist-pazuzu-deluxe-injection-mask\\\/#breadcrumb\",\"itemListElement\":[{\"@type\":\"ListItem\",\"position\":1,\"name\":\"Shop\",\"item\":\"https:\\\/\\\/madabouthorror.co.uk\\\/shop\\\/\"},{\"@type\":\"ListItem\",\"position\":2,\"name\":\"The Exorcist &#8211; Pazuzu Deluxe Injection Mask\"}]},{\"@type\":\"WebSite\",\"@id\":\"https:\\\/\\\/madabouthorror.co.uk\\\/#website\",\"url\":\"https:\\\/\\\/madabouthorror.co.uk\\\/\",\"name\":\"Mad About Horror\",\"description\":\"\",\"publisher\":{\"@id\":\"https:\\\/\\\/madabouthorror.co.uk\\\/#organization\"},\"alternateName\":\"Mad About Horror Limited\",\"potentialAction\":[{\"@type\":\"SearchAction\",\"target\":{\"@type\":\"EntryPoint\",\"urlTemplate\":\"https:\\\/\\\/madabouthorror.co.uk\\\/?s={search_term_string}\"},\"query-input\":{\"@type\":\"PropertyValueSpecification\",\"valueRequired\":true,\"valueName\":\"search_term_string\"}}],\"inLanguage\":\"fr-FR\"},{\"@type\":\"Organization\",\"@id\":\"https:\\\/\\\/madabouthorror.co.uk\\\/#organization\",\"name\":\"Mad About Horror\",\"url\":\"https:\\\/\\\/madabouthorror.co.uk\\\/\",\"logo\":{\"@type\":\"ImageObject\",\"inLanguage\":\"fr-FR\",\"@id\":\"https:\\\/\\\/madabouthorror.co.uk\\\/#\\\/schema\\\/logo\\\/image\\\/\",\"url\":\"https:\\\/\\\/madabouthorror.co.uk\\\/wp-content\\\/uploads\\\/2024\\\/02\\\/cropped-Logo.png\",\"contentUrl\":\"https:\\\/\\\/madabouthorror.co.uk\\\/wp-content\\\/uploads\\\/2024\\\/02\\\/cropped-Logo.png\",\"width\":240,\"height\":88,\"caption\":\"Mad About Horror\"},\"image\":{\"@id\":\"https:\\\/\\\/madabouthorror.co.uk\\\/#\\\/schema\\\/logo\\\/image\\\/\"},\"sameAs\":[\"https:\\\/\\\/www.facebook.com\\\/madabouthorror\\\/\",\"https:\\\/\\\/www.instagram.com\\\/madabouthorror\\\/\",\"https:\\\/\\\/www.pinterest.co.uk\\\/madabouthorror\\\/\",\"https:\\\/\\\/www.youtube.com\\\/channel\\\/UCBooLOIxjoQ89dj6T5lWm_w\",\"https:\\\/\\\/www.tiktok.com\\\/@weremadabouthorror\"]}]}<\/script>\n<!-- \/ Yoast SEO plugin. -->","yoast_head_json":{"title":"L'Exorciste - Masque d'injection Pazuzu Deluxe | Mad About Horror","description":"Le Masque d'Injection Deluxe Pazuzu de L'Exorciste. Revendeur officiel au Royaume-Uni de Trick or Treat Studios. Le sp\u00e9cialiste britannique des objets de collection d'horreur.","robots":{"index":"index","follow":"follow","max-snippet":"max-snippet:-1","max-image-preview":"max-image-preview:large","max-video-preview":"max-video-preview:-1"},"canonical":"https:\/\/madabouthorror.co.uk\/fr\/product\/the-exorcist-pazuzu-deluxe-injection-mask\/","og_locale":"fr_FR","og_type":"article","og_title":"The Exorcist - Pazuzu Deluxe Injection Mask | Mad About Horror","og_description":"The Exorcist - Pazuzu Deluxe Injection Mask. Official UK Stockist of Trick or Treat Studios. The UK's leading horror collectibles specialist","og_url":"https:\/\/madabouthorror.co.uk\/fr\/product\/the-exorcist-pazuzu-deluxe-injection-mask\/","og_site_name":"Mad About Horror","article_publisher":"https:\/\/www.facebook.com\/madabouthorror\/","article_modified_time":"2026-04-27T17:21:12+00:00","og_image":[{"width":1500,"height":1500,"url":"https:\/\/madabouthorror.co.uk\/wp-content\/uploads\/2025\/01\/TTWB163-exorcist-pazuzu-mask-front_1512x.png.webp","type":"image\/webp"}],"twitter_card":"summary_large_image","twitter_misc":{"Dur\u00e9e de lecture estim\u00e9e":"1 minute"},"schema":{"@context":"https:\/\/schema.org","@graph":[{"@type":["WebPage","ItemPage"],"@id":"https:\/\/madabouthorror.co.uk\/product\/the-exorcist-pazuzu-deluxe-injection-mask\/","url":"https:\/\/madabouthorror.co.uk\/product\/the-exorcist-pazuzu-deluxe-injection-mask\/","name":"L'Exorciste - Masque d'injection Pazuzu Deluxe | Mad About Horror","isPartOf":{"@id":"https:\/\/madabouthorror.co.uk\/#website"},"primaryImageOfPage":{"@id":"https:\/\/madabouthorror.co.uk\/product\/the-exorcist-pazuzu-deluxe-injection-mask\/#primaryimage"},"image":{"@id":"https:\/\/madabouthorror.co.uk\/product\/the-exorcist-pazuzu-deluxe-injection-mask\/#primaryimage"},"thumbnailUrl":"https:\/\/madabouthorror.co.uk\/wp-content\/uploads\/2025\/01\/TTWB163-exorcist-pazuzu-mask-front_1512x.png.webp","datePublished":"2025-01-23T12:13:40+00:00","dateModified":"2026-04-27T17:21:12+00:00","description":"Le Masque d'Injection Deluxe Pazuzu de L'Exorciste. Revendeur officiel au Royaume-Uni de Trick or Treat Studios. Le sp\u00e9cialiste britannique des objets de collection d'horreur.","breadcrumb":{"@id":"https:\/\/madabouthorror.co.uk\/product\/the-exorcist-pazuzu-deluxe-injection-mask\/#breadcrumb"},"inLanguage":"fr-FR","potentialAction":[{"@type":"ReadAction","target":["https:\/\/madabouthorror.co.uk\/product\/the-exorcist-pazuzu-deluxe-injection-mask\/"]}]},{"@type":"ImageObject","inLanguage":"fr-FR","@id":"https:\/\/madabouthorror.co.uk\/product\/the-exorcist-pazuzu-deluxe-injection-mask\/#primaryimage","url":"https:\/\/madabouthorror.co.uk\/wp-content\/uploads\/2025\/01\/TTWB163-exorcist-pazuzu-mask-front_1512x.png.webp","contentUrl":"https:\/\/madabouthorror.co.uk\/wp-content\/uploads\/2025\/01\/TTWB163-exorcist-pazuzu-mask-front_1512x.png.webp","width":1500,"height":1500,"caption":"The Exorcist - Pazuzu Deluxe Injection Mask"},{"@type":"BreadcrumbList","@id":"https:\/\/madabouthorror.co.uk\/product\/the-exorcist-pazuzu-deluxe-injection-mask\/#breadcrumb","itemListElement":[{"@type":"ListItem","position":1,"name":"Shop","item":"https:\/\/madabouthorror.co.uk\/shop\/"},{"@type":"ListItem","position":2,"name":"The Exorcist &#8211; Pazuzu Deluxe Injection Mask"}]},{"@type":"WebSite","@id":"https:\/\/madabouthorror.co.uk\/#website","url":"https:\/\/madabouthorror.co.uk\/","name":"L'horreur en folie","description":"","publisher":{"@id":"https:\/\/madabouthorror.co.uk\/#organization"},"alternateName":"Mad About Horror Limited","potentialAction":[{"@type":"SearchAction","target":{"@type":"EntryPoint","urlTemplate":"https:\/\/madabouthorror.co.uk\/?s={search_term_string}"},"query-input":{"@type":"PropertyValueSpecification","valueRequired":true,"valueName":"search_term_string"}}],"inLanguage":"fr-FR"},{"@type":"Organization","@id":"https:\/\/madabouthorror.co.uk\/#organization","name":"L'horreur en folie","url":"https:\/\/madabouthorror.co.uk\/","logo":{"@type":"ImageObject","inLanguage":"fr-FR","@id":"https:\/\/madabouthorror.co.uk\/#\/schema\/logo\/image\/","url":"https:\/\/madabouthorror.co.uk\/wp-content\/uploads\/2024\/02\/cropped-Logo.png","contentUrl":"https:\/\/madabouthorror.co.uk\/wp-content\/uploads\/2024\/02\/cropped-Logo.png","width":240,"height":88,"caption":"Mad About Horror"},"image":{"@id":"https:\/\/madabouthorror.co.uk\/#\/schema\/logo\/image\/"},"sameAs":["https:\/\/www.facebook.com\/madabouthorror\/","https:\/\/www.instagram.com\/madabouthorror\/","https:\/\/www.pinterest.co.uk\/madabouthorror\/","https:\/\/www.youtube.com\/channel\/UCBooLOIxjoQ89dj6T5lWm_w","https:\/\/www.tiktok.com\/@weremadabouthorror"]}]}},"df_price":39.95,"df_sale_price":"","df_regular_price":39.95,"df_image_link":"https:\/\/madabouthorror.co.uk\/wp-content\/uploads\/2025\/01\/TTWB163-exorcist-pazuzu-mask-front_1512x.png-300x300.webp","_links":{"self":[{"href":"https:\/\/madabouthorror.co.uk\/fr\/wp-json\/wp\/v2\/product\/522947","targetHints":{"allow":["GET"]}}],"collection":[{"href":"https:\/\/madabouthorror.co.uk\/fr\/wp-json\/wp\/v2\/product"}],"about":[{"href":"https:\/\/madabouthorror.co.uk\/fr\/wp-json\/wp\/v2\/types\/product"}],"replies":[{"embeddable":true,"href":"https:\/\/madabouthorror.co.uk\/fr\/wp-json\/wp\/v2\/comments?post=522947"}],"wp:featuredmedia":[{"embeddable":true,"href":"https:\/\/madabouthorror.co.uk\/fr\/wp-json\/wp\/v2\/media\/522949"}],"wp:attachment":[{"href":"https:\/\/madabouthorror.co.uk\/fr\/wp-json\/wp\/v2\/media?parent=522947"}],"wp:term":[{"taxonomy":"product_brand","embeddable":true,"href":"https:\/\/madabouthorror.co.uk\/fr\/wp-json\/wp\/v2\/product_brand?post=522947"},{"taxonomy":"product_cat","embeddable":true,"href":"https:\/\/madabouthorror.co.uk\/fr\/wp-json\/wp\/v2\/product_cat?post=522947"},{"taxonomy":"product_tag","embeddable":true,"href":"https:\/\/madabouthorror.co.uk\/fr\/wp-json\/wp\/v2\/product_tag?post=522947"}],"curies":[{"name":"wp","href":"https:\/\/api.w.org\/{rel}","templated":true}]}}