{"id":523467,"date":"2025-01-24T15:14:25","date_gmt":"2025-01-24T15:14:25","guid":{"rendered":"https:\/\/madabouthorror.co.uk\/?post_type=product&#038;p=523467"},"modified":"2026-04-20T14:35:14","modified_gmt":"2026-04-20T13:35:14","slug":"killer-klowns-from-outer-space-slim-deluxe-injection-mask","status":"publish","type":"product","link":"https:\/\/madabouthorror.co.uk\/fr\/product\/killer-klowns-from-outer-space-slim-deluxe-injection-mask\/","title":{"rendered":"Killer Klowns From Outer Space - Masque d'injection Slim Deluxe"},"content":{"rendered":"<p>D\u00e9couvrez le fantastique masque d'injection Rudy Deluxe, sous licence officielle Killer Klowns From Outer Space, par Trick or Treat Studios.<\/p>\n<p>Ce masque facial de luxe est fait de plastique rigide sculpt\u00e9 et peint pour ressembler exactement au Clown Tueurs ! Le masque est dot\u00e9 d'une sangle \u00e9lastique pour un ajustement confortable, de cheveux et de d\u00e9tails \u00e0 pointes de boule.<\/p>","protected":false},"excerpt":{"rendered":"<p>Voici l'incroyable masque d'injection Rudy Deluxe sous licence officielle des Trick or Treat Studios, inspir\u00e9 des Killer Klowns From Outer Space. Ce masque facial de luxe est fait de plastique rigide sculpt\u00e9 et peint pour ressembler exactement au Klown tueur ! Le masque est dot\u00e9 d'une sangle \u00e9lastique pour un ajustement confortable, de d\u00e9tails de cheveux et de pointes de balle.<\/p>","protected":false},"featured_media":523469,"comment_status":"closed","ping_status":"closed","template":"","meta":{"_acf_changed":false},"product_brand":[],"product_cat":[6580,10041,10038,9962,6546,6541,6571,6792,6673],"product_tag":[],"class_list":{"0":"post-523467","1":"product","2":"type-product","3":"status-publish","4":"has-post-thumbnail","6":"product_cat-movie-tv","7":"product_cat-gifts-under-50","8":"product_cat-horror-gifts","9":"product_cat-trick-or-treat-studios-masks","10":"product_cat-masks-clown","11":"product_cat-masks","12":"product_cat-just-arrived","13":"product_cat-trick-or-treat-studios","14":"product_cat-killerklownsfromouterspace","15":"product_shipping_class-small-parcel-economy-3-5-business-days","17":"first","18":"instock","19":"taxable","20":"shipping-taxable","21":"purchasable","22":"product-type-simple"},"supplier_id":470964,"supplier_sku":"TTMGM134","barcode":"810116283361","atum_controlled":true,"out_stock_date":null,"out_stock_threshold":null,"inheritable":false,"inbound_stock":0,"stock_on_hold":0,"sold_today":0,"sales_last_days":0,"reserved_stock":0,"customer_returns":0,"warehouse_damage":0,"lost_in_post":0,"other_logs":0,"out_stock_days":0,"lost_sales":0,"has_location":false,"update_date":"2026-04-29T01:32:28","atum_locations":[],"atum_stock_status":"instock","restock_status":false,"low_stock_amount":6,"sales_update_date":"2026-04-29T01:32:26","calc_backorders":null,"acf":[],"yoast_head":"<!-- This site is optimized with the Yoast SEO plugin v27.5 - https:\/\/yoast.com\/product\/yoast-seo-wordpress\/ -->\n<title>Killer Klowns From Outer Space - Slim Deluxe Injection Mask | Mad About Horror<\/title>\n<meta name=\"description\" content=\"Killer Klowns From Outer Space - Slim Deluxe Injection Mask. Buy from the UK &amp; Europe&#039;s leading horror and Halloween specialist.\" \/>\n<meta name=\"robots\" content=\"index, follow, max-snippet:-1, max-image-preview:large, max-video-preview:-1\" \/>\n<link rel=\"canonical\" href=\"https:\/\/madabouthorror.co.uk\/fr\/product\/killer-klowns-from-outer-space-slim-deluxe-injection-mask\/\" \/>\n<meta property=\"og:locale\" content=\"fr_FR\" \/>\n<meta property=\"og:type\" content=\"article\" \/>\n<meta property=\"og:title\" content=\"Killer Klowns From Outer Space - Slim Deluxe Injection Mask | Mad About Horror\" \/>\n<meta property=\"og:description\" content=\"Killer Klowns From Outer Space - Slim Deluxe Injection Mask. Buy from the UK &amp; Europe&#039;s leading horror and Halloween specialist.\" \/>\n<meta property=\"og:url\" content=\"https:\/\/madabouthorror.co.uk\/fr\/product\/killer-klowns-from-outer-space-slim-deluxe-injection-mask\/\" \/>\n<meta property=\"og:site_name\" content=\"Mad About Horror\" \/>\n<meta property=\"article:publisher\" content=\"https:\/\/www.facebook.com\/madabouthorror\/\" \/>\n<meta property=\"article:modified_time\" content=\"2026-04-20T13:35:14+00:00\" \/>\n<meta property=\"og:image\" content=\"https:\/\/madabouthorror.co.uk\/wp-content\/uploads\/2025\/01\/TTMGM134-killerklowns-slim-front_1296x.png.webp\" \/>\n\t<meta property=\"og:image:width\" content=\"1296\" \/>\n\t<meta property=\"og:image:height\" content=\"1296\" \/>\n\t<meta property=\"og:image:type\" content=\"image\/webp\" \/>\n<meta name=\"twitter:card\" content=\"summary_large_image\" \/>\n<meta name=\"twitter:label1\" content=\"Dur\u00e9e de lecture estim\u00e9e\" \/>\n\t<meta name=\"twitter:data1\" content=\"1 minute\" \/>\n<script type=\"application\/ld+json\" class=\"yoast-schema-graph\">{\"@context\":\"https:\\\/\\\/schema.org\",\"@graph\":[{\"@type\":[\"WebPage\",\"ItemPage\"],\"@id\":\"https:\\\/\\\/madabouthorror.co.uk\\\/product\\\/killer-klowns-from-outer-space-slim-deluxe-injection-mask\\\/\",\"url\":\"https:\\\/\\\/madabouthorror.co.uk\\\/product\\\/killer-klowns-from-outer-space-slim-deluxe-injection-mask\\\/\",\"name\":\"Killer Klowns From Outer Space - Slim Deluxe Injection Mask | Mad About Horror\",\"isPartOf\":{\"@id\":\"https:\\\/\\\/madabouthorror.co.uk\\\/#website\"},\"primaryImageOfPage\":{\"@id\":\"https:\\\/\\\/madabouthorror.co.uk\\\/product\\\/killer-klowns-from-outer-space-slim-deluxe-injection-mask\\\/#primaryimage\"},\"image\":{\"@id\":\"https:\\\/\\\/madabouthorror.co.uk\\\/product\\\/killer-klowns-from-outer-space-slim-deluxe-injection-mask\\\/#primaryimage\"},\"thumbnailUrl\":\"https:\\\/\\\/madabouthorror.co.uk\\\/wp-content\\\/uploads\\\/2025\\\/01\\\/TTMGM134-killerklowns-slim-front_1296x.png.webp\",\"datePublished\":\"2025-01-24T15:14:25+00:00\",\"dateModified\":\"2026-04-20T13:35:14+00:00\",\"description\":\"Killer Klowns From Outer Space - Slim Deluxe Injection Mask. Buy from the UK & Europe's leading horror and Halloween specialist.\",\"breadcrumb\":{\"@id\":\"https:\\\/\\\/madabouthorror.co.uk\\\/product\\\/killer-klowns-from-outer-space-slim-deluxe-injection-mask\\\/#breadcrumb\"},\"inLanguage\":\"fr-FR\",\"potentialAction\":[{\"@type\":\"ReadAction\",\"target\":[\"https:\\\/\\\/madabouthorror.co.uk\\\/product\\\/killer-klowns-from-outer-space-slim-deluxe-injection-mask\\\/\"]}]},{\"@type\":\"ImageObject\",\"inLanguage\":\"fr-FR\",\"@id\":\"https:\\\/\\\/madabouthorror.co.uk\\\/product\\\/killer-klowns-from-outer-space-slim-deluxe-injection-mask\\\/#primaryimage\",\"url\":\"https:\\\/\\\/madabouthorror.co.uk\\\/wp-content\\\/uploads\\\/2025\\\/01\\\/TTMGM134-killerklowns-slim-front_1296x.png.webp\",\"contentUrl\":\"https:\\\/\\\/madabouthorror.co.uk\\\/wp-content\\\/uploads\\\/2025\\\/01\\\/TTMGM134-killerklowns-slim-front_1296x.png.webp\",\"width\":1296,\"height\":1296,\"caption\":\"Killer Klowns From Outer Space - Slim Deluxe Injection Mask\"},{\"@type\":\"BreadcrumbList\",\"@id\":\"https:\\\/\\\/madabouthorror.co.uk\\\/product\\\/killer-klowns-from-outer-space-slim-deluxe-injection-mask\\\/#breadcrumb\",\"itemListElement\":[{\"@type\":\"ListItem\",\"position\":1,\"name\":\"Shop\",\"item\":\"https:\\\/\\\/madabouthorror.co.uk\\\/shop\\\/\"},{\"@type\":\"ListItem\",\"position\":2,\"name\":\"Killer Klowns From Outer Space &#8211; Slim Deluxe Injection Mask\"}]},{\"@type\":\"WebSite\",\"@id\":\"https:\\\/\\\/madabouthorror.co.uk\\\/#website\",\"url\":\"https:\\\/\\\/madabouthorror.co.uk\\\/\",\"name\":\"Mad About Horror\",\"description\":\"\",\"publisher\":{\"@id\":\"https:\\\/\\\/madabouthorror.co.uk\\\/#organization\"},\"alternateName\":\"Mad About Horror Limited\",\"potentialAction\":[{\"@type\":\"SearchAction\",\"target\":{\"@type\":\"EntryPoint\",\"urlTemplate\":\"https:\\\/\\\/madabouthorror.co.uk\\\/?s={search_term_string}\"},\"query-input\":{\"@type\":\"PropertyValueSpecification\",\"valueRequired\":true,\"valueName\":\"search_term_string\"}}],\"inLanguage\":\"fr-FR\"},{\"@type\":\"Organization\",\"@id\":\"https:\\\/\\\/madabouthorror.co.uk\\\/#organization\",\"name\":\"Mad About Horror\",\"url\":\"https:\\\/\\\/madabouthorror.co.uk\\\/\",\"logo\":{\"@type\":\"ImageObject\",\"inLanguage\":\"fr-FR\",\"@id\":\"https:\\\/\\\/madabouthorror.co.uk\\\/#\\\/schema\\\/logo\\\/image\\\/\",\"url\":\"https:\\\/\\\/madabouthorror.co.uk\\\/wp-content\\\/uploads\\\/2024\\\/02\\\/cropped-Logo.png\",\"contentUrl\":\"https:\\\/\\\/madabouthorror.co.uk\\\/wp-content\\\/uploads\\\/2024\\\/02\\\/cropped-Logo.png\",\"width\":240,\"height\":88,\"caption\":\"Mad About Horror\"},\"image\":{\"@id\":\"https:\\\/\\\/madabouthorror.co.uk\\\/#\\\/schema\\\/logo\\\/image\\\/\"},\"sameAs\":[\"https:\\\/\\\/www.facebook.com\\\/madabouthorror\\\/\",\"https:\\\/\\\/www.instagram.com\\\/madabouthorror\\\/\",\"https:\\\/\\\/www.pinterest.co.uk\\\/madabouthorror\\\/\",\"https:\\\/\\\/www.youtube.com\\\/channel\\\/UCBooLOIxjoQ89dj6T5lWm_w\",\"https:\\\/\\\/www.tiktok.com\\\/@weremadabouthorror\"]}]}<\/script>\n<!-- \/ Yoast SEO plugin. -->","yoast_head_json":{"title":"Killer Klowns From Outer Space - Masque d'injection Slim Deluxe | Mad About Horror","description":"Killer Klowns From Outer Space - Masque d'injection Deluxe Slim. Achetez aupr\u00e8s du sp\u00e9cialiste leader en Europe et au Royaume-Uni dans le domaine de l'horreur et d'Halloween.","robots":{"index":"index","follow":"follow","max-snippet":"max-snippet:-1","max-image-preview":"max-image-preview:large","max-video-preview":"max-video-preview:-1"},"canonical":"https:\/\/madabouthorror.co.uk\/fr\/product\/killer-klowns-from-outer-space-slim-deluxe-injection-mask\/","og_locale":"fr_FR","og_type":"article","og_title":"Killer Klowns From Outer Space - Slim Deluxe Injection Mask | Mad About Horror","og_description":"Killer Klowns From Outer Space - Slim Deluxe Injection Mask. Buy from the UK & Europe's leading horror and Halloween specialist.","og_url":"https:\/\/madabouthorror.co.uk\/fr\/product\/killer-klowns-from-outer-space-slim-deluxe-injection-mask\/","og_site_name":"Mad About Horror","article_publisher":"https:\/\/www.facebook.com\/madabouthorror\/","article_modified_time":"2026-04-20T13:35:14+00:00","og_image":[{"width":1296,"height":1296,"url":"https:\/\/madabouthorror.co.uk\/wp-content\/uploads\/2025\/01\/TTMGM134-killerklowns-slim-front_1296x.png.webp","type":"image\/webp"}],"twitter_card":"summary_large_image","twitter_misc":{"Dur\u00e9e de lecture estim\u00e9e":"1 minute"},"schema":{"@context":"https:\/\/schema.org","@graph":[{"@type":["WebPage","ItemPage"],"@id":"https:\/\/madabouthorror.co.uk\/product\/killer-klowns-from-outer-space-slim-deluxe-injection-mask\/","url":"https:\/\/madabouthorror.co.uk\/product\/killer-klowns-from-outer-space-slim-deluxe-injection-mask\/","name":"Killer Klowns From Outer Space - Masque d'injection Slim Deluxe | Mad About Horror","isPartOf":{"@id":"https:\/\/madabouthorror.co.uk\/#website"},"primaryImageOfPage":{"@id":"https:\/\/madabouthorror.co.uk\/product\/killer-klowns-from-outer-space-slim-deluxe-injection-mask\/#primaryimage"},"image":{"@id":"https:\/\/madabouthorror.co.uk\/product\/killer-klowns-from-outer-space-slim-deluxe-injection-mask\/#primaryimage"},"thumbnailUrl":"https:\/\/madabouthorror.co.uk\/wp-content\/uploads\/2025\/01\/TTMGM134-killerklowns-slim-front_1296x.png.webp","datePublished":"2025-01-24T15:14:25+00:00","dateModified":"2026-04-20T13:35:14+00:00","description":"Killer Klowns From Outer Space - Masque d'injection Deluxe Slim. Achetez aupr\u00e8s du sp\u00e9cialiste leader en Europe et au Royaume-Uni dans le domaine de l'horreur et d'Halloween.","breadcrumb":{"@id":"https:\/\/madabouthorror.co.uk\/product\/killer-klowns-from-outer-space-slim-deluxe-injection-mask\/#breadcrumb"},"inLanguage":"fr-FR","potentialAction":[{"@type":"ReadAction","target":["https:\/\/madabouthorror.co.uk\/product\/killer-klowns-from-outer-space-slim-deluxe-injection-mask\/"]}]},{"@type":"ImageObject","inLanguage":"fr-FR","@id":"https:\/\/madabouthorror.co.uk\/product\/killer-klowns-from-outer-space-slim-deluxe-injection-mask\/#primaryimage","url":"https:\/\/madabouthorror.co.uk\/wp-content\/uploads\/2025\/01\/TTMGM134-killerklowns-slim-front_1296x.png.webp","contentUrl":"https:\/\/madabouthorror.co.uk\/wp-content\/uploads\/2025\/01\/TTMGM134-killerklowns-slim-front_1296x.png.webp","width":1296,"height":1296,"caption":"Killer Klowns From Outer Space - Slim Deluxe Injection Mask"},{"@type":"BreadcrumbList","@id":"https:\/\/madabouthorror.co.uk\/product\/killer-klowns-from-outer-space-slim-deluxe-injection-mask\/#breadcrumb","itemListElement":[{"@type":"ListItem","position":1,"name":"Shop","item":"https:\/\/madabouthorror.co.uk\/shop\/"},{"@type":"ListItem","position":2,"name":"Killer Klowns From Outer Space &#8211; Slim Deluxe Injection Mask"}]},{"@type":"WebSite","@id":"https:\/\/madabouthorror.co.uk\/#website","url":"https:\/\/madabouthorror.co.uk\/","name":"L'horreur en folie","description":"","publisher":{"@id":"https:\/\/madabouthorror.co.uk\/#organization"},"alternateName":"Mad About Horror Limited","potentialAction":[{"@type":"SearchAction","target":{"@type":"EntryPoint","urlTemplate":"https:\/\/madabouthorror.co.uk\/?s={search_term_string}"},"query-input":{"@type":"PropertyValueSpecification","valueRequired":true,"valueName":"search_term_string"}}],"inLanguage":"fr-FR"},{"@type":"Organization","@id":"https:\/\/madabouthorror.co.uk\/#organization","name":"L'horreur en folie","url":"https:\/\/madabouthorror.co.uk\/","logo":{"@type":"ImageObject","inLanguage":"fr-FR","@id":"https:\/\/madabouthorror.co.uk\/#\/schema\/logo\/image\/","url":"https:\/\/madabouthorror.co.uk\/wp-content\/uploads\/2024\/02\/cropped-Logo.png","contentUrl":"https:\/\/madabouthorror.co.uk\/wp-content\/uploads\/2024\/02\/cropped-Logo.png","width":240,"height":88,"caption":"Mad About Horror"},"image":{"@id":"https:\/\/madabouthorror.co.uk\/#\/schema\/logo\/image\/"},"sameAs":["https:\/\/www.facebook.com\/madabouthorror\/","https:\/\/www.instagram.com\/madabouthorror\/","https:\/\/www.pinterest.co.uk\/madabouthorror\/","https:\/\/www.youtube.com\/channel\/UCBooLOIxjoQ89dj6T5lWm_w","https:\/\/www.tiktok.com\/@weremadabouthorror"]}]}},"df_price":49.95,"df_sale_price":"","df_regular_price":49.95,"df_image_link":"https:\/\/madabouthorror.co.uk\/wp-content\/uploads\/2025\/01\/TTMGM134-killerklowns-slim-front_1296x.png-300x300.webp","_links":{"self":[{"href":"https:\/\/madabouthorror.co.uk\/fr\/wp-json\/wp\/v2\/product\/523467","targetHints":{"allow":["GET"]}}],"collection":[{"href":"https:\/\/madabouthorror.co.uk\/fr\/wp-json\/wp\/v2\/product"}],"about":[{"href":"https:\/\/madabouthorror.co.uk\/fr\/wp-json\/wp\/v2\/types\/product"}],"replies":[{"embeddable":true,"href":"https:\/\/madabouthorror.co.uk\/fr\/wp-json\/wp\/v2\/comments?post=523467"}],"wp:featuredmedia":[{"embeddable":true,"href":"https:\/\/madabouthorror.co.uk\/fr\/wp-json\/wp\/v2\/media\/523469"}],"wp:attachment":[{"href":"https:\/\/madabouthorror.co.uk\/fr\/wp-json\/wp\/v2\/media?parent=523467"}],"wp:term":[{"taxonomy":"product_brand","embeddable":true,"href":"https:\/\/madabouthorror.co.uk\/fr\/wp-json\/wp\/v2\/product_brand?post=523467"},{"taxonomy":"product_cat","embeddable":true,"href":"https:\/\/madabouthorror.co.uk\/fr\/wp-json\/wp\/v2\/product_cat?post=523467"},{"taxonomy":"product_tag","embeddable":true,"href":"https:\/\/madabouthorror.co.uk\/fr\/wp-json\/wp\/v2\/product_tag?post=523467"}],"curies":[{"name":"wp","href":"https:\/\/api.w.org\/{rel}","templated":true}]}}