{"id":523800,"date":"2025-01-27T14:15:53","date_gmt":"2025-01-27T14:15:53","guid":{"rendered":"https:\/\/madabouthorror.co.uk\/?post_type=product&#038;p=523800"},"modified":"2026-04-30T12:23:24","modified_gmt":"2026-04-30T11:23:24","slug":"69-animated-rising-ghost-reaper-halloween-decoration","status":"publish","type":"product","link":"https:\/\/madabouthorror.co.uk\/fr\/product\/69-animated-rising-ghost-reaper-halloween-decoration\/","title":{"rendered":"Faucheur fant\u00f4me ascendant anim\u00e9"},"content":{"rendered":"<p class=\"\" data-start=\"82\" data-end=\"562\">Un spectre terrifiant \u00e9merge des enfers avec sa lanterne macabre et lumineuse pour vous emporter ! Le Faucheur Fant\u00f4me Grandissant, drap\u00e9 dans des robes noires fluides, poss\u00e8de un visage et une lampe lumineux, des g\u00e9missements sinistres et des mouvements lents et obs\u00e9dants. Activ\u00e9 par le son et le mouvement, il cr\u00e9e une atmosph\u00e8re troublante, pr\u00eate \u00e0 effrayer et \u00e0 exciter. Une pi\u00e8ce ma\u00eetresse gla\u00e7ante pour toute sc\u00e8ne d'Halloween, le Faucheur Fant\u00f4me est pr\u00eat \u00e0 invoquer de vraies frayeurs !<\/p>\n<p data-start=\"82\" data-end=\"562\">Taille 1m65<\/p>\n<p class=\"\" data-start=\"82\" data-end=\"562\">\u00a0Une p\u00e9dale peut \u00e9galement \u00eatre utilis\u00e9e pour l'activation (non incluse). Convient pour une utilisation ext\u00e9rieure abrit\u00e9e. Assemblage simple requis ; instructions compl\u00e8tes incluses. Comprend un contr\u00f4le du volume et une prise pour un haut-parleur externe.<\/p>\n<div>\n<p><b><i>Fourni avec un adaptateur secteur UK\/EU.<\/i><\/b><i>\u00a0N'utilisez que l'adaptateur d'alimentation fourni, car les adaptateurs d'alimentation incorrects peuvent causer des dommages.<span class=\"Apple-converted-space\">\u00a0<\/span><\/i><\/p>\n<p style=\"font-weight: 400;\"><em>Pour une utilisation sous un porche couvert ou \u00e0 l'int\u00e9rieur. Prot\u00e9ger des intemp\u00e9ries en cas d'utilisation \u00e0 l'ext\u00e9rieur et ne pas laisser \u00e0 l'ext\u00e9rieur pendant de longues p\u00e9riodes.<\/em><\/p>\n<p style=\"font-weight: 400;\"><em>Remarque : ces accessoires ne sont pas recommand\u00e9s pour un usage commercial intensif, c'est-\u00e0-dire qu'ils ne doivent pas \u00eatre utilis\u00e9s pendant des p\u00e9riodes prolong\u00e9es, c'est-\u00e0-dire plusieurs jours d'affil\u00e9e. Ils sont con\u00e7us pour \u00eatre utilis\u00e9s \u00e0 l'occasion d'Halloween. Si vous avez des questions \u00e0 ce sujet, n'h\u00e9sitez pas \u00e0 les poser.<\/em><\/p>\n<p style=\"font-weight: 400;\">\n<\/div>","protected":false},"excerpt":{"rendered":"<p>Un spectre effrayant s'\u00e9l\u00e8ve des enfers avec sa lanterne sinistre et lumineuse pour vous emmener ! Le Faucheur Fant\u00f4me Grandissant, drap\u00e9 de robes noires fluides, est dot\u00e9 d'un visage et d'une lampe lumineux, de grognements sinistres et de mouvements lents et hantants. Activ\u00e9 par le son et le mouvement, il cr\u00e9e une atmosph\u00e8re troublante qui ne manquera pas de surprendre et d'enthousiasmer. Une pi\u00e8ce ma\u00eetresse gla\u00e7ante pour [\u2026]<\/p>","protected":false},"featured_media":543675,"comment_status":"closed","ping_status":"closed","template":"","meta":{"_acf_changed":false},"product_brand":[],"product_cat":[10068,10120,10131,10108,10093,10094,6550,6547,6549,6548,10065,6963,7047,7050,7051,7058,8919],"product_tag":[],"class_list":{"0":"post-523800","1":"product","2":"type-product","3":"status-publish","4":"has-post-thumbnail","6":"product_cat-halloween-decorations-2025","7":"product_cat-halloween-ghost-decorations","8":"product_cat-halloween-gifts","9":"product_cat-light-up-halloween-decorations","10":"product_cat-indoor-halloween-decorations","11":"product_cat-outdoor-halloween-decorations","12":"product_cat-graveyard-decorations","13":"product_cat-decorations","14":"product_cat-haunted-house","15":"product_cat-skeleton-decorations","16":"product_cat-halloween","17":"product_cat-animatronics","18":"product_cat-skeletons-reapers","19":"product_cat-haunted-house-animatronics","20":"product_cat-graveyard-animatronics","21":"product_cat-ghosts-demons","22":"product_cat-pre-order-animatronics","24":"first","25":"onbackorder","26":"taxable","27":"shipping-taxable","28":"purchasable","29":"product-type-simple"},"supplier_id":467908,"supplier_sku":"AR-TT59815","barcode":"669703598155","atum_controlled":true,"out_stock_date":"2025-10-23 21:26:51","out_stock_threshold":null,"inheritable":false,"inbound_stock":12,"stock_on_hold":0,"sold_today":0,"sales_last_days":0,"reserved_stock":0,"customer_returns":0,"warehouse_damage":0,"lost_in_post":0,"other_logs":0,"out_stock_days":188,"lost_sales":10740,"has_location":false,"update_date":"2026-04-30T11:23:25","atum_locations":[],"atum_stock_status":"onbackorder","restock_status":false,"low_stock_amount":"","sales_update_date":"2026-04-30T02:07:55","calc_backorders":null,"acf":[],"yoast_head":"<!-- This site is optimized with the Yoast SEO plugin v27.5 - https:\/\/yoast.com\/product\/yoast-seo-wordpress\/ -->\n<title>Animated Rising Ghost Reaper | Mad About Horror<\/title>\n<meta name=\"description\" content=\"Animated Rising Ghost Reaper. Shop Horror collectibles and Halloween props. UK Stock. PRE-ORDER now available in the UK from Mad About Horror.\" \/>\n<meta name=\"robots\" content=\"index, follow, max-snippet:-1, max-image-preview:large, max-video-preview:-1\" \/>\n<link rel=\"canonical\" href=\"https:\/\/madabouthorror.co.uk\/fr\/product\/69-animated-rising-ghost-reaper-halloween-decoration\/\" \/>\n<meta property=\"og:locale\" content=\"fr_FR\" \/>\n<meta property=\"og:type\" content=\"article\" \/>\n<meta property=\"og:title\" content=\"Animated Rising Ghost Reaper | Mad About Horror\" \/>\n<meta property=\"og:description\" content=\"Animated Rising Ghost Reaper. Shop Horror collectibles and Halloween props. UK Stock. PRE-ORDER now available in the UK from Mad About Horror.\" \/>\n<meta property=\"og:url\" content=\"https:\/\/madabouthorror.co.uk\/fr\/product\/69-animated-rising-ghost-reaper-halloween-decoration\/\" \/>\n<meta property=\"og:site_name\" content=\"Mad About Horror\" \/>\n<meta property=\"article:publisher\" content=\"https:\/\/www.facebook.com\/madabouthorror\/\" \/>\n<meta property=\"article:modified_time\" content=\"2026-04-30T11:23:24+00:00\" \/>\n<meta property=\"og:image\" content=\"https:\/\/madabouthorror.co.uk\/wp-content\/uploads\/2025\/01\/Landingpagecircles-3copy-ezgif.com-gif-to-webp-converter.webp\" \/>\n\t<meta property=\"og:image:width\" content=\"800\" \/>\n\t<meta property=\"og:image:height\" content=\"800\" \/>\n\t<meta property=\"og:image:type\" content=\"image\/webp\" \/>\n<meta name=\"twitter:card\" content=\"summary_large_image\" \/>\n<meta name=\"twitter:label1\" content=\"Dur\u00e9e de lecture estim\u00e9e\" \/>\n\t<meta name=\"twitter:data1\" content=\"1 minute\" \/>\n<script type=\"application\/ld+json\" class=\"yoast-schema-graph\">{\"@context\":\"https:\\\/\\\/schema.org\",\"@graph\":[{\"@type\":[\"WebPage\",\"ItemPage\"],\"@id\":\"https:\\\/\\\/madabouthorror.co.uk\\\/product\\\/69-animated-rising-ghost-reaper-halloween-decoration\\\/\",\"url\":\"https:\\\/\\\/madabouthorror.co.uk\\\/product\\\/69-animated-rising-ghost-reaper-halloween-decoration\\\/\",\"name\":\"Animated Rising Ghost Reaper | Mad About Horror\",\"isPartOf\":{\"@id\":\"https:\\\/\\\/madabouthorror.co.uk\\\/#website\"},\"primaryImageOfPage\":{\"@id\":\"https:\\\/\\\/madabouthorror.co.uk\\\/product\\\/69-animated-rising-ghost-reaper-halloween-decoration\\\/#primaryimage\"},\"image\":{\"@id\":\"https:\\\/\\\/madabouthorror.co.uk\\\/product\\\/69-animated-rising-ghost-reaper-halloween-decoration\\\/#primaryimage\"},\"thumbnailUrl\":\"https:\\\/\\\/madabouthorror.co.uk\\\/wp-content\\\/uploads\\\/2025\\\/01\\\/Landingpagecircles-3copy-ezgif.com-gif-to-webp-converter.webp\",\"datePublished\":\"2025-01-27T14:15:53+00:00\",\"dateModified\":\"2026-04-30T11:23:24+00:00\",\"description\":\"Animated Rising Ghost Reaper. Shop Horror collectibles and Halloween props. UK Stock. PRE-ORDER now available in the UK from Mad About Horror.\",\"breadcrumb\":{\"@id\":\"https:\\\/\\\/madabouthorror.co.uk\\\/product\\\/69-animated-rising-ghost-reaper-halloween-decoration\\\/#breadcrumb\"},\"inLanguage\":\"fr-FR\",\"potentialAction\":[{\"@type\":\"ReadAction\",\"target\":[\"https:\\\/\\\/madabouthorror.co.uk\\\/product\\\/69-animated-rising-ghost-reaper-halloween-decoration\\\/\"]}]},{\"@type\":\"ImageObject\",\"inLanguage\":\"fr-FR\",\"@id\":\"https:\\\/\\\/madabouthorror.co.uk\\\/product\\\/69-animated-rising-ghost-reaper-halloween-decoration\\\/#primaryimage\",\"url\":\"https:\\\/\\\/madabouthorror.co.uk\\\/wp-content\\\/uploads\\\/2025\\\/01\\\/Landingpagecircles-3copy-ezgif.com-gif-to-webp-converter.webp\",\"contentUrl\":\"https:\\\/\\\/madabouthorror.co.uk\\\/wp-content\\\/uploads\\\/2025\\\/01\\\/Landingpagecircles-3copy-ezgif.com-gif-to-webp-converter.webp\",\"width\":800,\"height\":800,\"caption\":\"ghost reaper\"},{\"@type\":\"BreadcrumbList\",\"@id\":\"https:\\\/\\\/madabouthorror.co.uk\\\/product\\\/69-animated-rising-ghost-reaper-halloween-decoration\\\/#breadcrumb\",\"itemListElement\":[{\"@type\":\"ListItem\",\"position\":1,\"name\":\"Shop\",\"item\":\"https:\\\/\\\/madabouthorror.co.uk\\\/shop\\\/\"},{\"@type\":\"ListItem\",\"position\":2,\"name\":\"Animated Rising Ghost Reaper\"}]},{\"@type\":\"WebSite\",\"@id\":\"https:\\\/\\\/madabouthorror.co.uk\\\/#website\",\"url\":\"https:\\\/\\\/madabouthorror.co.uk\\\/\",\"name\":\"Mad About Horror\",\"description\":\"\",\"publisher\":{\"@id\":\"https:\\\/\\\/madabouthorror.co.uk\\\/#organization\"},\"alternateName\":\"Mad About Horror Limited\",\"potentialAction\":[{\"@type\":\"SearchAction\",\"target\":{\"@type\":\"EntryPoint\",\"urlTemplate\":\"https:\\\/\\\/madabouthorror.co.uk\\\/?s={search_term_string}\"},\"query-input\":{\"@type\":\"PropertyValueSpecification\",\"valueRequired\":true,\"valueName\":\"search_term_string\"}}],\"inLanguage\":\"fr-FR\"},{\"@type\":\"Organization\",\"@id\":\"https:\\\/\\\/madabouthorror.co.uk\\\/#organization\",\"name\":\"Mad About Horror\",\"url\":\"https:\\\/\\\/madabouthorror.co.uk\\\/\",\"logo\":{\"@type\":\"ImageObject\",\"inLanguage\":\"fr-FR\",\"@id\":\"https:\\\/\\\/madabouthorror.co.uk\\\/#\\\/schema\\\/logo\\\/image\\\/\",\"url\":\"https:\\\/\\\/madabouthorror.co.uk\\\/wp-content\\\/uploads\\\/2024\\\/02\\\/cropped-Logo.png\",\"contentUrl\":\"https:\\\/\\\/madabouthorror.co.uk\\\/wp-content\\\/uploads\\\/2024\\\/02\\\/cropped-Logo.png\",\"width\":240,\"height\":88,\"caption\":\"Mad About Horror\"},\"image\":{\"@id\":\"https:\\\/\\\/madabouthorror.co.uk\\\/#\\\/schema\\\/logo\\\/image\\\/\"},\"sameAs\":[\"https:\\\/\\\/www.facebook.com\\\/madabouthorror\\\/\",\"https:\\\/\\\/www.instagram.com\\\/madabouthorror\\\/\",\"https:\\\/\\\/www.pinterest.co.uk\\\/madabouthorror\\\/\",\"https:\\\/\\\/www.youtube.com\\\/channel\\\/UCBooLOIxjoQ89dj6T5lWm_w\",\"https:\\\/\\\/www.tiktok.com\\\/@weremadabouthorror\"]}]}<\/script>\n<!-- \/ Yoast SEO plugin. -->","yoast_head_json":{"title":"Faucheur Fant\u00f4me Anim\u00e9 en Pleine Ascension | Mad About Horror","description":"Faucheuse fant\u00f4me anim\u00e9e avec effets de levage. Achetez des articles de collection d'horreur et des accessoires d'Halloween. Stock au Royaume-Uni. Pr\u00e9commandez maintenant disponible au Royaume-Uni chez Mad About Horror.","robots":{"index":"index","follow":"follow","max-snippet":"max-snippet:-1","max-image-preview":"max-image-preview:large","max-video-preview":"max-video-preview:-1"},"canonical":"https:\/\/madabouthorror.co.uk\/fr\/product\/69-animated-rising-ghost-reaper-halloween-decoration\/","og_locale":"fr_FR","og_type":"article","og_title":"Animated Rising Ghost Reaper | Mad About Horror","og_description":"Animated Rising Ghost Reaper. Shop Horror collectibles and Halloween props. UK Stock. PRE-ORDER now available in the UK from Mad About Horror.","og_url":"https:\/\/madabouthorror.co.uk\/fr\/product\/69-animated-rising-ghost-reaper-halloween-decoration\/","og_site_name":"Mad About Horror","article_publisher":"https:\/\/www.facebook.com\/madabouthorror\/","article_modified_time":"2026-04-30T11:23:24+00:00","og_image":[{"url":"https:\/\/madabouthorror.co.uk\/wp-content\/uploads\/2025\/01\/Landingpagecircles-3copy-ezgif.com-gif-to-webp-converter.webp","width":800,"height":800,"type":"image\/webp"}],"twitter_card":"summary_large_image","twitter_misc":{"Dur\u00e9e de lecture estim\u00e9e":"1 minute"},"schema":{"@context":"https:\/\/schema.org","@graph":[{"@type":["WebPage","ItemPage"],"@id":"https:\/\/madabouthorror.co.uk\/product\/69-animated-rising-ghost-reaper-halloween-decoration\/","url":"https:\/\/madabouthorror.co.uk\/product\/69-animated-rising-ghost-reaper-halloween-decoration\/","name":"Faucheur Fant\u00f4me Anim\u00e9 en Pleine Ascension | Mad About Horror","isPartOf":{"@id":"https:\/\/madabouthorror.co.uk\/#website"},"primaryImageOfPage":{"@id":"https:\/\/madabouthorror.co.uk\/product\/69-animated-rising-ghost-reaper-halloween-decoration\/#primaryimage"},"image":{"@id":"https:\/\/madabouthorror.co.uk\/product\/69-animated-rising-ghost-reaper-halloween-decoration\/#primaryimage"},"thumbnailUrl":"https:\/\/madabouthorror.co.uk\/wp-content\/uploads\/2025\/01\/Landingpagecircles-3copy-ezgif.com-gif-to-webp-converter.webp","datePublished":"2025-01-27T14:15:53+00:00","dateModified":"2026-04-30T11:23:24+00:00","description":"Faucheuse fant\u00f4me anim\u00e9e avec effets de levage. Achetez des articles de collection d'horreur et des accessoires d'Halloween. Stock au Royaume-Uni. Pr\u00e9commandez maintenant disponible au Royaume-Uni chez Mad About Horror.","breadcrumb":{"@id":"https:\/\/madabouthorror.co.uk\/product\/69-animated-rising-ghost-reaper-halloween-decoration\/#breadcrumb"},"inLanguage":"fr-FR","potentialAction":[{"@type":"ReadAction","target":["https:\/\/madabouthorror.co.uk\/product\/69-animated-rising-ghost-reaper-halloween-decoration\/"]}]},{"@type":"ImageObject","inLanguage":"fr-FR","@id":"https:\/\/madabouthorror.co.uk\/product\/69-animated-rising-ghost-reaper-halloween-decoration\/#primaryimage","url":"https:\/\/madabouthorror.co.uk\/wp-content\/uploads\/2025\/01\/Landingpagecircles-3copy-ezgif.com-gif-to-webp-converter.webp","contentUrl":"https:\/\/madabouthorror.co.uk\/wp-content\/uploads\/2025\/01\/Landingpagecircles-3copy-ezgif.com-gif-to-webp-converter.webp","width":800,"height":800,"caption":"ghost reaper"},{"@type":"BreadcrumbList","@id":"https:\/\/madabouthorror.co.uk\/product\/69-animated-rising-ghost-reaper-halloween-decoration\/#breadcrumb","itemListElement":[{"@type":"ListItem","position":1,"name":"Shop","item":"https:\/\/madabouthorror.co.uk\/shop\/"},{"@type":"ListItem","position":2,"name":"Animated Rising Ghost Reaper"}]},{"@type":"WebSite","@id":"https:\/\/madabouthorror.co.uk\/#website","url":"https:\/\/madabouthorror.co.uk\/","name":"L'horreur en folie","description":"","publisher":{"@id":"https:\/\/madabouthorror.co.uk\/#organization"},"alternateName":"Mad About Horror Limited","potentialAction":[{"@type":"SearchAction","target":{"@type":"EntryPoint","urlTemplate":"https:\/\/madabouthorror.co.uk\/?s={search_term_string}"},"query-input":{"@type":"PropertyValueSpecification","valueRequired":true,"valueName":"search_term_string"}}],"inLanguage":"fr-FR"},{"@type":"Organization","@id":"https:\/\/madabouthorror.co.uk\/#organization","name":"L'horreur en folie","url":"https:\/\/madabouthorror.co.uk\/","logo":{"@type":"ImageObject","inLanguage":"fr-FR","@id":"https:\/\/madabouthorror.co.uk\/#\/schema\/logo\/image\/","url":"https:\/\/madabouthorror.co.uk\/wp-content\/uploads\/2024\/02\/cropped-Logo.png","contentUrl":"https:\/\/madabouthorror.co.uk\/wp-content\/uploads\/2024\/02\/cropped-Logo.png","width":240,"height":88,"caption":"Mad About Horror"},"image":{"@id":"https:\/\/madabouthorror.co.uk\/#\/schema\/logo\/image\/"},"sameAs":["https:\/\/www.facebook.com\/madabouthorror\/","https:\/\/www.instagram.com\/madabouthorror\/","https:\/\/www.pinterest.co.uk\/madabouthorror\/","https:\/\/www.youtube.com\/channel\/UCBooLOIxjoQ89dj6T5lWm_w","https:\/\/www.tiktok.com\/@weremadabouthorror"]}]}},"df_price":199.95,"df_sale_price":"","df_regular_price":199.95,"df_image_link":"https:\/\/madabouthorror.co.uk\/wp-content\/uploads\/2025\/01\/Landingpagecircles-3copy-ezgif.com-gif-to-webp-converter-300x300.webp","_links":{"self":[{"href":"https:\/\/madabouthorror.co.uk\/fr\/wp-json\/wp\/v2\/product\/523800","targetHints":{"allow":["GET"]}}],"collection":[{"href":"https:\/\/madabouthorror.co.uk\/fr\/wp-json\/wp\/v2\/product"}],"about":[{"href":"https:\/\/madabouthorror.co.uk\/fr\/wp-json\/wp\/v2\/types\/product"}],"replies":[{"embeddable":true,"href":"https:\/\/madabouthorror.co.uk\/fr\/wp-json\/wp\/v2\/comments?post=523800"}],"wp:featuredmedia":[{"embeddable":true,"href":"https:\/\/madabouthorror.co.uk\/fr\/wp-json\/wp\/v2\/media\/543675"}],"wp:attachment":[{"href":"https:\/\/madabouthorror.co.uk\/fr\/wp-json\/wp\/v2\/media?parent=523800"}],"wp:term":[{"taxonomy":"product_brand","embeddable":true,"href":"https:\/\/madabouthorror.co.uk\/fr\/wp-json\/wp\/v2\/product_brand?post=523800"},{"taxonomy":"product_cat","embeddable":true,"href":"https:\/\/madabouthorror.co.uk\/fr\/wp-json\/wp\/v2\/product_cat?post=523800"},{"taxonomy":"product_tag","embeddable":true,"href":"https:\/\/madabouthorror.co.uk\/fr\/wp-json\/wp\/v2\/product_tag?post=523800"}],"curies":[{"name":"wp","href":"https:\/\/api.w.org\/{rel}","templated":true}]}}