{"id":523853,"date":"2025-01-27T17:09:15","date_gmt":"2025-01-27T17:09:15","guid":{"rendered":"https:\/\/madabouthorror.co.uk\/?post_type=product&#038;p=523853"},"modified":"2025-11-20T12:58:16","modified_gmt":"2025-11-20T12:58:16","slug":"animated-giant-hairy-black-spider","status":"publish","type":"product","link":"https:\/\/madabouthorror.co.uk\/fr\/product\/animated-giant-hairy-black-spider\/","title":{"rendered":"Araign\u00e9e noire g\u00e9ante et poilue anim\u00e9e"},"content":{"rendered":"<p>Donnez vie \u00e0 votre d\u00e9cor d'Halloween ou \u00e0 votre station de friandises en \u00e9change de bonbons avec cette araign\u00e9e anim\u00e9e g\u00e9ante qui fera s\u00fbrement hurler de joie les invit\u00e9s de f\u00eate, les enfants venus chercher des bonbons et les visiteurs, tout au long de la saison. Avec ses animations amusantes, elle constitue un ajout palpitant lorsqu'elle est plac\u00e9e au-dessus d'une table de rafra\u00eechissements ou d'un bol de bonbons, attirant le regard de quiconque se sert. Cette araign\u00e9e anim\u00e9e g\u00e9ante prend vie avec le mouvement et s'illumine lorsqu'elle est activ\u00e9e, ce qui en fait un ajout effroyablement amusant \u00e0 votre installation d'Halloween.<\/p>\n<p>Taille : 31\u2033 x 5\u2033 x 8\u2033<\/p>\n<div>\n<div><b>Pour le porche couvert ou l'int\u00e9rieur.<\/b> <i>Prot\u00e9ger des intemp\u00e9ries en cas d'utilisation \u00e0 l'ext\u00e9rieur et ne pas laisser \u00e0 l'ext\u00e9rieur pendant des p\u00e9riodes prolong\u00e9es.<\/i><\/div>\n<div><\/div>\n<div><b>A noter :<\/b><i> Ces accessoires ne sont pas recommand\u00e9s pour un usage commercial intensif, c'est-\u00e0-dire qu'ils ne doivent pas \u00eatre utilis\u00e9s pendant des p\u00e9riodes prolong\u00e9es, c'est-\u00e0-dire plusieurs jours d'affil\u00e9e. Ils sont con\u00e7us pour \u00eatre utilis\u00e9s \u00e0 l'occasion d'Halloween. Si vous avez des questions \u00e0 ce sujet, n'h\u00e9sitez pas \u00e0 les poser.<\/i><\/div>\n<\/div>","protected":false},"excerpt":{"rendered":"<p>Donnez vie \u00e0 votre d\u00e9coration de maison hant\u00e9e ou \u00e0 votre station de trunk-or-treat avec cette araign\u00e9e anim\u00e9e g\u00e9ante qui ne manquera pas de faire hurler de plaisir les invit\u00e9s de la f\u00eate, les enfants qui font du porte-\u00e0-porte et les visiteurs tout au long de la saison. Avec ses animations amusantes, elle s'ajoute de mani\u00e8re palpitante lorsqu'elle est plac\u00e9e au-dessus d'une table de rafra\u00eechissements ou d'un bol de bonbons, attirant l'attention de quiconque tend la main pour [\u2026]<\/p>","protected":false},"featured_media":531745,"comment_status":"closed","ping_status":"closed","template":"","meta":{"_acf_changed":false},"product_brand":[],"product_cat":[10068,10117,10119,10131,10108,10093,10094,6550,6547,6549,9999,6963,6593,7050,7051,7056],"product_tag":[],"class_list":{"0":"post-523853","1":"product","2":"type-product","3":"status-publish","4":"has-post-thumbnail","6":"product_cat-halloween-decorations-2025","7":"product_cat-halloween-essentials","8":"product_cat-halloween-front-door-decor","9":"product_cat-halloween-gifts","10":"product_cat-light-up-halloween-decorations","11":"product_cat-indoor-halloween-decorations","12":"product_cat-outdoor-halloween-decorations","13":"product_cat-graveyard-decorations","14":"product_cat-decorations","15":"product_cat-haunted-house","16":"product_cat-under-100-animatronics","17":"product_cat-animatronics","18":"product_cat-creatures-spiders-decorations","19":"product_cat-haunted-house-animatronics","20":"product_cat-graveyard-animatronics","21":"product_cat-animals-creatures","22":"product_shipping_class-props","24":"first","25":"outofstock","26":"taxable","27":"shipping-taxable","28":"purchasable","29":"product-type-simple"},"supplier_id":467908,"supplier_sku":"AR-ATC00084","barcode":"197640415087","atum_controlled":true,"out_stock_date":"2025-08-28 18:07:55","out_stock_threshold":null,"inheritable":false,"inbound_stock":0,"stock_on_hold":0,"sold_today":0,"sales_last_days":0,"reserved_stock":0,"customer_returns":0,"warehouse_damage":0,"lost_in_post":0,"other_logs":0,"out_stock_days":244,"lost_sales":1948,"has_location":false,"update_date":"2026-04-30T01:23:49","atum_locations":[],"atum_stock_status":"outofstock","restock_status":false,"low_stock_amount":"","sales_update_date":"2026-04-30T01:23:48","calc_backorders":null,"acf":[],"yoast_head":"<!-- This site is optimized with the Yoast SEO plugin v27.5 - https:\/\/yoast.com\/product\/yoast-seo-wordpress\/ -->\n<title>Animated Giant Hairy Black Spider | Mad About Horror<\/title>\n<meta name=\"description\" content=\"Black Giant Animated Spider. Horror collectibles and Halloween props. UK Stock. Everyday is Halloween at Mad About Horror! Browse our huge Range.\" \/>\n<meta name=\"robots\" content=\"index, follow, max-snippet:-1, max-image-preview:large, max-video-preview:-1\" \/>\n<link rel=\"canonical\" href=\"https:\/\/madabouthorror.co.uk\/fr\/product\/animated-giant-hairy-black-spider\/\" \/>\n<meta property=\"og:locale\" content=\"fr_FR\" \/>\n<meta property=\"og:type\" content=\"article\" \/>\n<meta property=\"og:title\" content=\"Animated Giant Hairy Black Spider | Mad About Horror\" \/>\n<meta property=\"og:description\" content=\"Black Giant Animated Spider. Horror collectibles and Halloween props. UK Stock. Everyday is Halloween at Mad About Horror! Browse our huge Range.\" \/>\n<meta property=\"og:url\" content=\"https:\/\/madabouthorror.co.uk\/fr\/product\/animated-giant-hairy-black-spider\/\" \/>\n<meta property=\"og:site_name\" content=\"Mad About Horror\" \/>\n<meta property=\"article:publisher\" content=\"https:\/\/www.facebook.com\/madabouthorror\/\" \/>\n<meta property=\"article:modified_time\" content=\"2025-11-20T12:58:16+00:00\" \/>\n<meta property=\"og:image\" content=\"https:\/\/madabouthorror.co.uk\/wp-content\/uploads\/2025\/01\/4-animated-hairy-black-spider-halloween-decorationatc00084.jpeg\" \/>\n\t<meta property=\"og:image:width\" content=\"1500\" \/>\n\t<meta property=\"og:image:height\" content=\"1500\" \/>\n\t<meta property=\"og:image:type\" content=\"image\/jpeg\" \/>\n<meta name=\"twitter:card\" content=\"summary_large_image\" \/>\n<meta name=\"twitter:label1\" content=\"Dur\u00e9e de lecture estim\u00e9e\" \/>\n\t<meta name=\"twitter:data1\" content=\"1 minute\" \/>\n<script type=\"application\/ld+json\" class=\"yoast-schema-graph\">{\"@context\":\"https:\\\/\\\/schema.org\",\"@graph\":[{\"@type\":[\"WebPage\",\"ItemPage\"],\"@id\":\"https:\\\/\\\/madabouthorror.co.uk\\\/product\\\/animated-giant-hairy-black-spider\\\/\",\"url\":\"https:\\\/\\\/madabouthorror.co.uk\\\/product\\\/animated-giant-hairy-black-spider\\\/\",\"name\":\"Animated Giant Hairy Black Spider | Mad About Horror\",\"isPartOf\":{\"@id\":\"https:\\\/\\\/madabouthorror.co.uk\\\/#website\"},\"primaryImageOfPage\":{\"@id\":\"https:\\\/\\\/madabouthorror.co.uk\\\/product\\\/animated-giant-hairy-black-spider\\\/#primaryimage\"},\"image\":{\"@id\":\"https:\\\/\\\/madabouthorror.co.uk\\\/product\\\/animated-giant-hairy-black-spider\\\/#primaryimage\"},\"thumbnailUrl\":\"https:\\\/\\\/madabouthorror.co.uk\\\/wp-content\\\/uploads\\\/2025\\\/01\\\/4-animated-hairy-black-spider-halloween-decorationatc00084.jpeg\",\"datePublished\":\"2025-01-27T17:09:15+00:00\",\"dateModified\":\"2025-11-20T12:58:16+00:00\",\"description\":\"Black Giant Animated Spider. Horror collectibles and Halloween props. UK Stock. Everyday is Halloween at Mad About Horror! Browse our huge Range.\",\"breadcrumb\":{\"@id\":\"https:\\\/\\\/madabouthorror.co.uk\\\/product\\\/animated-giant-hairy-black-spider\\\/#breadcrumb\"},\"inLanguage\":\"fr-FR\",\"potentialAction\":[{\"@type\":\"ReadAction\",\"target\":[\"https:\\\/\\\/madabouthorror.co.uk\\\/product\\\/animated-giant-hairy-black-spider\\\/\"]}]},{\"@type\":\"ImageObject\",\"inLanguage\":\"fr-FR\",\"@id\":\"https:\\\/\\\/madabouthorror.co.uk\\\/product\\\/animated-giant-hairy-black-spider\\\/#primaryimage\",\"url\":\"https:\\\/\\\/madabouthorror.co.uk\\\/wp-content\\\/uploads\\\/2025\\\/01\\\/4-animated-hairy-black-spider-halloween-decorationatc00084.jpeg\",\"contentUrl\":\"https:\\\/\\\/madabouthorror.co.uk\\\/wp-content\\\/uploads\\\/2025\\\/01\\\/4-animated-hairy-black-spider-halloween-decorationatc00084.jpeg\",\"width\":1500,\"height\":1500,\"caption\":\"Black Giant Animated Spider\"},{\"@type\":\"BreadcrumbList\",\"@id\":\"https:\\\/\\\/madabouthorror.co.uk\\\/product\\\/animated-giant-hairy-black-spider\\\/#breadcrumb\",\"itemListElement\":[{\"@type\":\"ListItem\",\"position\":1,\"name\":\"Shop\",\"item\":\"https:\\\/\\\/madabouthorror.co.uk\\\/shop\\\/\"},{\"@type\":\"ListItem\",\"position\":2,\"name\":\"Animated Giant Hairy Black Spider\"}]},{\"@type\":\"WebSite\",\"@id\":\"https:\\\/\\\/madabouthorror.co.uk\\\/#website\",\"url\":\"https:\\\/\\\/madabouthorror.co.uk\\\/\",\"name\":\"Mad About Horror\",\"description\":\"\",\"publisher\":{\"@id\":\"https:\\\/\\\/madabouthorror.co.uk\\\/#organization\"},\"alternateName\":\"Mad About Horror Limited\",\"potentialAction\":[{\"@type\":\"SearchAction\",\"target\":{\"@type\":\"EntryPoint\",\"urlTemplate\":\"https:\\\/\\\/madabouthorror.co.uk\\\/?s={search_term_string}\"},\"query-input\":{\"@type\":\"PropertyValueSpecification\",\"valueRequired\":true,\"valueName\":\"search_term_string\"}}],\"inLanguage\":\"fr-FR\"},{\"@type\":\"Organization\",\"@id\":\"https:\\\/\\\/madabouthorror.co.uk\\\/#organization\",\"name\":\"Mad About Horror\",\"url\":\"https:\\\/\\\/madabouthorror.co.uk\\\/\",\"logo\":{\"@type\":\"ImageObject\",\"inLanguage\":\"fr-FR\",\"@id\":\"https:\\\/\\\/madabouthorror.co.uk\\\/#\\\/schema\\\/logo\\\/image\\\/\",\"url\":\"https:\\\/\\\/madabouthorror.co.uk\\\/wp-content\\\/uploads\\\/2024\\\/02\\\/cropped-Logo.png\",\"contentUrl\":\"https:\\\/\\\/madabouthorror.co.uk\\\/wp-content\\\/uploads\\\/2024\\\/02\\\/cropped-Logo.png\",\"width\":240,\"height\":88,\"caption\":\"Mad About Horror\"},\"image\":{\"@id\":\"https:\\\/\\\/madabouthorror.co.uk\\\/#\\\/schema\\\/logo\\\/image\\\/\"},\"sameAs\":[\"https:\\\/\\\/www.facebook.com\\\/madabouthorror\\\/\",\"https:\\\/\\\/www.instagram.com\\\/madabouthorror\\\/\",\"https:\\\/\\\/www.pinterest.co.uk\\\/madabouthorror\\\/\",\"https:\\\/\\\/www.youtube.com\\\/channel\\\/UCBooLOIxjoQ89dj6T5lWm_w\",\"https:\\\/\\\/www.tiktok.com\\\/@weremadabouthorror\"]}]}<\/script>\n<!-- \/ Yoast SEO plugin. -->","yoast_head_json":{"title":"Araign\u00e9e G\u00e9ante Noire Poilue Anim\u00e9e | Mad About Horror","description":"Araign\u00e9e g\u00e9ante anim\u00e9e noire. Objets de collection d'horreur et accessoires d'Halloween. Stock au Royaume-Uni. Tous les jours est Halloween chez Mad About Horror ! Parcourez notre vaste gamme.","robots":{"index":"index","follow":"follow","max-snippet":"max-snippet:-1","max-image-preview":"max-image-preview:large","max-video-preview":"max-video-preview:-1"},"canonical":"https:\/\/madabouthorror.co.uk\/fr\/product\/animated-giant-hairy-black-spider\/","og_locale":"fr_FR","og_type":"article","og_title":"Animated Giant Hairy Black Spider | Mad About Horror","og_description":"Black Giant Animated Spider. Horror collectibles and Halloween props. UK Stock. Everyday is Halloween at Mad About Horror! Browse our huge Range.","og_url":"https:\/\/madabouthorror.co.uk\/fr\/product\/animated-giant-hairy-black-spider\/","og_site_name":"Mad About Horror","article_publisher":"https:\/\/www.facebook.com\/madabouthorror\/","article_modified_time":"2025-11-20T12:58:16+00:00","og_image":[{"width":1500,"height":1500,"url":"https:\/\/madabouthorror.co.uk\/wp-content\/uploads\/2025\/01\/4-animated-hairy-black-spider-halloween-decorationatc00084.jpeg","type":"image\/jpeg"}],"twitter_card":"summary_large_image","twitter_misc":{"Dur\u00e9e de lecture estim\u00e9e":"1 minute"},"schema":{"@context":"https:\/\/schema.org","@graph":[{"@type":["WebPage","ItemPage"],"@id":"https:\/\/madabouthorror.co.uk\/product\/animated-giant-hairy-black-spider\/","url":"https:\/\/madabouthorror.co.uk\/product\/animated-giant-hairy-black-spider\/","name":"Araign\u00e9e G\u00e9ante Noire Poilue Anim\u00e9e | Mad About Horror","isPartOf":{"@id":"https:\/\/madabouthorror.co.uk\/#website"},"primaryImageOfPage":{"@id":"https:\/\/madabouthorror.co.uk\/product\/animated-giant-hairy-black-spider\/#primaryimage"},"image":{"@id":"https:\/\/madabouthorror.co.uk\/product\/animated-giant-hairy-black-spider\/#primaryimage"},"thumbnailUrl":"https:\/\/madabouthorror.co.uk\/wp-content\/uploads\/2025\/01\/4-animated-hairy-black-spider-halloween-decorationatc00084.jpeg","datePublished":"2025-01-27T17:09:15+00:00","dateModified":"2025-11-20T12:58:16+00:00","description":"Araign\u00e9e g\u00e9ante anim\u00e9e noire. Objets de collection d'horreur et accessoires d'Halloween. Stock au Royaume-Uni. Tous les jours est Halloween chez Mad About Horror ! Parcourez notre vaste gamme.","breadcrumb":{"@id":"https:\/\/madabouthorror.co.uk\/product\/animated-giant-hairy-black-spider\/#breadcrumb"},"inLanguage":"fr-FR","potentialAction":[{"@type":"ReadAction","target":["https:\/\/madabouthorror.co.uk\/product\/animated-giant-hairy-black-spider\/"]}]},{"@type":"ImageObject","inLanguage":"fr-FR","@id":"https:\/\/madabouthorror.co.uk\/product\/animated-giant-hairy-black-spider\/#primaryimage","url":"https:\/\/madabouthorror.co.uk\/wp-content\/uploads\/2025\/01\/4-animated-hairy-black-spider-halloween-decorationatc00084.jpeg","contentUrl":"https:\/\/madabouthorror.co.uk\/wp-content\/uploads\/2025\/01\/4-animated-hairy-black-spider-halloween-decorationatc00084.jpeg","width":1500,"height":1500,"caption":"Black Giant Animated Spider"},{"@type":"BreadcrumbList","@id":"https:\/\/madabouthorror.co.uk\/product\/animated-giant-hairy-black-spider\/#breadcrumb","itemListElement":[{"@type":"ListItem","position":1,"name":"Shop","item":"https:\/\/madabouthorror.co.uk\/shop\/"},{"@type":"ListItem","position":2,"name":"Animated Giant Hairy Black Spider"}]},{"@type":"WebSite","@id":"https:\/\/madabouthorror.co.uk\/#website","url":"https:\/\/madabouthorror.co.uk\/","name":"L'horreur en folie","description":"","publisher":{"@id":"https:\/\/madabouthorror.co.uk\/#organization"},"alternateName":"Mad About Horror Limited","potentialAction":[{"@type":"SearchAction","target":{"@type":"EntryPoint","urlTemplate":"https:\/\/madabouthorror.co.uk\/?s={search_term_string}"},"query-input":{"@type":"PropertyValueSpecification","valueRequired":true,"valueName":"search_term_string"}}],"inLanguage":"fr-FR"},{"@type":"Organization","@id":"https:\/\/madabouthorror.co.uk\/#organization","name":"L'horreur en folie","url":"https:\/\/madabouthorror.co.uk\/","logo":{"@type":"ImageObject","inLanguage":"fr-FR","@id":"https:\/\/madabouthorror.co.uk\/#\/schema\/logo\/image\/","url":"https:\/\/madabouthorror.co.uk\/wp-content\/uploads\/2024\/02\/cropped-Logo.png","contentUrl":"https:\/\/madabouthorror.co.uk\/wp-content\/uploads\/2024\/02\/cropped-Logo.png","width":240,"height":88,"caption":"Mad About Horror"},"image":{"@id":"https:\/\/madabouthorror.co.uk\/#\/schema\/logo\/image\/"},"sameAs":["https:\/\/www.facebook.com\/madabouthorror\/","https:\/\/www.instagram.com\/madabouthorror\/","https:\/\/www.pinterest.co.uk\/madabouthorror\/","https:\/\/www.youtube.com\/channel\/UCBooLOIxjoQ89dj6T5lWm_w","https:\/\/www.tiktok.com\/@weremadabouthorror"]}]}},"df_price":27.95,"df_sale_price":"","df_regular_price":27.95,"df_image_link":"https:\/\/madabouthorror.co.uk\/wp-content\/uploads\/2025\/01\/4-animated-hairy-black-spider-halloween-decorationatc00084-300x300.jpeg","_links":{"self":[{"href":"https:\/\/madabouthorror.co.uk\/fr\/wp-json\/wp\/v2\/product\/523853","targetHints":{"allow":["GET"]}}],"collection":[{"href":"https:\/\/madabouthorror.co.uk\/fr\/wp-json\/wp\/v2\/product"}],"about":[{"href":"https:\/\/madabouthorror.co.uk\/fr\/wp-json\/wp\/v2\/types\/product"}],"replies":[{"embeddable":true,"href":"https:\/\/madabouthorror.co.uk\/fr\/wp-json\/wp\/v2\/comments?post=523853"}],"wp:featuredmedia":[{"embeddable":true,"href":"https:\/\/madabouthorror.co.uk\/fr\/wp-json\/wp\/v2\/media\/531745"}],"wp:attachment":[{"href":"https:\/\/madabouthorror.co.uk\/fr\/wp-json\/wp\/v2\/media?parent=523853"}],"wp:term":[{"taxonomy":"product_brand","embeddable":true,"href":"https:\/\/madabouthorror.co.uk\/fr\/wp-json\/wp\/v2\/product_brand?post=523853"},{"taxonomy":"product_cat","embeddable":true,"href":"https:\/\/madabouthorror.co.uk\/fr\/wp-json\/wp\/v2\/product_cat?post=523853"},{"taxonomy":"product_tag","embeddable":true,"href":"https:\/\/madabouthorror.co.uk\/fr\/wp-json\/wp\/v2\/product_tag?post=523853"}],"curies":[{"name":"wp","href":"https:\/\/api.w.org\/{rel}","templated":true}]}}