{"id":52512,"date":"2022-04-04T10:09:15","date_gmt":"2022-04-04T09:09:15","guid":{"rendered":"https:\/\/mah.6bdv.ws\/product\/7ft-jack-stalker-animated-halloween-prop-pre-order\/"},"modified":"2026-04-30T11:25:39","modified_gmt":"2026-04-30T10:25:39","slug":"7ft-jack-stalker-animated-halloween-prop","status":"publish","type":"product","link":"https:\/\/madabouthorror.co.uk\/fr\/product\/7ft-jack-stalker-animated-halloween-prop\/","title":{"rendered":"Propulseur d'Halloween anim\u00e9 Jack Stalker de 7 pieds"},"content":{"rendered":"<p>Le squelette anim\u00e9 Jack Stalker est une cr\u00e9ature squelettique vo\u00fbt\u00e9e drap\u00e9e dans une robe ancienne, pourrie et d\u00e9chiquet\u00e9e, avec de la gaze effiloch\u00e9e qui bouge \u00e0 chaque brise effrayante !<\/p>\n<p>Il attend patiemment que les victimes s'approchent avant de parler d'une voix gla\u00e7ante. Serr\u00e9e dans sa main droite, une citrouille orange vif prend vie avec une lumi\u00e8re de projection int\u00e9rieure qui illumine son visage de Jack O'Lantern qui bouge lorsqu'il parle !<\/p>\n<p>Ensemble, ils se moquent des gens et plaisantent entre eux tout en cherchant des \u00e2mes et des cerveaux \u00e0 voler. Les yeux et la poitrine de Jack Stalker s'illuminent et sa m\u00e2choire bouge lorsqu'il parle. Son bras gauche bouge d'avant en arri\u00e8re pour souligner ses propos.<\/p>\n<p>Accessoire animable peut \u00eatre activ\u00e9 soit par un capteur de mouvement infrarouge ou un tapis \"step-here\" et peut \u00eatre r\u00e9gl\u00e9 pour fonctionner en continu pour des effrois sans fin ! Ils prononcent de nombreuses phrases qui attireront l'attention et rapprocheront les gens, un parfait moyen d'attirer l'attention pour les maisons hant\u00e9es ou les devantures de magasins !<\/p>\n<p>L'assemblage est rapide et facile. Tout ce dont vous avez besoin pour l'installation est livr\u00e9 dans un seul emballage, il suffit d'embo\u00eeter les poteaux \u00e0 connexion rapide, de brancher les connexions \u00e9lectriques et de les brancher dans la prise murale ! Pr\u00eat \u00e0 l'emploi !<\/p>\n<p>Options d'activation multiples : allumage permanent, infrarouge ou p\u00e9dale (incluse)<\/p>\n<p>Recommand\u00e9 pour une utilisation \u00e0 l'int\u00e9rieur ou sous un porche couvert uniquement.<\/p>\n<p>Livr\u00e9 avec une alimentation \u00e9lectrique britannique.<\/p>\n<p><em>Remarque : ces accessoires ne sont pas recommand\u00e9s pour un usage commercial intensif, c'est-\u00e0-dire qu'ils ne doivent pas \u00eatre utilis\u00e9s pendant des p\u00e9riodes prolong\u00e9es, c'est-\u00e0-dire plusieurs jours d'affil\u00e9e. Ils sont con\u00e7us pour \u00eatre utilis\u00e9s \u00e0 l'occasion d'Halloween. Si vous avez des questions \u00e0 ce sujet, n'h\u00e9sitez pas \u00e0 les poser.<\/em><\/p>","protected":false},"excerpt":{"rendered":"<p>Le Jack Stalker Skeleton Animated Halloween Prop est une cr\u00e9ature squelettique vo\u00fbt\u00e9e, drap\u00e9e dans une robe ancienne, en lambeaux et en d\u00e9composition, avec de la gaze effiloch\u00e9e qui bouge \u00e0 chaque brise inqui\u00e9tante ! Il attend patiemment que les victimes s'approchent avant de commencer \u00e0 parler d'une voix gla\u00e7ante. Serr\u00e9 dans sa main droite, une citrouille orange vif appara\u00eet [\u2026]<\/p>","protected":false},"featured_media":52506,"comment_status":"closed","ping_status":"closed","template":"","meta":{"_acf_changed":false},"product_brand":[],"product_cat":[10068,10131,10108,10113,10093,10094,6550,6547,6549,6548,6963,6597,7047,7050,7051,8919],"product_tag":[],"class_list":{"0":"post-52512","1":"product","2":"type-product","3":"status-publish","4":"has-post-thumbnail","6":"product_cat-halloween-decorations-2025","7":"product_cat-halloween-gifts","8":"product_cat-light-up-halloween-decorations","9":"product_cat-scarecrow-pumpkin-animatronics","10":"product_cat-indoor-halloween-decorations","11":"product_cat-outdoor-halloween-decorations","12":"product_cat-graveyard-decorations","13":"product_cat-decorations","14":"product_cat-haunted-house","15":"product_cat-skeleton-decorations","16":"product_cat-animatronics","17":"product_cat-pumpkins","18":"product_cat-skeletons-reapers","19":"product_cat-haunted-house-animatronics","20":"product_cat-graveyard-animatronics","21":"product_cat-pre-order-animatronics","22":"product_shipping_class-eu-bulky-prop","24":"first","25":"onbackorder","26":"taxable","27":"shipping-taxable","28":"purchasable","29":"product-type-simple"},"supplier_id":467908,"supplier_sku":"MR124917","barcode":"842445146192","atum_controlled":true,"out_stock_date":"2025-09-12 12:33:26","out_stock_threshold":null,"inheritable":false,"inbound_stock":10,"stock_on_hold":0,"sold_today":0,"sales_last_days":0,"reserved_stock":0,"customer_returns":0,"warehouse_damage":0,"lost_in_post":0,"other_logs":0,"out_stock_days":233,"lost_sales":0,"has_location":false,"update_date":"2026-05-04T00:22:45","atum_locations":[],"atum_stock_status":"onbackorder","restock_status":false,"low_stock_amount":"","sales_update_date":"2026-05-04T00:22:44","calc_backorders":0,"acf":[],"yoast_head":"<!-- This site is optimized with the Yoast SEO plugin v27.5 - https:\/\/yoast.com\/product\/yoast-seo-wordpress\/ -->\n<title>Skeleton Animated Halloween Prop | Mad About Horror<\/title>\n<meta name=\"description\" content=\"Cloaked in a rotten, ragged, Skeleton Animated Halloween Prop. Buy from Europe\u2019s leading Horror Specialist. UK stock. Fast Delivery.\" \/>\n<meta name=\"robots\" content=\"index, follow, max-snippet:-1, max-image-preview:large, max-video-preview:-1\" \/>\n<link rel=\"canonical\" href=\"https:\/\/madabouthorror.co.uk\/fr\/product\/7ft-jack-stalker-animated-halloween-prop\/\" \/>\n<meta property=\"og:locale\" content=\"fr_FR\" \/>\n<meta property=\"og:type\" content=\"article\" \/>\n<meta property=\"og:title\" content=\"Skeleton Animated Halloween Prop | Mad About Horror\" \/>\n<meta property=\"og:description\" content=\"Cloaked in a rotten, ragged, Skeleton Animated Halloween Prop. Buy from Europe\u2019s leading Horror Specialist. UK stock. Fast Delivery.\" \/>\n<meta property=\"og:url\" content=\"https:\/\/madabouthorror.co.uk\/fr\/product\/7ft-jack-stalker-animated-halloween-prop\/\" \/>\n<meta property=\"og:site_name\" content=\"Mad About Horror\" \/>\n<meta property=\"article:publisher\" content=\"https:\/\/www.facebook.com\/madabouthorror\/\" \/>\n<meta property=\"article:modified_time\" content=\"2026-04-30T10:25:39+00:00\" \/>\n<meta property=\"og:image\" content=\"https:\/\/madabouthorror.co.uk\/wp-content\/uploads\/2022\/04\/7ft_jack_stalker_animated_halloween_prop.jpg\" \/>\n\t<meta property=\"og:image:width\" content=\"650\" \/>\n\t<meta property=\"og:image:height\" content=\"650\" \/>\n\t<meta property=\"og:image:type\" content=\"image\/jpeg\" \/>\n<meta name=\"twitter:card\" content=\"summary_large_image\" \/>\n<meta name=\"twitter:label1\" content=\"Dur\u00e9e de lecture estim\u00e9e\" \/>\n\t<meta name=\"twitter:data1\" content=\"2 minutes\" \/>\n<script type=\"application\/ld+json\" class=\"yoast-schema-graph\">{\"@context\":\"https:\\\/\\\/schema.org\",\"@graph\":[{\"@type\":[\"WebPage\",\"ItemPage\"],\"@id\":\"https:\\\/\\\/madabouthorror.co.uk\\\/product\\\/7ft-jack-stalker-animated-halloween-prop\\\/\",\"url\":\"https:\\\/\\\/madabouthorror.co.uk\\\/product\\\/7ft-jack-stalker-animated-halloween-prop\\\/\",\"name\":\"Skeleton Animated Halloween Prop | Mad About Horror\",\"isPartOf\":{\"@id\":\"https:\\\/\\\/madabouthorror.co.uk\\\/#website\"},\"primaryImageOfPage\":{\"@id\":\"https:\\\/\\\/madabouthorror.co.uk\\\/product\\\/7ft-jack-stalker-animated-halloween-prop\\\/#primaryimage\"},\"image\":{\"@id\":\"https:\\\/\\\/madabouthorror.co.uk\\\/product\\\/7ft-jack-stalker-animated-halloween-prop\\\/#primaryimage\"},\"thumbnailUrl\":\"https:\\\/\\\/madabouthorror.co.uk\\\/wp-content\\\/uploads\\\/2022\\\/04\\\/7ft_jack_stalker_animated_halloween_prop.jpg\",\"datePublished\":\"2022-04-04T09:09:15+00:00\",\"dateModified\":\"2026-04-30T10:25:39+00:00\",\"description\":\"Cloaked in a rotten, ragged, Skeleton Animated Halloween Prop. Buy from Europe\u2019s leading Horror Specialist. UK stock. Fast Delivery.\",\"breadcrumb\":{\"@id\":\"https:\\\/\\\/madabouthorror.co.uk\\\/product\\\/7ft-jack-stalker-animated-halloween-prop\\\/#breadcrumb\"},\"inLanguage\":\"fr-FR\",\"potentialAction\":[{\"@type\":\"ReadAction\",\"target\":[\"https:\\\/\\\/madabouthorror.co.uk\\\/product\\\/7ft-jack-stalker-animated-halloween-prop\\\/\"]}]},{\"@type\":\"ImageObject\",\"inLanguage\":\"fr-FR\",\"@id\":\"https:\\\/\\\/madabouthorror.co.uk\\\/product\\\/7ft-jack-stalker-animated-halloween-prop\\\/#primaryimage\",\"url\":\"https:\\\/\\\/madabouthorror.co.uk\\\/wp-content\\\/uploads\\\/2022\\\/04\\\/7ft_jack_stalker_animated_halloween_prop.jpg\",\"contentUrl\":\"https:\\\/\\\/madabouthorror.co.uk\\\/wp-content\\\/uploads\\\/2022\\\/04\\\/7ft_jack_stalker_animated_halloween_prop.jpg\",\"width\":650,\"height\":650,\"caption\":\"7ft Jack Stalker Animated Halloween Prop\"},{\"@type\":\"BreadcrumbList\",\"@id\":\"https:\\\/\\\/madabouthorror.co.uk\\\/product\\\/7ft-jack-stalker-animated-halloween-prop\\\/#breadcrumb\",\"itemListElement\":[{\"@type\":\"ListItem\",\"position\":1,\"name\":\"Shop\",\"item\":\"https:\\\/\\\/madabouthorror.co.uk\\\/shop\\\/\"},{\"@type\":\"ListItem\",\"position\":2,\"name\":\"7ft Jack Stalker Animated Halloween Prop\"}]},{\"@type\":\"WebSite\",\"@id\":\"https:\\\/\\\/madabouthorror.co.uk\\\/#website\",\"url\":\"https:\\\/\\\/madabouthorror.co.uk\\\/\",\"name\":\"Mad About Horror\",\"description\":\"\",\"publisher\":{\"@id\":\"https:\\\/\\\/madabouthorror.co.uk\\\/#organization\"},\"alternateName\":\"Mad About Horror Limited\",\"potentialAction\":[{\"@type\":\"SearchAction\",\"target\":{\"@type\":\"EntryPoint\",\"urlTemplate\":\"https:\\\/\\\/madabouthorror.co.uk\\\/?s={search_term_string}\"},\"query-input\":{\"@type\":\"PropertyValueSpecification\",\"valueRequired\":true,\"valueName\":\"search_term_string\"}}],\"inLanguage\":\"fr-FR\"},{\"@type\":\"Organization\",\"@id\":\"https:\\\/\\\/madabouthorror.co.uk\\\/#organization\",\"name\":\"Mad About Horror\",\"url\":\"https:\\\/\\\/madabouthorror.co.uk\\\/\",\"logo\":{\"@type\":\"ImageObject\",\"inLanguage\":\"fr-FR\",\"@id\":\"https:\\\/\\\/madabouthorror.co.uk\\\/#\\\/schema\\\/logo\\\/image\\\/\",\"url\":\"https:\\\/\\\/madabouthorror.co.uk\\\/wp-content\\\/uploads\\\/2024\\\/02\\\/cropped-Logo.png\",\"contentUrl\":\"https:\\\/\\\/madabouthorror.co.uk\\\/wp-content\\\/uploads\\\/2024\\\/02\\\/cropped-Logo.png\",\"width\":240,\"height\":88,\"caption\":\"Mad About Horror\"},\"image\":{\"@id\":\"https:\\\/\\\/madabouthorror.co.uk\\\/#\\\/schema\\\/logo\\\/image\\\/\"},\"sameAs\":[\"https:\\\/\\\/www.facebook.com\\\/madabouthorror\\\/\",\"https:\\\/\\\/www.instagram.com\\\/madabouthorror\\\/\",\"https:\\\/\\\/www.pinterest.co.uk\\\/madabouthorror\\\/\",\"https:\\\/\\\/www.youtube.com\\\/channel\\\/UCBooLOIxjoQ89dj6T5lWm_w\",\"https:\\\/\\\/www.tiktok.com\\\/@weremadabouthorror\"]}]}<\/script>\n<!-- \/ Yoast SEO plugin. -->","yoast_head_json":{"title":"Prop Anim\u00e9 Squelette Halloween | Mad About Horror","description":"D\u00e9guis\u00e9 en accessoire d'Halloween anim\u00e9 de squelette, pourri et d\u00e9chiquet\u00e9. Achetez aupr\u00e8s du premier sp\u00e9cialiste de l'horreur en Europe. Stock au Royaume-Uni. Livraison rapide.","robots":{"index":"index","follow":"follow","max-snippet":"max-snippet:-1","max-image-preview":"max-image-preview:large","max-video-preview":"max-video-preview:-1"},"canonical":"https:\/\/madabouthorror.co.uk\/fr\/product\/7ft-jack-stalker-animated-halloween-prop\/","og_locale":"fr_FR","og_type":"article","og_title":"Skeleton Animated Halloween Prop | Mad About Horror","og_description":"Cloaked in a rotten, ragged, Skeleton Animated Halloween Prop. Buy from Europe\u2019s leading Horror Specialist. UK stock. Fast Delivery.","og_url":"https:\/\/madabouthorror.co.uk\/fr\/product\/7ft-jack-stalker-animated-halloween-prop\/","og_site_name":"Mad About Horror","article_publisher":"https:\/\/www.facebook.com\/madabouthorror\/","article_modified_time":"2026-04-30T10:25:39+00:00","og_image":[{"width":650,"height":650,"url":"https:\/\/madabouthorror.co.uk\/wp-content\/uploads\/2022\/04\/7ft_jack_stalker_animated_halloween_prop.jpg","type":"image\/jpeg"}],"twitter_card":"summary_large_image","twitter_misc":{"Dur\u00e9e de lecture estim\u00e9e":"2 minutes"},"schema":{"@context":"https:\/\/schema.org","@graph":[{"@type":["WebPage","ItemPage"],"@id":"https:\/\/madabouthorror.co.uk\/product\/7ft-jack-stalker-animated-halloween-prop\/","url":"https:\/\/madabouthorror.co.uk\/product\/7ft-jack-stalker-animated-halloween-prop\/","name":"Prop Anim\u00e9 Squelette Halloween | Mad About Horror","isPartOf":{"@id":"https:\/\/madabouthorror.co.uk\/#website"},"primaryImageOfPage":{"@id":"https:\/\/madabouthorror.co.uk\/product\/7ft-jack-stalker-animated-halloween-prop\/#primaryimage"},"image":{"@id":"https:\/\/madabouthorror.co.uk\/product\/7ft-jack-stalker-animated-halloween-prop\/#primaryimage"},"thumbnailUrl":"https:\/\/madabouthorror.co.uk\/wp-content\/uploads\/2022\/04\/7ft_jack_stalker_animated_halloween_prop.jpg","datePublished":"2022-04-04T09:09:15+00:00","dateModified":"2026-04-30T10:25:39+00:00","description":"D\u00e9guis\u00e9 en accessoire d'Halloween anim\u00e9 de squelette, pourri et d\u00e9chiquet\u00e9. Achetez aupr\u00e8s du premier sp\u00e9cialiste de l'horreur en Europe. Stock au Royaume-Uni. Livraison rapide.","breadcrumb":{"@id":"https:\/\/madabouthorror.co.uk\/product\/7ft-jack-stalker-animated-halloween-prop\/#breadcrumb"},"inLanguage":"fr-FR","potentialAction":[{"@type":"ReadAction","target":["https:\/\/madabouthorror.co.uk\/product\/7ft-jack-stalker-animated-halloween-prop\/"]}]},{"@type":"ImageObject","inLanguage":"fr-FR","@id":"https:\/\/madabouthorror.co.uk\/product\/7ft-jack-stalker-animated-halloween-prop\/#primaryimage","url":"https:\/\/madabouthorror.co.uk\/wp-content\/uploads\/2022\/04\/7ft_jack_stalker_animated_halloween_prop.jpg","contentUrl":"https:\/\/madabouthorror.co.uk\/wp-content\/uploads\/2022\/04\/7ft_jack_stalker_animated_halloween_prop.jpg","width":650,"height":650,"caption":"7ft Jack Stalker Animated Halloween Prop"},{"@type":"BreadcrumbList","@id":"https:\/\/madabouthorror.co.uk\/product\/7ft-jack-stalker-animated-halloween-prop\/#breadcrumb","itemListElement":[{"@type":"ListItem","position":1,"name":"Shop","item":"https:\/\/madabouthorror.co.uk\/shop\/"},{"@type":"ListItem","position":2,"name":"7ft Jack Stalker Animated Halloween Prop"}]},{"@type":"WebSite","@id":"https:\/\/madabouthorror.co.uk\/#website","url":"https:\/\/madabouthorror.co.uk\/","name":"L'horreur en folie","description":"","publisher":{"@id":"https:\/\/madabouthorror.co.uk\/#organization"},"alternateName":"Mad About Horror Limited","potentialAction":[{"@type":"SearchAction","target":{"@type":"EntryPoint","urlTemplate":"https:\/\/madabouthorror.co.uk\/?s={search_term_string}"},"query-input":{"@type":"PropertyValueSpecification","valueRequired":true,"valueName":"search_term_string"}}],"inLanguage":"fr-FR"},{"@type":"Organization","@id":"https:\/\/madabouthorror.co.uk\/#organization","name":"L'horreur en folie","url":"https:\/\/madabouthorror.co.uk\/","logo":{"@type":"ImageObject","inLanguage":"fr-FR","@id":"https:\/\/madabouthorror.co.uk\/#\/schema\/logo\/image\/","url":"https:\/\/madabouthorror.co.uk\/wp-content\/uploads\/2024\/02\/cropped-Logo.png","contentUrl":"https:\/\/madabouthorror.co.uk\/wp-content\/uploads\/2024\/02\/cropped-Logo.png","width":240,"height":88,"caption":"Mad About Horror"},"image":{"@id":"https:\/\/madabouthorror.co.uk\/#\/schema\/logo\/image\/"},"sameAs":["https:\/\/www.facebook.com\/madabouthorror\/","https:\/\/www.instagram.com\/madabouthorror\/","https:\/\/www.pinterest.co.uk\/madabouthorror\/","https:\/\/www.youtube.com\/channel\/UCBooLOIxjoQ89dj6T5lWm_w","https:\/\/www.tiktok.com\/@weremadabouthorror"]}]}},"df_price":449.95,"df_sale_price":"","df_regular_price":449.95,"df_image_link":"https:\/\/madabouthorror.co.uk\/wp-content\/uploads\/2022\/04\/7ft_jack_stalker_animated_halloween_prop-300x300.jpg","_links":{"self":[{"href":"https:\/\/madabouthorror.co.uk\/fr\/wp-json\/wp\/v2\/product\/52512","targetHints":{"allow":["GET"]}}],"collection":[{"href":"https:\/\/madabouthorror.co.uk\/fr\/wp-json\/wp\/v2\/product"}],"about":[{"href":"https:\/\/madabouthorror.co.uk\/fr\/wp-json\/wp\/v2\/types\/product"}],"replies":[{"embeddable":true,"href":"https:\/\/madabouthorror.co.uk\/fr\/wp-json\/wp\/v2\/comments?post=52512"}],"wp:featuredmedia":[{"embeddable":true,"href":"https:\/\/madabouthorror.co.uk\/fr\/wp-json\/wp\/v2\/media\/52506"}],"wp:attachment":[{"href":"https:\/\/madabouthorror.co.uk\/fr\/wp-json\/wp\/v2\/media?parent=52512"}],"wp:term":[{"taxonomy":"product_brand","embeddable":true,"href":"https:\/\/madabouthorror.co.uk\/fr\/wp-json\/wp\/v2\/product_brand?post=52512"},{"taxonomy":"product_cat","embeddable":true,"href":"https:\/\/madabouthorror.co.uk\/fr\/wp-json\/wp\/v2\/product_cat?post=52512"},{"taxonomy":"product_tag","embeddable":true,"href":"https:\/\/madabouthorror.co.uk\/fr\/wp-json\/wp\/v2\/product_tag?post=52512"}],"curies":[{"name":"wp","href":"https:\/\/api.w.org\/{rel}","templated":true}]}}