{"id":52848,"date":"2022-04-26T16:53:32","date_gmt":"2022-04-26T15:53:32","guid":{"rendered":"https:\/\/mah.6bdv.ws\/product\/ghostface-green-fade-mouth-mask\/"},"modified":"2026-02-26T10:17:43","modified_gmt":"2026-02-26T10:17:43","slug":"ghostface-green-fade-mouth-mask","status":"publish","type":"product","link":"https:\/\/madabouthorror.co.uk\/fr\/product\/ghostface-green-fade-mouth-mask\/","title":{"rendered":"Masque buccal Ghostface Green Fade"},"content":{"rendered":"<h4>Masque buccal Ghostface Green Fade<\/h4>\n<ul>\n<li class=\"ng-binding ng-scope\" style=\"box-sizing: border-box; list-style: square; line-height: 25px; border-top-left-radius: 0px !important; border-top-right-radius: 0px !important; border-bottom-right-radius: 0px !important; border-bottom-left-radius: 0px !important;\">Masque de visage fant\u00f4me avec bouche en fondu encha\u00een\u00e9<\/li>\n<li class=\"ng-binding ng-scope\" style=\"box-sizing: border-box; list-style: square; line-height: 25px; border-top-left-radius: 0px !important; border-top-right-radius: 0px !important; border-bottom-right-radius: 0px !important; border-bottom-left-radius: 0px !important;\">Capuche attenante<\/li>\n<li class=\"ng-binding ng-scope\" style=\"box-sizing: border-box; list-style: square; line-height: 25px; border-top-left-radius: 0px !important; border-top-right-radius: 0px !important; border-bottom-right-radius: 0px !important; border-bottom-left-radius: 0px !important;\">Mati\u00e8re vinyle souple avec bandeau \u00e9lastique noir pour un maintien s\u00fbr<\/li>\n<\/ul>\n<p>&nbsp;<\/p>\n<p><em>Fun World est une marque d\u00e9pos\u00e9e de Easter Unlimited, Inc. Tous droits r\u00e9serv\u00e9s.<\/em><\/p>\n<p><em>Tel que vu dans le film Scream est \u00a9Miramax Film Corp. 1997. Tous droits r\u00e9serv\u00e9s.<\/em><\/p>\n<p>IMPORTANT : Les masques GF sont produits en s\u00e9rie et pr\u00e9sentent donc souvent une imperfection, m\u00eame s'il s'agit d'un \"objet de collection\". N'achetez pas si vous n'\u00eates pas pr\u00eat \u00e0 l'accepter. Si vous recevez un masque dont vous n'\u00eates pas satisfait, vous pouvez le renvoyer \u00e0 vos frais.<\/p>","protected":false},"excerpt":{"rendered":"<p>Masque Ghostface Green Fade Mouth Masque Ghost Face avec bouche qui s'estompe. Capuche int\u00e9gr\u00e9e. Mati\u00e8re vinyle souple avec bandeau \u00e9lastique noir pour un ajustement s\u00fbr. Fun World est une marque d\u00e9pos\u00e9e d'Easter Unlimited, Inc. Tous droits r\u00e9serv\u00e9s. Tel qu'on le voit dans le film Scream, \u00a9 Miramax Film Corp., 1997. Tous droits r\u00e9serv\u00e9s. [\u2026]<\/p>","protected":false},"featured_media":52847,"comment_status":"closed","ping_status":"closed","template":"","meta":{"_acf_changed":false},"product_brand":[],"product_cat":[10121,6580,10039,10041,10038,6541,7040,6695],"product_tag":[],"class_list":{"0":"post-52848","1":"product","2":"type-product","3":"status-publish","4":"has-post-thumbnail","6":"product_cat-halloween-sale","7":"product_cat-movie-tv","8":"product_cat-stocking-fillers","9":"product_cat-gifts-under-50","10":"product_cat-horror-gifts","11":"product_cat-masks","12":"product_cat-ghostface","13":"product_cat-scream","14":"product_shipping_class-small-parcel-economy-3-5-business-days","16":"first","17":"outofstock","18":"taxable","19":"shipping-taxable","20":"purchasable","21":"product-type-simple"},"supplier_id":467908,"supplier_sku":"","barcode":"071765116657","atum_controlled":true,"out_stock_date":"2026-02-26 10:17:43","out_stock_threshold":null,"inheritable":false,"inbound_stock":0,"stock_on_hold":0,"sold_today":0,"sales_last_days":0,"reserved_stock":0,"customer_returns":0,"warehouse_damage":0,"lost_in_post":0,"other_logs":0,"out_stock_days":47,"lost_sales":167,"has_location":false,"update_date":"2026-04-15T00:46:21","atum_locations":[],"atum_stock_status":"outofstock","restock_status":false,"low_stock_amount":"","sales_update_date":"2026-04-15T00:46:20","calc_backorders":null,"acf":[],"yoast_head":"<!-- This site is optimized with the Yoast SEO plugin v27.4 - https:\/\/yoast.com\/product\/yoast-seo-wordpress\/ -->\n<title>Ghostface Green Fade Mouth Mask - Fun World<\/title>\n<meta name=\"description\" content=\"Ghostface Green Fade Mouth Mask Ghostface Green Fade Mouth Mask Ghost Face mask with a fade in\/out mouth Attached hood\u00a0 Soft vinyl material with black elastic headband for a secure fit \u00a0 Fun World is a registered trademark of Easter Unl\" \/>\n<meta name=\"robots\" content=\"index, follow, max-snippet:-1, max-image-preview:large, max-video-preview:-1\" \/>\n<link rel=\"canonical\" href=\"https:\/\/madabouthorror.co.uk\/fr\/product\/ghostface-green-fade-mouth-mask\/\" \/>\n<meta property=\"og:locale\" content=\"fr_FR\" \/>\n<meta property=\"og:type\" content=\"article\" \/>\n<meta property=\"og:title\" content=\"Ghostface Green Fade Mouth Mask - Fun World\" \/>\n<meta property=\"og:description\" content=\"Ghostface Green Fade Mouth Mask Ghostface Green Fade Mouth Mask Ghost Face mask with a fade in\/out mouth Attached hood\u00a0 Soft vinyl material with black elastic headband for a secure fit \u00a0 Fun World is a registered trademark of Easter Unl\" \/>\n<meta property=\"og:url\" content=\"https:\/\/madabouthorror.co.uk\/fr\/product\/ghostface-green-fade-mouth-mask\/\" \/>\n<meta property=\"og:site_name\" content=\"Mad About Horror\" \/>\n<meta property=\"article:publisher\" content=\"https:\/\/www.facebook.com\/madabouthorror\/\" \/>\n<meta property=\"article:modified_time\" content=\"2026-02-26T10:17:43+00:00\" \/>\n<meta property=\"og:image\" content=\"https:\/\/madabouthorror.co.uk\/wp-content\/uploads\/2022\/04\/fun_world_ghostface_fade_mouth_mask.jpg\" \/>\n\t<meta property=\"og:image:width\" content=\"650\" \/>\n\t<meta property=\"og:image:height\" content=\"650\" \/>\n\t<meta property=\"og:image:type\" content=\"image\/jpeg\" \/>\n<meta name=\"twitter:card\" content=\"summary_large_image\" \/>\n<meta name=\"twitter:label1\" content=\"Dur\u00e9e de lecture estim\u00e9e\" \/>\n\t<meta name=\"twitter:data1\" content=\"1 minute\" \/>\n<script type=\"application\/ld+json\" class=\"yoast-schema-graph\">{\"@context\":\"https:\\\/\\\/schema.org\",\"@graph\":[{\"@type\":[\"WebPage\",\"ItemPage\"],\"@id\":\"https:\\\/\\\/madabouthorror.co.uk\\\/product\\\/ghostface-green-fade-mouth-mask\\\/\",\"url\":\"https:\\\/\\\/madabouthorror.co.uk\\\/product\\\/ghostface-green-fade-mouth-mask\\\/\",\"name\":\"Ghostface Green Fade Mouth Mask - Fun World\",\"isPartOf\":{\"@id\":\"https:\\\/\\\/madabouthorror.co.uk\\\/#website\"},\"primaryImageOfPage\":{\"@id\":\"https:\\\/\\\/madabouthorror.co.uk\\\/product\\\/ghostface-green-fade-mouth-mask\\\/#primaryimage\"},\"image\":{\"@id\":\"https:\\\/\\\/madabouthorror.co.uk\\\/product\\\/ghostface-green-fade-mouth-mask\\\/#primaryimage\"},\"thumbnailUrl\":\"https:\\\/\\\/madabouthorror.co.uk\\\/wp-content\\\/uploads\\\/2022\\\/04\\\/fun_world_ghostface_fade_mouth_mask.jpg\",\"datePublished\":\"2022-04-26T15:53:32+00:00\",\"dateModified\":\"2026-02-26T10:17:43+00:00\",\"description\":\"Ghostface Green Fade Mouth Mask Ghostface Green Fade Mouth Mask Ghost Face mask with a fade in\\\/out mouth Attached hood\u00a0 Soft vinyl material with black elastic headband for a secure fit \u00a0 Fun World is a registered trademark of Easter Unl\",\"breadcrumb\":{\"@id\":\"https:\\\/\\\/madabouthorror.co.uk\\\/product\\\/ghostface-green-fade-mouth-mask\\\/#breadcrumb\"},\"inLanguage\":\"fr-FR\",\"potentialAction\":[{\"@type\":\"ReadAction\",\"target\":[\"https:\\\/\\\/madabouthorror.co.uk\\\/product\\\/ghostface-green-fade-mouth-mask\\\/\"]}]},{\"@type\":\"ImageObject\",\"inLanguage\":\"fr-FR\",\"@id\":\"https:\\\/\\\/madabouthorror.co.uk\\\/product\\\/ghostface-green-fade-mouth-mask\\\/#primaryimage\",\"url\":\"https:\\\/\\\/madabouthorror.co.uk\\\/wp-content\\\/uploads\\\/2022\\\/04\\\/fun_world_ghostface_fade_mouth_mask.jpg\",\"contentUrl\":\"https:\\\/\\\/madabouthorror.co.uk\\\/wp-content\\\/uploads\\\/2022\\\/04\\\/fun_world_ghostface_fade_mouth_mask.jpg\",\"width\":650,\"height\":650,\"caption\":\"Ghostface Green Fade Mouth Mask - Fun World\"},{\"@type\":\"BreadcrumbList\",\"@id\":\"https:\\\/\\\/madabouthorror.co.uk\\\/product\\\/ghostface-green-fade-mouth-mask\\\/#breadcrumb\",\"itemListElement\":[{\"@type\":\"ListItem\",\"position\":1,\"name\":\"Shop\",\"item\":\"https:\\\/\\\/madabouthorror.co.uk\\\/shop\\\/\"},{\"@type\":\"ListItem\",\"position\":2,\"name\":\"Ghostface Green Fade Mouth Mask\"}]},{\"@type\":\"WebSite\",\"@id\":\"https:\\\/\\\/madabouthorror.co.uk\\\/#website\",\"url\":\"https:\\\/\\\/madabouthorror.co.uk\\\/\",\"name\":\"Mad About Horror\",\"description\":\"\",\"publisher\":{\"@id\":\"https:\\\/\\\/madabouthorror.co.uk\\\/#organization\"},\"alternateName\":\"Mad About Horror Limited\",\"potentialAction\":[{\"@type\":\"SearchAction\",\"target\":{\"@type\":\"EntryPoint\",\"urlTemplate\":\"https:\\\/\\\/madabouthorror.co.uk\\\/?s={search_term_string}\"},\"query-input\":{\"@type\":\"PropertyValueSpecification\",\"valueRequired\":true,\"valueName\":\"search_term_string\"}}],\"inLanguage\":\"fr-FR\"},{\"@type\":\"Organization\",\"@id\":\"https:\\\/\\\/madabouthorror.co.uk\\\/#organization\",\"name\":\"Mad About Horror\",\"url\":\"https:\\\/\\\/madabouthorror.co.uk\\\/\",\"logo\":{\"@type\":\"ImageObject\",\"inLanguage\":\"fr-FR\",\"@id\":\"https:\\\/\\\/madabouthorror.co.uk\\\/#\\\/schema\\\/logo\\\/image\\\/\",\"url\":\"https:\\\/\\\/madabouthorror.co.uk\\\/wp-content\\\/uploads\\\/2024\\\/02\\\/cropped-Logo.png\",\"contentUrl\":\"https:\\\/\\\/madabouthorror.co.uk\\\/wp-content\\\/uploads\\\/2024\\\/02\\\/cropped-Logo.png\",\"width\":240,\"height\":88,\"caption\":\"Mad About Horror\"},\"image\":{\"@id\":\"https:\\\/\\\/madabouthorror.co.uk\\\/#\\\/schema\\\/logo\\\/image\\\/\"},\"sameAs\":[\"https:\\\/\\\/www.facebook.com\\\/madabouthorror\\\/\",\"https:\\\/\\\/www.instagram.com\\\/madabouthorror\\\/\",\"https:\\\/\\\/www.pinterest.co.uk\\\/madabouthorror\\\/\",\"https:\\\/\\\/www.youtube.com\\\/channel\\\/UCBooLOIxjoQ89dj6T5lWm_w\",\"https:\\\/\\\/www.tiktok.com\\\/@weremadabouthorror\"]}]}<\/script>\n<!-- \/ Yoast SEO plugin. -->","yoast_head_json":{"title":"Masque de bouche Ghostface vert - Fun World","description":"Ghostface Green Fade Mouth Mask Ghostface Green Fade Mouth Mask Ghost Face mask with a fade in\/out mouth Attached hood Soft vinyl material with black elastic headband for a secure fit Fun World is a registered trademark of Easter Unl","robots":{"index":"index","follow":"follow","max-snippet":"max-snippet:-1","max-image-preview":"max-image-preview:large","max-video-preview":"max-video-preview:-1"},"canonical":"https:\/\/madabouthorror.co.uk\/fr\/product\/ghostface-green-fade-mouth-mask\/","og_locale":"fr_FR","og_type":"article","og_title":"Ghostface Green Fade Mouth Mask - Fun World","og_description":"Ghostface Green Fade Mouth Mask Ghostface Green Fade Mouth Mask Ghost Face mask with a fade in\/out mouth Attached hood\u00a0 Soft vinyl material with black elastic headband for a secure fit \u00a0 Fun World is a registered trademark of Easter Unl","og_url":"https:\/\/madabouthorror.co.uk\/fr\/product\/ghostface-green-fade-mouth-mask\/","og_site_name":"Mad About Horror","article_publisher":"https:\/\/www.facebook.com\/madabouthorror\/","article_modified_time":"2026-02-26T10:17:43+00:00","og_image":[{"width":650,"height":650,"url":"https:\/\/madabouthorror.co.uk\/wp-content\/uploads\/2022\/04\/fun_world_ghostface_fade_mouth_mask.jpg","type":"image\/jpeg"}],"twitter_card":"summary_large_image","twitter_misc":{"Dur\u00e9e de lecture estim\u00e9e":"1 minute"},"schema":{"@context":"https:\/\/schema.org","@graph":[{"@type":["WebPage","ItemPage"],"@id":"https:\/\/madabouthorror.co.uk\/product\/ghostface-green-fade-mouth-mask\/","url":"https:\/\/madabouthorror.co.uk\/product\/ghostface-green-fade-mouth-mask\/","name":"Masque de bouche Ghostface vert - Fun World","isPartOf":{"@id":"https:\/\/madabouthorror.co.uk\/#website"},"primaryImageOfPage":{"@id":"https:\/\/madabouthorror.co.uk\/product\/ghostface-green-fade-mouth-mask\/#primaryimage"},"image":{"@id":"https:\/\/madabouthorror.co.uk\/product\/ghostface-green-fade-mouth-mask\/#primaryimage"},"thumbnailUrl":"https:\/\/madabouthorror.co.uk\/wp-content\/uploads\/2022\/04\/fun_world_ghostface_fade_mouth_mask.jpg","datePublished":"2022-04-26T15:53:32+00:00","dateModified":"2026-02-26T10:17:43+00:00","description":"Ghostface Green Fade Mouth Mask Ghostface Green Fade Mouth Mask Ghost Face mask with a fade in\/out mouth Attached hood Soft vinyl material with black elastic headband for a secure fit Fun World is a registered trademark of Easter Unl","breadcrumb":{"@id":"https:\/\/madabouthorror.co.uk\/product\/ghostface-green-fade-mouth-mask\/#breadcrumb"},"inLanguage":"fr-FR","potentialAction":[{"@type":"ReadAction","target":["https:\/\/madabouthorror.co.uk\/product\/ghostface-green-fade-mouth-mask\/"]}]},{"@type":"ImageObject","inLanguage":"fr-FR","@id":"https:\/\/madabouthorror.co.uk\/product\/ghostface-green-fade-mouth-mask\/#primaryimage","url":"https:\/\/madabouthorror.co.uk\/wp-content\/uploads\/2022\/04\/fun_world_ghostface_fade_mouth_mask.jpg","contentUrl":"https:\/\/madabouthorror.co.uk\/wp-content\/uploads\/2022\/04\/fun_world_ghostface_fade_mouth_mask.jpg","width":650,"height":650,"caption":"Ghostface Green Fade Mouth Mask - Fun World"},{"@type":"BreadcrumbList","@id":"https:\/\/madabouthorror.co.uk\/product\/ghostface-green-fade-mouth-mask\/#breadcrumb","itemListElement":[{"@type":"ListItem","position":1,"name":"Shop","item":"https:\/\/madabouthorror.co.uk\/shop\/"},{"@type":"ListItem","position":2,"name":"Ghostface Green Fade Mouth Mask"}]},{"@type":"WebSite","@id":"https:\/\/madabouthorror.co.uk\/#website","url":"https:\/\/madabouthorror.co.uk\/","name":"L'horreur en folie","description":"","publisher":{"@id":"https:\/\/madabouthorror.co.uk\/#organization"},"alternateName":"Mad About Horror Limited","potentialAction":[{"@type":"SearchAction","target":{"@type":"EntryPoint","urlTemplate":"https:\/\/madabouthorror.co.uk\/?s={search_term_string}"},"query-input":{"@type":"PropertyValueSpecification","valueRequired":true,"valueName":"search_term_string"}}],"inLanguage":"fr-FR"},{"@type":"Organization","@id":"https:\/\/madabouthorror.co.uk\/#organization","name":"L'horreur en folie","url":"https:\/\/madabouthorror.co.uk\/","logo":{"@type":"ImageObject","inLanguage":"fr-FR","@id":"https:\/\/madabouthorror.co.uk\/#\/schema\/logo\/image\/","url":"https:\/\/madabouthorror.co.uk\/wp-content\/uploads\/2024\/02\/cropped-Logo.png","contentUrl":"https:\/\/madabouthorror.co.uk\/wp-content\/uploads\/2024\/02\/cropped-Logo.png","width":240,"height":88,"caption":"Mad About Horror"},"image":{"@id":"https:\/\/madabouthorror.co.uk\/#\/schema\/logo\/image\/"},"sameAs":["https:\/\/www.facebook.com\/madabouthorror\/","https:\/\/www.instagram.com\/madabouthorror\/","https:\/\/www.pinterest.co.uk\/madabouthorror\/","https:\/\/www.youtube.com\/channel\/UCBooLOIxjoQ89dj6T5lWm_w","https:\/\/www.tiktok.com\/@weremadabouthorror"]}]}},"df_price":25.99,"df_sale_price":"","df_regular_price":25.99,"df_image_link":"https:\/\/madabouthorror.co.uk\/wp-content\/uploads\/2022\/04\/fun_world_ghostface_fade_mouth_mask-300x300.jpg","_links":{"self":[{"href":"https:\/\/madabouthorror.co.uk\/fr\/wp-json\/wp\/v2\/product\/52848","targetHints":{"allow":["GET"]}}],"collection":[{"href":"https:\/\/madabouthorror.co.uk\/fr\/wp-json\/wp\/v2\/product"}],"about":[{"href":"https:\/\/madabouthorror.co.uk\/fr\/wp-json\/wp\/v2\/types\/product"}],"replies":[{"embeddable":true,"href":"https:\/\/madabouthorror.co.uk\/fr\/wp-json\/wp\/v2\/comments?post=52848"}],"wp:featuredmedia":[{"embeddable":true,"href":"https:\/\/madabouthorror.co.uk\/fr\/wp-json\/wp\/v2\/media\/52847"}],"wp:attachment":[{"href":"https:\/\/madabouthorror.co.uk\/fr\/wp-json\/wp\/v2\/media?parent=52848"}],"wp:term":[{"taxonomy":"product_brand","embeddable":true,"href":"https:\/\/madabouthorror.co.uk\/fr\/wp-json\/wp\/v2\/product_brand?post=52848"},{"taxonomy":"product_cat","embeddable":true,"href":"https:\/\/madabouthorror.co.uk\/fr\/wp-json\/wp\/v2\/product_cat?post=52848"},{"taxonomy":"product_tag","embeddable":true,"href":"https:\/\/madabouthorror.co.uk\/fr\/wp-json\/wp\/v2\/product_tag?post=52848"}],"curies":[{"name":"wp","href":"https:\/\/api.w.org\/{rel}","templated":true}]}}