{"id":52933,"date":"2022-05-13T14:58:10","date_gmt":"2022-05-13T13:58:10","guid":{"rendered":"https:\/\/mah.6bdv.ws\/product\/saw-billy-puppet-mask-trick-or-treat-studios\/"},"modified":"2026-04-02T09:31:42","modified_gmt":"2026-04-02T08:31:42","slug":"saw-billy-puppet-mask-trick-or-treat-studios","status":"publish","type":"product","link":"https:\/\/madabouthorror.co.uk\/fr\/product\/saw-billy-puppet-mask-trick-or-treat-studios\/","title":{"rendered":"Masque de marionnette Saw Billy"},"content":{"rendered":"<p>Voici le masque d'Halloween SAW Billy Puppet sous licence officielle de Trick or Treat Studios et Lionsgate. Sculpt\u00e9 par Russ Lukich et r\u00e9alis\u00e9 \u00e0 partir de nombreuses captures d'\u00e9cran, ce masque capture tous les d\u00e9tails de l'embl\u00e9matique Billy Puppet de SAW. Pr\u00e9parez-vous \u00e0 susciter un sentiment d'effroi lorsque vous inviterez les enfants \u00e0 participer \u00e0 un jeu sinistre le soir d'Halloween.<\/p>\n<p>Parfaitement assorti \u00e0 un costume, ce masque Billy Puppet ne manquera pas d'ajouter une touche d'horreur et de suspense \u00e0 votre soir\u00e9e d'Halloween. \u00cates-vous pr\u00eat \u00e0 jouer un jeu ?<\/p>\n<p><em>2014 Lions Gate Entertainment. Tous droits r\u00e9serv\u00e9s.<\/em><\/p>\n<p>&nbsp;<\/p>","protected":false},"excerpt":{"rendered":"<p>Voici le masque d'Halloween SAW Billy Puppet sous licence officielle de Trick or Treat Studios et Lionsgate. Sculpt\u00e9 par Russ Lukich et r\u00e9alis\u00e9 \u00e0 partir de nombreuses captures d'\u00e9cran, ce masque capture tous les d\u00e9tails de l'embl\u00e9matique Billy Puppet de SAW. Pr\u00e9parez-vous \u00e0 faire r\u00e9gner l'effroi en invitant les enfants \u00e0 participer \u00e0 un jeu sinistre sur [...]<\/p>","protected":false},"featured_media":52932,"comment_status":"closed","ping_status":"closed","template":"","meta":{"_acf_changed":false},"product_brand":[],"product_cat":[6580,10100,10136,10135,10038,9962,6541,6790,6792],"product_tag":[],"class_list":{"0":"post-52933","1":"product","2":"type-product","3":"status-publish","4":"has-post-thumbnail","6":"product_cat-movie-tv","7":"product_cat-latex-masks","8":"product_cat-official-replica-dolls-props","9":"product_cat-saw-jigsaw","10":"product_cat-horror-gifts","11":"product_cat-trick-or-treat-studios-masks","12":"product_cat-masks","13":"product_cat-billy-the-puppet","14":"product_cat-trick-or-treat-studios","16":"first","17":"outofstock","18":"taxable","19":"shipping-taxable","20":"purchasable","21":"product-type-simple"},"supplier_id":467429,"supplier_sku":"RLLG102","barcode":"854146005012","atum_controlled":true,"out_stock_date":"2025-09-22 16:45:21","out_stock_threshold":null,"inheritable":false,"inbound_stock":14,"stock_on_hold":0,"sold_today":0,"sales_last_days":0,"reserved_stock":0,"customer_returns":0,"warehouse_damage":0,"lost_in_post":0,"other_logs":0,"out_stock_days":201,"lost_sales":1434,"has_location":false,"update_date":"2026-04-12T01:38:49","atum_locations":[],"atum_stock_status":"outofstock","restock_status":false,"low_stock_amount":2,"sales_update_date":"2026-04-12T01:38:47","calc_backorders":null,"acf":[],"yoast_head":"<!-- This site is optimized with the Yoast SEO plugin v27.3 - https:\/\/yoast.com\/product\/yoast-seo-wordpress\/ -->\n<title>Saw Billy Puppet Mask - Trick or Treat Studios<\/title>\n<meta name=\"description\" content=\"Official licensed Saw Billy Puppet Mask by Trick or Treat Studios. Halloween horror mask. Available to buy in the UK from Mad About Horror.\" \/>\n<meta name=\"robots\" content=\"index, follow, max-snippet:-1, max-image-preview:large, max-video-preview:-1\" \/>\n<link rel=\"canonical\" href=\"https:\/\/madabouthorror.co.uk\/fr\/product\/saw-billy-puppet-mask-trick-or-treat-studios\/\" \/>\n<meta property=\"og:locale\" content=\"fr_FR\" \/>\n<meta property=\"og:type\" content=\"article\" \/>\n<meta property=\"og:title\" content=\"Saw Billy Puppet Mask - Trick or Treat Studios\" \/>\n<meta property=\"og:description\" content=\"Official licensed Saw Billy Puppet Mask by Trick or Treat Studios. Halloween horror mask. Available to buy in the UK from Mad About Horror.\" \/>\n<meta property=\"og:url\" content=\"https:\/\/madabouthorror.co.uk\/fr\/product\/saw-billy-puppet-mask-trick-or-treat-studios\/\" \/>\n<meta property=\"og:site_name\" content=\"Mad About Horror\" \/>\n<meta property=\"article:publisher\" content=\"https:\/\/www.facebook.com\/madabouthorror\/\" \/>\n<meta property=\"article:modified_time\" content=\"2026-04-02T08:31:42+00:00\" \/>\n<meta property=\"og:image\" content=\"https:\/\/madabouthorror.co.uk\/wp-content\/uploads\/2022\/05\/saw_billly_puppet_mask.jpg\" \/>\n\t<meta property=\"og:image:width\" content=\"650\" \/>\n\t<meta property=\"og:image:height\" content=\"650\" \/>\n\t<meta property=\"og:image:type\" content=\"image\/jpeg\" \/>\n<meta name=\"twitter:card\" content=\"summary_large_image\" \/>\n<meta name=\"twitter:label1\" content=\"Dur\u00e9e de lecture estim\u00e9e\" \/>\n\t<meta name=\"twitter:data1\" content=\"1 minute\" \/>\n<script type=\"application\/ld+json\" class=\"yoast-schema-graph\">{\"@context\":\"https:\\\/\\\/schema.org\",\"@graph\":[{\"@type\":[\"WebPage\",\"ItemPage\"],\"@id\":\"https:\\\/\\\/madabouthorror.co.uk\\\/product\\\/saw-billy-puppet-mask-trick-or-treat-studios\\\/\",\"url\":\"https:\\\/\\\/madabouthorror.co.uk\\\/product\\\/saw-billy-puppet-mask-trick-or-treat-studios\\\/\",\"name\":\"Saw Billy Puppet Mask - Trick or Treat Studios\",\"isPartOf\":{\"@id\":\"https:\\\/\\\/madabouthorror.co.uk\\\/#website\"},\"primaryImageOfPage\":{\"@id\":\"https:\\\/\\\/madabouthorror.co.uk\\\/product\\\/saw-billy-puppet-mask-trick-or-treat-studios\\\/#primaryimage\"},\"image\":{\"@id\":\"https:\\\/\\\/madabouthorror.co.uk\\\/product\\\/saw-billy-puppet-mask-trick-or-treat-studios\\\/#primaryimage\"},\"thumbnailUrl\":\"https:\\\/\\\/madabouthorror.co.uk\\\/wp-content\\\/uploads\\\/2022\\\/05\\\/saw_billly_puppet_mask.jpg\",\"datePublished\":\"2022-05-13T13:58:10+00:00\",\"dateModified\":\"2026-04-02T08:31:42+00:00\",\"description\":\"Official licensed Saw Billy Puppet Mask by Trick or Treat Studios. Halloween horror mask. Available to buy in the UK from Mad About Horror.\",\"breadcrumb\":{\"@id\":\"https:\\\/\\\/madabouthorror.co.uk\\\/product\\\/saw-billy-puppet-mask-trick-or-treat-studios\\\/#breadcrumb\"},\"inLanguage\":\"fr-FR\",\"potentialAction\":[{\"@type\":\"ReadAction\",\"target\":[\"https:\\\/\\\/madabouthorror.co.uk\\\/product\\\/saw-billy-puppet-mask-trick-or-treat-studios\\\/\"]}]},{\"@type\":\"ImageObject\",\"inLanguage\":\"fr-FR\",\"@id\":\"https:\\\/\\\/madabouthorror.co.uk\\\/product\\\/saw-billy-puppet-mask-trick-or-treat-studios\\\/#primaryimage\",\"url\":\"https:\\\/\\\/madabouthorror.co.uk\\\/wp-content\\\/uploads\\\/2022\\\/05\\\/saw_billly_puppet_mask.jpg\",\"contentUrl\":\"https:\\\/\\\/madabouthorror.co.uk\\\/wp-content\\\/uploads\\\/2022\\\/05\\\/saw_billly_puppet_mask.jpg\",\"width\":650,\"height\":650,\"caption\":\"Saw Billy Puppet Mask\"},{\"@type\":\"BreadcrumbList\",\"@id\":\"https:\\\/\\\/madabouthorror.co.uk\\\/product\\\/saw-billy-puppet-mask-trick-or-treat-studios\\\/#breadcrumb\",\"itemListElement\":[{\"@type\":\"ListItem\",\"position\":1,\"name\":\"Shop\",\"item\":\"https:\\\/\\\/madabouthorror.co.uk\\\/shop\\\/\"},{\"@type\":\"ListItem\",\"position\":2,\"name\":\"Saw Billy Puppet Mask\"}]},{\"@type\":\"WebSite\",\"@id\":\"https:\\\/\\\/madabouthorror.co.uk\\\/#website\",\"url\":\"https:\\\/\\\/madabouthorror.co.uk\\\/\",\"name\":\"Mad About Horror\",\"description\":\"\",\"publisher\":{\"@id\":\"https:\\\/\\\/madabouthorror.co.uk\\\/#organization\"},\"alternateName\":\"Mad About Horror Limited\",\"potentialAction\":[{\"@type\":\"SearchAction\",\"target\":{\"@type\":\"EntryPoint\",\"urlTemplate\":\"https:\\\/\\\/madabouthorror.co.uk\\\/?s={search_term_string}\"},\"query-input\":{\"@type\":\"PropertyValueSpecification\",\"valueRequired\":true,\"valueName\":\"search_term_string\"}}],\"inLanguage\":\"fr-FR\"},{\"@type\":\"Organization\",\"@id\":\"https:\\\/\\\/madabouthorror.co.uk\\\/#organization\",\"name\":\"Mad About Horror\",\"url\":\"https:\\\/\\\/madabouthorror.co.uk\\\/\",\"logo\":{\"@type\":\"ImageObject\",\"inLanguage\":\"fr-FR\",\"@id\":\"https:\\\/\\\/madabouthorror.co.uk\\\/#\\\/schema\\\/logo\\\/image\\\/\",\"url\":\"https:\\\/\\\/madabouthorror.co.uk\\\/wp-content\\\/uploads\\\/2024\\\/02\\\/cropped-Logo.png\",\"contentUrl\":\"https:\\\/\\\/madabouthorror.co.uk\\\/wp-content\\\/uploads\\\/2024\\\/02\\\/cropped-Logo.png\",\"width\":240,\"height\":88,\"caption\":\"Mad About Horror\"},\"image\":{\"@id\":\"https:\\\/\\\/madabouthorror.co.uk\\\/#\\\/schema\\\/logo\\\/image\\\/\"},\"sameAs\":[\"https:\\\/\\\/www.facebook.com\\\/madabouthorror\\\/\",\"https:\\\/\\\/www.instagram.com\\\/madabouthorror\\\/\",\"https:\\\/\\\/www.pinterest.co.uk\\\/madabouthorror\\\/\",\"https:\\\/\\\/www.youtube.com\\\/channel\\\/UCBooLOIxjoQ89dj6T5lWm_w\",\"https:\\\/\\\/www.tiktok.com\\\/@weremadabouthorror\"]}]}<\/script>\n<!-- \/ Yoast SEO plugin. -->","yoast_head_json":{"title":"Masque de marionnette Saw Billy - Trick or Treat Studios","description":"Masque de marionnette Saw Billy sous licence officielle par Trick or Treat Studios. Masque d'horreur pour Halloween. Disponible au Royaume-Uni aupr\u00e8s de Mad About Horror.","robots":{"index":"index","follow":"follow","max-snippet":"max-snippet:-1","max-image-preview":"max-image-preview:large","max-video-preview":"max-video-preview:-1"},"canonical":"https:\/\/madabouthorror.co.uk\/fr\/product\/saw-billy-puppet-mask-trick-or-treat-studios\/","og_locale":"fr_FR","og_type":"article","og_title":"Saw Billy Puppet Mask - Trick or Treat Studios","og_description":"Official licensed Saw Billy Puppet Mask by Trick or Treat Studios. Halloween horror mask. Available to buy in the UK from Mad About Horror.","og_url":"https:\/\/madabouthorror.co.uk\/fr\/product\/saw-billy-puppet-mask-trick-or-treat-studios\/","og_site_name":"Mad About Horror","article_publisher":"https:\/\/www.facebook.com\/madabouthorror\/","article_modified_time":"2026-04-02T08:31:42+00:00","og_image":[{"width":650,"height":650,"url":"https:\/\/madabouthorror.co.uk\/wp-content\/uploads\/2022\/05\/saw_billly_puppet_mask.jpg","type":"image\/jpeg"}],"twitter_card":"summary_large_image","twitter_misc":{"Dur\u00e9e de lecture estim\u00e9e":"1 minute"},"schema":{"@context":"https:\/\/schema.org","@graph":[{"@type":["WebPage","ItemPage"],"@id":"https:\/\/madabouthorror.co.uk\/product\/saw-billy-puppet-mask-trick-or-treat-studios\/","url":"https:\/\/madabouthorror.co.uk\/product\/saw-billy-puppet-mask-trick-or-treat-studios\/","name":"Masque de marionnette Saw Billy - Trick or Treat Studios","isPartOf":{"@id":"https:\/\/madabouthorror.co.uk\/#website"},"primaryImageOfPage":{"@id":"https:\/\/madabouthorror.co.uk\/product\/saw-billy-puppet-mask-trick-or-treat-studios\/#primaryimage"},"image":{"@id":"https:\/\/madabouthorror.co.uk\/product\/saw-billy-puppet-mask-trick-or-treat-studios\/#primaryimage"},"thumbnailUrl":"https:\/\/madabouthorror.co.uk\/wp-content\/uploads\/2022\/05\/saw_billly_puppet_mask.jpg","datePublished":"2022-05-13T13:58:10+00:00","dateModified":"2026-04-02T08:31:42+00:00","description":"Masque de marionnette Saw Billy sous licence officielle par Trick or Treat Studios. Masque d'horreur pour Halloween. Disponible au Royaume-Uni aupr\u00e8s de Mad About Horror.","breadcrumb":{"@id":"https:\/\/madabouthorror.co.uk\/product\/saw-billy-puppet-mask-trick-or-treat-studios\/#breadcrumb"},"inLanguage":"fr-FR","potentialAction":[{"@type":"ReadAction","target":["https:\/\/madabouthorror.co.uk\/product\/saw-billy-puppet-mask-trick-or-treat-studios\/"]}]},{"@type":"ImageObject","inLanguage":"fr-FR","@id":"https:\/\/madabouthorror.co.uk\/product\/saw-billy-puppet-mask-trick-or-treat-studios\/#primaryimage","url":"https:\/\/madabouthorror.co.uk\/wp-content\/uploads\/2022\/05\/saw_billly_puppet_mask.jpg","contentUrl":"https:\/\/madabouthorror.co.uk\/wp-content\/uploads\/2022\/05\/saw_billly_puppet_mask.jpg","width":650,"height":650,"caption":"Saw Billy Puppet Mask"},{"@type":"BreadcrumbList","@id":"https:\/\/madabouthorror.co.uk\/product\/saw-billy-puppet-mask-trick-or-treat-studios\/#breadcrumb","itemListElement":[{"@type":"ListItem","position":1,"name":"Shop","item":"https:\/\/madabouthorror.co.uk\/shop\/"},{"@type":"ListItem","position":2,"name":"Saw Billy Puppet Mask"}]},{"@type":"WebSite","@id":"https:\/\/madabouthorror.co.uk\/#website","url":"https:\/\/madabouthorror.co.uk\/","name":"L'horreur en folie","description":"","publisher":{"@id":"https:\/\/madabouthorror.co.uk\/#organization"},"alternateName":"Mad About Horror Limited","potentialAction":[{"@type":"SearchAction","target":{"@type":"EntryPoint","urlTemplate":"https:\/\/madabouthorror.co.uk\/?s={search_term_string}"},"query-input":{"@type":"PropertyValueSpecification","valueRequired":true,"valueName":"search_term_string"}}],"inLanguage":"fr-FR"},{"@type":"Organization","@id":"https:\/\/madabouthorror.co.uk\/#organization","name":"L'horreur en folie","url":"https:\/\/madabouthorror.co.uk\/","logo":{"@type":"ImageObject","inLanguage":"fr-FR","@id":"https:\/\/madabouthorror.co.uk\/#\/schema\/logo\/image\/","url":"https:\/\/madabouthorror.co.uk\/wp-content\/uploads\/2024\/02\/cropped-Logo.png","contentUrl":"https:\/\/madabouthorror.co.uk\/wp-content\/uploads\/2024\/02\/cropped-Logo.png","width":240,"height":88,"caption":"Mad About Horror"},"image":{"@id":"https:\/\/madabouthorror.co.uk\/#\/schema\/logo\/image\/"},"sameAs":["https:\/\/www.facebook.com\/madabouthorror\/","https:\/\/www.instagram.com\/madabouthorror\/","https:\/\/www.pinterest.co.uk\/madabouthorror\/","https:\/\/www.youtube.com\/channel\/UCBooLOIxjoQ89dj6T5lWm_w","https:\/\/www.tiktok.com\/@weremadabouthorror"]}]}},"df_price":52.03,"df_sale_price":"","df_regular_price":52.03,"df_image_link":"https:\/\/madabouthorror.co.uk\/wp-content\/uploads\/2022\/05\/saw_billly_puppet_mask-300x300.jpg","_links":{"self":[{"href":"https:\/\/madabouthorror.co.uk\/fr\/wp-json\/wp\/v2\/product\/52933","targetHints":{"allow":["GET"]}}],"collection":[{"href":"https:\/\/madabouthorror.co.uk\/fr\/wp-json\/wp\/v2\/product"}],"about":[{"href":"https:\/\/madabouthorror.co.uk\/fr\/wp-json\/wp\/v2\/types\/product"}],"replies":[{"embeddable":true,"href":"https:\/\/madabouthorror.co.uk\/fr\/wp-json\/wp\/v2\/comments?post=52933"}],"wp:featuredmedia":[{"embeddable":true,"href":"https:\/\/madabouthorror.co.uk\/fr\/wp-json\/wp\/v2\/media\/52932"}],"wp:attachment":[{"href":"https:\/\/madabouthorror.co.uk\/fr\/wp-json\/wp\/v2\/media?parent=52933"}],"wp:term":[{"taxonomy":"product_brand","embeddable":true,"href":"https:\/\/madabouthorror.co.uk\/fr\/wp-json\/wp\/v2\/product_brand?post=52933"},{"taxonomy":"product_cat","embeddable":true,"href":"https:\/\/madabouthorror.co.uk\/fr\/wp-json\/wp\/v2\/product_cat?post=52933"},{"taxonomy":"product_tag","embeddable":true,"href":"https:\/\/madabouthorror.co.uk\/fr\/wp-json\/wp\/v2\/product_tag?post=52933"}],"curies":[{"name":"wp","href":"https:\/\/api.w.org\/{rel}","templated":true}]}}