{"id":531943,"date":"2025-04-10T11:29:42","date_gmt":"2025-04-10T10:29:42","guid":{"rendered":"https:\/\/madabouthorror.co.uk\/?post_type=product&#038;p=531943"},"modified":"2026-04-14T21:32:18","modified_gmt":"2026-04-14T20:32:18","slug":"death-silicone-mask","status":"publish","type":"product","link":"https:\/\/madabouthorror.co.uk\/fr\/product\/death-silicone-mask\/","title":{"rendered":"\"Masque en silicone \"Death"},"content":{"rendered":"<p class=\"\" data-start=\"0\" data-end=\"499\">Introduction '<em>Mort<\/em>\u2018Masque d'horreur r\u00e9aliste, un cauchemar ensanglant\u00e9 prenant vie avec un r\u00e9alisme d\u00e9rangeant. Chaque masque est m\u00e9ticuleusement peint \u00e0 la main par des artistes professionnels du studio am\u00e9ricain Shattered FX, pour capturer chaque d\u00e9tail macabre, de la chair d\u00e9chir\u00e9e aux traits bruts et expos\u00e9s, cr\u00e9ant un look \u00e0 la fois terrifiant et inoubliable. Ce niveau d'artisanat le rend parfait pour les films d'horreur, les attractions hant\u00e9es, les acteurs d'\u00e9pouvante, ou toute personne d\u00e9termin\u00e9e \u00e0 offrir le costume le plus terrifiant de la saison.<\/p>\n<p class=\"\" data-start=\"501\" data-end=\"824\">Fabriqu\u00e9 en silicone de premi\u00e8re qualit\u00e9, doux pour la peau, le masque de la mort bouge naturellement avec votre visage, permettant des performances expressives et r\u00e9alistes qui brouillent la fronti\u00e8re entre acteur et monstre. Renforc\u00e9 aux points de forte tension pour une durabilit\u00e9 accrue, il est con\u00e7u pour r\u00e9sister aux exigences d'une utilisation r\u00e9p\u00e9t\u00e9e dans des environnements d'\u00e9pouvante intenses.<\/p>\n<p class=\"\" data-start=\"826\" data-end=\"994\">Que vous r\u00f4diez dans une maison hant\u00e9e ou que vous soyez la star d'une production d'horreur, ce masque d'horreur r\u00e9aliste garantit une pr\u00e9sence gla\u00e7ante que personne n'oubliera bient\u00f4t. . . ni ne survivra !<\/p>\n<p>En raison de la nature artisanale des masques, la peinture peut varier l\u00e9g\u00e8rement par rapport aux photos.<\/p>\n<p>Taille : Convient \u00e0 toute personne ayant une circonf\u00e9rence de 21 \u00e0 23,5 pouces autour des sourcils.<\/p>\n<p>Envie d'en savoir plus <a href=\"https:\/\/madabouthorror.co.uk\/fr\/c\/masks\/silicone-masks\/\">Masques en silicone effrayants<\/a>Achetez ici.<\/p>","protected":false},"excerpt":{"rendered":"<p>Pr\u00e9sentation du masque d'horreur r\u00e9aliste \u2018 Mort \u2018, un cauchemar tremp\u00e9 de sang donn\u00e9 vie avec un r\u00e9alisme troublant. Chaque masque est m\u00e9ticuleusement peint \u00e0 la main par des artistes professionnels du studio am\u00e9ricain de masques Shattered FX, pour capturer chaque d\u00e9tail macabre, de la chair d\u00e9chir\u00e9e aux traits bruts et expos\u00e9s, cr\u00e9ant un look \u00e0 la fois terrifiant et inoubliable. Ce niveau de savoir-faire rend [\u2026]<\/p>","protected":false},"featured_media":534417,"comment_status":"closed","ping_status":"closed","template":"","meta":{"_acf_changed":false},"product_brand":[],"product_cat":[8732,6542,8733,6541,7098,6543,6824],"product_tag":[],"class_list":{"0":"post-531943","1":"product","2":"type-product","3":"status-publish","4":"has-post-thumbnail","6":"product_cat-professional-range-silicone-masks","7":"product_cat-premium-masks","8":"product_cat-silicone-masks","9":"product_cat-masks","10":"product_cat-butchers-shop","11":"product_cat-professional","12":"product_cat-professional-masks","14":"first","15":"outofstock","16":"taxable","17":"shipping-taxable","18":"purchasable","19":"product-type-simple"},"supplier_id":534260,"supplier_sku":"","barcode":null,"atum_controlled":true,"out_stock_date":"2025-10-08 16:53:03","out_stock_threshold":null,"inheritable":false,"inbound_stock":1,"stock_on_hold":0,"sold_today":0,"sales_last_days":0,"reserved_stock":0,"customer_returns":0,"warehouse_damage":0,"lost_in_post":0,"other_logs":0,"out_stock_days":202,"lost_sales":20055,"has_location":false,"update_date":"2026-04-29T01:53:13","atum_locations":[],"atum_stock_status":"outofstock","restock_status":false,"low_stock_amount":"","sales_update_date":"2026-04-29T01:53:11","calc_backorders":null,"acf":[],"yoast_head":"<!-- This site is optimized with the Yoast SEO plugin v27.5 - https:\/\/yoast.com\/product\/yoast-seo-wordpress\/ -->\n<title>&quot;Death&quot; Silicone Mask | Mad About Horror<\/title>\n<meta name=\"description\" content=\"&quot;Death&quot; silicone realistic horror mask. Professional masks costumes and props available from Madabouthorror, Europe&#039;s leading horror specialist.\" \/>\n<meta name=\"robots\" content=\"index, follow, max-snippet:-1, max-image-preview:large, max-video-preview:-1\" \/>\n<link rel=\"canonical\" href=\"https:\/\/madabouthorror.co.uk\/fr\/product\/death-silicone-mask\/\" \/>\n<meta property=\"og:locale\" content=\"fr_FR\" \/>\n<meta property=\"og:type\" content=\"article\" \/>\n<meta property=\"og:title\" content=\"&quot;Death&quot; Silicone Mask | Mad About Horror\" \/>\n<meta property=\"og:description\" content=\"&quot;Death&quot; silicone realistic horror mask. Professional masks costumes and props available from Madabouthorror, Europe&#039;s leading horror specialist.\" \/>\n<meta property=\"og:url\" content=\"https:\/\/madabouthorror.co.uk\/fr\/product\/death-silicone-mask\/\" \/>\n<meta property=\"og:site_name\" content=\"Mad About Horror\" \/>\n<meta property=\"article:publisher\" content=\"https:\/\/www.facebook.com\/madabouthorror\/\" \/>\n<meta property=\"article:modified_time\" content=\"2026-04-14T20:32:18+00:00\" \/>\n<meta property=\"og:image\" content=\"https:\/\/madabouthorror.co.uk\/wp-content\/uploads\/2025\/04\/shattered-fx-death-skeleton-silicone-mask.jpg\" \/>\n\t<meta property=\"og:image:width\" content=\"1500\" \/>\n\t<meta property=\"og:image:height\" content=\"1500\" \/>\n\t<meta property=\"og:image:type\" content=\"image\/jpeg\" \/>\n<meta name=\"twitter:card\" content=\"summary_large_image\" \/>\n<meta name=\"twitter:label1\" content=\"Dur\u00e9e de lecture estim\u00e9e\" \/>\n\t<meta name=\"twitter:data1\" content=\"2 minutes\" \/>\n<script type=\"application\/ld+json\" class=\"yoast-schema-graph\">{\"@context\":\"https:\\\/\\\/schema.org\",\"@graph\":[{\"@type\":[\"WebPage\",\"ItemPage\"],\"@id\":\"https:\\\/\\\/madabouthorror.co.uk\\\/product\\\/death-silicone-mask\\\/\",\"url\":\"https:\\\/\\\/madabouthorror.co.uk\\\/product\\\/death-silicone-mask\\\/\",\"name\":\"\\\"Death\\\" Silicone Mask | Mad About Horror\",\"isPartOf\":{\"@id\":\"https:\\\/\\\/madabouthorror.co.uk\\\/#website\"},\"primaryImageOfPage\":{\"@id\":\"https:\\\/\\\/madabouthorror.co.uk\\\/product\\\/death-silicone-mask\\\/#primaryimage\"},\"image\":{\"@id\":\"https:\\\/\\\/madabouthorror.co.uk\\\/product\\\/death-silicone-mask\\\/#primaryimage\"},\"thumbnailUrl\":\"https:\\\/\\\/madabouthorror.co.uk\\\/wp-content\\\/uploads\\\/2025\\\/04\\\/shattered-fx-death-skeleton-silicone-mask.jpg\",\"datePublished\":\"2025-04-10T10:29:42+00:00\",\"dateModified\":\"2026-04-14T20:32:18+00:00\",\"description\":\"\\\"Death\\\" silicone realistic horror mask. Professional masks costumes and props available from Madabouthorror, Europe's leading horror specialist.\",\"breadcrumb\":{\"@id\":\"https:\\\/\\\/madabouthorror.co.uk\\\/product\\\/death-silicone-mask\\\/#breadcrumb\"},\"inLanguage\":\"fr-FR\",\"potentialAction\":[{\"@type\":\"ReadAction\",\"target\":[\"https:\\\/\\\/madabouthorror.co.uk\\\/product\\\/death-silicone-mask\\\/\"]}]},{\"@type\":\"ImageObject\",\"inLanguage\":\"fr-FR\",\"@id\":\"https:\\\/\\\/madabouthorror.co.uk\\\/product\\\/death-silicone-mask\\\/#primaryimage\",\"url\":\"https:\\\/\\\/madabouthorror.co.uk\\\/wp-content\\\/uploads\\\/2025\\\/04\\\/shattered-fx-death-skeleton-silicone-mask.jpg\",\"contentUrl\":\"https:\\\/\\\/madabouthorror.co.uk\\\/wp-content\\\/uploads\\\/2025\\\/04\\\/shattered-fx-death-skeleton-silicone-mask.jpg\",\"width\":1500,\"height\":1500,\"caption\":\"shattered fx death skeleton silicone mask\"},{\"@type\":\"BreadcrumbList\",\"@id\":\"https:\\\/\\\/madabouthorror.co.uk\\\/product\\\/death-silicone-mask\\\/#breadcrumb\",\"itemListElement\":[{\"@type\":\"ListItem\",\"position\":1,\"name\":\"Shop\",\"item\":\"https:\\\/\\\/madabouthorror.co.uk\\\/shop\\\/\"},{\"@type\":\"ListItem\",\"position\":2,\"name\":\"&#8220;Death&#8221; Silicone Mask\"}]},{\"@type\":\"WebSite\",\"@id\":\"https:\\\/\\\/madabouthorror.co.uk\\\/#website\",\"url\":\"https:\\\/\\\/madabouthorror.co.uk\\\/\",\"name\":\"Mad About Horror\",\"description\":\"\",\"publisher\":{\"@id\":\"https:\\\/\\\/madabouthorror.co.uk\\\/#organization\"},\"alternateName\":\"Mad About Horror Limited\",\"potentialAction\":[{\"@type\":\"SearchAction\",\"target\":{\"@type\":\"EntryPoint\",\"urlTemplate\":\"https:\\\/\\\/madabouthorror.co.uk\\\/?s={search_term_string}\"},\"query-input\":{\"@type\":\"PropertyValueSpecification\",\"valueRequired\":true,\"valueName\":\"search_term_string\"}}],\"inLanguage\":\"fr-FR\"},{\"@type\":\"Organization\",\"@id\":\"https:\\\/\\\/madabouthorror.co.uk\\\/#organization\",\"name\":\"Mad About Horror\",\"url\":\"https:\\\/\\\/madabouthorror.co.uk\\\/\",\"logo\":{\"@type\":\"ImageObject\",\"inLanguage\":\"fr-FR\",\"@id\":\"https:\\\/\\\/madabouthorror.co.uk\\\/#\\\/schema\\\/logo\\\/image\\\/\",\"url\":\"https:\\\/\\\/madabouthorror.co.uk\\\/wp-content\\\/uploads\\\/2024\\\/02\\\/cropped-Logo.png\",\"contentUrl\":\"https:\\\/\\\/madabouthorror.co.uk\\\/wp-content\\\/uploads\\\/2024\\\/02\\\/cropped-Logo.png\",\"width\":240,\"height\":88,\"caption\":\"Mad About Horror\"},\"image\":{\"@id\":\"https:\\\/\\\/madabouthorror.co.uk\\\/#\\\/schema\\\/logo\\\/image\\\/\"},\"sameAs\":[\"https:\\\/\\\/www.facebook.com\\\/madabouthorror\\\/\",\"https:\\\/\\\/www.instagram.com\\\/madabouthorror\\\/\",\"https:\\\/\\\/www.pinterest.co.uk\\\/madabouthorror\\\/\",\"https:\\\/\\\/www.youtube.com\\\/channel\\\/UCBooLOIxjoQ89dj6T5lWm_w\",\"https:\\\/\\\/www.tiktok.com\\\/@weremadabouthorror\"]}]}<\/script>\n<!-- \/ Yoast SEO plugin. -->","yoast_head_json":{"title":"\"Masque en Silicone \"La Mort\" | Mad About Horror","description":"\"Masque d'horreur r\u00e9aliste en silicone \"Mort\". Masques professionnels, costumes et accessoires disponibles chez Madabouthorror, le leader europ\u00e9en des sp\u00e9cialit\u00e9s d'horreur.","robots":{"index":"index","follow":"follow","max-snippet":"max-snippet:-1","max-image-preview":"max-image-preview:large","max-video-preview":"max-video-preview:-1"},"canonical":"https:\/\/madabouthorror.co.uk\/fr\/product\/death-silicone-mask\/","og_locale":"fr_FR","og_type":"article","og_title":"\"Death\" Silicone Mask | Mad About Horror","og_description":"\"Death\" silicone realistic horror mask. Professional masks costumes and props available from Madabouthorror, Europe's leading horror specialist.","og_url":"https:\/\/madabouthorror.co.uk\/fr\/product\/death-silicone-mask\/","og_site_name":"Mad About Horror","article_publisher":"https:\/\/www.facebook.com\/madabouthorror\/","article_modified_time":"2026-04-14T20:32:18+00:00","og_image":[{"width":1500,"height":1500,"url":"https:\/\/madabouthorror.co.uk\/wp-content\/uploads\/2025\/04\/shattered-fx-death-skeleton-silicone-mask.jpg","type":"image\/jpeg"}],"twitter_card":"summary_large_image","twitter_misc":{"Dur\u00e9e de lecture estim\u00e9e":"2 minutes"},"schema":{"@context":"https:\/\/schema.org","@graph":[{"@type":["WebPage","ItemPage"],"@id":"https:\/\/madabouthorror.co.uk\/product\/death-silicone-mask\/","url":"https:\/\/madabouthorror.co.uk\/product\/death-silicone-mask\/","name":"\"Masque en Silicone \"La Mort\" | Mad About Horror","isPartOf":{"@id":"https:\/\/madabouthorror.co.uk\/#website"},"primaryImageOfPage":{"@id":"https:\/\/madabouthorror.co.uk\/product\/death-silicone-mask\/#primaryimage"},"image":{"@id":"https:\/\/madabouthorror.co.uk\/product\/death-silicone-mask\/#primaryimage"},"thumbnailUrl":"https:\/\/madabouthorror.co.uk\/wp-content\/uploads\/2025\/04\/shattered-fx-death-skeleton-silicone-mask.jpg","datePublished":"2025-04-10T10:29:42+00:00","dateModified":"2026-04-14T20:32:18+00:00","description":"\"Masque d'horreur r\u00e9aliste en silicone \"Mort\". Masques professionnels, costumes et accessoires disponibles chez Madabouthorror, le leader europ\u00e9en des sp\u00e9cialit\u00e9s d'horreur.","breadcrumb":{"@id":"https:\/\/madabouthorror.co.uk\/product\/death-silicone-mask\/#breadcrumb"},"inLanguage":"fr-FR","potentialAction":[{"@type":"ReadAction","target":["https:\/\/madabouthorror.co.uk\/product\/death-silicone-mask\/"]}]},{"@type":"ImageObject","inLanguage":"fr-FR","@id":"https:\/\/madabouthorror.co.uk\/product\/death-silicone-mask\/#primaryimage","url":"https:\/\/madabouthorror.co.uk\/wp-content\/uploads\/2025\/04\/shattered-fx-death-skeleton-silicone-mask.jpg","contentUrl":"https:\/\/madabouthorror.co.uk\/wp-content\/uploads\/2025\/04\/shattered-fx-death-skeleton-silicone-mask.jpg","width":1500,"height":1500,"caption":"shattered fx death skeleton silicone mask"},{"@type":"BreadcrumbList","@id":"https:\/\/madabouthorror.co.uk\/product\/death-silicone-mask\/#breadcrumb","itemListElement":[{"@type":"ListItem","position":1,"name":"Shop","item":"https:\/\/madabouthorror.co.uk\/shop\/"},{"@type":"ListItem","position":2,"name":"&#8220;Death&#8221; Silicone Mask"}]},{"@type":"WebSite","@id":"https:\/\/madabouthorror.co.uk\/#website","url":"https:\/\/madabouthorror.co.uk\/","name":"L'horreur en folie","description":"","publisher":{"@id":"https:\/\/madabouthorror.co.uk\/#organization"},"alternateName":"Mad About Horror Limited","potentialAction":[{"@type":"SearchAction","target":{"@type":"EntryPoint","urlTemplate":"https:\/\/madabouthorror.co.uk\/?s={search_term_string}"},"query-input":{"@type":"PropertyValueSpecification","valueRequired":true,"valueName":"search_term_string"}}],"inLanguage":"fr-FR"},{"@type":"Organization","@id":"https:\/\/madabouthorror.co.uk\/#organization","name":"L'horreur en folie","url":"https:\/\/madabouthorror.co.uk\/","logo":{"@type":"ImageObject","inLanguage":"fr-FR","@id":"https:\/\/madabouthorror.co.uk\/#\/schema\/logo\/image\/","url":"https:\/\/madabouthorror.co.uk\/wp-content\/uploads\/2024\/02\/cropped-Logo.png","contentUrl":"https:\/\/madabouthorror.co.uk\/wp-content\/uploads\/2024\/02\/cropped-Logo.png","width":240,"height":88,"caption":"Mad About Horror"},"image":{"@id":"https:\/\/madabouthorror.co.uk\/#\/schema\/logo\/image\/"},"sameAs":["https:\/\/www.facebook.com\/madabouthorror\/","https:\/\/www.instagram.com\/madabouthorror\/","https:\/\/www.pinterest.co.uk\/madabouthorror\/","https:\/\/www.youtube.com\/channel\/UCBooLOIxjoQ89dj6T5lWm_w","https:\/\/www.tiktok.com\/@weremadabouthorror"]}]}},"df_price":695,"df_sale_price":"","df_regular_price":695,"df_image_link":"https:\/\/madabouthorror.co.uk\/wp-content\/uploads\/2025\/04\/shattered-fx-death-skeleton-silicone-mask-300x300.jpg","_links":{"self":[{"href":"https:\/\/madabouthorror.co.uk\/fr\/wp-json\/wp\/v2\/product\/531943","targetHints":{"allow":["GET"]}}],"collection":[{"href":"https:\/\/madabouthorror.co.uk\/fr\/wp-json\/wp\/v2\/product"}],"about":[{"href":"https:\/\/madabouthorror.co.uk\/fr\/wp-json\/wp\/v2\/types\/product"}],"replies":[{"embeddable":true,"href":"https:\/\/madabouthorror.co.uk\/fr\/wp-json\/wp\/v2\/comments?post=531943"}],"wp:featuredmedia":[{"embeddable":true,"href":"https:\/\/madabouthorror.co.uk\/fr\/wp-json\/wp\/v2\/media\/534417"}],"wp:attachment":[{"href":"https:\/\/madabouthorror.co.uk\/fr\/wp-json\/wp\/v2\/media?parent=531943"}],"wp:term":[{"taxonomy":"product_brand","embeddable":true,"href":"https:\/\/madabouthorror.co.uk\/fr\/wp-json\/wp\/v2\/product_brand?post=531943"},{"taxonomy":"product_cat","embeddable":true,"href":"https:\/\/madabouthorror.co.uk\/fr\/wp-json\/wp\/v2\/product_cat?post=531943"},{"taxonomy":"product_tag","embeddable":true,"href":"https:\/\/madabouthorror.co.uk\/fr\/wp-json\/wp\/v2\/product_tag?post=531943"}],"curies":[{"name":"wp","href":"https:\/\/api.w.org\/{rel}","templated":true}]}}