{"id":532807,"date":"2025-04-16T14:34:48","date_gmt":"2025-04-16T13:34:48","guid":{"rendered":"https:\/\/madabouthorror.co.uk\/?post_type=product&#038;p=532807"},"modified":"2025-11-20T12:49:32","modified_gmt":"2025-11-20T12:49:32","slug":"giant-skeleton-grave-breaker","status":"publish","type":"product","link":"https:\/\/madabouthorror.co.uk\/fr\/product\/giant-skeleton-grave-breaker\/","title":{"rendered":"Squelette g\u00e9ant posable de 1,2 m de haut Briseur de tombes"},"content":{"rendered":"<p class=\"\" data-start=\"0\" data-end=\"299\">Ce Squelette G\u00e9ant Briseur de Tombe est un excellent moyen d'ajouter un caract\u00e8re classique d'Halloween \u00e0 votre d\u00e9cor ext\u00e9rieur. D'une hauteur de 1,2 m\u00e8tre, il est con\u00e7u pour ressembler \u00e0 un squelette grandeur nature se frayant un chemin hors du sol, ce qui en fait un ajout accrocheur \u00e0 tout jardin, chemin ou sc\u00e8ne th\u00e9matique.<\/p>\n<p class=\"\" data-start=\"301\" data-end=\"572\">Avec des d\u00e9tails osseux r\u00e9alistes et des bras articul\u00e9s, il est facile de l'ajuster pour obtenir l'effet souhait\u00e9. Qu'il soit associ\u00e9 \u00e0 des pierres tombales ou positionn\u00e9 seul, ce squelette cr\u00e9e une image amusante et effrayante qui convient \u00e0 tout, des parcours de bonbons aux f\u00eates d'Halloween.<\/p>\n<p class=\"\" data-start=\"574\" data-end=\"697\">Simple \u00e0 installer et durable, ce squelette briseur de tombe est un accessoire id\u00e9al pour quiconque cherche \u00e0 ajouter une touche de charme effrayant \u00e0 sa d\u00e9coration saisonni\u00e8re.<\/p>\n<p data-start=\"574\" data-end=\"697\">1,20 m de haut !<\/p>","protected":false},"excerpt":{"rendered":"<p>Ce Squelette G\u00e9ant Briseur de Tombes est un excellent moyen d'ajouter une touche classique d'Halloween \u00e0 votre d\u00e9cor ext\u00e9rieur. Haut de 1,2 m\u00e8tre, il est con\u00e7u pour ressembler \u00e0 un squelette grandeur nature qui se fraye un chemin hors du sol, ce qui en fait un ajout accrocheur \u00e0 tout jardin, sentier ou sc\u00e8ne th\u00e9matique. Avec des caract\u00e9ristiques d\u00e9taill\u00e9es semblables \u00e0 des os [\u2026]<\/p>","protected":false},"featured_media":532811,"comment_status":"closed","ping_status":"closed","template":"","meta":{"_acf_changed":false},"product_brand":[],"product_cat":[10068,10131,10110,10034,10094,6550,6547,6548,9840,10065,6963],"product_tag":[],"class_list":{"0":"post-532807","1":"product","2":"type-product","3":"status-publish","4":"has-post-thumbnail","6":"product_cat-halloween-decorations-2025","7":"product_cat-halloween-gifts","8":"product_cat-us-imports","9":"product_cat-family-friendly","10":"product_cat-outdoor-halloween-decorations","11":"product_cat-graveyard-decorations","12":"product_cat-decorations","13":"product_cat-skeleton-decorations","14":"product_cat-giant","15":"product_cat-halloween","16":"product_cat-animatronics","18":"first","19":"outofstock","20":"taxable","21":"shipping-taxable","22":"purchasable","23":"product-type-simple"},"supplier_id":467907,"supplier_sku":"6607J","barcode":"071765160933","atum_controlled":true,"out_stock_date":"2025-10-23 18:44:49","out_stock_threshold":null,"inheritable":false,"inbound_stock":20,"stock_on_hold":0,"sold_today":0,"sales_last_days":0,"reserved_stock":0,"customer_returns":0,"warehouse_damage":0,"lost_in_post":0,"other_logs":0,"out_stock_days":179,"lost_sales":6903,"has_location":false,"update_date":"2026-04-21T01:31:13","atum_locations":[],"atum_stock_status":"outofstock","restock_status":false,"low_stock_amount":"","sales_update_date":"2026-04-21T01:31:12","calc_backorders":null,"acf":[],"yoast_head":"<!-- This site is optimized with the Yoast SEO plugin v27.4 - https:\/\/yoast.com\/product\/yoast-seo-wordpress\/ -->\n<title>1.2M Tall Giant Posable Skeleton Grave Breaker | Mad About Horror<\/title>\n<meta name=\"description\" content=\"Giant Skeleton Grave Breaker. Horror collectibles and Halloween props available from Madabouthorror, Europe\u2019s leading horror specialist.\" \/>\n<meta name=\"robots\" content=\"index, follow, max-snippet:-1, max-image-preview:large, max-video-preview:-1\" \/>\n<link rel=\"canonical\" href=\"https:\/\/madabouthorror.co.uk\/fr\/product\/giant-skeleton-grave-breaker\/\" \/>\n<meta property=\"og:locale\" content=\"fr_FR\" \/>\n<meta property=\"og:type\" content=\"article\" \/>\n<meta property=\"og:title\" content=\"1.2M Tall Giant Posable Skeleton Grave Breaker | Mad About Horror\" \/>\n<meta property=\"og:description\" content=\"Giant Skeleton Grave Breaker. Horror collectibles and Halloween props available from Madabouthorror, Europe\u2019s leading horror specialist.\" \/>\n<meta property=\"og:url\" content=\"https:\/\/madabouthorror.co.uk\/fr\/product\/giant-skeleton-grave-breaker\/\" \/>\n<meta property=\"og:site_name\" content=\"Mad About Horror\" \/>\n<meta property=\"article:publisher\" content=\"https:\/\/www.facebook.com\/madabouthorror\/\" \/>\n<meta property=\"article:modified_time\" content=\"2025-11-20T12:49:32+00:00\" \/>\n<meta property=\"og:image\" content=\"https:\/\/madabouthorror.co.uk\/wp-content\/uploads\/2025\/04\/Untitled-2-1.jpg\" \/>\n\t<meta property=\"og:image:width\" content=\"1772\" \/>\n\t<meta property=\"og:image:height\" content=\"1772\" \/>\n\t<meta property=\"og:image:type\" content=\"image\/jpeg\" \/>\n<meta name=\"twitter:card\" content=\"summary_large_image\" \/>\n<meta name=\"twitter:label1\" content=\"Dur\u00e9e de lecture estim\u00e9e\" \/>\n\t<meta name=\"twitter:data1\" content=\"1 minute\" \/>\n<script type=\"application\/ld+json\" class=\"yoast-schema-graph\">{\"@context\":\"https:\\\/\\\/schema.org\",\"@graph\":[{\"@type\":[\"WebPage\",\"ItemPage\"],\"@id\":\"https:\\\/\\\/madabouthorror.co.uk\\\/product\\\/giant-skeleton-grave-breaker\\\/\",\"url\":\"https:\\\/\\\/madabouthorror.co.uk\\\/product\\\/giant-skeleton-grave-breaker\\\/\",\"name\":\"1.2M Tall Giant Posable Skeleton Grave Breaker | Mad About Horror\",\"isPartOf\":{\"@id\":\"https:\\\/\\\/madabouthorror.co.uk\\\/#website\"},\"primaryImageOfPage\":{\"@id\":\"https:\\\/\\\/madabouthorror.co.uk\\\/product\\\/giant-skeleton-grave-breaker\\\/#primaryimage\"},\"image\":{\"@id\":\"https:\\\/\\\/madabouthorror.co.uk\\\/product\\\/giant-skeleton-grave-breaker\\\/#primaryimage\"},\"thumbnailUrl\":\"https:\\\/\\\/madabouthorror.co.uk\\\/wp-content\\\/uploads\\\/2025\\\/04\\\/Untitled-2-1.jpg\",\"datePublished\":\"2025-04-16T13:34:48+00:00\",\"dateModified\":\"2025-11-20T12:49:32+00:00\",\"description\":\"Giant Skeleton Grave Breaker. Horror collectibles and Halloween props available from Madabouthorror, Europe\u2019s leading horror specialist.\",\"breadcrumb\":{\"@id\":\"https:\\\/\\\/madabouthorror.co.uk\\\/product\\\/giant-skeleton-grave-breaker\\\/#breadcrumb\"},\"inLanguage\":\"fr-FR\",\"potentialAction\":[{\"@type\":\"ReadAction\",\"target\":[\"https:\\\/\\\/madabouthorror.co.uk\\\/product\\\/giant-skeleton-grave-breaker\\\/\"]}]},{\"@type\":\"ImageObject\",\"inLanguage\":\"fr-FR\",\"@id\":\"https:\\\/\\\/madabouthorror.co.uk\\\/product\\\/giant-skeleton-grave-breaker\\\/#primaryimage\",\"url\":\"https:\\\/\\\/madabouthorror.co.uk\\\/wp-content\\\/uploads\\\/2025\\\/04\\\/Untitled-2-1.jpg\",\"contentUrl\":\"https:\\\/\\\/madabouthorror.co.uk\\\/wp-content\\\/uploads\\\/2025\\\/04\\\/Untitled-2-1.jpg\",\"width\":1772,\"height\":1772,\"caption\":\"Giant Skeleton Grave Breaker\"},{\"@type\":\"BreadcrumbList\",\"@id\":\"https:\\\/\\\/madabouthorror.co.uk\\\/product\\\/giant-skeleton-grave-breaker\\\/#breadcrumb\",\"itemListElement\":[{\"@type\":\"ListItem\",\"position\":1,\"name\":\"Shop\",\"item\":\"https:\\\/\\\/madabouthorror.co.uk\\\/shop\\\/\"},{\"@type\":\"ListItem\",\"position\":2,\"name\":\"1.2M Tall Giant Posable Skeleton Grave Breaker\"}]},{\"@type\":\"WebSite\",\"@id\":\"https:\\\/\\\/madabouthorror.co.uk\\\/#website\",\"url\":\"https:\\\/\\\/madabouthorror.co.uk\\\/\",\"name\":\"Mad About Horror\",\"description\":\"\",\"publisher\":{\"@id\":\"https:\\\/\\\/madabouthorror.co.uk\\\/#organization\"},\"alternateName\":\"Mad About Horror Limited\",\"potentialAction\":[{\"@type\":\"SearchAction\",\"target\":{\"@type\":\"EntryPoint\",\"urlTemplate\":\"https:\\\/\\\/madabouthorror.co.uk\\\/?s={search_term_string}\"},\"query-input\":{\"@type\":\"PropertyValueSpecification\",\"valueRequired\":true,\"valueName\":\"search_term_string\"}}],\"inLanguage\":\"fr-FR\"},{\"@type\":\"Organization\",\"@id\":\"https:\\\/\\\/madabouthorror.co.uk\\\/#organization\",\"name\":\"Mad About Horror\",\"url\":\"https:\\\/\\\/madabouthorror.co.uk\\\/\",\"logo\":{\"@type\":\"ImageObject\",\"inLanguage\":\"fr-FR\",\"@id\":\"https:\\\/\\\/madabouthorror.co.uk\\\/#\\\/schema\\\/logo\\\/image\\\/\",\"url\":\"https:\\\/\\\/madabouthorror.co.uk\\\/wp-content\\\/uploads\\\/2024\\\/02\\\/cropped-Logo.png\",\"contentUrl\":\"https:\\\/\\\/madabouthorror.co.uk\\\/wp-content\\\/uploads\\\/2024\\\/02\\\/cropped-Logo.png\",\"width\":240,\"height\":88,\"caption\":\"Mad About Horror\"},\"image\":{\"@id\":\"https:\\\/\\\/madabouthorror.co.uk\\\/#\\\/schema\\\/logo\\\/image\\\/\"},\"sameAs\":[\"https:\\\/\\\/www.facebook.com\\\/madabouthorror\\\/\",\"https:\\\/\\\/www.instagram.com\\\/madabouthorror\\\/\",\"https:\\\/\\\/www.pinterest.co.uk\\\/madabouthorror\\\/\",\"https:\\\/\\\/www.youtube.com\\\/channel\\\/UCBooLOIxjoQ89dj6T5lWm_w\",\"https:\\\/\\\/www.tiktok.com\\\/@weremadabouthorror\"]}]}<\/script>\n<!-- \/ Yoast SEO plugin. -->","yoast_head_json":{"title":"1.2M Squelette G\u00e9ant Articul\u00e9 Briseur de Tombe | Mad About Horror","description":"Squelette G\u00e9ant Briseur de Tombe. Objets de collection horrifiques et accessoires d'Halloween disponibles chez Madabouthorror, le sp\u00e9cialiste europ\u00e9en de l'horreur.","robots":{"index":"index","follow":"follow","max-snippet":"max-snippet:-1","max-image-preview":"max-image-preview:large","max-video-preview":"max-video-preview:-1"},"canonical":"https:\/\/madabouthorror.co.uk\/fr\/product\/giant-skeleton-grave-breaker\/","og_locale":"fr_FR","og_type":"article","og_title":"1.2M Tall Giant Posable Skeleton Grave Breaker | Mad About Horror","og_description":"Giant Skeleton Grave Breaker. Horror collectibles and Halloween props available from Madabouthorror, Europe\u2019s leading horror specialist.","og_url":"https:\/\/madabouthorror.co.uk\/fr\/product\/giant-skeleton-grave-breaker\/","og_site_name":"Mad About Horror","article_publisher":"https:\/\/www.facebook.com\/madabouthorror\/","article_modified_time":"2025-11-20T12:49:32+00:00","og_image":[{"width":1772,"height":1772,"url":"https:\/\/madabouthorror.co.uk\/wp-content\/uploads\/2025\/04\/Untitled-2-1.jpg","type":"image\/jpeg"}],"twitter_card":"summary_large_image","twitter_misc":{"Dur\u00e9e de lecture estim\u00e9e":"1 minute"},"schema":{"@context":"https:\/\/schema.org","@graph":[{"@type":["WebPage","ItemPage"],"@id":"https:\/\/madabouthorror.co.uk\/product\/giant-skeleton-grave-breaker\/","url":"https:\/\/madabouthorror.co.uk\/product\/giant-skeleton-grave-breaker\/","name":"1.2M Squelette G\u00e9ant Articul\u00e9 Briseur de Tombe | Mad About Horror","isPartOf":{"@id":"https:\/\/madabouthorror.co.uk\/#website"},"primaryImageOfPage":{"@id":"https:\/\/madabouthorror.co.uk\/product\/giant-skeleton-grave-breaker\/#primaryimage"},"image":{"@id":"https:\/\/madabouthorror.co.uk\/product\/giant-skeleton-grave-breaker\/#primaryimage"},"thumbnailUrl":"https:\/\/madabouthorror.co.uk\/wp-content\/uploads\/2025\/04\/Untitled-2-1.jpg","datePublished":"2025-04-16T13:34:48+00:00","dateModified":"2025-11-20T12:49:32+00:00","description":"Squelette G\u00e9ant Briseur de Tombe. Objets de collection horrifiques et accessoires d'Halloween disponibles chez Madabouthorror, le sp\u00e9cialiste europ\u00e9en de l'horreur.","breadcrumb":{"@id":"https:\/\/madabouthorror.co.uk\/product\/giant-skeleton-grave-breaker\/#breadcrumb"},"inLanguage":"fr-FR","potentialAction":[{"@type":"ReadAction","target":["https:\/\/madabouthorror.co.uk\/product\/giant-skeleton-grave-breaker\/"]}]},{"@type":"ImageObject","inLanguage":"fr-FR","@id":"https:\/\/madabouthorror.co.uk\/product\/giant-skeleton-grave-breaker\/#primaryimage","url":"https:\/\/madabouthorror.co.uk\/wp-content\/uploads\/2025\/04\/Untitled-2-1.jpg","contentUrl":"https:\/\/madabouthorror.co.uk\/wp-content\/uploads\/2025\/04\/Untitled-2-1.jpg","width":1772,"height":1772,"caption":"Giant Skeleton Grave Breaker"},{"@type":"BreadcrumbList","@id":"https:\/\/madabouthorror.co.uk\/product\/giant-skeleton-grave-breaker\/#breadcrumb","itemListElement":[{"@type":"ListItem","position":1,"name":"Shop","item":"https:\/\/madabouthorror.co.uk\/shop\/"},{"@type":"ListItem","position":2,"name":"1.2M Tall Giant Posable Skeleton Grave Breaker"}]},{"@type":"WebSite","@id":"https:\/\/madabouthorror.co.uk\/#website","url":"https:\/\/madabouthorror.co.uk\/","name":"L'horreur en folie","description":"","publisher":{"@id":"https:\/\/madabouthorror.co.uk\/#organization"},"alternateName":"Mad About Horror Limited","potentialAction":[{"@type":"SearchAction","target":{"@type":"EntryPoint","urlTemplate":"https:\/\/madabouthorror.co.uk\/?s={search_term_string}"},"query-input":{"@type":"PropertyValueSpecification","valueRequired":true,"valueName":"search_term_string"}}],"inLanguage":"fr-FR"},{"@type":"Organization","@id":"https:\/\/madabouthorror.co.uk\/#organization","name":"L'horreur en folie","url":"https:\/\/madabouthorror.co.uk\/","logo":{"@type":"ImageObject","inLanguage":"fr-FR","@id":"https:\/\/madabouthorror.co.uk\/#\/schema\/logo\/image\/","url":"https:\/\/madabouthorror.co.uk\/wp-content\/uploads\/2024\/02\/cropped-Logo.png","contentUrl":"https:\/\/madabouthorror.co.uk\/wp-content\/uploads\/2024\/02\/cropped-Logo.png","width":240,"height":88,"caption":"Mad About Horror"},"image":{"@id":"https:\/\/madabouthorror.co.uk\/#\/schema\/logo\/image\/"},"sameAs":["https:\/\/www.facebook.com\/madabouthorror\/","https:\/\/www.instagram.com\/madabouthorror\/","https:\/\/www.pinterest.co.uk\/madabouthorror\/","https:\/\/www.youtube.com\/channel\/UCBooLOIxjoQ89dj6T5lWm_w","https:\/\/www.tiktok.com\/@weremadabouthorror"]}]}},"df_price":281.2,"df_sale_price":"","df_regular_price":281.2,"df_image_link":"https:\/\/madabouthorror.co.uk\/wp-content\/uploads\/2025\/04\/Untitled-2-1-300x300.jpg","_links":{"self":[{"href":"https:\/\/madabouthorror.co.uk\/fr\/wp-json\/wp\/v2\/product\/532807","targetHints":{"allow":["GET"]}}],"collection":[{"href":"https:\/\/madabouthorror.co.uk\/fr\/wp-json\/wp\/v2\/product"}],"about":[{"href":"https:\/\/madabouthorror.co.uk\/fr\/wp-json\/wp\/v2\/types\/product"}],"replies":[{"embeddable":true,"href":"https:\/\/madabouthorror.co.uk\/fr\/wp-json\/wp\/v2\/comments?post=532807"}],"wp:featuredmedia":[{"embeddable":true,"href":"https:\/\/madabouthorror.co.uk\/fr\/wp-json\/wp\/v2\/media\/532811"}],"wp:attachment":[{"href":"https:\/\/madabouthorror.co.uk\/fr\/wp-json\/wp\/v2\/media?parent=532807"}],"wp:term":[{"taxonomy":"product_brand","embeddable":true,"href":"https:\/\/madabouthorror.co.uk\/fr\/wp-json\/wp\/v2\/product_brand?post=532807"},{"taxonomy":"product_cat","embeddable":true,"href":"https:\/\/madabouthorror.co.uk\/fr\/wp-json\/wp\/v2\/product_cat?post=532807"},{"taxonomy":"product_tag","embeddable":true,"href":"https:\/\/madabouthorror.co.uk\/fr\/wp-json\/wp\/v2\/product_tag?post=532807"}],"curies":[{"name":"wp","href":"https:\/\/api.w.org\/{rel}","templated":true}]}}