{"id":534460,"date":"2025-05-01T17:12:09","date_gmt":"2025-05-01T16:12:09","guid":{"rendered":"https:\/\/madabouthorror.co.uk\/?post_type=product&#038;p=534460"},"modified":"2026-04-07T09:44:24","modified_gmt":"2026-04-07T08:44:24","slug":"6-3ft-halloween-michael-myers-animatronic-spirit-halloween","status":"publish","type":"product","link":"https:\/\/madabouthorror.co.uk\/fr\/product\/6-3ft-halloween-michael-myers-animatronic-spirit-halloween\/","title":{"rendered":"Animatronic Michael Myers de 6,3 pieds (Spirit Halloween)"},"content":{"rendered":"<p data-start=\"129\" data-end=\"185\">Michael Myers Animatronique \u2013 Prop d'Halloween grandeur nature, import\u00e9 de Spirit Halloween !<\/p>\n<p data-start=\"187\" data-end=\"618\">Michael Myers est de retour \u2013 et il est plus terrifiant que jamais. D\u2019une taille de 1,90 m, cet animatronique Michael Myers grandeur nature donne vie au tristement c\u00e9l\u00e8bre tueur de <em data-start=\"340\" data-end=\"351\">Halloween<\/em> dans votre sc\u00e8ne hant\u00e9e. V\u00eatu d'une combinaison ensanglant\u00e9e et portant son masque blanc signature, la t\u00eate servo-assist\u00e9e de Michael tourne doucement de gauche \u00e0 droite, cherchant sa prochaine victime. Son corps se balance, son couteau se l\u00e8ve, et une musique angoissante d'Halloween ainsi que des effets sonores de respiration plantent le d\u00e9cor.<\/p>\n<p data-start=\"620\" data-end=\"637\">Caract\u00e9ristiques principales :<\/p>\n<ul data-start=\"638\" data-end=\"971\">\n<li data-start=\"638\" data-end=\"678\">\n<p data-start=\"640\" data-end=\"678\">Accessoire Hallowen sous licence officielle<\/p>\n<\/li>\n<li data-start=\"679\" data-end=\"733\">\n<p data-start=\"681\" data-end=\"733\">Mouvement de t\u00eate et de couteau \u00e0 d\u00e9couper assist\u00e9 par servomoteur hydraulique<\/p>\n<\/li>\n<li data-start=\"734\" data-end=\"779\">\n<p data-start=\"736\" data-end=\"779\">Joue de la musique obs\u00e9dante et des sons de respiration<\/p>\n<\/li>\n<li data-start=\"780\" data-end=\"833\">\n<p data-start=\"782\" data-end=\"833\">Capteur IR activ\u00e9 ; compatible avec le tapis de pas et la t\u00e9l\u00e9commande<\/p>\n<\/li>\n<li data-start=\"834\" data-end=\"894\">\n<p data-start=\"836\" data-end=\"894\">Comprend contr\u00f4le du volume, adaptateur et prise pour haut-parleur externe<\/p>\n<\/li>\n<li data-start=\"895\" data-end=\"932\">\n<p data-start=\"897\" data-end=\"932\">Dimensions : 193 cm H x 76 cm L x 86 cm P<\/p>\n<\/li>\n<li data-start=\"933\" data-end=\"971\">\n<p data-start=\"935\" data-end=\"971\">Pour un affichage int\u00e9rieur ou couvert uniquement<\/p>\n<\/li>\n<\/ul>\n<p data-start=\"973\" data-end=\"1116\">Apportez l'horreur de Haddonfield chez vous avec cette animatronique Michael Myers indispensable pour Halloween, parfaite pour les collectionneurs et les amateurs de sensations fortes.<\/p>\n<p data-start=\"973\" data-end=\"1116\"><b>Fourni avec un adaptateur secteur britannique<\/b>. <i>N'utilisez que l'adaptateur d'alimentation fourni, car les adaptateurs d'alimentation incorrects peuvent causer des dommages.<\/i><\/p>\n<div>\n<div><\/div>\n<div><\/div>\n<div><b>Pour le porche couvert ou l'int\u00e9rieur.<\/b> <i>Prot\u00e9ger des intemp\u00e9ries en cas d'utilisation \u00e0 l'ext\u00e9rieur et ne pas laisser \u00e0 l'ext\u00e9rieur pendant des p\u00e9riodes prolong\u00e9es.<\/i><\/div>\n<div><\/div>\n<div><b>A noter :<\/b><i> Ces accessoires ne sont pas recommand\u00e9s pour un usage commercial intensif, c'est-\u00e0-dire qu'ils ne doivent pas \u00eatre utilis\u00e9s pendant des p\u00e9riodes prolong\u00e9es, c'est-\u00e0-dire plusieurs jours d'affil\u00e9e. Ils sont con\u00e7us pour \u00eatre utilis\u00e9s \u00e0 l'occasion d'Halloween. Si vous avez des questions \u00e0 ce sujet, n'h\u00e9sitez pas \u00e0 les poser.<\/i><\/div>\n<\/div>","protected":false},"excerpt":{"rendered":"<p>Michael Myers Animatronique \u2013 Accessoire d'Halloween grandeur nature, import\u00e9 de Spirit Halloween ! Michael Myers est de retour \u2013 et il est plus terrifiant que jamais. Mesurant 1m90, cet animatronique de Michael Myers grandeur nature am\u00e8ne le tristement c\u00e9l\u00e8bre tueur de Halloween dans votre sc\u00e8ne hant\u00e9e. V\u00eatu d'une combinaison salie de sang et de son masque blanc embl\u00e9matique, la t\u00eate de Michael, actionn\u00e9e par servomoteur, tourne en douceur de gauche \u00e0 droite, [\u2026]<\/p>","protected":false},"featured_media":543666,"comment_status":"closed","ping_status":"closed","template":"","meta":{"_acf_changed":false},"product_brand":[],"product_cat":[10068,10131,10110,10093,6537,10094,6547,6963,6728,9839,7054,6660],"product_tag":[9993],"class_list":{"0":"post-534460","1":"product","2":"type-product","3":"status-publish","4":"has-post-thumbnail","6":"product_cat-halloween-decorations-2025","7":"product_cat-halloween-gifts","8":"product_cat-us-imports","9":"product_cat-indoor-halloween-decorations","10":"product_cat-collectibles","11":"product_cat-outdoor-halloween-decorations","12":"product_cat-decorations","13":"product_cat-animatronics","14":"product_cat-premium","15":"product_cat-spirit-halloween-animatronics","16":"product_cat-movie-tv-props","17":"product_cat-halloweenmichaelmyers","18":"product_tag-animatronics-imports","19":"product_shipping_class-props","21":"first","22":"outofstock","23":"taxable","24":"shipping-taxable","25":"purchasable","26":"product-type-simple"},"supplier_id":471382,"supplier_sku":"","barcode":null,"atum_controlled":true,"out_stock_date":"2026-01-15 20:56:01","out_stock_threshold":null,"inheritable":false,"inbound_stock":0,"stock_on_hold":0,"sold_today":0,"sales_last_days":0,"reserved_stock":0,"customer_returns":0,"warehouse_damage":0,"lost_in_post":0,"other_logs":0,"out_stock_days":109,"lost_sales":9342,"has_location":false,"update_date":"2026-05-05T01:30:00","atum_locations":[],"atum_stock_status":"outofstock","restock_status":false,"low_stock_amount":"","sales_update_date":"2026-05-05T01:29:59","calc_backorders":null,"acf":[],"yoast_head":"<!-- This site is optimized with the Yoast SEO plugin v27.5 - https:\/\/yoast.com\/product\/yoast-seo-wordpress\/ -->\n<title>6.3ft Halloween Michael Myers Animatronic (Spirit Halloween) | UK<\/title>\n<meta name=\"description\" content=\"Michael Myers Animatronic. Spirit Halloween. Huge range of quality Halloween props, masks and accessories. Buy from the UK&#039;s leading Halloween specialist.\u00a0\" \/>\n<meta name=\"robots\" content=\"index, follow, max-snippet:-1, max-image-preview:large, max-video-preview:-1\" \/>\n<link rel=\"canonical\" href=\"https:\/\/madabouthorror.co.uk\/fr\/product\/6-3ft-halloween-michael-myers-animatronic-spirit-halloween\/\" \/>\n<meta property=\"og:locale\" content=\"fr_FR\" \/>\n<meta property=\"og:type\" content=\"article\" \/>\n<meta property=\"og:title\" content=\"6.3ft Halloween Michael Myers Animatronic (Spirit Halloween) | UK\" \/>\n<meta property=\"og:description\" content=\"Michael Myers Animatronic. Spirit Halloween. Huge range of quality Halloween props, masks and accessories. Buy from the UK&#039;s leading Halloween specialist.\u00a0\" \/>\n<meta property=\"og:url\" content=\"https:\/\/madabouthorror.co.uk\/fr\/product\/6-3ft-halloween-michael-myers-animatronic-spirit-halloween\/\" \/>\n<meta property=\"og:site_name\" content=\"Mad About Horror\" \/>\n<meta property=\"article:publisher\" content=\"https:\/\/www.facebook.com\/madabouthorror\/\" \/>\n<meta property=\"article:modified_time\" content=\"2026-04-07T08:44:24+00:00\" \/>\n<meta property=\"og:image\" content=\"https:\/\/madabouthorror.co.uk\/wp-content\/uploads\/2025\/05\/ezgif-475a9c1e43ec1c.webp\" \/>\n\t<meta property=\"og:image:width\" content=\"1000\" \/>\n\t<meta property=\"og:image:height\" content=\"1000\" \/>\n\t<meta property=\"og:image:type\" content=\"image\/webp\" \/>\n<meta name=\"twitter:card\" content=\"summary_large_image\" \/>\n<meta name=\"twitter:label1\" content=\"Dur\u00e9e de lecture estim\u00e9e\" \/>\n\t<meta name=\"twitter:data1\" content=\"2 minutes\" \/>\n<script type=\"application\/ld+json\" class=\"yoast-schema-graph\">{\"@context\":\"https:\\\/\\\/schema.org\",\"@graph\":[{\"@type\":[\"WebPage\",\"ItemPage\"],\"@id\":\"https:\\\/\\\/madabouthorror.co.uk\\\/product\\\/6-3ft-halloween-michael-myers-animatronic-spirit-halloween\\\/\",\"url\":\"https:\\\/\\\/madabouthorror.co.uk\\\/product\\\/6-3ft-halloween-michael-myers-animatronic-spirit-halloween\\\/\",\"name\":\"6.3ft Halloween Michael Myers Animatronic (Spirit Halloween) | UK\",\"isPartOf\":{\"@id\":\"https:\\\/\\\/madabouthorror.co.uk\\\/#website\"},\"primaryImageOfPage\":{\"@id\":\"https:\\\/\\\/madabouthorror.co.uk\\\/product\\\/6-3ft-halloween-michael-myers-animatronic-spirit-halloween\\\/#primaryimage\"},\"image\":{\"@id\":\"https:\\\/\\\/madabouthorror.co.uk\\\/product\\\/6-3ft-halloween-michael-myers-animatronic-spirit-halloween\\\/#primaryimage\"},\"thumbnailUrl\":\"https:\\\/\\\/madabouthorror.co.uk\\\/wp-content\\\/uploads\\\/2025\\\/05\\\/ezgif-475a9c1e43ec1c.webp\",\"datePublished\":\"2025-05-01T16:12:09+00:00\",\"dateModified\":\"2026-04-07T08:44:24+00:00\",\"description\":\"Michael Myers Animatronic. Spirit Halloween. Huge range of quality Halloween props, masks and accessories. Buy from the UK's leading Halloween specialist.\u00a0\",\"breadcrumb\":{\"@id\":\"https:\\\/\\\/madabouthorror.co.uk\\\/product\\\/6-3ft-halloween-michael-myers-animatronic-spirit-halloween\\\/#breadcrumb\"},\"inLanguage\":\"fr-FR\",\"potentialAction\":[{\"@type\":\"ReadAction\",\"target\":[\"https:\\\/\\\/madabouthorror.co.uk\\\/product\\\/6-3ft-halloween-michael-myers-animatronic-spirit-halloween\\\/\"]}]},{\"@type\":\"ImageObject\",\"inLanguage\":\"fr-FR\",\"@id\":\"https:\\\/\\\/madabouthorror.co.uk\\\/product\\\/6-3ft-halloween-michael-myers-animatronic-spirit-halloween\\\/#primaryimage\",\"url\":\"https:\\\/\\\/madabouthorror.co.uk\\\/wp-content\\\/uploads\\\/2025\\\/05\\\/ezgif-475a9c1e43ec1c.webp\",\"contentUrl\":\"https:\\\/\\\/madabouthorror.co.uk\\\/wp-content\\\/uploads\\\/2025\\\/05\\\/ezgif-475a9c1e43ec1c.webp\",\"width\":1000,\"height\":1000},{\"@type\":\"BreadcrumbList\",\"@id\":\"https:\\\/\\\/madabouthorror.co.uk\\\/product\\\/6-3ft-halloween-michael-myers-animatronic-spirit-halloween\\\/#breadcrumb\",\"itemListElement\":[{\"@type\":\"ListItem\",\"position\":1,\"name\":\"Shop\",\"item\":\"https:\\\/\\\/madabouthorror.co.uk\\\/shop\\\/\"},{\"@type\":\"ListItem\",\"position\":2,\"name\":\"6.3ft Halloween Michael Myers Animatronic (Spirit Halloween)\"}]},{\"@type\":\"WebSite\",\"@id\":\"https:\\\/\\\/madabouthorror.co.uk\\\/#website\",\"url\":\"https:\\\/\\\/madabouthorror.co.uk\\\/\",\"name\":\"Mad About Horror\",\"description\":\"\",\"publisher\":{\"@id\":\"https:\\\/\\\/madabouthorror.co.uk\\\/#organization\"},\"alternateName\":\"Mad About Horror Limited\",\"potentialAction\":[{\"@type\":\"SearchAction\",\"target\":{\"@type\":\"EntryPoint\",\"urlTemplate\":\"https:\\\/\\\/madabouthorror.co.uk\\\/?s={search_term_string}\"},\"query-input\":{\"@type\":\"PropertyValueSpecification\",\"valueRequired\":true,\"valueName\":\"search_term_string\"}}],\"inLanguage\":\"fr-FR\"},{\"@type\":\"Organization\",\"@id\":\"https:\\\/\\\/madabouthorror.co.uk\\\/#organization\",\"name\":\"Mad About Horror\",\"url\":\"https:\\\/\\\/madabouthorror.co.uk\\\/\",\"logo\":{\"@type\":\"ImageObject\",\"inLanguage\":\"fr-FR\",\"@id\":\"https:\\\/\\\/madabouthorror.co.uk\\\/#\\\/schema\\\/logo\\\/image\\\/\",\"url\":\"https:\\\/\\\/madabouthorror.co.uk\\\/wp-content\\\/uploads\\\/2024\\\/02\\\/cropped-Logo.png\",\"contentUrl\":\"https:\\\/\\\/madabouthorror.co.uk\\\/wp-content\\\/uploads\\\/2024\\\/02\\\/cropped-Logo.png\",\"width\":240,\"height\":88,\"caption\":\"Mad About Horror\"},\"image\":{\"@id\":\"https:\\\/\\\/madabouthorror.co.uk\\\/#\\\/schema\\\/logo\\\/image\\\/\"},\"sameAs\":[\"https:\\\/\\\/www.facebook.com\\\/madabouthorror\\\/\",\"https:\\\/\\\/www.instagram.com\\\/madabouthorror\\\/\",\"https:\\\/\\\/www.pinterest.co.uk\\\/madabouthorror\\\/\",\"https:\\\/\\\/www.youtube.com\\\/channel\\\/UCBooLOIxjoQ89dj6T5lWm_w\",\"https:\\\/\\\/www.tiktok.com\\\/@weremadabouthorror\"]}]}<\/script>\n<!-- \/ Yoast SEO plugin. -->","yoast_head_json":{"title":"6.3ft Halloween Michael Myers Animatronique (Spirit Halloween) | UK","description":"Michael Myers Animatronique. Spirit Halloween. Large gamme d'accessoires, masques et d\u00e9corations d'Halloween de qualit\u00e9. Achetez aupr\u00e8s du sp\u00e9cialiste d'Halloween leader au Royaume-Uni.\u00a0","robots":{"index":"index","follow":"follow","max-snippet":"max-snippet:-1","max-image-preview":"max-image-preview:large","max-video-preview":"max-video-preview:-1"},"canonical":"https:\/\/madabouthorror.co.uk\/fr\/product\/6-3ft-halloween-michael-myers-animatronic-spirit-halloween\/","og_locale":"fr_FR","og_type":"article","og_title":"6.3ft Halloween Michael Myers Animatronic (Spirit Halloween) | UK","og_description":"Michael Myers Animatronic. Spirit Halloween. Huge range of quality Halloween props, masks and accessories. Buy from the UK's leading Halloween specialist.\u00a0","og_url":"https:\/\/madabouthorror.co.uk\/fr\/product\/6-3ft-halloween-michael-myers-animatronic-spirit-halloween\/","og_site_name":"Mad About Horror","article_publisher":"https:\/\/www.facebook.com\/madabouthorror\/","article_modified_time":"2026-04-07T08:44:24+00:00","og_image":[{"width":1000,"height":1000,"url":"https:\/\/madabouthorror.co.uk\/wp-content\/uploads\/2025\/05\/ezgif-475a9c1e43ec1c.webp","type":"image\/webp"}],"twitter_card":"summary_large_image","twitter_misc":{"Dur\u00e9e de lecture estim\u00e9e":"2 minutes"},"schema":{"@context":"https:\/\/schema.org","@graph":[{"@type":["WebPage","ItemPage"],"@id":"https:\/\/madabouthorror.co.uk\/product\/6-3ft-halloween-michael-myers-animatronic-spirit-halloween\/","url":"https:\/\/madabouthorror.co.uk\/product\/6-3ft-halloween-michael-myers-animatronic-spirit-halloween\/","name":"6.3ft Halloween Michael Myers Animatronique (Spirit Halloween) | UK","isPartOf":{"@id":"https:\/\/madabouthorror.co.uk\/#website"},"primaryImageOfPage":{"@id":"https:\/\/madabouthorror.co.uk\/product\/6-3ft-halloween-michael-myers-animatronic-spirit-halloween\/#primaryimage"},"image":{"@id":"https:\/\/madabouthorror.co.uk\/product\/6-3ft-halloween-michael-myers-animatronic-spirit-halloween\/#primaryimage"},"thumbnailUrl":"https:\/\/madabouthorror.co.uk\/wp-content\/uploads\/2025\/05\/ezgif-475a9c1e43ec1c.webp","datePublished":"2025-05-01T16:12:09+00:00","dateModified":"2026-04-07T08:44:24+00:00","description":"Michael Myers Animatronique. Spirit Halloween. Large gamme d'accessoires, masques et d\u00e9corations d'Halloween de qualit\u00e9. Achetez aupr\u00e8s du sp\u00e9cialiste d'Halloween leader au Royaume-Uni.\u00a0","breadcrumb":{"@id":"https:\/\/madabouthorror.co.uk\/product\/6-3ft-halloween-michael-myers-animatronic-spirit-halloween\/#breadcrumb"},"inLanguage":"fr-FR","potentialAction":[{"@type":"ReadAction","target":["https:\/\/madabouthorror.co.uk\/product\/6-3ft-halloween-michael-myers-animatronic-spirit-halloween\/"]}]},{"@type":"ImageObject","inLanguage":"fr-FR","@id":"https:\/\/madabouthorror.co.uk\/product\/6-3ft-halloween-michael-myers-animatronic-spirit-halloween\/#primaryimage","url":"https:\/\/madabouthorror.co.uk\/wp-content\/uploads\/2025\/05\/ezgif-475a9c1e43ec1c.webp","contentUrl":"https:\/\/madabouthorror.co.uk\/wp-content\/uploads\/2025\/05\/ezgif-475a9c1e43ec1c.webp","width":1000,"height":1000},{"@type":"BreadcrumbList","@id":"https:\/\/madabouthorror.co.uk\/product\/6-3ft-halloween-michael-myers-animatronic-spirit-halloween\/#breadcrumb","itemListElement":[{"@type":"ListItem","position":1,"name":"Shop","item":"https:\/\/madabouthorror.co.uk\/shop\/"},{"@type":"ListItem","position":2,"name":"6.3ft Halloween Michael Myers Animatronic (Spirit Halloween)"}]},{"@type":"WebSite","@id":"https:\/\/madabouthorror.co.uk\/#website","url":"https:\/\/madabouthorror.co.uk\/","name":"L'horreur en folie","description":"","publisher":{"@id":"https:\/\/madabouthorror.co.uk\/#organization"},"alternateName":"Mad About Horror Limited","potentialAction":[{"@type":"SearchAction","target":{"@type":"EntryPoint","urlTemplate":"https:\/\/madabouthorror.co.uk\/?s={search_term_string}"},"query-input":{"@type":"PropertyValueSpecification","valueRequired":true,"valueName":"search_term_string"}}],"inLanguage":"fr-FR"},{"@type":"Organization","@id":"https:\/\/madabouthorror.co.uk\/#organization","name":"L'horreur en folie","url":"https:\/\/madabouthorror.co.uk\/","logo":{"@type":"ImageObject","inLanguage":"fr-FR","@id":"https:\/\/madabouthorror.co.uk\/#\/schema\/logo\/image\/","url":"https:\/\/madabouthorror.co.uk\/wp-content\/uploads\/2024\/02\/cropped-Logo.png","contentUrl":"https:\/\/madabouthorror.co.uk\/wp-content\/uploads\/2024\/02\/cropped-Logo.png","width":240,"height":88,"caption":"Mad About Horror"},"image":{"@id":"https:\/\/madabouthorror.co.uk\/#\/schema\/logo\/image\/"},"sameAs":["https:\/\/www.facebook.com\/madabouthorror\/","https:\/\/www.instagram.com\/madabouthorror\/","https:\/\/www.pinterest.co.uk\/madabouthorror\/","https:\/\/www.youtube.com\/channel\/UCBooLOIxjoQ89dj6T5lWm_w","https:\/\/www.tiktok.com\/@weremadabouthorror"]}]}},"df_price":599.95,"df_sale_price":"","df_regular_price":599.95,"df_image_link":"https:\/\/madabouthorror.co.uk\/wp-content\/uploads\/2025\/05\/ezgif-475a9c1e43ec1c-300x300.webp","_links":{"self":[{"href":"https:\/\/madabouthorror.co.uk\/fr\/wp-json\/wp\/v2\/product\/534460","targetHints":{"allow":["GET"]}}],"collection":[{"href":"https:\/\/madabouthorror.co.uk\/fr\/wp-json\/wp\/v2\/product"}],"about":[{"href":"https:\/\/madabouthorror.co.uk\/fr\/wp-json\/wp\/v2\/types\/product"}],"replies":[{"embeddable":true,"href":"https:\/\/madabouthorror.co.uk\/fr\/wp-json\/wp\/v2\/comments?post=534460"}],"wp:featuredmedia":[{"embeddable":true,"href":"https:\/\/madabouthorror.co.uk\/fr\/wp-json\/wp\/v2\/media\/543666"}],"wp:attachment":[{"href":"https:\/\/madabouthorror.co.uk\/fr\/wp-json\/wp\/v2\/media?parent=534460"}],"wp:term":[{"taxonomy":"product_brand","embeddable":true,"href":"https:\/\/madabouthorror.co.uk\/fr\/wp-json\/wp\/v2\/product_brand?post=534460"},{"taxonomy":"product_cat","embeddable":true,"href":"https:\/\/madabouthorror.co.uk\/fr\/wp-json\/wp\/v2\/product_cat?post=534460"},{"taxonomy":"product_tag","embeddable":true,"href":"https:\/\/madabouthorror.co.uk\/fr\/wp-json\/wp\/v2\/product_tag?post=534460"}],"curies":[{"name":"wp","href":"https:\/\/api.w.org\/{rel}","templated":true}]}}