{"id":53557,"date":"2022-06-23T14:49:38","date_gmt":"2022-06-23T13:49:38","guid":{"rendered":"https:\/\/mah.6bdv.ws\/product\/owl-skeleton-animated-prop\/"},"modified":"2025-11-20T12:57:09","modified_gmt":"2025-11-20T12:57:09","slug":"owl-skeleton-animated-prop","status":"publish","type":"product","link":"https:\/\/madabouthorror.co.uk\/fr\/product\/owl-skeleton-animated-prop\/","title":{"rendered":"Squelette de hibou Prop anim\u00e9"},"content":{"rendered":"<div class=\"pro-info-section\">\n<div id=\"fullDesc\" class=\"ng-scope\" style=\"box-sizing: border-box; border-top-left-radius: 0px !important; border-top-right-radius: 0px !important; border-bottom-right-radius: 0px !important; border-bottom-left-radius: 0px !important;\">\n<div class=\"ng-binding\">Sage cr\u00e9ature des bois, ce squelette de hibou anim\u00e9 \u00e9loigne les fant\u00f4mes effrayants et les enfants qui font du porte-\u00e0-porte pendant Halloween ! Il bouge la t\u00eate et ses yeux luisants fixent sa proie, tout en hululant sur les passants.<\/div>\n<div class=\"ng-binding\">Posez ses ailes et ses pattes dans votre maison hant\u00e9e et faites peur \u00e0 vos invit\u00e9s costum\u00e9s. Commandez bient\u00f4t pour ajouter ce squelette de hibou anim\u00e9 pour Halloween \u00e0 vos d\u00e9corations cette ann\u00e9e !<\/div>\n<div class=\"ng-binding\"><\/div>\n<div class=\"ng-binding\">Son activ\u00e9.<\/div>\n<div><\/div>\n<\/div>\n<div>\n<div><b>Pour le porche couvert ou l'int\u00e9rieur.<\/b> <i>Prot\u00e9ger des intemp\u00e9ries en cas d'utilisation \u00e0 l'ext\u00e9rieur et ne pas laisser \u00e0 l'ext\u00e9rieur pendant des p\u00e9riodes prolong\u00e9es.<\/i><\/div>\n<div><\/div>\n<div><b>A noter :<\/b><i> Ces accessoires ne sont pas recommand\u00e9s pour un usage commercial intensif, c'est-\u00e0-dire qu'ils ne doivent pas \u00eatre utilis\u00e9s pendant des p\u00e9riodes prolong\u00e9es, c'est-\u00e0-dire plusieurs jours d'affil\u00e9e. Ils sont con\u00e7us pour \u00eatre utilis\u00e9s \u00e0 l'occasion d'Halloween. Si vous avez des questions \u00e0 ce sujet, n'h\u00e9sitez pas \u00e0 les poser.<\/i><\/div>\n<\/div>\n<\/div>\n<div class=\"pro-info-section mt-40\">\n<div class=\"clearfix\">\n<p>&nbsp;<\/p>\n<\/div>\n<\/div>","protected":false},"excerpt":{"rendered":"<p>Sage cr\u00e9ature des bois, ce squelette de hibou anim\u00e9 \u00e9loigne les fant\u00f4mes effrayants et les enfants qui font du porte-\u00e0-porte pendant Halloween ! Il bouge la t\u00eate tandis que ses yeux luisants fixent sa proie et hululent \u00e0 l'intention des passants. Posez ses ailes et ses pattes dans votre maison hant\u00e9e et faites peur \u00e0 vos invit\u00e9s costum\u00e9s. Commandez \u00e0 [...]<\/p>","protected":false},"featured_media":53553,"comment_status":"closed","ping_status":"closed","template":"","meta":{"_acf_changed":false},"product_brand":[],"product_cat":[10068,10131,10108,10093,10094,6550,6547,6549,6963,6593,6596,7050,7051,7055,7056],"product_tag":[10000],"class_list":{"0":"post-53557","1":"product","2":"type-product","3":"status-publish","4":"has-post-thumbnail","6":"product_cat-halloween-decorations-2025","7":"product_cat-halloween-gifts","8":"product_cat-light-up-halloween-decorations","9":"product_cat-indoor-halloween-decorations","10":"product_cat-outdoor-halloween-decorations","11":"product_cat-graveyard-decorations","12":"product_cat-decorations","13":"product_cat-haunted-house","14":"product_cat-animatronics","15":"product_cat-creatures-spiders-decorations","16":"product_cat-witch-decorations","17":"product_cat-haunted-house-animatronics","18":"product_cat-graveyard-animatronics","19":"product_cat-animated-props-witches","20":"product_cat-animals-creatures","21":"product_tag-evil-pumpkin-patch-animatronics","23":"first","24":"outofstock","25":"taxable","26":"shipping-taxable","27":"purchasable","28":"product-type-simple"},"supplier_id":467908,"supplier_sku":"","barcode":"190842818939","atum_controlled":true,"out_stock_date":"2025-06-10 14:22:58","out_stock_threshold":null,"inheritable":false,"inbound_stock":0,"stock_on_hold":0,"sold_today":0,"sales_last_days":0,"reserved_stock":0,"customer_returns":0,"warehouse_damage":0,"lost_in_post":0,"other_logs":0,"out_stock_days":308,"lost_sales":0,"has_location":false,"update_date":"2026-04-15T00:31:24","atum_locations":[],"atum_stock_status":"outofstock","restock_status":false,"low_stock_amount":"","sales_update_date":"2026-04-15T00:31:23","calc_backorders":null,"acf":[],"yoast_head":"<!-- This site is optimized with the Yoast SEO plugin v27.4 - https:\/\/yoast.com\/product\/yoast-seo-wordpress\/ -->\n<title>Mad About Horror | Owl Skeleton Animated Prop<\/title>\n<meta name=\"description\" content=\"Animated Halloween Owl Skeleton. Horror collectibles and Halloween props available from Madabouthorror, Europe\u2019s leading horror specialist.\" \/>\n<meta name=\"robots\" content=\"index, follow, max-snippet:-1, max-image-preview:large, max-video-preview:-1\" \/>\n<link rel=\"canonical\" href=\"https:\/\/madabouthorror.co.uk\/fr\/product\/owl-skeleton-animated-prop\/\" \/>\n<meta property=\"og:locale\" content=\"fr_FR\" \/>\n<meta property=\"og:type\" content=\"article\" \/>\n<meta property=\"og:title\" content=\"Mad About Horror | Owl Skeleton Animated Prop\" \/>\n<meta property=\"og:description\" content=\"Animated Halloween Owl Skeleton. Horror collectibles and Halloween props available from Madabouthorror, Europe\u2019s leading horror specialist.\" \/>\n<meta property=\"og:url\" content=\"https:\/\/madabouthorror.co.uk\/fr\/product\/owl-skeleton-animated-prop\/\" \/>\n<meta property=\"og:site_name\" content=\"Mad About Horror\" \/>\n<meta property=\"article:publisher\" content=\"https:\/\/www.facebook.com\/madabouthorror\/\" \/>\n<meta property=\"article:modified_time\" content=\"2025-11-20T12:57:09+00:00\" \/>\n<meta property=\"og:image\" content=\"https:\/\/madabouthorror.co.uk\/wp-content\/uploads\/2022\/06\/owl2.jpg\" \/>\n\t<meta property=\"og:image:width\" content=\"650\" \/>\n\t<meta property=\"og:image:height\" content=\"650\" \/>\n\t<meta property=\"og:image:type\" content=\"image\/jpeg\" \/>\n<meta name=\"twitter:card\" content=\"summary_large_image\" \/>\n<meta name=\"twitter:label1\" content=\"Dur\u00e9e de lecture estim\u00e9e\" \/>\n\t<meta name=\"twitter:data1\" content=\"1 minute\" \/>\n<script type=\"application\/ld+json\" class=\"yoast-schema-graph\">{\"@context\":\"https:\\\/\\\/schema.org\",\"@graph\":[{\"@type\":[\"WebPage\",\"ItemPage\"],\"@id\":\"https:\\\/\\\/madabouthorror.co.uk\\\/product\\\/owl-skeleton-animated-prop\\\/\",\"url\":\"https:\\\/\\\/madabouthorror.co.uk\\\/product\\\/owl-skeleton-animated-prop\\\/\",\"name\":\"Mad About Horror | Owl Skeleton Animated Prop\",\"isPartOf\":{\"@id\":\"https:\\\/\\\/madabouthorror.co.uk\\\/#website\"},\"primaryImageOfPage\":{\"@id\":\"https:\\\/\\\/madabouthorror.co.uk\\\/product\\\/owl-skeleton-animated-prop\\\/#primaryimage\"},\"image\":{\"@id\":\"https:\\\/\\\/madabouthorror.co.uk\\\/product\\\/owl-skeleton-animated-prop\\\/#primaryimage\"},\"thumbnailUrl\":\"https:\\\/\\\/madabouthorror.co.uk\\\/wp-content\\\/uploads\\\/2022\\\/06\\\/owl2.jpg\",\"datePublished\":\"2022-06-23T13:49:38+00:00\",\"dateModified\":\"2025-11-20T12:57:09+00:00\",\"description\":\"Animated Halloween Owl Skeleton. Horror collectibles and Halloween props available from Madabouthorror, Europe\u2019s leading horror specialist.\",\"breadcrumb\":{\"@id\":\"https:\\\/\\\/madabouthorror.co.uk\\\/product\\\/owl-skeleton-animated-prop\\\/#breadcrumb\"},\"inLanguage\":\"fr-FR\",\"potentialAction\":[{\"@type\":\"ReadAction\",\"target\":[\"https:\\\/\\\/madabouthorror.co.uk\\\/product\\\/owl-skeleton-animated-prop\\\/\"]}]},{\"@type\":\"ImageObject\",\"inLanguage\":\"fr-FR\",\"@id\":\"https:\\\/\\\/madabouthorror.co.uk\\\/product\\\/owl-skeleton-animated-prop\\\/#primaryimage\",\"url\":\"https:\\\/\\\/madabouthorror.co.uk\\\/wp-content\\\/uploads\\\/2022\\\/06\\\/owl2.jpg\",\"contentUrl\":\"https:\\\/\\\/madabouthorror.co.uk\\\/wp-content\\\/uploads\\\/2022\\\/06\\\/owl2.jpg\",\"width\":650,\"height\":650,\"caption\":\"Halloween Owl Skeleton Animated Prop\"},{\"@type\":\"BreadcrumbList\",\"@id\":\"https:\\\/\\\/madabouthorror.co.uk\\\/product\\\/owl-skeleton-animated-prop\\\/#breadcrumb\",\"itemListElement\":[{\"@type\":\"ListItem\",\"position\":1,\"name\":\"Shop\",\"item\":\"https:\\\/\\\/madabouthorror.co.uk\\\/shop\\\/\"},{\"@type\":\"ListItem\",\"position\":2,\"name\":\"Owl Skeleton Animated Prop\"}]},{\"@type\":\"WebSite\",\"@id\":\"https:\\\/\\\/madabouthorror.co.uk\\\/#website\",\"url\":\"https:\\\/\\\/madabouthorror.co.uk\\\/\",\"name\":\"Mad About Horror\",\"description\":\"\",\"publisher\":{\"@id\":\"https:\\\/\\\/madabouthorror.co.uk\\\/#organization\"},\"alternateName\":\"Mad About Horror Limited\",\"potentialAction\":[{\"@type\":\"SearchAction\",\"target\":{\"@type\":\"EntryPoint\",\"urlTemplate\":\"https:\\\/\\\/madabouthorror.co.uk\\\/?s={search_term_string}\"},\"query-input\":{\"@type\":\"PropertyValueSpecification\",\"valueRequired\":true,\"valueName\":\"search_term_string\"}}],\"inLanguage\":\"fr-FR\"},{\"@type\":\"Organization\",\"@id\":\"https:\\\/\\\/madabouthorror.co.uk\\\/#organization\",\"name\":\"Mad About Horror\",\"url\":\"https:\\\/\\\/madabouthorror.co.uk\\\/\",\"logo\":{\"@type\":\"ImageObject\",\"inLanguage\":\"fr-FR\",\"@id\":\"https:\\\/\\\/madabouthorror.co.uk\\\/#\\\/schema\\\/logo\\\/image\\\/\",\"url\":\"https:\\\/\\\/madabouthorror.co.uk\\\/wp-content\\\/uploads\\\/2024\\\/02\\\/cropped-Logo.png\",\"contentUrl\":\"https:\\\/\\\/madabouthorror.co.uk\\\/wp-content\\\/uploads\\\/2024\\\/02\\\/cropped-Logo.png\",\"width\":240,\"height\":88,\"caption\":\"Mad About Horror\"},\"image\":{\"@id\":\"https:\\\/\\\/madabouthorror.co.uk\\\/#\\\/schema\\\/logo\\\/image\\\/\"},\"sameAs\":[\"https:\\\/\\\/www.facebook.com\\\/madabouthorror\\\/\",\"https:\\\/\\\/www.instagram.com\\\/madabouthorror\\\/\",\"https:\\\/\\\/www.pinterest.co.uk\\\/madabouthorror\\\/\",\"https:\\\/\\\/www.youtube.com\\\/channel\\\/UCBooLOIxjoQ89dj6T5lWm_w\",\"https:\\\/\\\/www.tiktok.com\\\/@weremadabouthorror\"]}]}<\/script>\n<!-- \/ Yoast SEO plugin. -->","yoast_head_json":{"title":"Mad About Horror - Hibou Squelette - Accessoire anim\u00e9","description":"Squelette hibou anim\u00e9 pour Halloween. Objets de collection d'horreur et accessoires d'Halloween disponibles chez Madabouthorror, le plus grand sp\u00e9cialiste de l'horreur en Europe.","robots":{"index":"index","follow":"follow","max-snippet":"max-snippet:-1","max-image-preview":"max-image-preview:large","max-video-preview":"max-video-preview:-1"},"canonical":"https:\/\/madabouthorror.co.uk\/fr\/product\/owl-skeleton-animated-prop\/","og_locale":"fr_FR","og_type":"article","og_title":"Mad About Horror | Owl Skeleton Animated Prop","og_description":"Animated Halloween Owl Skeleton. Horror collectibles and Halloween props available from Madabouthorror, Europe\u2019s leading horror specialist.","og_url":"https:\/\/madabouthorror.co.uk\/fr\/product\/owl-skeleton-animated-prop\/","og_site_name":"Mad About Horror","article_publisher":"https:\/\/www.facebook.com\/madabouthorror\/","article_modified_time":"2025-11-20T12:57:09+00:00","og_image":[{"width":650,"height":650,"url":"https:\/\/madabouthorror.co.uk\/wp-content\/uploads\/2022\/06\/owl2.jpg","type":"image\/jpeg"}],"twitter_card":"summary_large_image","twitter_misc":{"Dur\u00e9e de lecture estim\u00e9e":"1 minute"},"schema":{"@context":"https:\/\/schema.org","@graph":[{"@type":["WebPage","ItemPage"],"@id":"https:\/\/madabouthorror.co.uk\/product\/owl-skeleton-animated-prop\/","url":"https:\/\/madabouthorror.co.uk\/product\/owl-skeleton-animated-prop\/","name":"Mad About Horror - Hibou Squelette - Accessoire anim\u00e9","isPartOf":{"@id":"https:\/\/madabouthorror.co.uk\/#website"},"primaryImageOfPage":{"@id":"https:\/\/madabouthorror.co.uk\/product\/owl-skeleton-animated-prop\/#primaryimage"},"image":{"@id":"https:\/\/madabouthorror.co.uk\/product\/owl-skeleton-animated-prop\/#primaryimage"},"thumbnailUrl":"https:\/\/madabouthorror.co.uk\/wp-content\/uploads\/2022\/06\/owl2.jpg","datePublished":"2022-06-23T13:49:38+00:00","dateModified":"2025-11-20T12:57:09+00:00","description":"Squelette hibou anim\u00e9 pour Halloween. Objets de collection d'horreur et accessoires d'Halloween disponibles chez Madabouthorror, le plus grand sp\u00e9cialiste de l'horreur en Europe.","breadcrumb":{"@id":"https:\/\/madabouthorror.co.uk\/product\/owl-skeleton-animated-prop\/#breadcrumb"},"inLanguage":"fr-FR","potentialAction":[{"@type":"ReadAction","target":["https:\/\/madabouthorror.co.uk\/product\/owl-skeleton-animated-prop\/"]}]},{"@type":"ImageObject","inLanguage":"fr-FR","@id":"https:\/\/madabouthorror.co.uk\/product\/owl-skeleton-animated-prop\/#primaryimage","url":"https:\/\/madabouthorror.co.uk\/wp-content\/uploads\/2022\/06\/owl2.jpg","contentUrl":"https:\/\/madabouthorror.co.uk\/wp-content\/uploads\/2022\/06\/owl2.jpg","width":650,"height":650,"caption":"Halloween Owl Skeleton Animated Prop"},{"@type":"BreadcrumbList","@id":"https:\/\/madabouthorror.co.uk\/product\/owl-skeleton-animated-prop\/#breadcrumb","itemListElement":[{"@type":"ListItem","position":1,"name":"Shop","item":"https:\/\/madabouthorror.co.uk\/shop\/"},{"@type":"ListItem","position":2,"name":"Owl Skeleton Animated Prop"}]},{"@type":"WebSite","@id":"https:\/\/madabouthorror.co.uk\/#website","url":"https:\/\/madabouthorror.co.uk\/","name":"L'horreur en folie","description":"","publisher":{"@id":"https:\/\/madabouthorror.co.uk\/#organization"},"alternateName":"Mad About Horror Limited","potentialAction":[{"@type":"SearchAction","target":{"@type":"EntryPoint","urlTemplate":"https:\/\/madabouthorror.co.uk\/?s={search_term_string}"},"query-input":{"@type":"PropertyValueSpecification","valueRequired":true,"valueName":"search_term_string"}}],"inLanguage":"fr-FR"},{"@type":"Organization","@id":"https:\/\/madabouthorror.co.uk\/#organization","name":"L'horreur en folie","url":"https:\/\/madabouthorror.co.uk\/","logo":{"@type":"ImageObject","inLanguage":"fr-FR","@id":"https:\/\/madabouthorror.co.uk\/#\/schema\/logo\/image\/","url":"https:\/\/madabouthorror.co.uk\/wp-content\/uploads\/2024\/02\/cropped-Logo.png","contentUrl":"https:\/\/madabouthorror.co.uk\/wp-content\/uploads\/2024\/02\/cropped-Logo.png","width":240,"height":88,"caption":"Mad About Horror"},"image":{"@id":"https:\/\/madabouthorror.co.uk\/#\/schema\/logo\/image\/"},"sameAs":["https:\/\/www.facebook.com\/madabouthorror\/","https:\/\/www.instagram.com\/madabouthorror\/","https:\/\/www.pinterest.co.uk\/madabouthorror\/","https:\/\/www.youtube.com\/channel\/UCBooLOIxjoQ89dj6T5lWm_w","https:\/\/www.tiktok.com\/@weremadabouthorror"]}]}},"df_price":41.62,"df_sale_price":"","df_regular_price":41.62,"df_image_link":"https:\/\/madabouthorror.co.uk\/wp-content\/uploads\/2022\/06\/owl2-300x300.jpg","_links":{"self":[{"href":"https:\/\/madabouthorror.co.uk\/fr\/wp-json\/wp\/v2\/product\/53557","targetHints":{"allow":["GET"]}}],"collection":[{"href":"https:\/\/madabouthorror.co.uk\/fr\/wp-json\/wp\/v2\/product"}],"about":[{"href":"https:\/\/madabouthorror.co.uk\/fr\/wp-json\/wp\/v2\/types\/product"}],"replies":[{"embeddable":true,"href":"https:\/\/madabouthorror.co.uk\/fr\/wp-json\/wp\/v2\/comments?post=53557"}],"wp:featuredmedia":[{"embeddable":true,"href":"https:\/\/madabouthorror.co.uk\/fr\/wp-json\/wp\/v2\/media\/53553"}],"wp:attachment":[{"href":"https:\/\/madabouthorror.co.uk\/fr\/wp-json\/wp\/v2\/media?parent=53557"}],"wp:term":[{"taxonomy":"product_brand","embeddable":true,"href":"https:\/\/madabouthorror.co.uk\/fr\/wp-json\/wp\/v2\/product_brand?post=53557"},{"taxonomy":"product_cat","embeddable":true,"href":"https:\/\/madabouthorror.co.uk\/fr\/wp-json\/wp\/v2\/product_cat?post=53557"},{"taxonomy":"product_tag","embeddable":true,"href":"https:\/\/madabouthorror.co.uk\/fr\/wp-json\/wp\/v2\/product_tag?post=53557"}],"curies":[{"name":"wp","href":"https:\/\/api.w.org\/{rel}","templated":true}]}}