{"id":53606,"date":"2022-06-23T17:03:09","date_gmt":"2022-06-23T16:03:09","guid":{"rendered":"https:\/\/mah.6bdv.ws\/product\/giant-spider-web-with-spider\/"},"modified":"2026-02-10T12:41:04","modified_gmt":"2026-02-10T12:41:04","slug":"giant-spider-web-with-spider","status":"publish","type":"product","link":"https:\/\/madabouthorror.co.uk\/fr\/product\/giant-spider-web-with-spider\/","title":{"rendered":"Toile d'araign\u00e9e g\u00e9ante avec araign\u00e9e"},"content":{"rendered":"<h4>Toile d'araign\u00e9e g\u00e9ante avec araign\u00e9e<\/h4>\n<div class=\"pro-info-section\">\n<div id=\"fullDesc\" class=\"ng-scope\" style=\"box-sizing: border-box; border-top-left-radius: 0px !important; border-top-right-radius: 0px !important; border-bottom-right-radius: 0px !important; border-bottom-left-radius: 0px !important;\">\n<div class=\"ng-binding\">\n<p>Effrayante, velue et indispensable pour vos accessoires d'Halloween ! Cette d\u00e9coration d'araign\u00e9e qui fait froid dans le dos comprend des yeux louches qui fixent avec app\u00e9tit toute \u00e2me qui regarderait dans sa direction. Accrochez cette araign\u00e9e effrayante et regardez-la terrifier les chasseurs de bonbons et effrayer les invit\u00e9s de la maison hant\u00e9e ! Cette cr\u00e9ature \u00e0 huit pattes ne manquera pas d'ajouter de l'effroi \u00e0 votre soir\u00e9e d'Halloween.<\/p>\n<\/div>\n<\/div>\n<\/div>\n<div class=\"pro-info-section mt-40\">\n<div class=\"clearfix\">\n<p>&nbsp;<\/p>\n<\/div>\n<\/div>","protected":false},"excerpt":{"rendered":"<p>Toile d'araign\u00e9e g\u00e9ante avec araign\u00e9e Effrayante, velue et indispensable pour vos accessoires d'Halloween ! Cette d\u00e9coration d'araign\u00e9e qui fait froid dans le dos comprend des yeux louches qui fixent avec app\u00e9tit toute \u00e2me qui regarderait dans sa direction. Accrochez cette araign\u00e9e effrayante et regardez-la terrifier les chasseurs de bonbons et effrayer les invit\u00e9s d'une maison hant\u00e9e ! Cette cr\u00e9ature \u00e0 huit pattes ne manquera pas d'ajouter [...]<\/p>","protected":false},"featured_media":562070,"comment_status":"closed","ping_status":"closed","template":"","meta":{"_acf_changed":false},"product_brand":[],"product_cat":[10117,6550,6547,6549],"product_tag":[9992],"class_list":{"0":"post-53606","1":"product","2":"type-product","3":"status-publish","4":"has-post-thumbnail","6":"product_cat-halloween-essentials","7":"product_cat-graveyard-decorations","8":"product_cat-decorations","9":"product_cat-haunted-house","10":"product_tag-haunted-house","11":"product_shipping_class-small-parcel-economy-3-5-business-days","13":"first","14":"instock","15":"taxable","16":"shipping-taxable","17":"purchasable","18":"product-type-simple"},"supplier_id":467908,"supplier_sku":"","barcode":"762543828571","atum_controlled":true,"out_stock_date":null,"out_stock_threshold":null,"inheritable":false,"inbound_stock":0,"stock_on_hold":0,"sold_today":0,"sales_last_days":0,"reserved_stock":0,"customer_returns":0,"warehouse_damage":0,"lost_in_post":0,"other_logs":0,"out_stock_days":0,"lost_sales":0,"has_location":false,"update_date":"2026-05-06T00:49:44","atum_locations":[],"atum_stock_status":"instock","restock_status":false,"low_stock_amount":"","sales_update_date":"2026-05-06T00:49:43","calc_backorders":null,"acf":[],"yoast_head":"<!-- This site is optimized with the Yoast SEO plugin v27.5 - https:\/\/yoast.com\/product\/yoast-seo-wordpress\/ -->\n<title>Giant Spider Web With Spider - Halloween<\/title>\n<meta name=\"description\" content=\"Browse our Halloween animated props. A huge range of Halloween masks, decor and props. BUY from the UK&#039;s leading Halloween &amp; Horror specialist.\" \/>\n<meta name=\"robots\" content=\"index, follow, max-snippet:-1, max-image-preview:large, max-video-preview:-1\" \/>\n<link rel=\"canonical\" href=\"https:\/\/madabouthorror.co.uk\/fr\/product\/giant-spider-web-with-spider\/\" \/>\n<meta property=\"og:locale\" content=\"fr_FR\" \/>\n<meta property=\"og:type\" content=\"article\" \/>\n<meta property=\"og:title\" content=\"Giant Spider Web With Spider - Halloween\" \/>\n<meta property=\"og:description\" content=\"Browse our Halloween animated props. A huge range of Halloween masks, decor and props. BUY from the UK&#039;s leading Halloween &amp; Horror specialist.\" \/>\n<meta property=\"og:url\" content=\"https:\/\/madabouthorror.co.uk\/fr\/product\/giant-spider-web-with-spider\/\" \/>\n<meta property=\"og:site_name\" content=\"Mad About Horror\" \/>\n<meta property=\"article:publisher\" content=\"https:\/\/www.facebook.com\/madabouthorror\/\" \/>\n<meta property=\"article:modified_time\" content=\"2026-02-10T12:41:04+00:00\" \/>\n<meta property=\"og:image\" content=\"https:\/\/madabouthorror.co.uk\/wp-content\/uploads\/2022\/06\/GUEST_36dc480a-201c-4471-9a55-33eeabc70087.webp\" \/>\n\t<meta property=\"og:image:width\" content=\"800\" \/>\n\t<meta property=\"og:image:height\" content=\"800\" \/>\n\t<meta property=\"og:image:type\" content=\"image\/webp\" \/>\n<meta name=\"twitter:card\" content=\"summary_large_image\" \/>\n<meta name=\"twitter:label1\" content=\"Dur\u00e9e de lecture estim\u00e9e\" \/>\n\t<meta name=\"twitter:data1\" content=\"1 minute\" \/>\n<script type=\"application\/ld+json\" class=\"yoast-schema-graph\">{\"@context\":\"https:\\\/\\\/schema.org\",\"@graph\":[{\"@type\":[\"WebPage\",\"ItemPage\"],\"@id\":\"https:\\\/\\\/madabouthorror.co.uk\\\/product\\\/giant-spider-web-with-spider\\\/\",\"url\":\"https:\\\/\\\/madabouthorror.co.uk\\\/product\\\/giant-spider-web-with-spider\\\/\",\"name\":\"Giant Spider Web With Spider - Halloween\",\"isPartOf\":{\"@id\":\"https:\\\/\\\/madabouthorror.co.uk\\\/#website\"},\"primaryImageOfPage\":{\"@id\":\"https:\\\/\\\/madabouthorror.co.uk\\\/product\\\/giant-spider-web-with-spider\\\/#primaryimage\"},\"image\":{\"@id\":\"https:\\\/\\\/madabouthorror.co.uk\\\/product\\\/giant-spider-web-with-spider\\\/#primaryimage\"},\"thumbnailUrl\":\"https:\\\/\\\/madabouthorror.co.uk\\\/wp-content\\\/uploads\\\/2022\\\/06\\\/GUEST_36dc480a-201c-4471-9a55-33eeabc70087.webp\",\"datePublished\":\"2022-06-23T16:03:09+00:00\",\"dateModified\":\"2026-02-10T12:41:04+00:00\",\"description\":\"Browse our Halloween animated props. A huge range of Halloween masks, decor and props. BUY from the UK's leading Halloween & Horror specialist.\",\"breadcrumb\":{\"@id\":\"https:\\\/\\\/madabouthorror.co.uk\\\/product\\\/giant-spider-web-with-spider\\\/#breadcrumb\"},\"inLanguage\":\"fr-FR\",\"potentialAction\":[{\"@type\":\"ReadAction\",\"target\":[\"https:\\\/\\\/madabouthorror.co.uk\\\/product\\\/giant-spider-web-with-spider\\\/\"]}]},{\"@type\":\"ImageObject\",\"inLanguage\":\"fr-FR\",\"@id\":\"https:\\\/\\\/madabouthorror.co.uk\\\/product\\\/giant-spider-web-with-spider\\\/#primaryimage\",\"url\":\"https:\\\/\\\/madabouthorror.co.uk\\\/wp-content\\\/uploads\\\/2022\\\/06\\\/GUEST_36dc480a-201c-4471-9a55-33eeabc70087.webp\",\"contentUrl\":\"https:\\\/\\\/madabouthorror.co.uk\\\/wp-content\\\/uploads\\\/2022\\\/06\\\/GUEST_36dc480a-201c-4471-9a55-33eeabc70087.webp\",\"width\":800,\"height\":800,\"caption\":\"giant spider on web\"},{\"@type\":\"BreadcrumbList\",\"@id\":\"https:\\\/\\\/madabouthorror.co.uk\\\/product\\\/giant-spider-web-with-spider\\\/#breadcrumb\",\"itemListElement\":[{\"@type\":\"ListItem\",\"position\":1,\"name\":\"Shop\",\"item\":\"https:\\\/\\\/madabouthorror.co.uk\\\/shop\\\/\"},{\"@type\":\"ListItem\",\"position\":2,\"name\":\"Giant Spider Web With Spider\"}]},{\"@type\":\"WebSite\",\"@id\":\"https:\\\/\\\/madabouthorror.co.uk\\\/#website\",\"url\":\"https:\\\/\\\/madabouthorror.co.uk\\\/\",\"name\":\"Mad About Horror\",\"description\":\"\",\"publisher\":{\"@id\":\"https:\\\/\\\/madabouthorror.co.uk\\\/#organization\"},\"alternateName\":\"Mad About Horror Limited\",\"potentialAction\":[{\"@type\":\"SearchAction\",\"target\":{\"@type\":\"EntryPoint\",\"urlTemplate\":\"https:\\\/\\\/madabouthorror.co.uk\\\/?s={search_term_string}\"},\"query-input\":{\"@type\":\"PropertyValueSpecification\",\"valueRequired\":true,\"valueName\":\"search_term_string\"}}],\"inLanguage\":\"fr-FR\"},{\"@type\":\"Organization\",\"@id\":\"https:\\\/\\\/madabouthorror.co.uk\\\/#organization\",\"name\":\"Mad About Horror\",\"url\":\"https:\\\/\\\/madabouthorror.co.uk\\\/\",\"logo\":{\"@type\":\"ImageObject\",\"inLanguage\":\"fr-FR\",\"@id\":\"https:\\\/\\\/madabouthorror.co.uk\\\/#\\\/schema\\\/logo\\\/image\\\/\",\"url\":\"https:\\\/\\\/madabouthorror.co.uk\\\/wp-content\\\/uploads\\\/2024\\\/02\\\/cropped-Logo.png\",\"contentUrl\":\"https:\\\/\\\/madabouthorror.co.uk\\\/wp-content\\\/uploads\\\/2024\\\/02\\\/cropped-Logo.png\",\"width\":240,\"height\":88,\"caption\":\"Mad About Horror\"},\"image\":{\"@id\":\"https:\\\/\\\/madabouthorror.co.uk\\\/#\\\/schema\\\/logo\\\/image\\\/\"},\"sameAs\":[\"https:\\\/\\\/www.facebook.com\\\/madabouthorror\\\/\",\"https:\\\/\\\/www.instagram.com\\\/madabouthorror\\\/\",\"https:\\\/\\\/www.pinterest.co.uk\\\/madabouthorror\\\/\",\"https:\\\/\\\/www.youtube.com\\\/channel\\\/UCBooLOIxjoQ89dj6T5lWm_w\",\"https:\\\/\\\/www.tiktok.com\\\/@weremadabouthorror\"]}]}<\/script>\n<!-- \/ Yoast SEO plugin. -->","yoast_head_json":{"title":"Toile d'araign\u00e9e g\u00e9ante avec araign\u00e9e - Halloween","description":"Parcourez nos accessoires anim\u00e9s pour Halloween. Une vaste gamme de masques, de d\u00e9cors et d'accessoires d'Halloween. Achetez aupr\u00e8s du sp\u00e9cialiste britannique de l'Halloween et de l'horreur.","robots":{"index":"index","follow":"follow","max-snippet":"max-snippet:-1","max-image-preview":"max-image-preview:large","max-video-preview":"max-video-preview:-1"},"canonical":"https:\/\/madabouthorror.co.uk\/fr\/product\/giant-spider-web-with-spider\/","og_locale":"fr_FR","og_type":"article","og_title":"Giant Spider Web With Spider - Halloween","og_description":"Browse our Halloween animated props. A huge range of Halloween masks, decor and props. BUY from the UK's leading Halloween & Horror specialist.","og_url":"https:\/\/madabouthorror.co.uk\/fr\/product\/giant-spider-web-with-spider\/","og_site_name":"Mad About Horror","article_publisher":"https:\/\/www.facebook.com\/madabouthorror\/","article_modified_time":"2026-02-10T12:41:04+00:00","og_image":[{"width":800,"height":800,"url":"https:\/\/madabouthorror.co.uk\/wp-content\/uploads\/2022\/06\/GUEST_36dc480a-201c-4471-9a55-33eeabc70087.webp","type":"image\/webp"}],"twitter_card":"summary_large_image","twitter_misc":{"Dur\u00e9e de lecture estim\u00e9e":"1 minute"},"schema":{"@context":"https:\/\/schema.org","@graph":[{"@type":["WebPage","ItemPage"],"@id":"https:\/\/madabouthorror.co.uk\/product\/giant-spider-web-with-spider\/","url":"https:\/\/madabouthorror.co.uk\/product\/giant-spider-web-with-spider\/","name":"Toile d'araign\u00e9e g\u00e9ante avec araign\u00e9e - Halloween","isPartOf":{"@id":"https:\/\/madabouthorror.co.uk\/#website"},"primaryImageOfPage":{"@id":"https:\/\/madabouthorror.co.uk\/product\/giant-spider-web-with-spider\/#primaryimage"},"image":{"@id":"https:\/\/madabouthorror.co.uk\/product\/giant-spider-web-with-spider\/#primaryimage"},"thumbnailUrl":"https:\/\/madabouthorror.co.uk\/wp-content\/uploads\/2022\/06\/GUEST_36dc480a-201c-4471-9a55-33eeabc70087.webp","datePublished":"2022-06-23T16:03:09+00:00","dateModified":"2026-02-10T12:41:04+00:00","description":"Parcourez nos accessoires anim\u00e9s pour Halloween. Une vaste gamme de masques, de d\u00e9cors et d'accessoires d'Halloween. Achetez aupr\u00e8s du sp\u00e9cialiste britannique de l'Halloween et de l'horreur.","breadcrumb":{"@id":"https:\/\/madabouthorror.co.uk\/product\/giant-spider-web-with-spider\/#breadcrumb"},"inLanguage":"fr-FR","potentialAction":[{"@type":"ReadAction","target":["https:\/\/madabouthorror.co.uk\/product\/giant-spider-web-with-spider\/"]}]},{"@type":"ImageObject","inLanguage":"fr-FR","@id":"https:\/\/madabouthorror.co.uk\/product\/giant-spider-web-with-spider\/#primaryimage","url":"https:\/\/madabouthorror.co.uk\/wp-content\/uploads\/2022\/06\/GUEST_36dc480a-201c-4471-9a55-33eeabc70087.webp","contentUrl":"https:\/\/madabouthorror.co.uk\/wp-content\/uploads\/2022\/06\/GUEST_36dc480a-201c-4471-9a55-33eeabc70087.webp","width":800,"height":800,"caption":"giant spider on web"},{"@type":"BreadcrumbList","@id":"https:\/\/madabouthorror.co.uk\/product\/giant-spider-web-with-spider\/#breadcrumb","itemListElement":[{"@type":"ListItem","position":1,"name":"Shop","item":"https:\/\/madabouthorror.co.uk\/shop\/"},{"@type":"ListItem","position":2,"name":"Giant Spider Web With Spider"}]},{"@type":"WebSite","@id":"https:\/\/madabouthorror.co.uk\/#website","url":"https:\/\/madabouthorror.co.uk\/","name":"L'horreur en folie","description":"","publisher":{"@id":"https:\/\/madabouthorror.co.uk\/#organization"},"alternateName":"Mad About Horror Limited","potentialAction":[{"@type":"SearchAction","target":{"@type":"EntryPoint","urlTemplate":"https:\/\/madabouthorror.co.uk\/?s={search_term_string}"},"query-input":{"@type":"PropertyValueSpecification","valueRequired":true,"valueName":"search_term_string"}}],"inLanguage":"fr-FR"},{"@type":"Organization","@id":"https:\/\/madabouthorror.co.uk\/#organization","name":"L'horreur en folie","url":"https:\/\/madabouthorror.co.uk\/","logo":{"@type":"ImageObject","inLanguage":"fr-FR","@id":"https:\/\/madabouthorror.co.uk\/#\/schema\/logo\/image\/","url":"https:\/\/madabouthorror.co.uk\/wp-content\/uploads\/2024\/02\/cropped-Logo.png","contentUrl":"https:\/\/madabouthorror.co.uk\/wp-content\/uploads\/2024\/02\/cropped-Logo.png","width":240,"height":88,"caption":"Mad About Horror"},"image":{"@id":"https:\/\/madabouthorror.co.uk\/#\/schema\/logo\/image\/"},"sameAs":["https:\/\/www.facebook.com\/madabouthorror\/","https:\/\/www.instagram.com\/madabouthorror\/","https:\/\/www.pinterest.co.uk\/madabouthorror\/","https:\/\/www.youtube.com\/channel\/UCBooLOIxjoQ89dj6T5lWm_w","https:\/\/www.tiktok.com\/@weremadabouthorror"]}]}},"df_price":24.95,"df_sale_price":"","df_regular_price":24.95,"df_image_link":"https:\/\/madabouthorror.co.uk\/wp-content\/uploads\/2022\/06\/GUEST_36dc480a-201c-4471-9a55-33eeabc70087-300x300.webp","_links":{"self":[{"href":"https:\/\/madabouthorror.co.uk\/fr\/wp-json\/wp\/v2\/product\/53606","targetHints":{"allow":["GET"]}}],"collection":[{"href":"https:\/\/madabouthorror.co.uk\/fr\/wp-json\/wp\/v2\/product"}],"about":[{"href":"https:\/\/madabouthorror.co.uk\/fr\/wp-json\/wp\/v2\/types\/product"}],"replies":[{"embeddable":true,"href":"https:\/\/madabouthorror.co.uk\/fr\/wp-json\/wp\/v2\/comments?post=53606"}],"wp:featuredmedia":[{"embeddable":true,"href":"https:\/\/madabouthorror.co.uk\/fr\/wp-json\/wp\/v2\/media\/562070"}],"wp:attachment":[{"href":"https:\/\/madabouthorror.co.uk\/fr\/wp-json\/wp\/v2\/media?parent=53606"}],"wp:term":[{"taxonomy":"product_brand","embeddable":true,"href":"https:\/\/madabouthorror.co.uk\/fr\/wp-json\/wp\/v2\/product_brand?post=53606"},{"taxonomy":"product_cat","embeddable":true,"href":"https:\/\/madabouthorror.co.uk\/fr\/wp-json\/wp\/v2\/product_cat?post=53606"},{"taxonomy":"product_tag","embeddable":true,"href":"https:\/\/madabouthorror.co.uk\/fr\/wp-json\/wp\/v2\/product_tag?post=53606"}],"curies":[{"name":"wp","href":"https:\/\/api.w.org\/{rel}","templated":true}]}}