{"id":53736,"date":"2022-07-04T16:22:18","date_gmt":"2022-07-04T15:22:18","guid":{"rendered":"https:\/\/mah.6bdv.ws\/product\/skeleton-in-spider-cocoon\/"},"modified":"2026-02-10T13:26:15","modified_gmt":"2026-02-10T13:26:15","slug":"skeleton-in-spider-cocoon","status":"publish","type":"product","link":"https:\/\/madabouthorror.co.uk\/fr\/product\/skeleton-in-spider-cocoon\/","title":{"rendered":"Squelette dans un cocon d'araign\u00e9e"},"content":{"rendered":"<p>Effrayant cadavre humain en toile d'araign\u00e9e, suspendu \u00e0 la lumi\u00e8re vive, qui a \u00e9t\u00e9 enseveli comme une momie envelopp\u00e9e.<\/p>\n<p>La victime envelopp\u00e9e est suspendue par la t\u00eate ou par les pieds \u00e0 l'aide d'une ficelle. Il a l'air effrayant lorsqu'il est accroch\u00e9 n'importe o\u00f9 dans une maison hant\u00e9e effrayante, une sc\u00e8ne de cimeti\u00e8re, des arbres et des entr\u00e9es. C'est une excellente touche finale pour ajouter un peu plus d'effroi \u00e0 la nuit des chasseurs de bonbons lorsqu'il est suspendu pr\u00e8s d'un bol \u00e0 bonbons ou expos\u00e9 lors d'une f\u00eate.<\/p>\n<div id=\"productDetailMain\" class=\"bg-white-container mb-30\">\n<div class=\"flex-row clearfix\">\n<div class=\"main-product-info\">\n<div>\n<div class=\"fix features-benefits square-list pb-30 ng-scope\">\n<h5 class=\"tab-title title-border\">Caract\u00e9ristiques<\/h5>\n<div class=\"col-lg-12 col-md-12 col-sm-12\">\n<ul>\n<li class=\"ng-binding ng-scope\" style=\"box-sizing: border-box; list-style: square; line-height: 25px; border-top-left-radius: 0px !important; border-top-right-radius: 0px !important; border-bottom-right-radius: 0px !important; border-bottom-left-radius: 0px !important;\">1,5 m de haut<\/li>\n<li class=\"ng-binding ng-scope\" style=\"box-sizing: border-box; list-style: square; line-height: 25px; border-top-left-radius: 0px !important; border-top-right-radius: 0px !important; border-bottom-right-radius: 0px !important; border-bottom-left-radius: 0px !important;\">Les yeux s'illuminent<\/li>\n<li class=\"ng-binding ng-scope\" style=\"box-sizing: border-box; list-style: square; line-height: 25px; border-top-left-radius: 0px !important; border-top-right-radius: 0px !important; border-bottom-right-radius: 0px !important; border-bottom-left-radius: 0px !important;\">Recouvert de fausse soie d'araign\u00e9e<\/li>\n<li class=\"ng-binding ng-scope\" style=\"box-sizing: border-box; list-style: square; line-height: 25px; border-top-left-radius: 0px !important; border-top-right-radius: 0px !important; border-bottom-right-radius: 0px !important; border-bottom-left-radius: 0px !important;\">S'accroche facilement \u00e0 l'envers<\/li>\n<li class=\"ng-binding ng-scope\" style=\"box-sizing: border-box; list-style: square; line-height: 25px; border-top-left-radius: 0px !important; border-top-right-radius: 0px !important; border-bottom-right-radius: 0px !important; border-bottom-left-radius: 0px !important;\">Utilisation en int\u00e9rieur ou en ext\u00e9rieur couvert<\/li>\n<\/ul>\n<\/div>\n<\/div>\n<\/div>\n<div>\n<div class=\"single-pro-slider single-sml-photo slider-nav slick-initialized slick-slider\">\n<div class=\"slick-list draggable\">\n<div class=\"slick-track\">\n<div class=\"slick-slide slick-current slick-active\" data-slick-index=\"0\" aria-hidden=\"false\">\n<div>\n<div id=\"17945\" class=\"ng-scope\"><img decoding=\"async\" src=\"https:\/\/www.morriscostumes.com\/product\/morrisadmin\/AllFiles\/ProductImage\/SS83919\/SS83919.jpg\" alt=\"\" \/><\/div>\n<\/div>\n<\/div>\n<\/div>\n<\/div>\n<\/div>\n<\/div>\n<\/div>\n<\/div>\n<\/div>","protected":false},"excerpt":{"rendered":"<p>Effrayant cadavre humain en toile d'araign\u00e9e, suspendu \u00e0 la lumi\u00e8re vive, qui a \u00e9t\u00e9 enferm\u00e9 comme une momie envelopp\u00e9e. La victime envelopp\u00e9e est suspendue par la t\u00eate ou par les pieds \u00e0 l'aide d'une ficelle. Il a l'air effrayant lorsqu'il est accroch\u00e9 n'importe o\u00f9 dans une maison hant\u00e9e effrayante, une sc\u00e8ne de cimeti\u00e8re, des arbres et des entr\u00e9es. C'est une excellente touche finale [...]<\/p>","protected":false},"featured_media":53735,"comment_status":"closed","ping_status":"closed","template":"","meta":{"_acf_changed":false},"product_brand":[],"product_cat":[6550,6547,6549,6548],"product_tag":[9992],"class_list":{"0":"post-53736","1":"product","2":"type-product","3":"status-publish","4":"has-post-thumbnail","6":"product_cat-graveyard-decorations","7":"product_cat-decorations","8":"product_cat-haunted-house","9":"product_cat-skeleton-decorations","10":"product_tag-haunted-house","11":"pa_brand-other","12":"pa_character-other","13":"pa_google_tax-ba-artsentertainmenthobbiescr","15":"first","16":"instock","17":"taxable","18":"shipping-taxable","19":"purchasable","20":"product-type-simple"},"supplier_id":null,"supplier_sku":"","barcode":"762543839195","atum_controlled":true,"out_stock_date":null,"out_stock_threshold":null,"inheritable":false,"inbound_stock":0,"stock_on_hold":0,"sold_today":0,"sales_last_days":0,"reserved_stock":0,"customer_returns":0,"warehouse_damage":0,"lost_in_post":0,"other_logs":0,"out_stock_days":0,"lost_sales":0,"has_location":false,"update_date":"2026-04-30T00:43:06","atum_locations":[],"atum_stock_status":"instock","restock_status":false,"low_stock_amount":"","sales_update_date":"2026-04-30T00:43:05","calc_backorders":null,"acf":[],"yoast_head":"<!-- This site is optimized with the Yoast SEO plugin v27.5 - https:\/\/yoast.com\/product\/yoast-seo-wordpress\/ -->\n<title>Skeleton in Spider Cocoon - Halloween<\/title>\n<meta name=\"description\" content=\"Huge range of horror and Halloween merchandise, props &amp; masks for collectors and Halloween fans. Everyday is Halloween! UK stock, fast delivery.\" \/>\n<meta name=\"robots\" content=\"index, follow, max-snippet:-1, max-image-preview:large, max-video-preview:-1\" \/>\n<link rel=\"canonical\" href=\"https:\/\/madabouthorror.co.uk\/fr\/product\/skeleton-in-spider-cocoon\/\" \/>\n<meta property=\"og:locale\" content=\"fr_FR\" \/>\n<meta property=\"og:type\" content=\"article\" \/>\n<meta property=\"og:title\" content=\"Skeleton in Spider Cocoon - Halloween\" \/>\n<meta property=\"og:description\" content=\"Huge range of horror and Halloween merchandise, props &amp; masks for collectors and Halloween fans. Everyday is Halloween! UK stock, fast delivery.\" \/>\n<meta property=\"og:url\" content=\"https:\/\/madabouthorror.co.uk\/fr\/product\/skeleton-in-spider-cocoon\/\" \/>\n<meta property=\"og:site_name\" content=\"Mad About Horror\" \/>\n<meta property=\"article:publisher\" content=\"https:\/\/www.facebook.com\/madabouthorror\/\" \/>\n<meta property=\"article:modified_time\" content=\"2026-02-10T13:26:15+00:00\" \/>\n<meta property=\"og:image\" content=\"https:\/\/madabouthorror.co.uk\/wp-content\/uploads\/2022\/07\/hanging_skeleton_in_spider_cocoon.jpg\" \/>\n\t<meta property=\"og:image:width\" content=\"670\" \/>\n\t<meta property=\"og:image:height\" content=\"670\" \/>\n\t<meta property=\"og:image:type\" content=\"image\/jpeg\" \/>\n<meta name=\"twitter:card\" content=\"summary_large_image\" \/>\n<meta name=\"twitter:label1\" content=\"Dur\u00e9e de lecture estim\u00e9e\" \/>\n\t<meta name=\"twitter:data1\" content=\"1 minute\" \/>\n<script type=\"application\/ld+json\" class=\"yoast-schema-graph\">{\"@context\":\"https:\\\/\\\/schema.org\",\"@graph\":[{\"@type\":[\"WebPage\",\"ItemPage\"],\"@id\":\"https:\\\/\\\/madabouthorror.co.uk\\\/product\\\/skeleton-in-spider-cocoon\\\/\",\"url\":\"https:\\\/\\\/madabouthorror.co.uk\\\/product\\\/skeleton-in-spider-cocoon\\\/\",\"name\":\"Skeleton in Spider Cocoon - Halloween\",\"isPartOf\":{\"@id\":\"https:\\\/\\\/madabouthorror.co.uk\\\/#website\"},\"primaryImageOfPage\":{\"@id\":\"https:\\\/\\\/madabouthorror.co.uk\\\/product\\\/skeleton-in-spider-cocoon\\\/#primaryimage\"},\"image\":{\"@id\":\"https:\\\/\\\/madabouthorror.co.uk\\\/product\\\/skeleton-in-spider-cocoon\\\/#primaryimage\"},\"thumbnailUrl\":\"https:\\\/\\\/madabouthorror.co.uk\\\/wp-content\\\/uploads\\\/2022\\\/07\\\/hanging_skeleton_in_spider_cocoon.jpg\",\"datePublished\":\"2022-07-04T15:22:18+00:00\",\"dateModified\":\"2026-02-10T13:26:15+00:00\",\"description\":\"Huge range of horror and Halloween merchandise, props & masks for collectors and Halloween fans. Everyday is Halloween! UK stock, fast delivery.\",\"breadcrumb\":{\"@id\":\"https:\\\/\\\/madabouthorror.co.uk\\\/product\\\/skeleton-in-spider-cocoon\\\/#breadcrumb\"},\"inLanguage\":\"fr-FR\",\"potentialAction\":[{\"@type\":\"ReadAction\",\"target\":[\"https:\\\/\\\/madabouthorror.co.uk\\\/product\\\/skeleton-in-spider-cocoon\\\/\"]}]},{\"@type\":\"ImageObject\",\"inLanguage\":\"fr-FR\",\"@id\":\"https:\\\/\\\/madabouthorror.co.uk\\\/product\\\/skeleton-in-spider-cocoon\\\/#primaryimage\",\"url\":\"https:\\\/\\\/madabouthorror.co.uk\\\/wp-content\\\/uploads\\\/2022\\\/07\\\/hanging_skeleton_in_spider_cocoon.jpg\",\"contentUrl\":\"https:\\\/\\\/madabouthorror.co.uk\\\/wp-content\\\/uploads\\\/2022\\\/07\\\/hanging_skeleton_in_spider_cocoon.jpg\",\"width\":670,\"height\":670,\"caption\":\"Skeleton in Spider Cocoon\"},{\"@type\":\"BreadcrumbList\",\"@id\":\"https:\\\/\\\/madabouthorror.co.uk\\\/product\\\/skeleton-in-spider-cocoon\\\/#breadcrumb\",\"itemListElement\":[{\"@type\":\"ListItem\",\"position\":1,\"name\":\"Shop\",\"item\":\"https:\\\/\\\/madabouthorror.co.uk\\\/shop\\\/\"},{\"@type\":\"ListItem\",\"position\":2,\"name\":\"Skeleton in Spider Cocoon\"}]},{\"@type\":\"WebSite\",\"@id\":\"https:\\\/\\\/madabouthorror.co.uk\\\/#website\",\"url\":\"https:\\\/\\\/madabouthorror.co.uk\\\/\",\"name\":\"Mad About Horror\",\"description\":\"\",\"publisher\":{\"@id\":\"https:\\\/\\\/madabouthorror.co.uk\\\/#organization\"},\"alternateName\":\"Mad About Horror Limited\",\"potentialAction\":[{\"@type\":\"SearchAction\",\"target\":{\"@type\":\"EntryPoint\",\"urlTemplate\":\"https:\\\/\\\/madabouthorror.co.uk\\\/?s={search_term_string}\"},\"query-input\":{\"@type\":\"PropertyValueSpecification\",\"valueRequired\":true,\"valueName\":\"search_term_string\"}}],\"inLanguage\":\"fr-FR\"},{\"@type\":\"Organization\",\"@id\":\"https:\\\/\\\/madabouthorror.co.uk\\\/#organization\",\"name\":\"Mad About Horror\",\"url\":\"https:\\\/\\\/madabouthorror.co.uk\\\/\",\"logo\":{\"@type\":\"ImageObject\",\"inLanguage\":\"fr-FR\",\"@id\":\"https:\\\/\\\/madabouthorror.co.uk\\\/#\\\/schema\\\/logo\\\/image\\\/\",\"url\":\"https:\\\/\\\/madabouthorror.co.uk\\\/wp-content\\\/uploads\\\/2024\\\/02\\\/cropped-Logo.png\",\"contentUrl\":\"https:\\\/\\\/madabouthorror.co.uk\\\/wp-content\\\/uploads\\\/2024\\\/02\\\/cropped-Logo.png\",\"width\":240,\"height\":88,\"caption\":\"Mad About Horror\"},\"image\":{\"@id\":\"https:\\\/\\\/madabouthorror.co.uk\\\/#\\\/schema\\\/logo\\\/image\\\/\"},\"sameAs\":[\"https:\\\/\\\/www.facebook.com\\\/madabouthorror\\\/\",\"https:\\\/\\\/www.instagram.com\\\/madabouthorror\\\/\",\"https:\\\/\\\/www.pinterest.co.uk\\\/madabouthorror\\\/\",\"https:\\\/\\\/www.youtube.com\\\/channel\\\/UCBooLOIxjoQ89dj6T5lWm_w\",\"https:\\\/\\\/www.tiktok.com\\\/@weremadabouthorror\"]}]}<\/script>\n<!-- \/ Yoast SEO plugin. -->","yoast_head_json":{"title":"Squelette dans un cocon d'araign\u00e9e - Halloween","description":"Vaste gamme de produits d'horreur et d'Halloween, d'accessoires et de masques pour les collectionneurs et les fans d'Halloween. Halloween, c'est tous les jours ! Stock britannique, livraison rapide.","robots":{"index":"index","follow":"follow","max-snippet":"max-snippet:-1","max-image-preview":"max-image-preview:large","max-video-preview":"max-video-preview:-1"},"canonical":"https:\/\/madabouthorror.co.uk\/fr\/product\/skeleton-in-spider-cocoon\/","og_locale":"fr_FR","og_type":"article","og_title":"Skeleton in Spider Cocoon - Halloween","og_description":"Huge range of horror and Halloween merchandise, props & masks for collectors and Halloween fans. Everyday is Halloween! UK stock, fast delivery.","og_url":"https:\/\/madabouthorror.co.uk\/fr\/product\/skeleton-in-spider-cocoon\/","og_site_name":"Mad About Horror","article_publisher":"https:\/\/www.facebook.com\/madabouthorror\/","article_modified_time":"2026-02-10T13:26:15+00:00","og_image":[{"width":670,"height":670,"url":"https:\/\/madabouthorror.co.uk\/wp-content\/uploads\/2022\/07\/hanging_skeleton_in_spider_cocoon.jpg","type":"image\/jpeg"}],"twitter_card":"summary_large_image","twitter_misc":{"Dur\u00e9e de lecture estim\u00e9e":"1 minute"},"schema":{"@context":"https:\/\/schema.org","@graph":[{"@type":["WebPage","ItemPage"],"@id":"https:\/\/madabouthorror.co.uk\/product\/skeleton-in-spider-cocoon\/","url":"https:\/\/madabouthorror.co.uk\/product\/skeleton-in-spider-cocoon\/","name":"Squelette dans un cocon d'araign\u00e9e - Halloween","isPartOf":{"@id":"https:\/\/madabouthorror.co.uk\/#website"},"primaryImageOfPage":{"@id":"https:\/\/madabouthorror.co.uk\/product\/skeleton-in-spider-cocoon\/#primaryimage"},"image":{"@id":"https:\/\/madabouthorror.co.uk\/product\/skeleton-in-spider-cocoon\/#primaryimage"},"thumbnailUrl":"https:\/\/madabouthorror.co.uk\/wp-content\/uploads\/2022\/07\/hanging_skeleton_in_spider_cocoon.jpg","datePublished":"2022-07-04T15:22:18+00:00","dateModified":"2026-02-10T13:26:15+00:00","description":"Vaste gamme de produits d'horreur et d'Halloween, d'accessoires et de masques pour les collectionneurs et les fans d'Halloween. Halloween, c'est tous les jours ! Stock britannique, livraison rapide.","breadcrumb":{"@id":"https:\/\/madabouthorror.co.uk\/product\/skeleton-in-spider-cocoon\/#breadcrumb"},"inLanguage":"fr-FR","potentialAction":[{"@type":"ReadAction","target":["https:\/\/madabouthorror.co.uk\/product\/skeleton-in-spider-cocoon\/"]}]},{"@type":"ImageObject","inLanguage":"fr-FR","@id":"https:\/\/madabouthorror.co.uk\/product\/skeleton-in-spider-cocoon\/#primaryimage","url":"https:\/\/madabouthorror.co.uk\/wp-content\/uploads\/2022\/07\/hanging_skeleton_in_spider_cocoon.jpg","contentUrl":"https:\/\/madabouthorror.co.uk\/wp-content\/uploads\/2022\/07\/hanging_skeleton_in_spider_cocoon.jpg","width":670,"height":670,"caption":"Skeleton in Spider Cocoon"},{"@type":"BreadcrumbList","@id":"https:\/\/madabouthorror.co.uk\/product\/skeleton-in-spider-cocoon\/#breadcrumb","itemListElement":[{"@type":"ListItem","position":1,"name":"Shop","item":"https:\/\/madabouthorror.co.uk\/shop\/"},{"@type":"ListItem","position":2,"name":"Skeleton in Spider Cocoon"}]},{"@type":"WebSite","@id":"https:\/\/madabouthorror.co.uk\/#website","url":"https:\/\/madabouthorror.co.uk\/","name":"L'horreur en folie","description":"","publisher":{"@id":"https:\/\/madabouthorror.co.uk\/#organization"},"alternateName":"Mad About Horror Limited","potentialAction":[{"@type":"SearchAction","target":{"@type":"EntryPoint","urlTemplate":"https:\/\/madabouthorror.co.uk\/?s={search_term_string}"},"query-input":{"@type":"PropertyValueSpecification","valueRequired":true,"valueName":"search_term_string"}}],"inLanguage":"fr-FR"},{"@type":"Organization","@id":"https:\/\/madabouthorror.co.uk\/#organization","name":"L'horreur en folie","url":"https:\/\/madabouthorror.co.uk\/","logo":{"@type":"ImageObject","inLanguage":"fr-FR","@id":"https:\/\/madabouthorror.co.uk\/#\/schema\/logo\/image\/","url":"https:\/\/madabouthorror.co.uk\/wp-content\/uploads\/2024\/02\/cropped-Logo.png","contentUrl":"https:\/\/madabouthorror.co.uk\/wp-content\/uploads\/2024\/02\/cropped-Logo.png","width":240,"height":88,"caption":"Mad About Horror"},"image":{"@id":"https:\/\/madabouthorror.co.uk\/#\/schema\/logo\/image\/"},"sameAs":["https:\/\/www.facebook.com\/madabouthorror\/","https:\/\/www.instagram.com\/madabouthorror\/","https:\/\/www.pinterest.co.uk\/madabouthorror\/","https:\/\/www.youtube.com\/channel\/UCBooLOIxjoQ89dj6T5lWm_w","https:\/\/www.tiktok.com\/@weremadabouthorror"]}]}},"df_price":44.95,"df_sale_price":"","df_regular_price":44.95,"df_image_link":"https:\/\/madabouthorror.co.uk\/wp-content\/uploads\/2022\/07\/hanging_skeleton_in_spider_cocoon-300x300.jpg","_links":{"self":[{"href":"https:\/\/madabouthorror.co.uk\/fr\/wp-json\/wp\/v2\/product\/53736","targetHints":{"allow":["GET"]}}],"collection":[{"href":"https:\/\/madabouthorror.co.uk\/fr\/wp-json\/wp\/v2\/product"}],"about":[{"href":"https:\/\/madabouthorror.co.uk\/fr\/wp-json\/wp\/v2\/types\/product"}],"replies":[{"embeddable":true,"href":"https:\/\/madabouthorror.co.uk\/fr\/wp-json\/wp\/v2\/comments?post=53736"}],"wp:featuredmedia":[{"embeddable":true,"href":"https:\/\/madabouthorror.co.uk\/fr\/wp-json\/wp\/v2\/media\/53735"}],"wp:attachment":[{"href":"https:\/\/madabouthorror.co.uk\/fr\/wp-json\/wp\/v2\/media?parent=53736"}],"wp:term":[{"taxonomy":"product_brand","embeddable":true,"href":"https:\/\/madabouthorror.co.uk\/fr\/wp-json\/wp\/v2\/product_brand?post=53736"},{"taxonomy":"product_cat","embeddable":true,"href":"https:\/\/madabouthorror.co.uk\/fr\/wp-json\/wp\/v2\/product_cat?post=53736"},{"taxonomy":"product_tag","embeddable":true,"href":"https:\/\/madabouthorror.co.uk\/fr\/wp-json\/wp\/v2\/product_tag?post=53736"}],"curies":[{"name":"wp","href":"https:\/\/api.w.org\/{rel}","templated":true}]}}