{"id":53744,"date":"2022-07-06T11:08:55","date_gmt":"2022-07-06T10:08:55","guid":{"rendered":"https:\/\/mah.6bdv.ws\/product\/7ft-prowling-jack-animated-halloween-prop-pre-order\/"},"modified":"2026-02-06T15:13:25","modified_gmt":"2026-02-06T15:13:25","slug":"7ft-prowling-jack-animated-halloween-prop","status":"publish","type":"product","link":"https:\/\/madabouthorror.co.uk\/fr\/product\/7ft-prowling-jack-animated-halloween-prop\/","title":{"rendered":"7ft Prowling Jack Animated Halloween Prop"},"content":{"rendered":"<p>Ce Jack r\u00f4deur animatronique est une cr\u00e9ature squelettique g\u00e9ante v\u00eatue de v\u00eatements anciens en lambeaux, tandis qu'il parle d'une voix rauque et mena\u00e7ante. Dans sa main droite, il tient une citrouille orange brillante avec une lumi\u00e8re de projection int\u00e9rieure qui illumine son visage de Jack O Lantern avec des traits anim\u00e9s pendant qu'il parle !<\/p>\n<p>Ensemble, ils rient tout en \u00e9changeant des plaisanteries effrayantes et amusantes. Les yeux et la poitrine de Prowling Jack s'allument, sa m\u00e2choire bouge lorsqu'il parle et son bras gauche bouge d'avant en arri\u00e8re. Cet animatronic Prowling Jack peut \u00eatre activ\u00e9 par un capteur de mouvement infrarouge ou par un pad step-here et peut \u00e9galement \u00eatre programm\u00e9 pour fonctionner en continu ! Il prononce plusieurs phrases pour attirer l'attention et rapprocher les gens, une attraction parfaite pour les maisons hant\u00e9es ou les devantures de magasins. Le montage est simple et rapide. Tout ce dont vous avez besoin pour l'installation est fourni dans un seul paquet, il suffit de glisser les poteaux \u00e0 connexion rapide, d'enclencher les connexions \u00e9lectriques et de brancher le tout au mur. Tout est pr\u00eat !<\/p>\n<p>Phrase #1 : \" Ahhh, voil\u00e0 encore un imb\u00e9cile qui pense qu'il n'y a pas de danger \u00e0 s'approcher si pr\u00e8s de nous ! \"  \"Ha ha, oui, ils ne doivent pas \u00eatre tr\u00e8s intelligents ! C'est vrai, je sens qu'il y a une \u00e2me d\u00e9licieuse l\u00e0-dedans quelque part... J'ai quelques id\u00e9es sur la fa\u00e7on de la faire sortir ! (les deux rient) ha ha ha !<\/p>\n<p>Phrase #2 : \"On n'est jamais trop prudent, il semble y avoir beaucoup de monstres ce soir !\" \"Ouais, il y en a un juste derri\u00e8re toi ! ......(les deux rient) Ha ha ha !  Je t'ai fait regarder ! Un mot pour les vivants, mon pote : C'est \u00e0 nous qu'il ne faut pas tourner le dos !\"<\/p>\n<p>Phrase #3 : \"J'aime les nuits sombres et lugubres, quand les vents amers font craquer votre \u00e2me, et que tous nos amis diaboliques sortent de leur cachette pour terroriser de nouvelles victimes !\"<\/p>\n<p>Et plus encore !<\/p>\n<p><b>Fourni avec un adaptateur secteur britannique<\/b>. <i>N'utilisez que l'adaptateur d'alimentation fourni, car les adaptateurs d'alimentation incorrects peuvent causer des dommages.<\/i><\/p>\n<div>\n<div><b>Pour le porche couvert ou l'int\u00e9rieur.<\/b> <i>Prot\u00e9ger des intemp\u00e9ries en cas d'utilisation \u00e0 l'ext\u00e9rieur et ne pas laisser \u00e0 l'ext\u00e9rieur pendant des p\u00e9riodes prolong\u00e9es.<\/i><\/div>\n<div><\/div>\n<div><b>A noter :<\/b><i> Ces accessoires ne sont pas recommand\u00e9s pour un usage commercial intensif, c'est-\u00e0-dire qu'ils ne doivent pas \u00eatre utilis\u00e9s pendant des p\u00e9riodes prolong\u00e9es, c'est-\u00e0-dire plusieurs jours d'affil\u00e9e. Ils sont con\u00e7us pour \u00eatre utilis\u00e9s \u00e0 l'occasion d'Halloween. Si vous avez des questions \u00e0 ce sujet, n'h\u00e9sitez pas \u00e0 les poser.<\/i><\/div>\n<\/div>","protected":false},"excerpt":{"rendered":"<p>Ce Jack r\u00f4deur animatronique est une cr\u00e9ature squelettique g\u00e9ante v\u00eatue de v\u00eatements anciens en lambeaux, tandis qu'il parle d'une voix rauque et mena\u00e7ante. Dans sa main droite, il tient une citrouille orange brillante avec une lumi\u00e8re de projection int\u00e9rieure qui illumine son visage de Jack O Lantern avec des traits anim\u00e9s pendant qu'il parle ! Ensemble, ils rient en \u00e9changeant des [...]<\/p>","protected":false},"featured_media":52506,"comment_status":"closed","ping_status":"closed","template":"","meta":{"_acf_changed":false},"product_brand":[],"product_cat":[10068,10131,10108,10113,10093,10094,6550,6547,6549,6548,6963,6597,7047,7050,7051],"product_tag":[10000],"class_list":{"0":"post-53744","1":"product","2":"type-product","3":"status-publish","4":"has-post-thumbnail","6":"product_cat-halloween-decorations-2025","7":"product_cat-halloween-gifts","8":"product_cat-light-up-halloween-decorations","9":"product_cat-scarecrow-pumpkin-animatronics","10":"product_cat-indoor-halloween-decorations","11":"product_cat-outdoor-halloween-decorations","12":"product_cat-graveyard-decorations","13":"product_cat-decorations","14":"product_cat-haunted-house","15":"product_cat-skeleton-decorations","16":"product_cat-animatronics","17":"product_cat-pumpkins","18":"product_cat-skeletons-reapers","19":"product_cat-haunted-house-animatronics","20":"product_cat-graveyard-animatronics","21":"product_tag-evil-pumpkin-patch-animatronics","22":"product_shipping_class-eu-bulky-prop","24":"first","25":"instock","26":"taxable","27":"shipping-taxable","28":"purchasable","29":"product-type-simple"},"supplier_id":467908,"supplier_sku":"MR124920","barcode":"842445146390","atum_controlled":true,"out_stock_date":null,"out_stock_threshold":null,"inheritable":false,"inbound_stock":5,"stock_on_hold":0,"sold_today":0,"sales_last_days":0,"reserved_stock":0,"customer_returns":0,"warehouse_damage":0,"lost_in_post":0,"other_logs":0,"out_stock_days":0,"lost_sales":0,"has_location":false,"update_date":"2026-04-14T01:46:03","atum_locations":[],"atum_stock_status":"instock","restock_status":false,"low_stock_amount":"","sales_update_date":"2026-04-14T01:46:02","calc_backorders":null,"acf":[],"yoast_head":"<!-- This site is optimized with the Yoast SEO plugin v27.3 - https:\/\/yoast.com\/product\/yoast-seo-wordpress\/ -->\n<title>Mad About Horror | 7ft Prowling Jack Animated Halloween Prop<\/title>\n<meta name=\"description\" content=\"Can you hear that menacing raspsy voice? That&#039;s the sound of Prowling Jack. Featuring three unique phrases, the Prowling Jack Animated Halloween Prop from Mad About Horror is sure to make his vicitims jump out of their skin!\" \/>\n<meta name=\"robots\" content=\"index, follow, max-snippet:-1, max-image-preview:large, max-video-preview:-1\" \/>\n<link rel=\"canonical\" href=\"https:\/\/madabouthorror.co.uk\/fr\/product\/7ft-prowling-jack-animated-halloween-prop\/\" \/>\n<meta property=\"og:locale\" content=\"fr_FR\" \/>\n<meta property=\"og:type\" content=\"article\" \/>\n<meta property=\"og:title\" content=\"Mad About Horror | 7ft Prowling Jack Animated Halloween Prop\" \/>\n<meta property=\"og:description\" content=\"Can you hear that menacing raspsy voice? That&#039;s the sound of Prowling Jack. Featuring three unique phrases, the Prowling Jack Animated Halloween Prop from Mad About Horror is sure to make his vicitims jump out of their skin!\" \/>\n<meta property=\"og:url\" content=\"https:\/\/madabouthorror.co.uk\/fr\/product\/7ft-prowling-jack-animated-halloween-prop\/\" \/>\n<meta property=\"og:site_name\" content=\"Mad About Horror\" \/>\n<meta property=\"article:publisher\" content=\"https:\/\/www.facebook.com\/madabouthorror\/\" \/>\n<meta property=\"article:modified_time\" content=\"2026-02-06T15:13:25+00:00\" \/>\n<meta property=\"og:image\" content=\"https:\/\/madabouthorror.co.uk\/wp-content\/uploads\/2022\/04\/7ft_jack_stalker_animated_halloween_prop.jpg\" \/>\n\t<meta property=\"og:image:width\" content=\"650\" \/>\n\t<meta property=\"og:image:height\" content=\"650\" \/>\n\t<meta property=\"og:image:type\" content=\"image\/jpeg\" \/>\n<meta name=\"twitter:card\" content=\"summary_large_image\" \/>\n<meta name=\"twitter:label1\" content=\"Dur\u00e9e de lecture estim\u00e9e\" \/>\n\t<meta name=\"twitter:data1\" content=\"2 minutes\" \/>\n<script type=\"application\/ld+json\" class=\"yoast-schema-graph\">{\"@context\":\"https:\\\/\\\/schema.org\",\"@graph\":[{\"@type\":[\"WebPage\",\"ItemPage\"],\"@id\":\"https:\\\/\\\/madabouthorror.co.uk\\\/product\\\/7ft-prowling-jack-animated-halloween-prop\\\/\",\"url\":\"https:\\\/\\\/madabouthorror.co.uk\\\/product\\\/7ft-prowling-jack-animated-halloween-prop\\\/\",\"name\":\"Mad About Horror | 7ft Prowling Jack Animated Halloween Prop\",\"isPartOf\":{\"@id\":\"https:\\\/\\\/madabouthorror.co.uk\\\/#website\"},\"primaryImageOfPage\":{\"@id\":\"https:\\\/\\\/madabouthorror.co.uk\\\/product\\\/7ft-prowling-jack-animated-halloween-prop\\\/#primaryimage\"},\"image\":{\"@id\":\"https:\\\/\\\/madabouthorror.co.uk\\\/product\\\/7ft-prowling-jack-animated-halloween-prop\\\/#primaryimage\"},\"thumbnailUrl\":\"https:\\\/\\\/madabouthorror.co.uk\\\/wp-content\\\/uploads\\\/2022\\\/04\\\/7ft_jack_stalker_animated_halloween_prop.jpg\",\"datePublished\":\"2022-07-06T10:08:55+00:00\",\"dateModified\":\"2026-02-06T15:13:25+00:00\",\"description\":\"Can you hear that menacing raspsy voice? That's the sound of Prowling Jack. Featuring three unique phrases, the Prowling Jack Animated Halloween Prop from Mad About Horror is sure to make his vicitims jump out of their skin!\",\"breadcrumb\":{\"@id\":\"https:\\\/\\\/madabouthorror.co.uk\\\/product\\\/7ft-prowling-jack-animated-halloween-prop\\\/#breadcrumb\"},\"inLanguage\":\"fr-FR\",\"potentialAction\":[{\"@type\":\"ReadAction\",\"target\":[\"https:\\\/\\\/madabouthorror.co.uk\\\/product\\\/7ft-prowling-jack-animated-halloween-prop\\\/\"]}]},{\"@type\":\"ImageObject\",\"inLanguage\":\"fr-FR\",\"@id\":\"https:\\\/\\\/madabouthorror.co.uk\\\/product\\\/7ft-prowling-jack-animated-halloween-prop\\\/#primaryimage\",\"url\":\"https:\\\/\\\/madabouthorror.co.uk\\\/wp-content\\\/uploads\\\/2022\\\/04\\\/7ft_jack_stalker_animated_halloween_prop.jpg\",\"contentUrl\":\"https:\\\/\\\/madabouthorror.co.uk\\\/wp-content\\\/uploads\\\/2022\\\/04\\\/7ft_jack_stalker_animated_halloween_prop.jpg\",\"width\":650,\"height\":650,\"caption\":\"7ft Jack Stalker Animated Halloween Prop\"},{\"@type\":\"BreadcrumbList\",\"@id\":\"https:\\\/\\\/madabouthorror.co.uk\\\/product\\\/7ft-prowling-jack-animated-halloween-prop\\\/#breadcrumb\",\"itemListElement\":[{\"@type\":\"ListItem\",\"position\":1,\"name\":\"Shop\",\"item\":\"https:\\\/\\\/madabouthorror.co.uk\\\/shop\\\/\"},{\"@type\":\"ListItem\",\"position\":2,\"name\":\"7ft Prowling Jack Animated Halloween Prop\"}]},{\"@type\":\"WebSite\",\"@id\":\"https:\\\/\\\/madabouthorror.co.uk\\\/#website\",\"url\":\"https:\\\/\\\/madabouthorror.co.uk\\\/\",\"name\":\"Mad About Horror\",\"description\":\"\",\"publisher\":{\"@id\":\"https:\\\/\\\/madabouthorror.co.uk\\\/#organization\"},\"alternateName\":\"Mad About Horror Limited\",\"potentialAction\":[{\"@type\":\"SearchAction\",\"target\":{\"@type\":\"EntryPoint\",\"urlTemplate\":\"https:\\\/\\\/madabouthorror.co.uk\\\/?s={search_term_string}\"},\"query-input\":{\"@type\":\"PropertyValueSpecification\",\"valueRequired\":true,\"valueName\":\"search_term_string\"}}],\"inLanguage\":\"fr-FR\"},{\"@type\":\"Organization\",\"@id\":\"https:\\\/\\\/madabouthorror.co.uk\\\/#organization\",\"name\":\"Mad About Horror\",\"url\":\"https:\\\/\\\/madabouthorror.co.uk\\\/\",\"logo\":{\"@type\":\"ImageObject\",\"inLanguage\":\"fr-FR\",\"@id\":\"https:\\\/\\\/madabouthorror.co.uk\\\/#\\\/schema\\\/logo\\\/image\\\/\",\"url\":\"https:\\\/\\\/madabouthorror.co.uk\\\/wp-content\\\/uploads\\\/2024\\\/02\\\/cropped-Logo.png\",\"contentUrl\":\"https:\\\/\\\/madabouthorror.co.uk\\\/wp-content\\\/uploads\\\/2024\\\/02\\\/cropped-Logo.png\",\"width\":240,\"height\":88,\"caption\":\"Mad About Horror\"},\"image\":{\"@id\":\"https:\\\/\\\/madabouthorror.co.uk\\\/#\\\/schema\\\/logo\\\/image\\\/\"},\"sameAs\":[\"https:\\\/\\\/www.facebook.com\\\/madabouthorror\\\/\",\"https:\\\/\\\/www.instagram.com\\\/madabouthorror\\\/\",\"https:\\\/\\\/www.pinterest.co.uk\\\/madabouthorror\\\/\",\"https:\\\/\\\/www.youtube.com\\\/channel\\\/UCBooLOIxjoQ89dj6T5lWm_w\",\"https:\\\/\\\/www.tiktok.com\\\/@weremadabouthorror\"]}]}<\/script>\n<!-- \/ Yoast SEO plugin. -->","yoast_head_json":{"title":"Mad About Horror - Jack r\u00f4deur de 7 pieds, accessoire d'Halloween anim\u00e9","description":"Entendez-vous cette voix mena\u00e7ante de gitan ? C'est le son de Jack le R\u00f4deur. Dot\u00e9 de trois phrases uniques, l'accessoire d'Halloween anim\u00e9 Prowling Jack de Mad About Horror ne manquera pas de faire sursauter ses victimes !","robots":{"index":"index","follow":"follow","max-snippet":"max-snippet:-1","max-image-preview":"max-image-preview:large","max-video-preview":"max-video-preview:-1"},"canonical":"https:\/\/madabouthorror.co.uk\/fr\/product\/7ft-prowling-jack-animated-halloween-prop\/","og_locale":"fr_FR","og_type":"article","og_title":"Mad About Horror | 7ft Prowling Jack Animated Halloween Prop","og_description":"Can you hear that menacing raspsy voice? That's the sound of Prowling Jack. Featuring three unique phrases, the Prowling Jack Animated Halloween Prop from Mad About Horror is sure to make his vicitims jump out of their skin!","og_url":"https:\/\/madabouthorror.co.uk\/fr\/product\/7ft-prowling-jack-animated-halloween-prop\/","og_site_name":"Mad About Horror","article_publisher":"https:\/\/www.facebook.com\/madabouthorror\/","article_modified_time":"2026-02-06T15:13:25+00:00","og_image":[{"width":650,"height":650,"url":"https:\/\/madabouthorror.co.uk\/wp-content\/uploads\/2022\/04\/7ft_jack_stalker_animated_halloween_prop.jpg","type":"image\/jpeg"}],"twitter_card":"summary_large_image","twitter_misc":{"Dur\u00e9e de lecture estim\u00e9e":"2 minutes"},"schema":{"@context":"https:\/\/schema.org","@graph":[{"@type":["WebPage","ItemPage"],"@id":"https:\/\/madabouthorror.co.uk\/product\/7ft-prowling-jack-animated-halloween-prop\/","url":"https:\/\/madabouthorror.co.uk\/product\/7ft-prowling-jack-animated-halloween-prop\/","name":"Mad About Horror - Jack r\u00f4deur de 7 pieds, accessoire d'Halloween anim\u00e9","isPartOf":{"@id":"https:\/\/madabouthorror.co.uk\/#website"},"primaryImageOfPage":{"@id":"https:\/\/madabouthorror.co.uk\/product\/7ft-prowling-jack-animated-halloween-prop\/#primaryimage"},"image":{"@id":"https:\/\/madabouthorror.co.uk\/product\/7ft-prowling-jack-animated-halloween-prop\/#primaryimage"},"thumbnailUrl":"https:\/\/madabouthorror.co.uk\/wp-content\/uploads\/2022\/04\/7ft_jack_stalker_animated_halloween_prop.jpg","datePublished":"2022-07-06T10:08:55+00:00","dateModified":"2026-02-06T15:13:25+00:00","description":"Entendez-vous cette voix mena\u00e7ante de gitan ? C'est le son de Jack le R\u00f4deur. Dot\u00e9 de trois phrases uniques, l'accessoire d'Halloween anim\u00e9 Prowling Jack de Mad About Horror ne manquera pas de faire sursauter ses victimes !","breadcrumb":{"@id":"https:\/\/madabouthorror.co.uk\/product\/7ft-prowling-jack-animated-halloween-prop\/#breadcrumb"},"inLanguage":"fr-FR","potentialAction":[{"@type":"ReadAction","target":["https:\/\/madabouthorror.co.uk\/product\/7ft-prowling-jack-animated-halloween-prop\/"]}]},{"@type":"ImageObject","inLanguage":"fr-FR","@id":"https:\/\/madabouthorror.co.uk\/product\/7ft-prowling-jack-animated-halloween-prop\/#primaryimage","url":"https:\/\/madabouthorror.co.uk\/wp-content\/uploads\/2022\/04\/7ft_jack_stalker_animated_halloween_prop.jpg","contentUrl":"https:\/\/madabouthorror.co.uk\/wp-content\/uploads\/2022\/04\/7ft_jack_stalker_animated_halloween_prop.jpg","width":650,"height":650,"caption":"7ft Jack Stalker Animated Halloween Prop"},{"@type":"BreadcrumbList","@id":"https:\/\/madabouthorror.co.uk\/product\/7ft-prowling-jack-animated-halloween-prop\/#breadcrumb","itemListElement":[{"@type":"ListItem","position":1,"name":"Shop","item":"https:\/\/madabouthorror.co.uk\/shop\/"},{"@type":"ListItem","position":2,"name":"7ft Prowling Jack Animated Halloween Prop"}]},{"@type":"WebSite","@id":"https:\/\/madabouthorror.co.uk\/#website","url":"https:\/\/madabouthorror.co.uk\/","name":"L'horreur en folie","description":"","publisher":{"@id":"https:\/\/madabouthorror.co.uk\/#organization"},"alternateName":"Mad About Horror Limited","potentialAction":[{"@type":"SearchAction","target":{"@type":"EntryPoint","urlTemplate":"https:\/\/madabouthorror.co.uk\/?s={search_term_string}"},"query-input":{"@type":"PropertyValueSpecification","valueRequired":true,"valueName":"search_term_string"}}],"inLanguage":"fr-FR"},{"@type":"Organization","@id":"https:\/\/madabouthorror.co.uk\/#organization","name":"L'horreur en folie","url":"https:\/\/madabouthorror.co.uk\/","logo":{"@type":"ImageObject","inLanguage":"fr-FR","@id":"https:\/\/madabouthorror.co.uk\/#\/schema\/logo\/image\/","url":"https:\/\/madabouthorror.co.uk\/wp-content\/uploads\/2024\/02\/cropped-Logo.png","contentUrl":"https:\/\/madabouthorror.co.uk\/wp-content\/uploads\/2024\/02\/cropped-Logo.png","width":240,"height":88,"caption":"Mad About Horror"},"image":{"@id":"https:\/\/madabouthorror.co.uk\/#\/schema\/logo\/image\/"},"sameAs":["https:\/\/www.facebook.com\/madabouthorror\/","https:\/\/www.instagram.com\/madabouthorror\/","https:\/\/www.pinterest.co.uk\/madabouthorror\/","https:\/\/www.youtube.com\/channel\/UCBooLOIxjoQ89dj6T5lWm_w","https:\/\/www.tiktok.com\/@weremadabouthorror"]}]}},"df_price":572.87,"df_sale_price":"","df_regular_price":572.87,"df_image_link":"https:\/\/madabouthorror.co.uk\/wp-content\/uploads\/2022\/04\/7ft_jack_stalker_animated_halloween_prop-300x300.jpg","_links":{"self":[{"href":"https:\/\/madabouthorror.co.uk\/fr\/wp-json\/wp\/v2\/product\/53744","targetHints":{"allow":["GET"]}}],"collection":[{"href":"https:\/\/madabouthorror.co.uk\/fr\/wp-json\/wp\/v2\/product"}],"about":[{"href":"https:\/\/madabouthorror.co.uk\/fr\/wp-json\/wp\/v2\/types\/product"}],"replies":[{"embeddable":true,"href":"https:\/\/madabouthorror.co.uk\/fr\/wp-json\/wp\/v2\/comments?post=53744"}],"wp:featuredmedia":[{"embeddable":true,"href":"https:\/\/madabouthorror.co.uk\/fr\/wp-json\/wp\/v2\/media\/52506"}],"wp:attachment":[{"href":"https:\/\/madabouthorror.co.uk\/fr\/wp-json\/wp\/v2\/media?parent=53744"}],"wp:term":[{"taxonomy":"product_brand","embeddable":true,"href":"https:\/\/madabouthorror.co.uk\/fr\/wp-json\/wp\/v2\/product_brand?post=53744"},{"taxonomy":"product_cat","embeddable":true,"href":"https:\/\/madabouthorror.co.uk\/fr\/wp-json\/wp\/v2\/product_cat?post=53744"},{"taxonomy":"product_tag","embeddable":true,"href":"https:\/\/madabouthorror.co.uk\/fr\/wp-json\/wp\/v2\/product_tag?post=53744"}],"curies":[{"name":"wp","href":"https:\/\/api.w.org\/{rel}","templated":true}]}}