{"id":538658,"date":"2025-06-02T13:06:29","date_gmt":"2025-06-02T12:06:29","guid":{"rendered":"https:\/\/madabouthorror.co.uk\/?post_type=product&#038;p=538658"},"modified":"2026-04-29T16:19:46","modified_gmt":"2026-04-29T15:19:46","slug":"6ft-chained-zombie-halloween-animated-prop","status":"publish","type":"product","link":"https:\/\/madabouthorror.co.uk\/fr\/product\/6ft-chained-zombie-halloween-animated-prop\/","title":{"rendered":"6ft Zombie encha\u00een\u00e9 Halloween Animated Prop"},"content":{"rendered":"<p data-start=\"330\" data-end=\"699\">Apportez l'apocalypse \u00e0 votre porte avec le d\u00e9cor anim\u00e9 de zombie encha\u00een\u00e9 de 1,8 m pour Halloween, un gardien mort-vivant d'un r\u00e9alisme macabre pr\u00eat \u00e0 d\u00e9fendre votre domaine hant\u00e9. Con\u00e7u avec des mat\u00e9riaux de haute qualit\u00e9 et un souci du d\u00e9tail r\u00e9aliste, cet animatronique grandeur nature offre des sensations terrifiantes et est parfait pour les amateurs d'Halloween cherchant \u00e0 cr\u00e9er une sc\u00e8ne vraiment inoubliable.<\/p>\n<p data-start=\"701\" data-end=\"1059\">Lorsque du mouvement est d\u00e9tect\u00e9 jusqu'\u00e0 6,5 pieds de distance, ce zombie se lance avec ses bras articul\u00e9s, ses yeux jaunes per\u00e7ants \u00e0 DEL, et \u00e9met des rugissements de zombies qui font trembler les os et des effets sonores gla\u00e7ants comme le tonnerre, le vent et le bruit de cha\u00eenes tra\u00een\u00e9es. Sa peau d'un vert maladif, ses v\u00eatements en lambeaux et son regard terrifiant compl\u00e8tent la transformation compl\u00e8te de mort-vivant.<\/p>\n<p data-start=\"1061\" data-end=\"1078\">Caract\u00e9ristiques principales :<\/p>\n<ul data-start=\"1079\" data-end=\"1590\">\n<li data-start=\"1079\" data-end=\"1130\">\n<p data-start=\"1081\" data-end=\"1130\">Animatronique d'Halloween zombie grandeur nature de 1,80 m<\/p>\n<\/li>\n<li data-start=\"1131\" data-end=\"1191\">\n<p data-start=\"1133\" data-end=\"1191\">Animation de bras-salve activ\u00e9e par le mouvement pour des sursauts<\/p>\n<\/li>\n<li data-start=\"1192\" data-end=\"1252\">\n<p data-start=\"1194\" data-end=\"1252\">Des yeux LED jaunes brillants pour un regard sinistre et inanim\u00e9<\/p>\n<\/li>\n<li data-start=\"1253\" data-end=\"1322\">\n<p data-start=\"1255\" data-end=\"1322\">Joue plusieurs rugissements de zombies et des effets sonores d'ambiance effrayants<\/p>\n<\/li>\n<li data-start=\"1323\" data-end=\"1397\">\n<p data-start=\"1325\" data-end=\"1397\">Port\u00e9e du capteur jusqu'\u00e0 6,5 pieds \u2013 effraie les invit\u00e9s au moment id\u00e9al<\/p>\n<\/li>\n<li data-start=\"1398\" data-end=\"1465\"><\/li>\n<\/ul>\n<p class=\"\" data-start=\"578\" data-end=\"781\"><b>Fourni avec un adaptateur secteur britannique<\/b>. <i>N'utilisez que l'adaptateur d'alimentation fourni, car les adaptateurs d'alimentation incorrects peuvent causer des dommages.<\/i><\/p>\n<div>\n<div><b>Pour le porche couvert ou l'int\u00e9rieur.<\/b> <i>Prot\u00e9ger des intemp\u00e9ries en cas d'utilisation \u00e0 l'ext\u00e9rieur et ne pas laisser \u00e0 l'ext\u00e9rieur pendant des p\u00e9riodes prolong\u00e9es.<\/i><\/div>\n<div><\/div>\n<div><b>A noter :<\/b><i> Ces accessoires ne sont pas recommand\u00e9s pour un usage commercial intensif, c'est-\u00e0-dire qu'ils ne doivent pas \u00eatre utilis\u00e9s pendant des p\u00e9riodes prolong\u00e9es, c'est-\u00e0-dire plusieurs jours d'affil\u00e9e. Ils sont con\u00e7us pour \u00eatre utilis\u00e9s \u00e0 l'occasion d'Halloween. Si vous avez des questions \u00e0 ce sujet, n'h\u00e9sitez pas \u00e0 les poser.<\/i><\/div>\n<\/div>","protected":false},"excerpt":{"rendered":"<p>Apportez l'apocalypse \u00e0 votre porte avec la91 cm Zombie Encha\u00een\u00e9 Halloween Anim\u00e9, un gardien mort-vivant d'un r\u00e9alisme morbide, pr\u00eat \u00e0 d\u00e9fendre votre domaine hant\u00e9. Con\u00e7u avec des mat\u00e9riaux de haute qualit\u00e9 et des d\u00e9tails r\u00e9alistes, cet animatronique grandeur nature offre des sensations terrifiantes et est parfait pour les amateurs d'Halloween qui cherchent \u00e0 cr\u00e9er une sc\u00e8ne vraiment inoubliable. Lorsque le mouvement est d\u00e9tect\u00e9 [\u2026]<\/p>","protected":false},"featured_media":539186,"comment_status":"closed","ping_status":"closed","template":"","meta":{"_acf_changed":false},"product_brand":[],"product_cat":[10068,10131,10158,10108,10093,10094,6547,6963,7053],"product_tag":[],"class_list":{"0":"post-538658","1":"product","2":"type-product","3":"status-publish","4":"has-post-thumbnail","6":"product_cat-halloween-decorations-2025","7":"product_cat-halloween-gifts","8":"product_cat-in-stock-animatronics","9":"product_cat-light-up-halloween-decorations","10":"product_cat-indoor-halloween-decorations","11":"product_cat-outdoor-halloween-decorations","12":"product_cat-decorations","13":"product_cat-animatronics","14":"product_cat-animated-props-zombies","15":"product_shipping_class-props","17":"first","18":"instock","19":"taxable","20":"shipping-taxable","21":"purchasable","22":"product-type-simple"},"supplier_id":538712,"supplier_sku":"LA25-016","barcode":null,"atum_controlled":true,"out_stock_date":null,"out_stock_threshold":null,"inheritable":false,"inbound_stock":0,"stock_on_hold":0,"sold_today":0,"sales_last_days":0,"reserved_stock":0,"customer_returns":0,"warehouse_damage":0,"lost_in_post":0,"other_logs":0,"out_stock_days":0,"lost_sales":0,"has_location":false,"update_date":"2026-05-03T00:41:38","atum_locations":[],"atum_stock_status":"instock","restock_status":false,"low_stock_amount":"","sales_update_date":"2026-05-03T00:41:37","calc_backorders":null,"acf":[],"yoast_head":"<!-- This site is optimized with the Yoast SEO plugin v27.5 - https:\/\/yoast.com\/product\/yoast-seo-wordpress\/ -->\n<title>6ft Chained Zombie Halloween Animated Prop | UK Stock<\/title>\n<meta name=\"description\" content=\"Chained Zombie Halloween Animatronic. 6ft Tall Animated Prop. Buy from the UK &amp; Europe&#039;s leading horror and Halloween specialist.\" \/>\n<meta name=\"robots\" content=\"index, follow, max-snippet:-1, max-image-preview:large, max-video-preview:-1\" \/>\n<link rel=\"canonical\" href=\"https:\/\/madabouthorror.co.uk\/fr\/product\/6ft-chained-zombie-halloween-animated-prop\/\" \/>\n<meta property=\"og:locale\" content=\"fr_FR\" \/>\n<meta property=\"og:type\" content=\"article\" \/>\n<meta property=\"og:title\" content=\"6ft Chained Zombie Halloween Animated Prop | UK Stock\" \/>\n<meta property=\"og:description\" content=\"Chained Zombie Halloween Animatronic. 6ft Tall Animated Prop. Buy from the UK &amp; Europe&#039;s leading horror and Halloween specialist.\" \/>\n<meta property=\"og:url\" content=\"https:\/\/madabouthorror.co.uk\/fr\/product\/6ft-chained-zombie-halloween-animated-prop\/\" \/>\n<meta property=\"og:site_name\" content=\"Mad About Horror\" \/>\n<meta property=\"article:publisher\" content=\"https:\/\/www.facebook.com\/madabouthorror\/\" \/>\n<meta property=\"article:modified_time\" content=\"2026-04-29T15:19:46+00:00\" \/>\n<meta property=\"og:image\" content=\"https:\/\/madabouthorror.co.uk\/wp-content\/uploads\/2025\/06\/1-3.png\" \/>\n\t<meta property=\"og:image:width\" content=\"1000\" \/>\n\t<meta property=\"og:image:height\" content=\"1000\" \/>\n\t<meta property=\"og:image:type\" content=\"image\/png\" \/>\n<meta name=\"twitter:card\" content=\"summary_large_image\" \/>\n<meta name=\"twitter:label1\" content=\"Dur\u00e9e de lecture estim\u00e9e\" \/>\n\t<meta name=\"twitter:data1\" content=\"2 minutes\" \/>\n<script type=\"application\/ld+json\" class=\"yoast-schema-graph\">{\"@context\":\"https:\\\/\\\/schema.org\",\"@graph\":[{\"@type\":[\"WebPage\",\"ItemPage\"],\"@id\":\"https:\\\/\\\/madabouthorror.co.uk\\\/product\\\/6ft-chained-zombie-halloween-animated-prop\\\/\",\"url\":\"https:\\\/\\\/madabouthorror.co.uk\\\/product\\\/6ft-chained-zombie-halloween-animated-prop\\\/\",\"name\":\"6ft Chained Zombie Halloween Animated Prop | UK Stock\",\"isPartOf\":{\"@id\":\"https:\\\/\\\/madabouthorror.co.uk\\\/#website\"},\"primaryImageOfPage\":{\"@id\":\"https:\\\/\\\/madabouthorror.co.uk\\\/product\\\/6ft-chained-zombie-halloween-animated-prop\\\/#primaryimage\"},\"image\":{\"@id\":\"https:\\\/\\\/madabouthorror.co.uk\\\/product\\\/6ft-chained-zombie-halloween-animated-prop\\\/#primaryimage\"},\"thumbnailUrl\":\"https:\\\/\\\/madabouthorror.co.uk\\\/wp-content\\\/uploads\\\/2025\\\/06\\\/1-3.png\",\"datePublished\":\"2025-06-02T12:06:29+00:00\",\"dateModified\":\"2026-04-29T15:19:46+00:00\",\"description\":\"Chained Zombie Halloween Animatronic. 6ft Tall Animated Prop. Buy from the UK & Europe's leading horror and Halloween specialist.\",\"breadcrumb\":{\"@id\":\"https:\\\/\\\/madabouthorror.co.uk\\\/product\\\/6ft-chained-zombie-halloween-animated-prop\\\/#breadcrumb\"},\"inLanguage\":\"fr-FR\",\"potentialAction\":[{\"@type\":\"ReadAction\",\"target\":[\"https:\\\/\\\/madabouthorror.co.uk\\\/product\\\/6ft-chained-zombie-halloween-animated-prop\\\/\"]}]},{\"@type\":\"ImageObject\",\"inLanguage\":\"fr-FR\",\"@id\":\"https:\\\/\\\/madabouthorror.co.uk\\\/product\\\/6ft-chained-zombie-halloween-animated-prop\\\/#primaryimage\",\"url\":\"https:\\\/\\\/madabouthorror.co.uk\\\/wp-content\\\/uploads\\\/2025\\\/06\\\/1-3.png\",\"contentUrl\":\"https:\\\/\\\/madabouthorror.co.uk\\\/wp-content\\\/uploads\\\/2025\\\/06\\\/1-3.png\",\"width\":1000,\"height\":1000,\"caption\":\"Chained Zombie Halloween Animatronic\"},{\"@type\":\"BreadcrumbList\",\"@id\":\"https:\\\/\\\/madabouthorror.co.uk\\\/product\\\/6ft-chained-zombie-halloween-animated-prop\\\/#breadcrumb\",\"itemListElement\":[{\"@type\":\"ListItem\",\"position\":1,\"name\":\"Shop\",\"item\":\"https:\\\/\\\/madabouthorror.co.uk\\\/shop\\\/\"},{\"@type\":\"ListItem\",\"position\":2,\"name\":\"6ft Chained Zombie Halloween Animated Prop\"}]},{\"@type\":\"WebSite\",\"@id\":\"https:\\\/\\\/madabouthorror.co.uk\\\/#website\",\"url\":\"https:\\\/\\\/madabouthorror.co.uk\\\/\",\"name\":\"Mad About Horror\",\"description\":\"\",\"publisher\":{\"@id\":\"https:\\\/\\\/madabouthorror.co.uk\\\/#organization\"},\"alternateName\":\"Mad About Horror Limited\",\"potentialAction\":[{\"@type\":\"SearchAction\",\"target\":{\"@type\":\"EntryPoint\",\"urlTemplate\":\"https:\\\/\\\/madabouthorror.co.uk\\\/?s={search_term_string}\"},\"query-input\":{\"@type\":\"PropertyValueSpecification\",\"valueRequired\":true,\"valueName\":\"search_term_string\"}}],\"inLanguage\":\"fr-FR\"},{\"@type\":\"Organization\",\"@id\":\"https:\\\/\\\/madabouthorror.co.uk\\\/#organization\",\"name\":\"Mad About Horror\",\"url\":\"https:\\\/\\\/madabouthorror.co.uk\\\/\",\"logo\":{\"@type\":\"ImageObject\",\"inLanguage\":\"fr-FR\",\"@id\":\"https:\\\/\\\/madabouthorror.co.uk\\\/#\\\/schema\\\/logo\\\/image\\\/\",\"url\":\"https:\\\/\\\/madabouthorror.co.uk\\\/wp-content\\\/uploads\\\/2024\\\/02\\\/cropped-Logo.png\",\"contentUrl\":\"https:\\\/\\\/madabouthorror.co.uk\\\/wp-content\\\/uploads\\\/2024\\\/02\\\/cropped-Logo.png\",\"width\":240,\"height\":88,\"caption\":\"Mad About Horror\"},\"image\":{\"@id\":\"https:\\\/\\\/madabouthorror.co.uk\\\/#\\\/schema\\\/logo\\\/image\\\/\"},\"sameAs\":[\"https:\\\/\\\/www.facebook.com\\\/madabouthorror\\\/\",\"https:\\\/\\\/www.instagram.com\\\/madabouthorror\\\/\",\"https:\\\/\\\/www.pinterest.co.uk\\\/madabouthorror\\\/\",\"https:\\\/\\\/www.youtube.com\\\/channel\\\/UCBooLOIxjoQ89dj6T5lWm_w\",\"https:\\\/\\\/www.tiktok.com\\\/@weremadabouthorror\"]}]}<\/script>\n<!-- \/ Yoast SEO plugin. -->","yoast_head_json":{"title":"Accessoire anim\u00e9 de zombie encha\u00een\u00e9 de 1,83 m pour Halloween | Stock UK","description":"Animatronique Zombie Encha\u00een\u00e9 Halloween. Accessoire anim\u00e9 de 1,83 m\u00e8tre de haut. Achetez aupr\u00e8s du premier sp\u00e9cialiste de l'horreur et d'Halloween au Royaume-Uni et en Europe.","robots":{"index":"index","follow":"follow","max-snippet":"max-snippet:-1","max-image-preview":"max-image-preview:large","max-video-preview":"max-video-preview:-1"},"canonical":"https:\/\/madabouthorror.co.uk\/fr\/product\/6ft-chained-zombie-halloween-animated-prop\/","og_locale":"fr_FR","og_type":"article","og_title":"6ft Chained Zombie Halloween Animated Prop | UK Stock","og_description":"Chained Zombie Halloween Animatronic. 6ft Tall Animated Prop. Buy from the UK & Europe's leading horror and Halloween specialist.","og_url":"https:\/\/madabouthorror.co.uk\/fr\/product\/6ft-chained-zombie-halloween-animated-prop\/","og_site_name":"Mad About Horror","article_publisher":"https:\/\/www.facebook.com\/madabouthorror\/","article_modified_time":"2026-04-29T15:19:46+00:00","og_image":[{"width":1000,"height":1000,"url":"https:\/\/madabouthorror.co.uk\/wp-content\/uploads\/2025\/06\/1-3.png","type":"image\/png"}],"twitter_card":"summary_large_image","twitter_misc":{"Dur\u00e9e de lecture estim\u00e9e":"2 minutes"},"schema":{"@context":"https:\/\/schema.org","@graph":[{"@type":["WebPage","ItemPage"],"@id":"https:\/\/madabouthorror.co.uk\/product\/6ft-chained-zombie-halloween-animated-prop\/","url":"https:\/\/madabouthorror.co.uk\/product\/6ft-chained-zombie-halloween-animated-prop\/","name":"Accessoire anim\u00e9 de zombie encha\u00een\u00e9 de 1,83 m pour Halloween | Stock UK","isPartOf":{"@id":"https:\/\/madabouthorror.co.uk\/#website"},"primaryImageOfPage":{"@id":"https:\/\/madabouthorror.co.uk\/product\/6ft-chained-zombie-halloween-animated-prop\/#primaryimage"},"image":{"@id":"https:\/\/madabouthorror.co.uk\/product\/6ft-chained-zombie-halloween-animated-prop\/#primaryimage"},"thumbnailUrl":"https:\/\/madabouthorror.co.uk\/wp-content\/uploads\/2025\/06\/1-3.png","datePublished":"2025-06-02T12:06:29+00:00","dateModified":"2026-04-29T15:19:46+00:00","description":"Animatronique Zombie Encha\u00een\u00e9 Halloween. Accessoire anim\u00e9 de 1,83 m\u00e8tre de haut. Achetez aupr\u00e8s du premier sp\u00e9cialiste de l'horreur et d'Halloween au Royaume-Uni et en Europe.","breadcrumb":{"@id":"https:\/\/madabouthorror.co.uk\/product\/6ft-chained-zombie-halloween-animated-prop\/#breadcrumb"},"inLanguage":"fr-FR","potentialAction":[{"@type":"ReadAction","target":["https:\/\/madabouthorror.co.uk\/product\/6ft-chained-zombie-halloween-animated-prop\/"]}]},{"@type":"ImageObject","inLanguage":"fr-FR","@id":"https:\/\/madabouthorror.co.uk\/product\/6ft-chained-zombie-halloween-animated-prop\/#primaryimage","url":"https:\/\/madabouthorror.co.uk\/wp-content\/uploads\/2025\/06\/1-3.png","contentUrl":"https:\/\/madabouthorror.co.uk\/wp-content\/uploads\/2025\/06\/1-3.png","width":1000,"height":1000,"caption":"Chained Zombie Halloween Animatronic"},{"@type":"BreadcrumbList","@id":"https:\/\/madabouthorror.co.uk\/product\/6ft-chained-zombie-halloween-animated-prop\/#breadcrumb","itemListElement":[{"@type":"ListItem","position":1,"name":"Shop","item":"https:\/\/madabouthorror.co.uk\/shop\/"},{"@type":"ListItem","position":2,"name":"6ft Chained Zombie Halloween Animated Prop"}]},{"@type":"WebSite","@id":"https:\/\/madabouthorror.co.uk\/#website","url":"https:\/\/madabouthorror.co.uk\/","name":"L'horreur en folie","description":"","publisher":{"@id":"https:\/\/madabouthorror.co.uk\/#organization"},"alternateName":"Mad About Horror Limited","potentialAction":[{"@type":"SearchAction","target":{"@type":"EntryPoint","urlTemplate":"https:\/\/madabouthorror.co.uk\/?s={search_term_string}"},"query-input":{"@type":"PropertyValueSpecification","valueRequired":true,"valueName":"search_term_string"}}],"inLanguage":"fr-FR"},{"@type":"Organization","@id":"https:\/\/madabouthorror.co.uk\/#organization","name":"L'horreur en folie","url":"https:\/\/madabouthorror.co.uk\/","logo":{"@type":"ImageObject","inLanguage":"fr-FR","@id":"https:\/\/madabouthorror.co.uk\/#\/schema\/logo\/image\/","url":"https:\/\/madabouthorror.co.uk\/wp-content\/uploads\/2024\/02\/cropped-Logo.png","contentUrl":"https:\/\/madabouthorror.co.uk\/wp-content\/uploads\/2024\/02\/cropped-Logo.png","width":240,"height":88,"caption":"Mad About Horror"},"image":{"@id":"https:\/\/madabouthorror.co.uk\/#\/schema\/logo\/image\/"},"sameAs":["https:\/\/www.facebook.com\/madabouthorror\/","https:\/\/www.instagram.com\/madabouthorror\/","https:\/\/www.pinterest.co.uk\/madabouthorror\/","https:\/\/www.youtube.com\/channel\/UCBooLOIxjoQ89dj6T5lWm_w","https:\/\/www.tiktok.com\/@weremadabouthorror"]}]}},"df_price":379.95,"df_sale_price":"","df_regular_price":379.95,"df_image_link":"https:\/\/madabouthorror.co.uk\/wp-content\/uploads\/2025\/06\/1-3-300x300.png","_links":{"self":[{"href":"https:\/\/madabouthorror.co.uk\/fr\/wp-json\/wp\/v2\/product\/538658","targetHints":{"allow":["GET"]}}],"collection":[{"href":"https:\/\/madabouthorror.co.uk\/fr\/wp-json\/wp\/v2\/product"}],"about":[{"href":"https:\/\/madabouthorror.co.uk\/fr\/wp-json\/wp\/v2\/types\/product"}],"replies":[{"embeddable":true,"href":"https:\/\/madabouthorror.co.uk\/fr\/wp-json\/wp\/v2\/comments?post=538658"}],"wp:featuredmedia":[{"embeddable":true,"href":"https:\/\/madabouthorror.co.uk\/fr\/wp-json\/wp\/v2\/media\/539186"}],"wp:attachment":[{"href":"https:\/\/madabouthorror.co.uk\/fr\/wp-json\/wp\/v2\/media?parent=538658"}],"wp:term":[{"taxonomy":"product_brand","embeddable":true,"href":"https:\/\/madabouthorror.co.uk\/fr\/wp-json\/wp\/v2\/product_brand?post=538658"},{"taxonomy":"product_cat","embeddable":true,"href":"https:\/\/madabouthorror.co.uk\/fr\/wp-json\/wp\/v2\/product_cat?post=538658"},{"taxonomy":"product_tag","embeddable":true,"href":"https:\/\/madabouthorror.co.uk\/fr\/wp-json\/wp\/v2\/product_tag?post=538658"}],"curies":[{"name":"wp","href":"https:\/\/api.w.org\/{rel}","templated":true}]}}