{"id":538662,"date":"2025-06-02T13:19:35","date_gmt":"2025-06-02T12:19:35","guid":{"rendered":"https:\/\/madabouthorror.co.uk\/?post_type=product&#038;p=538662"},"modified":"2026-04-29T15:44:47","modified_gmt":"2026-04-29T14:44:47","slug":"forest-witch-animated-halloween-prop","status":"publish","type":"product","link":"https:\/\/madabouthorror.co.uk\/fr\/product\/forest-witch-animated-halloween-prop\/","title":{"rendered":"5.5ft Forest Witch Animated Halloween Prop"},"content":{"rendered":"<p data-start=\"307\" data-end=\"606\">Lancez un sort sur votre d\u00e9cor d'Halloween avec la Sorci\u00e8re Anim\u00e9e de la For\u00eat, un spectacle effrayant pr\u00eat \u00e0 charmer, effrayer et ravir vos invit\u00e9s. Mesurant plus de 1,50 m\u00e8tre, cette sorci\u00e8re r\u00e9aliste est dot\u00e9e d'une magie activ\u00e9e par le mouvement, parfaite pour les maisons hant\u00e9es, les d\u00e9corations de porche ou les sc\u00e8nes d'int\u00e9rieur effrayantes.<\/p>\n<p data-start=\"608\" data-end=\"921\">Lorsqu'une personne s'approche, elle s'anime avec des yeux jaunes lumineux, une t\u00eate et un bras mobiles, un rire siffleur et cinq r\u00e9pliques effrayantes qui donneront le frisson \u00e0 tous. Son fid\u00e8le corbeau est perch\u00e9 et pr\u00eat \u00e0 aider \u2013 croassant et clignotant des yeux rouges \u00e0 LED pour plus d'effroi.<\/p>\n<p data-start=\"608\" data-end=\"921\">Notre Sorci\u00e8re diff\u00e8re l\u00e9g\u00e8rement de la vid\u00e9o, elle est v\u00eatue de vert et non de marron.<\/p>\n<p data-start=\"923\" data-end=\"940\">Caract\u00e9ristiques principales :<\/p>\n<ul data-start=\"941\" data-end=\"1436\">\n<li data-start=\"941\" data-end=\"1007\">\n<p data-start=\"943\" data-end=\"1007\">Animatronique de sorci\u00e8re d'Halloween anim\u00e9e par le mouvement, mesurant plus de 5 pieds de haut<\/p>\n<\/li>\n<li data-start=\"1008\" data-end=\"1085\">\n<p data-start=\"1010\" data-end=\"1085\">Yeux jaunes brillants, t\u00eate et bras qui bougent, et bruits de rire<\/p>\n<\/li>\n<li data-start=\"1086\" data-end=\"1149\">\n<p data-start=\"1088\" data-end=\"1149\">Parlez 5 phrases effrayantes pour divertir et effrayer les visiteurs<\/p>\n<\/li>\n<li data-start=\"1150\" data-end=\"1234\">\n<p data-start=\"1152\" data-end=\"1234\">Incluant corbeau de compagnie joint avec un cri et des yeux rouges brillants<\/p>\n<\/li>\n<li data-start=\"1235\" data-end=\"1308\">\n<p data-start=\"1237\" data-end=\"1308\">Visage moul\u00e9 tr\u00e8s d\u00e9taill\u00e9, cheveux r\u00e9alistes et tenue complexe<\/p>\n<\/li>\n<\/ul>\n<p data-start=\"1438\" data-end=\"1464\">Sorci\u00e8re Phrases Incluent :<\/p>\n<ul data-start=\"1465\" data-end=\"1743\">\n<li data-start=\"1465\" data-end=\"1539\">\n<p data-start=\"1467\" data-end=\"1539\">\u201cJe n'aurais jamais cru te voir t'aventurer dans ce coin...\u201d<\/p>\n<\/li>\n<li data-start=\"1540\" data-end=\"1607\">\n<p data-start=\"1542\" data-end=\"1607\">\u201cQuand tout autour de vous s'assombrit et que mes amis esprits flottent\u2026\u201d<\/p>\n<\/li>\n<li data-start=\"1608\" data-end=\"1642\">\n<p data-start=\"1610\" data-end=\"1642\">\u201cViens un peu plus pr\u00e8s, mon ch\u00e9ri\u2026\u201d<\/p>\n<\/li>\n<li data-start=\"1643\" data-end=\"1691\">\n<p data-start=\"1645\" data-end=\"1691\">\u201cQuand la lune culmine au c\u0153ur de la nuit\u2026\u201d<\/p>\n<\/li>\n<li data-start=\"1692\" data-end=\"1743\">\n<p data-start=\"1694\" data-end=\"1743\">\u201cJoyeux Halloween ! Ma p\u00e9riode pr\u00e9f\u00e9r\u00e9e de l'ann\u00e9e\u2026\u201d<\/p>\n<\/li>\n<\/ul>\n<p data-start=\"1745\" data-end=\"1929\">Cette sorci\u00e8re de for\u00eat anim\u00e9e apporte juste le bon m\u00e9lange de terrifiant et de charmant pour une exp\u00e9rience d'Halloween magique. Ajoutez-la \u00e0 votre d\u00e9coration et pr\u00e9parez-vous \u00e0 des invit\u00e9s ensorcel\u00e9s de tous \u00e2ges ! Veuillez noter que la vid\u00e9o pr\u00e9sente une robe marron au lieu de verte.<\/p>\n<p class=\"\" data-start=\"578\" data-end=\"781\"><b>Fourni avec un adaptateur secteur britannique<\/b>. <i>N'utilisez que l'adaptateur d'alimentation fourni, car les adaptateurs d'alimentation incorrects peuvent causer des dommages.<\/i><\/p>\n<div>\n<div><b>Pour le porche couvert ou l'int\u00e9rieur.<\/b> <i>Prot\u00e9ger des intemp\u00e9ries en cas d'utilisation \u00e0 l'ext\u00e9rieur et ne pas laisser \u00e0 l'ext\u00e9rieur pendant des p\u00e9riodes prolong\u00e9es.<\/i><\/div>\n<div><\/div>\n<div><b>A noter :<\/b><i> Ces accessoires ne sont pas recommand\u00e9s pour un usage commercial intensif, c'est-\u00e0-dire qu'ils ne doivent pas \u00eatre utilis\u00e9s pendant des p\u00e9riodes prolong\u00e9es, c'est-\u00e0-dire plusieurs jours d'affil\u00e9e. Ils sont con\u00e7us pour \u00eatre utilis\u00e9s \u00e0 l'occasion d'Halloween. Si vous avez des questions \u00e0 ce sujet, n'h\u00e9sitez pas \u00e0 les poser.<\/i><\/div>\n<\/div>","protected":false},"excerpt":{"rendered":"<p>Enchantez votre d\u00e9cor d'Halloween avec la Sorci\u00e8re Anim\u00e9e de la For\u00eat, un spectacle effrayant pr\u00eat \u00e0 charmer, effrayer et ravir vos invit\u00e9s. D'une taille de plus de 1,50 m, cette sorci\u00e8re r\u00e9aliste est dot\u00e9e d'une magie activ\u00e9e par le mouvement, parfaite pour les maisons hant\u00e9es, les d\u00e9corations de porche ou les sc\u00e8nes d'int\u00e9rieur effrayantes. Lorsqu'une personne s'approche, elle s'anime avec un jaune lumineux [\u2026]<\/p>","protected":false},"featured_media":558477,"comment_status":"closed","ping_status":"closed","template":"","meta":{"_acf_changed":false},"product_brand":[],"product_cat":[10068,10131,10158,10108,10093,10094,6547,6963,6596,7055],"product_tag":[],"class_list":{"0":"post-538662","1":"product","2":"type-product","3":"status-publish","4":"has-post-thumbnail","6":"product_cat-halloween-decorations-2025","7":"product_cat-halloween-gifts","8":"product_cat-in-stock-animatronics","9":"product_cat-light-up-halloween-decorations","10":"product_cat-indoor-halloween-decorations","11":"product_cat-outdoor-halloween-decorations","12":"product_cat-decorations","13":"product_cat-animatronics","14":"product_cat-witch-decorations","15":"product_cat-animated-props-witches","16":"product_shipping_class-props","18":"first","19":"instock","20":"taxable","21":"shipping-taxable","22":"purchasable","23":"product-type-simple"},"supplier_id":538712,"supplier_sku":"LA25-034","barcode":null,"atum_controlled":true,"out_stock_date":null,"out_stock_threshold":null,"inheritable":false,"inbound_stock":0,"stock_on_hold":0,"sold_today":0,"sales_last_days":0,"reserved_stock":0,"customer_returns":0,"warehouse_damage":0,"lost_in_post":0,"other_logs":0,"out_stock_days":0,"lost_sales":0,"has_location":false,"update_date":"2026-04-30T00:33:47","atum_locations":[],"atum_stock_status":"instock","restock_status":false,"low_stock_amount":"","sales_update_date":"2026-04-30T00:33:45","calc_backorders":null,"acf":[],"yoast_head":"<!-- This site is optimized with the Yoast SEO plugin v27.5 - https:\/\/yoast.com\/product\/yoast-seo-wordpress\/ -->\n<title>5.5ft Forest Witch Animated Halloween Prop | UK Stock<\/title>\n<meta name=\"description\" content=\"Witch Animated Halloween Prop - Forest. Huge range of quality Halloween props, masks&amp; more. Buy from the UK&#039;s leading horror and Halloween specialist.\u00a0\" \/>\n<meta name=\"robots\" content=\"index, follow, max-snippet:-1, max-image-preview:large, max-video-preview:-1\" \/>\n<link rel=\"canonical\" href=\"https:\/\/madabouthorror.co.uk\/fr\/product\/forest-witch-animated-halloween-prop\/\" \/>\n<meta property=\"og:locale\" content=\"fr_FR\" \/>\n<meta property=\"og:type\" content=\"article\" \/>\n<meta property=\"og:title\" content=\"5.5ft Forest Witch Animated Halloween Prop | UK Stock\" \/>\n<meta property=\"og:description\" content=\"Witch Animated Halloween Prop - Forest. Huge range of quality Halloween props, masks&amp; more. Buy from the UK&#039;s leading horror and Halloween specialist.\u00a0\" \/>\n<meta property=\"og:url\" content=\"https:\/\/madabouthorror.co.uk\/fr\/product\/forest-witch-animated-halloween-prop\/\" \/>\n<meta property=\"og:site_name\" content=\"Mad About Horror\" \/>\n<meta property=\"article:publisher\" content=\"https:\/\/www.facebook.com\/madabouthorror\/\" \/>\n<meta property=\"article:modified_time\" content=\"2026-04-29T14:44:47+00:00\" \/>\n<meta property=\"og:image\" content=\"https:\/\/madabouthorror.co.uk\/wp-content\/uploads\/2025\/06\/witch-1024x1024.png\" \/>\n\t<meta property=\"og:image:width\" content=\"1024\" \/>\n\t<meta property=\"og:image:height\" content=\"1024\" \/>\n\t<meta property=\"og:image:type\" content=\"image\/png\" \/>\n<meta name=\"twitter:card\" content=\"summary_large_image\" \/>\n<meta name=\"twitter:label1\" content=\"Dur\u00e9e de lecture estim\u00e9e\" \/>\n\t<meta name=\"twitter:data1\" content=\"2 minutes\" \/>\n<script type=\"application\/ld+json\" class=\"yoast-schema-graph\">{\"@context\":\"https:\\\/\\\/schema.org\",\"@graph\":[{\"@type\":[\"WebPage\",\"ItemPage\"],\"@id\":\"https:\\\/\\\/madabouthorror.co.uk\\\/product\\\/forest-witch-animated-halloween-prop\\\/\",\"url\":\"https:\\\/\\\/madabouthorror.co.uk\\\/product\\\/forest-witch-animated-halloween-prop\\\/\",\"name\":\"5.5ft Forest Witch Animated Halloween Prop | UK Stock\",\"isPartOf\":{\"@id\":\"https:\\\/\\\/madabouthorror.co.uk\\\/#website\"},\"primaryImageOfPage\":{\"@id\":\"https:\\\/\\\/madabouthorror.co.uk\\\/product\\\/forest-witch-animated-halloween-prop\\\/#primaryimage\"},\"image\":{\"@id\":\"https:\\\/\\\/madabouthorror.co.uk\\\/product\\\/forest-witch-animated-halloween-prop\\\/#primaryimage\"},\"thumbnailUrl\":\"https:\\\/\\\/madabouthorror.co.uk\\\/wp-content\\\/uploads\\\/2025\\\/06\\\/witch.png\",\"datePublished\":\"2025-06-02T12:19:35+00:00\",\"dateModified\":\"2026-04-29T14:44:47+00:00\",\"description\":\"Witch Animated Halloween Prop - Forest. Huge range of quality Halloween props, masks& more. Buy from the UK's leading horror and Halloween specialist.\u00a0\",\"breadcrumb\":{\"@id\":\"https:\\\/\\\/madabouthorror.co.uk\\\/product\\\/forest-witch-animated-halloween-prop\\\/#breadcrumb\"},\"inLanguage\":\"fr-FR\",\"potentialAction\":[{\"@type\":\"ReadAction\",\"target\":[\"https:\\\/\\\/madabouthorror.co.uk\\\/product\\\/forest-witch-animated-halloween-prop\\\/\"]}]},{\"@type\":\"ImageObject\",\"inLanguage\":\"fr-FR\",\"@id\":\"https:\\\/\\\/madabouthorror.co.uk\\\/product\\\/forest-witch-animated-halloween-prop\\\/#primaryimage\",\"url\":\"https:\\\/\\\/madabouthorror.co.uk\\\/wp-content\\\/uploads\\\/2025\\\/06\\\/witch.png\",\"contentUrl\":\"https:\\\/\\\/madabouthorror.co.uk\\\/wp-content\\\/uploads\\\/2025\\\/06\\\/witch.png\",\"width\":1500,\"height\":1500,\"caption\":\"Witch Animated Halloween Prop\"},{\"@type\":\"BreadcrumbList\",\"@id\":\"https:\\\/\\\/madabouthorror.co.uk\\\/product\\\/forest-witch-animated-halloween-prop\\\/#breadcrumb\",\"itemListElement\":[{\"@type\":\"ListItem\",\"position\":1,\"name\":\"Shop\",\"item\":\"https:\\\/\\\/madabouthorror.co.uk\\\/shop\\\/\"},{\"@type\":\"ListItem\",\"position\":2,\"name\":\"5.5ft Forest Witch Animated Halloween Prop\"}]},{\"@type\":\"WebSite\",\"@id\":\"https:\\\/\\\/madabouthorror.co.uk\\\/#website\",\"url\":\"https:\\\/\\\/madabouthorror.co.uk\\\/\",\"name\":\"Mad About Horror\",\"description\":\"\",\"publisher\":{\"@id\":\"https:\\\/\\\/madabouthorror.co.uk\\\/#organization\"},\"alternateName\":\"Mad About Horror Limited\",\"potentialAction\":[{\"@type\":\"SearchAction\",\"target\":{\"@type\":\"EntryPoint\",\"urlTemplate\":\"https:\\\/\\\/madabouthorror.co.uk\\\/?s={search_term_string}\"},\"query-input\":{\"@type\":\"PropertyValueSpecification\",\"valueRequired\":true,\"valueName\":\"search_term_string\"}}],\"inLanguage\":\"fr-FR\"},{\"@type\":\"Organization\",\"@id\":\"https:\\\/\\\/madabouthorror.co.uk\\\/#organization\",\"name\":\"Mad About Horror\",\"url\":\"https:\\\/\\\/madabouthorror.co.uk\\\/\",\"logo\":{\"@type\":\"ImageObject\",\"inLanguage\":\"fr-FR\",\"@id\":\"https:\\\/\\\/madabouthorror.co.uk\\\/#\\\/schema\\\/logo\\\/image\\\/\",\"url\":\"https:\\\/\\\/madabouthorror.co.uk\\\/wp-content\\\/uploads\\\/2024\\\/02\\\/cropped-Logo.png\",\"contentUrl\":\"https:\\\/\\\/madabouthorror.co.uk\\\/wp-content\\\/uploads\\\/2024\\\/02\\\/cropped-Logo.png\",\"width\":240,\"height\":88,\"caption\":\"Mad About Horror\"},\"image\":{\"@id\":\"https:\\\/\\\/madabouthorror.co.uk\\\/#\\\/schema\\\/logo\\\/image\\\/\"},\"sameAs\":[\"https:\\\/\\\/www.facebook.com\\\/madabouthorror\\\/\",\"https:\\\/\\\/www.instagram.com\\\/madabouthorror\\\/\",\"https:\\\/\\\/www.pinterest.co.uk\\\/madabouthorror\\\/\",\"https:\\\/\\\/www.youtube.com\\\/channel\\\/UCBooLOIxjoQ89dj6T5lWm_w\",\"https:\\\/\\\/www.tiktok.com\\\/@weremadabouthorror\"]}]}<\/script>\n<!-- \/ Yoast SEO plugin. -->","yoast_head_json":{"title":"5.5ft Sorci\u00e8re de for\u00eat anim\u00e9e d'Halloween | Stock UK","description":"Prop d'Halloween anim\u00e9 de sorci\u00e8re - For\u00eat. Immense gamme d'accessoires d'Halloween de qualit\u00e9, masques et plus encore. Achetez aupr\u00e8s du sp\u00e9cialiste leader au Royaume-Uni en mati\u00e8re d'horreur et d'Halloween.\u00a0","robots":{"index":"index","follow":"follow","max-snippet":"max-snippet:-1","max-image-preview":"max-image-preview:large","max-video-preview":"max-video-preview:-1"},"canonical":"https:\/\/madabouthorror.co.uk\/fr\/product\/forest-witch-animated-halloween-prop\/","og_locale":"fr_FR","og_type":"article","og_title":"5.5ft Forest Witch Animated Halloween Prop | UK Stock","og_description":"Witch Animated Halloween Prop - Forest. Huge range of quality Halloween props, masks& more. Buy from the UK's leading horror and Halloween specialist.\u00a0","og_url":"https:\/\/madabouthorror.co.uk\/fr\/product\/forest-witch-animated-halloween-prop\/","og_site_name":"Mad About Horror","article_publisher":"https:\/\/www.facebook.com\/madabouthorror\/","article_modified_time":"2026-04-29T14:44:47+00:00","og_image":[{"width":1024,"height":1024,"url":"https:\/\/madabouthorror.co.uk\/wp-content\/uploads\/2025\/06\/witch-1024x1024.png","type":"image\/png"}],"twitter_card":"summary_large_image","twitter_misc":{"Dur\u00e9e de lecture estim\u00e9e":"2 minutes"},"schema":{"@context":"https:\/\/schema.org","@graph":[{"@type":["WebPage","ItemPage"],"@id":"https:\/\/madabouthorror.co.uk\/product\/forest-witch-animated-halloween-prop\/","url":"https:\/\/madabouthorror.co.uk\/product\/forest-witch-animated-halloween-prop\/","name":"5.5ft Sorci\u00e8re de for\u00eat anim\u00e9e d'Halloween | Stock UK","isPartOf":{"@id":"https:\/\/madabouthorror.co.uk\/#website"},"primaryImageOfPage":{"@id":"https:\/\/madabouthorror.co.uk\/product\/forest-witch-animated-halloween-prop\/#primaryimage"},"image":{"@id":"https:\/\/madabouthorror.co.uk\/product\/forest-witch-animated-halloween-prop\/#primaryimage"},"thumbnailUrl":"https:\/\/madabouthorror.co.uk\/wp-content\/uploads\/2025\/06\/witch.png","datePublished":"2025-06-02T12:19:35+00:00","dateModified":"2026-04-29T14:44:47+00:00","description":"Prop d'Halloween anim\u00e9 de sorci\u00e8re - For\u00eat. Immense gamme d'accessoires d'Halloween de qualit\u00e9, masques et plus encore. Achetez aupr\u00e8s du sp\u00e9cialiste leader au Royaume-Uni en mati\u00e8re d'horreur et d'Halloween.\u00a0","breadcrumb":{"@id":"https:\/\/madabouthorror.co.uk\/product\/forest-witch-animated-halloween-prop\/#breadcrumb"},"inLanguage":"fr-FR","potentialAction":[{"@type":"ReadAction","target":["https:\/\/madabouthorror.co.uk\/product\/forest-witch-animated-halloween-prop\/"]}]},{"@type":"ImageObject","inLanguage":"fr-FR","@id":"https:\/\/madabouthorror.co.uk\/product\/forest-witch-animated-halloween-prop\/#primaryimage","url":"https:\/\/madabouthorror.co.uk\/wp-content\/uploads\/2025\/06\/witch.png","contentUrl":"https:\/\/madabouthorror.co.uk\/wp-content\/uploads\/2025\/06\/witch.png","width":1500,"height":1500,"caption":"Witch Animated Halloween Prop"},{"@type":"BreadcrumbList","@id":"https:\/\/madabouthorror.co.uk\/product\/forest-witch-animated-halloween-prop\/#breadcrumb","itemListElement":[{"@type":"ListItem","position":1,"name":"Shop","item":"https:\/\/madabouthorror.co.uk\/shop\/"},{"@type":"ListItem","position":2,"name":"5.5ft Forest Witch Animated Halloween Prop"}]},{"@type":"WebSite","@id":"https:\/\/madabouthorror.co.uk\/#website","url":"https:\/\/madabouthorror.co.uk\/","name":"L'horreur en folie","description":"","publisher":{"@id":"https:\/\/madabouthorror.co.uk\/#organization"},"alternateName":"Mad About Horror Limited","potentialAction":[{"@type":"SearchAction","target":{"@type":"EntryPoint","urlTemplate":"https:\/\/madabouthorror.co.uk\/?s={search_term_string}"},"query-input":{"@type":"PropertyValueSpecification","valueRequired":true,"valueName":"search_term_string"}}],"inLanguage":"fr-FR"},{"@type":"Organization","@id":"https:\/\/madabouthorror.co.uk\/#organization","name":"L'horreur en folie","url":"https:\/\/madabouthorror.co.uk\/","logo":{"@type":"ImageObject","inLanguage":"fr-FR","@id":"https:\/\/madabouthorror.co.uk\/#\/schema\/logo\/image\/","url":"https:\/\/madabouthorror.co.uk\/wp-content\/uploads\/2024\/02\/cropped-Logo.png","contentUrl":"https:\/\/madabouthorror.co.uk\/wp-content\/uploads\/2024\/02\/cropped-Logo.png","width":240,"height":88,"caption":"Mad About Horror"},"image":{"@id":"https:\/\/madabouthorror.co.uk\/#\/schema\/logo\/image\/"},"sameAs":["https:\/\/www.facebook.com\/madabouthorror\/","https:\/\/www.instagram.com\/madabouthorror\/","https:\/\/www.pinterest.co.uk\/madabouthorror\/","https:\/\/www.youtube.com\/channel\/UCBooLOIxjoQ89dj6T5lWm_w","https:\/\/www.tiktok.com\/@weremadabouthorror"]}]}},"df_price":359.95,"df_sale_price":"","df_regular_price":359.95,"df_image_link":"https:\/\/madabouthorror.co.uk\/wp-content\/uploads\/2025\/06\/witch-300x300.png","_links":{"self":[{"href":"https:\/\/madabouthorror.co.uk\/fr\/wp-json\/wp\/v2\/product\/538662","targetHints":{"allow":["GET"]}}],"collection":[{"href":"https:\/\/madabouthorror.co.uk\/fr\/wp-json\/wp\/v2\/product"}],"about":[{"href":"https:\/\/madabouthorror.co.uk\/fr\/wp-json\/wp\/v2\/types\/product"}],"replies":[{"embeddable":true,"href":"https:\/\/madabouthorror.co.uk\/fr\/wp-json\/wp\/v2\/comments?post=538662"}],"wp:featuredmedia":[{"embeddable":true,"href":"https:\/\/madabouthorror.co.uk\/fr\/wp-json\/wp\/v2\/media\/558477"}],"wp:attachment":[{"href":"https:\/\/madabouthorror.co.uk\/fr\/wp-json\/wp\/v2\/media?parent=538662"}],"wp:term":[{"taxonomy":"product_brand","embeddable":true,"href":"https:\/\/madabouthorror.co.uk\/fr\/wp-json\/wp\/v2\/product_brand?post=538662"},{"taxonomy":"product_cat","embeddable":true,"href":"https:\/\/madabouthorror.co.uk\/fr\/wp-json\/wp\/v2\/product_cat?post=538662"},{"taxonomy":"product_tag","embeddable":true,"href":"https:\/\/madabouthorror.co.uk\/fr\/wp-json\/wp\/v2\/product_tag?post=538662"}],"curies":[{"name":"wp","href":"https:\/\/api.w.org\/{rel}","templated":true}]}}