{"id":538681,"date":"2025-06-02T13:49:57","date_gmt":"2025-06-02T12:49:57","guid":{"rendered":"https:\/\/madabouthorror.co.uk\/?post_type=product&#038;p=538681"},"modified":"2026-02-06T15:15:33","modified_gmt":"2026-02-06T15:15:33","slug":"shaking-sitting-clown-animated-halloween-prop","status":"publish","type":"product","link":"https:\/\/madabouthorror.co.uk\/fr\/product\/shaking-sitting-clown-animated-halloween-prop\/","title":{"rendered":"Clown assis et tremblant, accessoire d'Halloween anim\u00e9"},"content":{"rendered":"<p data-start=\"338\" data-end=\"655\">Augmentez votre facteur d'horreur d'Halloween avec cette d\u00e9coration de clown anim\u00e9e d'Halloween, maintenant dans une taille plus grande et un design plus r\u00e9aliste pour un maximum d'effroi. Contrairement aux d\u00e9corations statiques ordinaires, cet effrayant clown animatronique est activ\u00e9 par le son, prenant vie juste quand vos invit\u00e9s s'y attendent le moins.<\/p>\n<p data-start=\"657\" data-end=\"952\">Lorsque le clown est activ\u00e9, ses \u00e9paules se balancent d'un c\u00f4t\u00e9 \u00e0 l'autre, ses yeux s'allument d'un rouge sinistre et sa bouche bouge. Associ\u00e9 \u00e0 des effets sonores angoissants, ce clown terrifiant fera sursauter de peur tous ceux qui passeront devant lui, parfait pour les porches, les maisons hant\u00e9es, les jardins, ou les sc\u00e8nes d'int\u00e9rieur effrayantes. Fonctionne avec 3 piles AA (non incluses).<\/p>\n<div>\n<div><b>Pour le porche couvert ou l'int\u00e9rieur.<\/b> <i>Prot\u00e9ger des intemp\u00e9ries en cas d'utilisation \u00e0 l'ext\u00e9rieur et ne pas laisser \u00e0 l'ext\u00e9rieur pendant des p\u00e9riodes prolong\u00e9es.<\/i><\/div>\n<div><\/div>\n<div><b>A noter :<\/b><i> Ces accessoires ne sont pas recommand\u00e9s pour un usage commercial intensif, c'est-\u00e0-dire qu'ils ne doivent pas \u00eatre utilis\u00e9s pendant des p\u00e9riodes prolong\u00e9es, c'est-\u00e0-dire plusieurs jours d'affil\u00e9e. Ils sont con\u00e7us pour \u00eatre utilis\u00e9s \u00e0 l'occasion d'Halloween. Si vous avez des questions \u00e0 ce sujet, n'h\u00e9sitez pas \u00e0 les poser.<\/i><\/div>\n<\/div>","protected":false},"excerpt":{"rendered":"<p>Augmentez votre facteur effroi pour Halloween avec cette d\u00e9coration de clown d'Halloween anim\u00e9e \u2013 maintenant dans une taille plus grande et un design plus r\u00e9aliste pour un maximum de frissons. Contrairement aux d\u00e9corations statiques ordinaires, cet effrayant clown animatronique est activ\u00e9 par le son et prend vie juste quand vos invit\u00e9s s'y attendent le moins. Lorsqu'il est d\u00e9clench\u00e9, le clown balance ses \u00e9paules d'avant en arri\u00e8re, ses yeux s'illuminent [\u2026]<\/p>","protected":false},"featured_media":564774,"comment_status":"closed","ping_status":"closed","template":"","meta":{"_acf_changed":false},"product_brand":[],"product_cat":[10109,10068,10131,10093,10033,10094,6547,6963,6967],"product_tag":[],"class_list":{"0":"post-538681","1":"product","2":"type-product","3":"status-publish","4":"has-post-thumbnail","6":"product_cat-clown-decorations","7":"product_cat-halloween-decorations-2025","8":"product_cat-halloween-gifts","9":"product_cat-indoor-halloween-decorations","10":"product_cat-jump-scare","11":"product_cat-outdoor-halloween-decorations","12":"product_cat-decorations","13":"product_cat-animatronics","14":"product_cat-clown-animatronics","16":"first","17":"outofstock","18":"taxable","19":"shipping-taxable","20":"purchasable","21":"product-type-simple"},"supplier_id":538712,"supplier_sku":"LA25-071","barcode":null,"atum_controlled":true,"out_stock_date":"2026-01-15 11:31:44","out_stock_threshold":null,"inheritable":false,"inbound_stock":0,"stock_on_hold":0,"sold_today":0,"sales_last_days":0,"reserved_stock":0,"customer_returns":0,"warehouse_damage":0,"lost_in_post":0,"other_logs":0,"out_stock_days":97,"lost_sales":830,"has_location":false,"update_date":"2026-04-23T00:30:51","atum_locations":[],"atum_stock_status":"outofstock","restock_status":false,"low_stock_amount":"","sales_update_date":"2026-04-23T00:30:49","calc_backorders":null,"acf":[],"yoast_head":"<!-- This site is optimized with the Yoast SEO plugin v27.4 - https:\/\/yoast.com\/product\/yoast-seo-wordpress\/ -->\n<title>Shaking Sitting Clown Animated Halloween Prop | UK Stock<\/title>\n<meta name=\"description\" content=\"Shaking Clown Halloween Prop. Huge range of quality Halloween props, masks and accessories. Buy from the UK&#039;s leading horror and Halloween specialist.\u00a0\" \/>\n<meta name=\"robots\" content=\"index, follow, max-snippet:-1, max-image-preview:large, max-video-preview:-1\" \/>\n<link rel=\"canonical\" href=\"https:\/\/madabouthorror.co.uk\/fr\/product\/shaking-sitting-clown-animated-halloween-prop\/\" \/>\n<meta property=\"og:locale\" content=\"fr_FR\" \/>\n<meta property=\"og:type\" content=\"article\" \/>\n<meta property=\"og:title\" content=\"Shaking Sitting Clown Animated Halloween Prop | UK Stock\" \/>\n<meta property=\"og:description\" content=\"Shaking Clown Halloween Prop. Huge range of quality Halloween props, masks and accessories. Buy from the UK&#039;s leading horror and Halloween specialist.\u00a0\" \/>\n<meta property=\"og:url\" content=\"https:\/\/madabouthorror.co.uk\/fr\/product\/shaking-sitting-clown-animated-halloween-prop\/\" \/>\n<meta property=\"og:site_name\" content=\"Mad About Horror\" \/>\n<meta property=\"article:publisher\" content=\"https:\/\/www.facebook.com\/madabouthorror\/\" \/>\n<meta property=\"article:modified_time\" content=\"2026-02-06T15:15:33+00:00\" \/>\n<meta property=\"og:image\" content=\"https:\/\/madabouthorror.co.uk\/wp-content\/uploads\/2025\/06\/1-31.jpg\" \/>\n\t<meta property=\"og:image:width\" content=\"1500\" \/>\n\t<meta property=\"og:image:height\" content=\"1500\" \/>\n\t<meta property=\"og:image:type\" content=\"image\/jpeg\" \/>\n<meta name=\"twitter:card\" content=\"summary_large_image\" \/>\n<meta name=\"twitter:label1\" content=\"Dur\u00e9e de lecture estim\u00e9e\" \/>\n\t<meta name=\"twitter:data1\" content=\"1 minute\" \/>\n<script type=\"application\/ld+json\" class=\"yoast-schema-graph\">{\"@context\":\"https:\\\/\\\/schema.org\",\"@graph\":[{\"@type\":[\"WebPage\",\"ItemPage\"],\"@id\":\"https:\\\/\\\/madabouthorror.co.uk\\\/product\\\/shaking-sitting-clown-animated-halloween-prop\\\/\",\"url\":\"https:\\\/\\\/madabouthorror.co.uk\\\/product\\\/shaking-sitting-clown-animated-halloween-prop\\\/\",\"name\":\"Shaking Sitting Clown Animated Halloween Prop | UK Stock\",\"isPartOf\":{\"@id\":\"https:\\\/\\\/madabouthorror.co.uk\\\/#website\"},\"primaryImageOfPage\":{\"@id\":\"https:\\\/\\\/madabouthorror.co.uk\\\/product\\\/shaking-sitting-clown-animated-halloween-prop\\\/#primaryimage\"},\"image\":{\"@id\":\"https:\\\/\\\/madabouthorror.co.uk\\\/product\\\/shaking-sitting-clown-animated-halloween-prop\\\/#primaryimage\"},\"thumbnailUrl\":\"https:\\\/\\\/madabouthorror.co.uk\\\/wp-content\\\/uploads\\\/2025\\\/06\\\/1-31.jpg\",\"datePublished\":\"2025-06-02T12:49:57+00:00\",\"dateModified\":\"2026-02-06T15:15:33+00:00\",\"description\":\"Shaking Clown Halloween Prop. Huge range of quality Halloween props, masks and accessories. Buy from the UK's leading horror and Halloween specialist.\u00a0\",\"breadcrumb\":{\"@id\":\"https:\\\/\\\/madabouthorror.co.uk\\\/product\\\/shaking-sitting-clown-animated-halloween-prop\\\/#breadcrumb\"},\"inLanguage\":\"fr-FR\",\"potentialAction\":[{\"@type\":\"ReadAction\",\"target\":[\"https:\\\/\\\/madabouthorror.co.uk\\\/product\\\/shaking-sitting-clown-animated-halloween-prop\\\/\"]}]},{\"@type\":\"ImageObject\",\"inLanguage\":\"fr-FR\",\"@id\":\"https:\\\/\\\/madabouthorror.co.uk\\\/product\\\/shaking-sitting-clown-animated-halloween-prop\\\/#primaryimage\",\"url\":\"https:\\\/\\\/madabouthorror.co.uk\\\/wp-content\\\/uploads\\\/2025\\\/06\\\/1-31.jpg\",\"contentUrl\":\"https:\\\/\\\/madabouthorror.co.uk\\\/wp-content\\\/uploads\\\/2025\\\/06\\\/1-31.jpg\",\"width\":1500,\"height\":1500,\"caption\":\"Shaking Clown Halloween Prop\"},{\"@type\":\"BreadcrumbList\",\"@id\":\"https:\\\/\\\/madabouthorror.co.uk\\\/product\\\/shaking-sitting-clown-animated-halloween-prop\\\/#breadcrumb\",\"itemListElement\":[{\"@type\":\"ListItem\",\"position\":1,\"name\":\"Shop\",\"item\":\"https:\\\/\\\/madabouthorror.co.uk\\\/shop\\\/\"},{\"@type\":\"ListItem\",\"position\":2,\"name\":\"Shaking Sitting Clown Animated Halloween Prop\"}]},{\"@type\":\"WebSite\",\"@id\":\"https:\\\/\\\/madabouthorror.co.uk\\\/#website\",\"url\":\"https:\\\/\\\/madabouthorror.co.uk\\\/\",\"name\":\"Mad About Horror\",\"description\":\"\",\"publisher\":{\"@id\":\"https:\\\/\\\/madabouthorror.co.uk\\\/#organization\"},\"alternateName\":\"Mad About Horror Limited\",\"potentialAction\":[{\"@type\":\"SearchAction\",\"target\":{\"@type\":\"EntryPoint\",\"urlTemplate\":\"https:\\\/\\\/madabouthorror.co.uk\\\/?s={search_term_string}\"},\"query-input\":{\"@type\":\"PropertyValueSpecification\",\"valueRequired\":true,\"valueName\":\"search_term_string\"}}],\"inLanguage\":\"fr-FR\"},{\"@type\":\"Organization\",\"@id\":\"https:\\\/\\\/madabouthorror.co.uk\\\/#organization\",\"name\":\"Mad About Horror\",\"url\":\"https:\\\/\\\/madabouthorror.co.uk\\\/\",\"logo\":{\"@type\":\"ImageObject\",\"inLanguage\":\"fr-FR\",\"@id\":\"https:\\\/\\\/madabouthorror.co.uk\\\/#\\\/schema\\\/logo\\\/image\\\/\",\"url\":\"https:\\\/\\\/madabouthorror.co.uk\\\/wp-content\\\/uploads\\\/2024\\\/02\\\/cropped-Logo.png\",\"contentUrl\":\"https:\\\/\\\/madabouthorror.co.uk\\\/wp-content\\\/uploads\\\/2024\\\/02\\\/cropped-Logo.png\",\"width\":240,\"height\":88,\"caption\":\"Mad About Horror\"},\"image\":{\"@id\":\"https:\\\/\\\/madabouthorror.co.uk\\\/#\\\/schema\\\/logo\\\/image\\\/\"},\"sameAs\":[\"https:\\\/\\\/www.facebook.com\\\/madabouthorror\\\/\",\"https:\\\/\\\/www.instagram.com\\\/madabouthorror\\\/\",\"https:\\\/\\\/www.pinterest.co.uk\\\/madabouthorror\\\/\",\"https:\\\/\\\/www.youtube.com\\\/channel\\\/UCBooLOIxjoQ89dj6T5lWm_w\",\"https:\\\/\\\/www.tiktok.com\\\/@weremadabouthorror\"]}]}<\/script>\n<!-- \/ Yoast SEO plugin. -->","yoast_head_json":{"title":"Poup\u00e9e de clown anim\u00e9e \u00e0 secousses \u00e0 Halloween | Stock UK","description":"Accessoire d'Halloween \u00e0 Clown Tremblant. Vaste gamme d'accessoires, masques et costumes d'Halloween de qualit\u00e9. Achetez aupr\u00e8s du sp\u00e9cialiste num\u00e9ro un au Royaume-Uni en mati\u00e8re d'horreur et d'Halloween.\u00a0","robots":{"index":"index","follow":"follow","max-snippet":"max-snippet:-1","max-image-preview":"max-image-preview:large","max-video-preview":"max-video-preview:-1"},"canonical":"https:\/\/madabouthorror.co.uk\/fr\/product\/shaking-sitting-clown-animated-halloween-prop\/","og_locale":"fr_FR","og_type":"article","og_title":"Shaking Sitting Clown Animated Halloween Prop | UK Stock","og_description":"Shaking Clown Halloween Prop. Huge range of quality Halloween props, masks and accessories. Buy from the UK's leading horror and Halloween specialist.\u00a0","og_url":"https:\/\/madabouthorror.co.uk\/fr\/product\/shaking-sitting-clown-animated-halloween-prop\/","og_site_name":"Mad About Horror","article_publisher":"https:\/\/www.facebook.com\/madabouthorror\/","article_modified_time":"2026-02-06T15:15:33+00:00","og_image":[{"width":1500,"height":1500,"url":"https:\/\/madabouthorror.co.uk\/wp-content\/uploads\/2025\/06\/1-31.jpg","type":"image\/jpeg"}],"twitter_card":"summary_large_image","twitter_misc":{"Dur\u00e9e de lecture estim\u00e9e":"1 minute"},"schema":{"@context":"https:\/\/schema.org","@graph":[{"@type":["WebPage","ItemPage"],"@id":"https:\/\/madabouthorror.co.uk\/product\/shaking-sitting-clown-animated-halloween-prop\/","url":"https:\/\/madabouthorror.co.uk\/product\/shaking-sitting-clown-animated-halloween-prop\/","name":"Poup\u00e9e de clown anim\u00e9e \u00e0 secousses \u00e0 Halloween | Stock UK","isPartOf":{"@id":"https:\/\/madabouthorror.co.uk\/#website"},"primaryImageOfPage":{"@id":"https:\/\/madabouthorror.co.uk\/product\/shaking-sitting-clown-animated-halloween-prop\/#primaryimage"},"image":{"@id":"https:\/\/madabouthorror.co.uk\/product\/shaking-sitting-clown-animated-halloween-prop\/#primaryimage"},"thumbnailUrl":"https:\/\/madabouthorror.co.uk\/wp-content\/uploads\/2025\/06\/1-31.jpg","datePublished":"2025-06-02T12:49:57+00:00","dateModified":"2026-02-06T15:15:33+00:00","description":"Accessoire d'Halloween \u00e0 Clown Tremblant. Vaste gamme d'accessoires, masques et costumes d'Halloween de qualit\u00e9. Achetez aupr\u00e8s du sp\u00e9cialiste num\u00e9ro un au Royaume-Uni en mati\u00e8re d'horreur et d'Halloween.\u00a0","breadcrumb":{"@id":"https:\/\/madabouthorror.co.uk\/product\/shaking-sitting-clown-animated-halloween-prop\/#breadcrumb"},"inLanguage":"fr-FR","potentialAction":[{"@type":"ReadAction","target":["https:\/\/madabouthorror.co.uk\/product\/shaking-sitting-clown-animated-halloween-prop\/"]}]},{"@type":"ImageObject","inLanguage":"fr-FR","@id":"https:\/\/madabouthorror.co.uk\/product\/shaking-sitting-clown-animated-halloween-prop\/#primaryimage","url":"https:\/\/madabouthorror.co.uk\/wp-content\/uploads\/2025\/06\/1-31.jpg","contentUrl":"https:\/\/madabouthorror.co.uk\/wp-content\/uploads\/2025\/06\/1-31.jpg","width":1500,"height":1500,"caption":"Shaking Clown Halloween Prop"},{"@type":"BreadcrumbList","@id":"https:\/\/madabouthorror.co.uk\/product\/shaking-sitting-clown-animated-halloween-prop\/#breadcrumb","itemListElement":[{"@type":"ListItem","position":1,"name":"Shop","item":"https:\/\/madabouthorror.co.uk\/shop\/"},{"@type":"ListItem","position":2,"name":"Shaking Sitting Clown Animated Halloween Prop"}]},{"@type":"WebSite","@id":"https:\/\/madabouthorror.co.uk\/#website","url":"https:\/\/madabouthorror.co.uk\/","name":"L'horreur en folie","description":"","publisher":{"@id":"https:\/\/madabouthorror.co.uk\/#organization"},"alternateName":"Mad About Horror Limited","potentialAction":[{"@type":"SearchAction","target":{"@type":"EntryPoint","urlTemplate":"https:\/\/madabouthorror.co.uk\/?s={search_term_string}"},"query-input":{"@type":"PropertyValueSpecification","valueRequired":true,"valueName":"search_term_string"}}],"inLanguage":"fr-FR"},{"@type":"Organization","@id":"https:\/\/madabouthorror.co.uk\/#organization","name":"L'horreur en folie","url":"https:\/\/madabouthorror.co.uk\/","logo":{"@type":"ImageObject","inLanguage":"fr-FR","@id":"https:\/\/madabouthorror.co.uk\/#\/schema\/logo\/image\/","url":"https:\/\/madabouthorror.co.uk\/wp-content\/uploads\/2024\/02\/cropped-Logo.png","contentUrl":"https:\/\/madabouthorror.co.uk\/wp-content\/uploads\/2024\/02\/cropped-Logo.png","width":240,"height":88,"caption":"Mad About Horror"},"image":{"@id":"https:\/\/madabouthorror.co.uk\/#\/schema\/logo\/image\/"},"sameAs":["https:\/\/www.facebook.com\/madabouthorror\/","https:\/\/www.instagram.com\/madabouthorror\/","https:\/\/www.pinterest.co.uk\/madabouthorror\/","https:\/\/www.youtube.com\/channel\/UCBooLOIxjoQ89dj6T5lWm_w","https:\/\/www.tiktok.com\/@weremadabouthorror"]}]}},"df_price":62.45,"df_sale_price":"","df_regular_price":62.45,"df_image_link":"https:\/\/madabouthorror.co.uk\/wp-content\/uploads\/2025\/06\/1-31-300x300.jpg","_links":{"self":[{"href":"https:\/\/madabouthorror.co.uk\/fr\/wp-json\/wp\/v2\/product\/538681","targetHints":{"allow":["GET"]}}],"collection":[{"href":"https:\/\/madabouthorror.co.uk\/fr\/wp-json\/wp\/v2\/product"}],"about":[{"href":"https:\/\/madabouthorror.co.uk\/fr\/wp-json\/wp\/v2\/types\/product"}],"replies":[{"embeddable":true,"href":"https:\/\/madabouthorror.co.uk\/fr\/wp-json\/wp\/v2\/comments?post=538681"}],"wp:featuredmedia":[{"embeddable":true,"href":"https:\/\/madabouthorror.co.uk\/fr\/wp-json\/wp\/v2\/media\/564774"}],"wp:attachment":[{"href":"https:\/\/madabouthorror.co.uk\/fr\/wp-json\/wp\/v2\/media?parent=538681"}],"wp:term":[{"taxonomy":"product_brand","embeddable":true,"href":"https:\/\/madabouthorror.co.uk\/fr\/wp-json\/wp\/v2\/product_brand?post=538681"},{"taxonomy":"product_cat","embeddable":true,"href":"https:\/\/madabouthorror.co.uk\/fr\/wp-json\/wp\/v2\/product_cat?post=538681"},{"taxonomy":"product_tag","embeddable":true,"href":"https:\/\/madabouthorror.co.uk\/fr\/wp-json\/wp\/v2\/product_tag?post=538681"}],"curies":[{"name":"wp","href":"https:\/\/api.w.org\/{rel}","templated":true}]}}