{"id":539784,"date":"2025-06-09T14:13:36","date_gmt":"2025-06-09T13:13:36","guid":{"rendered":"https:\/\/madabouthorror.co.uk\/?post_type=product&#038;p=539784"},"modified":"2025-11-20T12:39:05","modified_gmt":"2025-11-20T12:39:05","slug":"distortions-frightronic-animated-prop-laughing-hag","status":"publish","type":"product","link":"https:\/\/madabouthorror.co.uk\/fr\/product\/distortions-frightronic-animated-prop-laughing-hag\/","title":{"rendered":"Distorsions Prop Anim\u00e9 Frightronic - Hag rieur"},"content":{"rendered":"<p><span style=\"color: #ff0000;\">Pour un usage professionnel uniquement - nous ne fournissons ces accessoires qu'aux entreprises disposant d'une expertise technique.\u00a0<\/span><\/p>\n<p data-start=\"0\" data-end=\"437\">La sorci\u00e8re qui rit est un ajout gla\u00e7ant \u00e0 la gamme d'accessoires anim\u00e9s Frightronic de Distortions Unlimited. Con\u00e7ue pour apporter une pr\u00e9sence \u00e9trange \u00e0 toute d\u00e9coration d'Halloween, cette sorci\u00e8re grandeur nature se balance d'avant en arri\u00e8re dans un plaisir sinistre, poussant son rire caract\u00e9ristique qui donne la chair de poule et remplit la pi\u00e8ce de terreur. Aliment\u00e9e par un moteur Frightronic enti\u00e8rement \u00e9lectrique, elle ne n\u00e9cessite aucune pneumatique \u2013 il suffit de la brancher et elle est pr\u00eate \u00e0 hanter.<\/p>\n<p data-start=\"439\" data-end=\"881\">Sculpt\u00e9e avec expertise dans du plastique, du tissu et des composants \u00e9lectroniques durables, la Sorci\u00e8re Rieuse est con\u00e7ue pour r\u00e9sister \u00e0 des ann\u00e9es d'horreur d'Halloween, que vous d\u00e9coriez votre maison, une attraction hant\u00e9e ou une vitrine. Ses bras r\u00e9glables permettent une pose personnalisable, vous laissant adapter son apparence terrifiante \u00e0 votre sc\u00e8ne. Mesurant environ 100 cm de haut et pesant environ 10 kg, elle constitue une pr\u00e9sence substantielle qui ne passera pas inaper\u00e7ue.<\/p>\n<p>Inclut une alimentation 5V 5 amp\u00e8res. N\u00e9cessite une alimentation secteur. Le costume peut varier. Inclut un lien pour t\u00e9l\u00e9charger la piste audio Frightronic.<\/p>\n<p>Frightronics est une gamme passionnante d'accessoires durables et anim\u00e9s de haute qualit\u00e9 pour Halloween et les f\u00eates foraines, produite par Distortions Unlimited aux \u00c9tats-Unis. Il existe un grand nombre de personnages et de th\u00e8mes, notamment des zombies, des pierres tombales, des clowns fous, des sorci\u00e8res, des monstres, des animaux, du sang et bien d'autres choses encore.<\/p>\n<p>Fabriqu\u00e9 en latex et en mousse avec une armature en m\u00e9tal. Peint \u00e0 la main chez Distortions. Accessoire enti\u00e8rement \u00e9lectrique.<\/p>\n<p><b>Fourni avec un adaptateur secteur britannique<\/b>. <i>N'utilisez que l'adaptateur d'alimentation fourni, car les adaptateurs d'alimentation incorrects peuvent causer des dommages.<\/i><\/p>\n<div>\n<div><b>Pour le porche couvert ou l'int\u00e9rieur.<\/b> <i>Prot\u00e9ger des intemp\u00e9ries en cas d'utilisation \u00e0 l'ext\u00e9rieur et ne pas laisser \u00e0 l'ext\u00e9rieur pendant des p\u00e9riodes prolong\u00e9es.<\/i><\/div>\n<div><\/div>\n<div><b>A noter :<\/b><i> Ces accessoires ne sont pas recommand\u00e9s pour un usage commercial intensif, c'est-\u00e0-dire qu'ils ne doivent pas \u00eatre utilis\u00e9s pendant des p\u00e9riodes prolong\u00e9es, c'est-\u00e0-dire plusieurs jours d'affil\u00e9e. Ils sont con\u00e7us pour \u00eatre utilis\u00e9s \u00e0 l'occasion d'Halloween. Si vous avez des questions \u00e0 ce sujet, n'h\u00e9sitez pas \u00e0 les poser.<\/i><\/div>\n<\/div>","protected":false},"excerpt":{"rendered":"<p>Usage professionnel uniquement \u2013 nous fournissons ces accessoires uniquement aux entreprises ayant une expertise technique. La Sorci\u00e8re Rieuse est un ajout terrifiant \u00e0 la gamme d'accessoires anim\u00e9s Frightronic de Distortions Unlimited. Con\u00e7ue pour apporter une pr\u00e9sence sinistre \u00e0 toute d\u00e9coration d'Halloween, cette sorci\u00e8re grandeur nature se balance d'avant en arri\u00e8re dans un plaisir sinistre, \u00e9mettant son cri caract\u00e9ristique [\u2026]<\/p>","protected":false},"featured_media":539785,"comment_status":"closed","ping_status":"closed","template":"","meta":{"_acf_changed":false},"product_brand":[],"product_cat":[10068,10131,10093,10094,6547,6963,6543],"product_tag":[],"class_list":{"0":"post-539784","1":"product","2":"type-product","3":"status-publish","4":"has-post-thumbnail","6":"product_cat-halloween-decorations-2025","7":"product_cat-halloween-gifts","8":"product_cat-indoor-halloween-decorations","9":"product_cat-outdoor-halloween-decorations","10":"product_cat-decorations","11":"product_cat-animatronics","12":"product_cat-professional","13":"product_shipping_class-props","15":"first","16":"outofstock","17":"taxable","18":"shipping-taxable","19":"purchasable","20":"product-type-simple"},"supplier_id":467980,"supplier_sku":"DU1862","barcode":null,"atum_controlled":true,"out_stock_date":"2025-09-05 13:08:36","out_stock_threshold":null,"inheritable":false,"inbound_stock":0,"stock_on_hold":0,"sold_today":0,"sales_last_days":0,"reserved_stock":0,"customer_returns":0,"warehouse_damage":0,"lost_in_post":0,"other_logs":0,"out_stock_days":239,"lost_sales":20484,"has_location":false,"update_date":"2026-05-03T00:40:58","atum_locations":[],"atum_stock_status":"outofstock","restock_status":false,"low_stock_amount":"","sales_update_date":"2026-05-03T00:40:57","calc_backorders":null,"acf":[],"yoast_head":"<!-- This site is optimized with the Yoast SEO plugin v27.5 - https:\/\/yoast.com\/product\/yoast-seo-wordpress\/ -->\n<title>Distortions Frightronic Animated Prop - Laughing Hag | UK Stock<\/title>\n<meta name=\"description\" content=\"Distortions Laughing Hag Prop Animated Prop. Frightronics Animatronic. Buy from the UK &amp; Europe&#039;s leading horror and Halloween specialist.\" \/>\n<meta name=\"robots\" content=\"index, follow, max-snippet:-1, max-image-preview:large, max-video-preview:-1\" \/>\n<link rel=\"canonical\" href=\"https:\/\/madabouthorror.co.uk\/fr\/product\/distortions-frightronic-animated-prop-laughing-hag\/\" \/>\n<meta property=\"og:locale\" content=\"fr_FR\" \/>\n<meta property=\"og:type\" content=\"article\" \/>\n<meta property=\"og:title\" content=\"Distortions Frightronic Animated Prop - Laughing Hag | UK Stock\" \/>\n<meta property=\"og:description\" content=\"Distortions Laughing Hag Prop Animated Prop. Frightronics Animatronic. Buy from the UK &amp; Europe&#039;s leading horror and Halloween specialist.\" \/>\n<meta property=\"og:url\" content=\"https:\/\/madabouthorror.co.uk\/fr\/product\/distortions-frightronic-animated-prop-laughing-hag\/\" \/>\n<meta property=\"og:site_name\" content=\"Mad About Horror\" \/>\n<meta property=\"article:publisher\" content=\"https:\/\/www.facebook.com\/madabouthorror\/\" \/>\n<meta property=\"article:modified_time\" content=\"2025-11-20T12:39:05+00:00\" \/>\n<meta property=\"og:image\" content=\"https:\/\/madabouthorror.co.uk\/wp-content\/uploads\/2025\/06\/1-20.png\" \/>\n\t<meta property=\"og:image:width\" content=\"1500\" \/>\n\t<meta property=\"og:image:height\" content=\"1500\" \/>\n\t<meta property=\"og:image:type\" content=\"image\/png\" \/>\n<meta name=\"twitter:card\" content=\"summary_large_image\" \/>\n<meta name=\"twitter:label1\" content=\"Dur\u00e9e de lecture estim\u00e9e\" \/>\n\t<meta name=\"twitter:data1\" content=\"2 minutes\" \/>\n<script type=\"application\/ld+json\" class=\"yoast-schema-graph\">{\"@context\":\"https:\\\/\\\/schema.org\",\"@graph\":[{\"@type\":[\"WebPage\",\"ItemPage\"],\"@id\":\"https:\\\/\\\/madabouthorror.co.uk\\\/product\\\/distortions-frightronic-animated-prop-laughing-hag\\\/\",\"url\":\"https:\\\/\\\/madabouthorror.co.uk\\\/product\\\/distortions-frightronic-animated-prop-laughing-hag\\\/\",\"name\":\"Distortions Frightronic Animated Prop - Laughing Hag | UK Stock\",\"isPartOf\":{\"@id\":\"https:\\\/\\\/madabouthorror.co.uk\\\/#website\"},\"primaryImageOfPage\":{\"@id\":\"https:\\\/\\\/madabouthorror.co.uk\\\/product\\\/distortions-frightronic-animated-prop-laughing-hag\\\/#primaryimage\"},\"image\":{\"@id\":\"https:\\\/\\\/madabouthorror.co.uk\\\/product\\\/distortions-frightronic-animated-prop-laughing-hag\\\/#primaryimage\"},\"thumbnailUrl\":\"https:\\\/\\\/madabouthorror.co.uk\\\/wp-content\\\/uploads\\\/2025\\\/06\\\/1-20.png\",\"datePublished\":\"2025-06-09T13:13:36+00:00\",\"dateModified\":\"2025-11-20T12:39:05+00:00\",\"description\":\"Distortions Laughing Hag Prop Animated Prop. Frightronics Animatronic. Buy from the UK & Europe's leading horror and Halloween specialist.\",\"breadcrumb\":{\"@id\":\"https:\\\/\\\/madabouthorror.co.uk\\\/product\\\/distortions-frightronic-animated-prop-laughing-hag\\\/#breadcrumb\"},\"inLanguage\":\"fr-FR\",\"potentialAction\":[{\"@type\":\"ReadAction\",\"target\":[\"https:\\\/\\\/madabouthorror.co.uk\\\/product\\\/distortions-frightronic-animated-prop-laughing-hag\\\/\"]}]},{\"@type\":\"ImageObject\",\"inLanguage\":\"fr-FR\",\"@id\":\"https:\\\/\\\/madabouthorror.co.uk\\\/product\\\/distortions-frightronic-animated-prop-laughing-hag\\\/#primaryimage\",\"url\":\"https:\\\/\\\/madabouthorror.co.uk\\\/wp-content\\\/uploads\\\/2025\\\/06\\\/1-20.png\",\"contentUrl\":\"https:\\\/\\\/madabouthorror.co.uk\\\/wp-content\\\/uploads\\\/2025\\\/06\\\/1-20.png\",\"width\":1500,\"height\":1500,\"caption\":\"Distortions Laughing Hag Prop\"},{\"@type\":\"BreadcrumbList\",\"@id\":\"https:\\\/\\\/madabouthorror.co.uk\\\/product\\\/distortions-frightronic-animated-prop-laughing-hag\\\/#breadcrumb\",\"itemListElement\":[{\"@type\":\"ListItem\",\"position\":1,\"name\":\"Shop\",\"item\":\"https:\\\/\\\/madabouthorror.co.uk\\\/shop\\\/\"},{\"@type\":\"ListItem\",\"position\":2,\"name\":\"Distortions Frightronic Animated Prop &#8211; Laughing Hag\"}]},{\"@type\":\"WebSite\",\"@id\":\"https:\\\/\\\/madabouthorror.co.uk\\\/#website\",\"url\":\"https:\\\/\\\/madabouthorror.co.uk\\\/\",\"name\":\"Mad About Horror\",\"description\":\"\",\"publisher\":{\"@id\":\"https:\\\/\\\/madabouthorror.co.uk\\\/#organization\"},\"alternateName\":\"Mad About Horror Limited\",\"potentialAction\":[{\"@type\":\"SearchAction\",\"target\":{\"@type\":\"EntryPoint\",\"urlTemplate\":\"https:\\\/\\\/madabouthorror.co.uk\\\/?s={search_term_string}\"},\"query-input\":{\"@type\":\"PropertyValueSpecification\",\"valueRequired\":true,\"valueName\":\"search_term_string\"}}],\"inLanguage\":\"fr-FR\"},{\"@type\":\"Organization\",\"@id\":\"https:\\\/\\\/madabouthorror.co.uk\\\/#organization\",\"name\":\"Mad About Horror\",\"url\":\"https:\\\/\\\/madabouthorror.co.uk\\\/\",\"logo\":{\"@type\":\"ImageObject\",\"inLanguage\":\"fr-FR\",\"@id\":\"https:\\\/\\\/madabouthorror.co.uk\\\/#\\\/schema\\\/logo\\\/image\\\/\",\"url\":\"https:\\\/\\\/madabouthorror.co.uk\\\/wp-content\\\/uploads\\\/2024\\\/02\\\/cropped-Logo.png\",\"contentUrl\":\"https:\\\/\\\/madabouthorror.co.uk\\\/wp-content\\\/uploads\\\/2024\\\/02\\\/cropped-Logo.png\",\"width\":240,\"height\":88,\"caption\":\"Mad About Horror\"},\"image\":{\"@id\":\"https:\\\/\\\/madabouthorror.co.uk\\\/#\\\/schema\\\/logo\\\/image\\\/\"},\"sameAs\":[\"https:\\\/\\\/www.facebook.com\\\/madabouthorror\\\/\",\"https:\\\/\\\/www.instagram.com\\\/madabouthorror\\\/\",\"https:\\\/\\\/www.pinterest.co.uk\\\/madabouthorror\\\/\",\"https:\\\/\\\/www.youtube.com\\\/channel\\\/UCBooLOIxjoQ89dj6T5lWm_w\",\"https:\\\/\\\/www.tiktok.com\\\/@weremadabouthorror\"]}]}<\/script>\n<!-- \/ Yoast SEO plugin. -->","yoast_head_json":{"title":"Distorsions Frightronic Anim\u00e9 Prop - Sorci\u00e8re Rieuse | Stock UK","description":"Prop Anim\u00e9 de la Sorci\u00e8re Hurlante Distortions. Animatronique Frightronics. Achetez aupr\u00e8s du leader britannique et europ\u00e9en de la sp\u00e9cialisation dans l'horreur et Halloween.","robots":{"index":"index","follow":"follow","max-snippet":"max-snippet:-1","max-image-preview":"max-image-preview:large","max-video-preview":"max-video-preview:-1"},"canonical":"https:\/\/madabouthorror.co.uk\/fr\/product\/distortions-frightronic-animated-prop-laughing-hag\/","og_locale":"fr_FR","og_type":"article","og_title":"Distortions Frightronic Animated Prop - Laughing Hag | UK Stock","og_description":"Distortions Laughing Hag Prop Animated Prop. Frightronics Animatronic. Buy from the UK & Europe's leading horror and Halloween specialist.","og_url":"https:\/\/madabouthorror.co.uk\/fr\/product\/distortions-frightronic-animated-prop-laughing-hag\/","og_site_name":"Mad About Horror","article_publisher":"https:\/\/www.facebook.com\/madabouthorror\/","article_modified_time":"2025-11-20T12:39:05+00:00","og_image":[{"width":1500,"height":1500,"url":"https:\/\/madabouthorror.co.uk\/wp-content\/uploads\/2025\/06\/1-20.png","type":"image\/png"}],"twitter_card":"summary_large_image","twitter_misc":{"Dur\u00e9e de lecture estim\u00e9e":"2 minutes"},"schema":{"@context":"https:\/\/schema.org","@graph":[{"@type":["WebPage","ItemPage"],"@id":"https:\/\/madabouthorror.co.uk\/product\/distortions-frightronic-animated-prop-laughing-hag\/","url":"https:\/\/madabouthorror.co.uk\/product\/distortions-frightronic-animated-prop-laughing-hag\/","name":"Distorsions Frightronic Anim\u00e9 Prop - Sorci\u00e8re Rieuse | Stock UK","isPartOf":{"@id":"https:\/\/madabouthorror.co.uk\/#website"},"primaryImageOfPage":{"@id":"https:\/\/madabouthorror.co.uk\/product\/distortions-frightronic-animated-prop-laughing-hag\/#primaryimage"},"image":{"@id":"https:\/\/madabouthorror.co.uk\/product\/distortions-frightronic-animated-prop-laughing-hag\/#primaryimage"},"thumbnailUrl":"https:\/\/madabouthorror.co.uk\/wp-content\/uploads\/2025\/06\/1-20.png","datePublished":"2025-06-09T13:13:36+00:00","dateModified":"2025-11-20T12:39:05+00:00","description":"Prop Anim\u00e9 de la Sorci\u00e8re Hurlante Distortions. Animatronique Frightronics. Achetez aupr\u00e8s du leader britannique et europ\u00e9en de la sp\u00e9cialisation dans l'horreur et Halloween.","breadcrumb":{"@id":"https:\/\/madabouthorror.co.uk\/product\/distortions-frightronic-animated-prop-laughing-hag\/#breadcrumb"},"inLanguage":"fr-FR","potentialAction":[{"@type":"ReadAction","target":["https:\/\/madabouthorror.co.uk\/product\/distortions-frightronic-animated-prop-laughing-hag\/"]}]},{"@type":"ImageObject","inLanguage":"fr-FR","@id":"https:\/\/madabouthorror.co.uk\/product\/distortions-frightronic-animated-prop-laughing-hag\/#primaryimage","url":"https:\/\/madabouthorror.co.uk\/wp-content\/uploads\/2025\/06\/1-20.png","contentUrl":"https:\/\/madabouthorror.co.uk\/wp-content\/uploads\/2025\/06\/1-20.png","width":1500,"height":1500,"caption":"Distortions Laughing Hag Prop"},{"@type":"BreadcrumbList","@id":"https:\/\/madabouthorror.co.uk\/product\/distortions-frightronic-animated-prop-laughing-hag\/#breadcrumb","itemListElement":[{"@type":"ListItem","position":1,"name":"Shop","item":"https:\/\/madabouthorror.co.uk\/shop\/"},{"@type":"ListItem","position":2,"name":"Distortions Frightronic Animated Prop &#8211; Laughing Hag"}]},{"@type":"WebSite","@id":"https:\/\/madabouthorror.co.uk\/#website","url":"https:\/\/madabouthorror.co.uk\/","name":"L'horreur en folie","description":"","publisher":{"@id":"https:\/\/madabouthorror.co.uk\/#organization"},"alternateName":"Mad About Horror Limited","potentialAction":[{"@type":"SearchAction","target":{"@type":"EntryPoint","urlTemplate":"https:\/\/madabouthorror.co.uk\/?s={search_term_string}"},"query-input":{"@type":"PropertyValueSpecification","valueRequired":true,"valueName":"search_term_string"}}],"inLanguage":"fr-FR"},{"@type":"Organization","@id":"https:\/\/madabouthorror.co.uk\/#organization","name":"L'horreur en folie","url":"https:\/\/madabouthorror.co.uk\/","logo":{"@type":"ImageObject","inLanguage":"fr-FR","@id":"https:\/\/madabouthorror.co.uk\/#\/schema\/logo\/image\/","url":"https:\/\/madabouthorror.co.uk\/wp-content\/uploads\/2024\/02\/cropped-Logo.png","contentUrl":"https:\/\/madabouthorror.co.uk\/wp-content\/uploads\/2024\/02\/cropped-Logo.png","width":240,"height":88,"caption":"Mad About Horror"},"image":{"@id":"https:\/\/madabouthorror.co.uk\/#\/schema\/logo\/image\/"},"sameAs":["https:\/\/www.facebook.com\/madabouthorror\/","https:\/\/www.instagram.com\/madabouthorror\/","https:\/\/www.pinterest.co.uk\/madabouthorror\/","https:\/\/www.youtube.com\/channel\/UCBooLOIxjoQ89dj6T5lWm_w","https:\/\/www.tiktok.com\/@weremadabouthorror"]}]}},"df_price":599.95,"df_sale_price":"","df_regular_price":599.95,"df_image_link":"https:\/\/madabouthorror.co.uk\/wp-content\/uploads\/2025\/06\/1-20-300x300.png","_links":{"self":[{"href":"https:\/\/madabouthorror.co.uk\/fr\/wp-json\/wp\/v2\/product\/539784","targetHints":{"allow":["GET"]}}],"collection":[{"href":"https:\/\/madabouthorror.co.uk\/fr\/wp-json\/wp\/v2\/product"}],"about":[{"href":"https:\/\/madabouthorror.co.uk\/fr\/wp-json\/wp\/v2\/types\/product"}],"replies":[{"embeddable":true,"href":"https:\/\/madabouthorror.co.uk\/fr\/wp-json\/wp\/v2\/comments?post=539784"}],"wp:featuredmedia":[{"embeddable":true,"href":"https:\/\/madabouthorror.co.uk\/fr\/wp-json\/wp\/v2\/media\/539785"}],"wp:attachment":[{"href":"https:\/\/madabouthorror.co.uk\/fr\/wp-json\/wp\/v2\/media?parent=539784"}],"wp:term":[{"taxonomy":"product_brand","embeddable":true,"href":"https:\/\/madabouthorror.co.uk\/fr\/wp-json\/wp\/v2\/product_brand?post=539784"},{"taxonomy":"product_cat","embeddable":true,"href":"https:\/\/madabouthorror.co.uk\/fr\/wp-json\/wp\/v2\/product_cat?post=539784"},{"taxonomy":"product_tag","embeddable":true,"href":"https:\/\/madabouthorror.co.uk\/fr\/wp-json\/wp\/v2\/product_tag?post=539784"}],"curies":[{"name":"wp","href":"https:\/\/api.w.org\/{rel}","templated":true}]}}