{"id":539831,"date":"2025-06-09T19:51:05","date_gmt":"2025-06-09T18:51:05","guid":{"rendered":"https:\/\/madabouthorror.co.uk\/?post_type=product&#038;p=539831"},"modified":"2026-01-21T08:52:48","modified_gmt":"2026-01-21T08:52:48","slug":"silicone-old-man-mask-the-prune","status":"publish","type":"product","link":"https:\/\/madabouthorror.co.uk\/fr\/product\/silicone-old-man-mask-the-prune\/","title":{"rendered":"Masque de vieillard en silicone - Le Pruneau"},"content":{"rendered":"<p data-sourcepos=\"9:1-9:378\">Pr\u00e9parez-vous \u00e0 des r\u00e9actions \u00e0 couper le souffle avec le masque en silicone Savage - Vieil Homme Prune. Ce n'est pas juste un d\u00e9guisement ; c'est une transformation hyperr\u00e9aliste qui est vraiment sans \u00e9gale sur le march\u00e9 aujourd'hui. Con\u00e7u pour un impact maximal, le masque \u201cPrune\u201d est super convaincant pour faire des farces \u00e0 vos amis et \u00e0 votre famille \u2013 m\u00eame de pr\u00e8s, personne ne pourra dire que vous portez un d\u00e9guisement !<\/p>\n<p data-sourcepos=\"11:1-11:235\">Con\u00e7u pour la durabilit\u00e9 et un ajustement parfait, ce masque de vieil homme en silicone est dot\u00e9 d'un maillage int\u00e9gral pour une r\u00e9sistance ultime. Pr\u00e9parez-vous \u00e0 tromper tout le monde avec cet incroyable masque r\u00e9aliste \u201c Vieil Homme Prune \u201d !<\/p>","protected":false},"excerpt":{"rendered":"<p>Pr\u00e9parez-vous \u00e0 des r\u00e9actions ahurissantes avec le masque Savage Silicone \u2013 Vieux Bonhomme Prune. Ce n\u2019est pas juste un d\u00e9guisement ; c\u2019est une transformation hyper-r\u00e9aliste qui est vraiment sans \u00e9gale sur le march\u00e9 actuel. Con\u00e7u pour un impact maximal, le masque \u201c Prune \u201d est super convaincant pour faire des farces \u00e0 vos amis et votre famille \u2013 m\u00eame de pr\u00e8s, personne ne sera [\u2026]<\/p>","protected":false},"featured_media":539925,"comment_status":"closed","ping_status":"closed","template":"","meta":{"_acf_changed":false},"product_brand":[],"product_cat":[10098,8732,8733,6541,6543,6824],"product_tag":[],"class_list":{"0":"post-539831","1":"product","2":"type-product","3":"status-publish","4":"has-post-thumbnail","6":"product_cat-old-man-masks","7":"product_cat-professional-range-silicone-masks","8":"product_cat-silicone-masks","9":"product_cat-masks","10":"product_cat-professional","11":"product_cat-professional-masks","13":"first","14":"outofstock","15":"taxable","16":"shipping-taxable","17":"purchasable","18":"product-type-simple"},"supplier_id":480225,"supplier_sku":"","barcode":null,"atum_controlled":true,"out_stock_date":"2026-01-21 08:52:48","out_stock_threshold":null,"inheritable":false,"inbound_stock":2,"stock_on_hold":0,"sold_today":0,"sales_last_days":0,"reserved_stock":0,"customer_returns":0,"warehouse_damage":0,"lost_in_post":0,"other_logs":0,"out_stock_days":97,"lost_sales":22032,"has_location":false,"update_date":"2026-04-29T01:51:21","atum_locations":[],"atum_stock_status":"outofstock","restock_status":false,"low_stock_amount":"","sales_update_date":"2026-04-29T01:51:20","calc_backorders":null,"acf":[],"yoast_head":"<!-- This site is optimized with the Yoast SEO plugin v27.5 - https:\/\/yoast.com\/product\/yoast-seo-wordpress\/ -->\n<title>Silicone Old Man Mask - The Prune | UK Stock<\/title>\n<meta name=\"description\" content=\"Old Man Prune Mask. Huge range of quality Halloween props, masks and accessories. Buy from the UK &amp; Europe&#039;s leading horror and Halloween specialist.\" \/>\n<meta name=\"robots\" content=\"index, follow, max-snippet:-1, max-image-preview:large, max-video-preview:-1\" \/>\n<link rel=\"canonical\" href=\"https:\/\/madabouthorror.co.uk\/fr\/product\/silicone-old-man-mask-the-prune\/\" \/>\n<meta property=\"og:locale\" content=\"fr_FR\" \/>\n<meta property=\"og:type\" content=\"article\" \/>\n<meta property=\"og:title\" content=\"Silicone Old Man Mask - The Prune | UK Stock\" \/>\n<meta property=\"og:description\" content=\"Old Man Prune Mask. Huge range of quality Halloween props, masks and accessories. Buy from the UK &amp; Europe&#039;s leading horror and Halloween specialist.\" \/>\n<meta property=\"og:url\" content=\"https:\/\/madabouthorror.co.uk\/fr\/product\/silicone-old-man-mask-the-prune\/\" \/>\n<meta property=\"og:site_name\" content=\"Mad About Horror\" \/>\n<meta property=\"article:publisher\" content=\"https:\/\/www.facebook.com\/madabouthorror\/\" \/>\n<meta property=\"article:modified_time\" content=\"2026-01-21T08:52:48+00:00\" \/>\n<meta property=\"og:image\" content=\"https:\/\/madabouthorror.co.uk\/wp-content\/uploads\/2025\/06\/1-22.png\" \/>\n\t<meta property=\"og:image:width\" content=\"1500\" \/>\n\t<meta property=\"og:image:height\" content=\"1500\" \/>\n\t<meta property=\"og:image:type\" content=\"image\/png\" \/>\n<meta name=\"twitter:card\" content=\"summary_large_image\" \/>\n<meta name=\"twitter:label1\" content=\"Dur\u00e9e de lecture estim\u00e9e\" \/>\n\t<meta name=\"twitter:data1\" content=\"1 minute\" \/>\n<script type=\"application\/ld+json\" class=\"yoast-schema-graph\">{\"@context\":\"https:\\\/\\\/schema.org\",\"@graph\":[{\"@type\":[\"WebPage\",\"ItemPage\"],\"@id\":\"https:\\\/\\\/madabouthorror.co.uk\\\/product\\\/silicone-old-man-mask-the-prune\\\/\",\"url\":\"https:\\\/\\\/madabouthorror.co.uk\\\/product\\\/silicone-old-man-mask-the-prune\\\/\",\"name\":\"Silicone Old Man Mask - The Prune | UK Stock\",\"isPartOf\":{\"@id\":\"https:\\\/\\\/madabouthorror.co.uk\\\/#website\"},\"primaryImageOfPage\":{\"@id\":\"https:\\\/\\\/madabouthorror.co.uk\\\/product\\\/silicone-old-man-mask-the-prune\\\/#primaryimage\"},\"image\":{\"@id\":\"https:\\\/\\\/madabouthorror.co.uk\\\/product\\\/silicone-old-man-mask-the-prune\\\/#primaryimage\"},\"thumbnailUrl\":\"https:\\\/\\\/madabouthorror.co.uk\\\/wp-content\\\/uploads\\\/2025\\\/06\\\/1-22.png\",\"datePublished\":\"2025-06-09T18:51:05+00:00\",\"dateModified\":\"2026-01-21T08:52:48+00:00\",\"description\":\"Old Man Prune Mask. Huge range of quality Halloween props, masks and accessories. Buy from the UK & Europe's leading horror and Halloween specialist.\",\"breadcrumb\":{\"@id\":\"https:\\\/\\\/madabouthorror.co.uk\\\/product\\\/silicone-old-man-mask-the-prune\\\/#breadcrumb\"},\"inLanguage\":\"fr-FR\",\"potentialAction\":[{\"@type\":\"ReadAction\",\"target\":[\"https:\\\/\\\/madabouthorror.co.uk\\\/product\\\/silicone-old-man-mask-the-prune\\\/\"]}]},{\"@type\":\"ImageObject\",\"inLanguage\":\"fr-FR\",\"@id\":\"https:\\\/\\\/madabouthorror.co.uk\\\/product\\\/silicone-old-man-mask-the-prune\\\/#primaryimage\",\"url\":\"https:\\\/\\\/madabouthorror.co.uk\\\/wp-content\\\/uploads\\\/2025\\\/06\\\/1-22.png\",\"contentUrl\":\"https:\\\/\\\/madabouthorror.co.uk\\\/wp-content\\\/uploads\\\/2025\\\/06\\\/1-22.png\",\"width\":1500,\"height\":1500,\"caption\":\"Old Man Prune Mask\"},{\"@type\":\"BreadcrumbList\",\"@id\":\"https:\\\/\\\/madabouthorror.co.uk\\\/product\\\/silicone-old-man-mask-the-prune\\\/#breadcrumb\",\"itemListElement\":[{\"@type\":\"ListItem\",\"position\":1,\"name\":\"Shop\",\"item\":\"https:\\\/\\\/madabouthorror.co.uk\\\/shop\\\/\"},{\"@type\":\"ListItem\",\"position\":2,\"name\":\"Silicone Old Man Mask &#8211; The Prune\"}]},{\"@type\":\"WebSite\",\"@id\":\"https:\\\/\\\/madabouthorror.co.uk\\\/#website\",\"url\":\"https:\\\/\\\/madabouthorror.co.uk\\\/\",\"name\":\"Mad About Horror\",\"description\":\"\",\"publisher\":{\"@id\":\"https:\\\/\\\/madabouthorror.co.uk\\\/#organization\"},\"alternateName\":\"Mad About Horror Limited\",\"potentialAction\":[{\"@type\":\"SearchAction\",\"target\":{\"@type\":\"EntryPoint\",\"urlTemplate\":\"https:\\\/\\\/madabouthorror.co.uk\\\/?s={search_term_string}\"},\"query-input\":{\"@type\":\"PropertyValueSpecification\",\"valueRequired\":true,\"valueName\":\"search_term_string\"}}],\"inLanguage\":\"fr-FR\"},{\"@type\":\"Organization\",\"@id\":\"https:\\\/\\\/madabouthorror.co.uk\\\/#organization\",\"name\":\"Mad About Horror\",\"url\":\"https:\\\/\\\/madabouthorror.co.uk\\\/\",\"logo\":{\"@type\":\"ImageObject\",\"inLanguage\":\"fr-FR\",\"@id\":\"https:\\\/\\\/madabouthorror.co.uk\\\/#\\\/schema\\\/logo\\\/image\\\/\",\"url\":\"https:\\\/\\\/madabouthorror.co.uk\\\/wp-content\\\/uploads\\\/2024\\\/02\\\/cropped-Logo.png\",\"contentUrl\":\"https:\\\/\\\/madabouthorror.co.uk\\\/wp-content\\\/uploads\\\/2024\\\/02\\\/cropped-Logo.png\",\"width\":240,\"height\":88,\"caption\":\"Mad About Horror\"},\"image\":{\"@id\":\"https:\\\/\\\/madabouthorror.co.uk\\\/#\\\/schema\\\/logo\\\/image\\\/\"},\"sameAs\":[\"https:\\\/\\\/www.facebook.com\\\/madabouthorror\\\/\",\"https:\\\/\\\/www.instagram.com\\\/madabouthorror\\\/\",\"https:\\\/\\\/www.pinterest.co.uk\\\/madabouthorror\\\/\",\"https:\\\/\\\/www.youtube.com\\\/channel\\\/UCBooLOIxjoQ89dj6T5lWm_w\",\"https:\\\/\\\/www.tiktok.com\\\/@weremadabouthorror\"]}]}<\/script>\n<!-- \/ Yoast SEO plugin. -->","yoast_head_json":{"title":"Masque de Vieil Homme en Silicone - The Prune | Stock UK","description":"Vieil Homme Prune Masque. Vaste gamme d'accessoires, masques et articles d'Halloween de qualit\u00e9. Achetez aupr\u00e8s du sp\u00e9cialiste leader de l'horreur et d'Halloween au Royaume-Uni et en Europe.","robots":{"index":"index","follow":"follow","max-snippet":"max-snippet:-1","max-image-preview":"max-image-preview:large","max-video-preview":"max-video-preview:-1"},"canonical":"https:\/\/madabouthorror.co.uk\/fr\/product\/silicone-old-man-mask-the-prune\/","og_locale":"fr_FR","og_type":"article","og_title":"Silicone Old Man Mask - The Prune | UK Stock","og_description":"Old Man Prune Mask. Huge range of quality Halloween props, masks and accessories. Buy from the UK & Europe's leading horror and Halloween specialist.","og_url":"https:\/\/madabouthorror.co.uk\/fr\/product\/silicone-old-man-mask-the-prune\/","og_site_name":"Mad About Horror","article_publisher":"https:\/\/www.facebook.com\/madabouthorror\/","article_modified_time":"2026-01-21T08:52:48+00:00","og_image":[{"width":1500,"height":1500,"url":"https:\/\/madabouthorror.co.uk\/wp-content\/uploads\/2025\/06\/1-22.png","type":"image\/png"}],"twitter_card":"summary_large_image","twitter_misc":{"Dur\u00e9e de lecture estim\u00e9e":"1 minute"},"schema":{"@context":"https:\/\/schema.org","@graph":[{"@type":["WebPage","ItemPage"],"@id":"https:\/\/madabouthorror.co.uk\/product\/silicone-old-man-mask-the-prune\/","url":"https:\/\/madabouthorror.co.uk\/product\/silicone-old-man-mask-the-prune\/","name":"Masque de Vieil Homme en Silicone - The Prune | Stock UK","isPartOf":{"@id":"https:\/\/madabouthorror.co.uk\/#website"},"primaryImageOfPage":{"@id":"https:\/\/madabouthorror.co.uk\/product\/silicone-old-man-mask-the-prune\/#primaryimage"},"image":{"@id":"https:\/\/madabouthorror.co.uk\/product\/silicone-old-man-mask-the-prune\/#primaryimage"},"thumbnailUrl":"https:\/\/madabouthorror.co.uk\/wp-content\/uploads\/2025\/06\/1-22.png","datePublished":"2025-06-09T18:51:05+00:00","dateModified":"2026-01-21T08:52:48+00:00","description":"Vieil Homme Prune Masque. Vaste gamme d'accessoires, masques et articles d'Halloween de qualit\u00e9. Achetez aupr\u00e8s du sp\u00e9cialiste leader de l'horreur et d'Halloween au Royaume-Uni et en Europe.","breadcrumb":{"@id":"https:\/\/madabouthorror.co.uk\/product\/silicone-old-man-mask-the-prune\/#breadcrumb"},"inLanguage":"fr-FR","potentialAction":[{"@type":"ReadAction","target":["https:\/\/madabouthorror.co.uk\/product\/silicone-old-man-mask-the-prune\/"]}]},{"@type":"ImageObject","inLanguage":"fr-FR","@id":"https:\/\/madabouthorror.co.uk\/product\/silicone-old-man-mask-the-prune\/#primaryimage","url":"https:\/\/madabouthorror.co.uk\/wp-content\/uploads\/2025\/06\/1-22.png","contentUrl":"https:\/\/madabouthorror.co.uk\/wp-content\/uploads\/2025\/06\/1-22.png","width":1500,"height":1500,"caption":"Old Man Prune Mask"},{"@type":"BreadcrumbList","@id":"https:\/\/madabouthorror.co.uk\/product\/silicone-old-man-mask-the-prune\/#breadcrumb","itemListElement":[{"@type":"ListItem","position":1,"name":"Shop","item":"https:\/\/madabouthorror.co.uk\/shop\/"},{"@type":"ListItem","position":2,"name":"Silicone Old Man Mask &#8211; The Prune"}]},{"@type":"WebSite","@id":"https:\/\/madabouthorror.co.uk\/#website","url":"https:\/\/madabouthorror.co.uk\/","name":"L'horreur en folie","description":"","publisher":{"@id":"https:\/\/madabouthorror.co.uk\/#organization"},"alternateName":"Mad About Horror Limited","potentialAction":[{"@type":"SearchAction","target":{"@type":"EntryPoint","urlTemplate":"https:\/\/madabouthorror.co.uk\/?s={search_term_string}"},"query-input":{"@type":"PropertyValueSpecification","valueRequired":true,"valueName":"search_term_string"}}],"inLanguage":"fr-FR"},{"@type":"Organization","@id":"https:\/\/madabouthorror.co.uk\/#organization","name":"L'horreur en folie","url":"https:\/\/madabouthorror.co.uk\/","logo":{"@type":"ImageObject","inLanguage":"fr-FR","@id":"https:\/\/madabouthorror.co.uk\/#\/schema\/logo\/image\/","url":"https:\/\/madabouthorror.co.uk\/wp-content\/uploads\/2024\/02\/cropped-Logo.png","contentUrl":"https:\/\/madabouthorror.co.uk\/wp-content\/uploads\/2024\/02\/cropped-Logo.png","width":240,"height":88,"caption":"Mad About Horror"},"image":{"@id":"https:\/\/madabouthorror.co.uk\/#\/schema\/logo\/image\/"},"sameAs":["https:\/\/www.facebook.com\/madabouthorror\/","https:\/\/www.instagram.com\/madabouthorror\/","https:\/\/www.pinterest.co.uk\/madabouthorror\/","https:\/\/www.youtube.com\/channel\/UCBooLOIxjoQ89dj6T5lWm_w","https:\/\/www.tiktok.com\/@weremadabouthorror"]}]}},"df_price":795,"df_sale_price":"","df_regular_price":795,"df_image_link":"https:\/\/madabouthorror.co.uk\/wp-content\/uploads\/2025\/06\/1-22-300x300.png","_links":{"self":[{"href":"https:\/\/madabouthorror.co.uk\/fr\/wp-json\/wp\/v2\/product\/539831","targetHints":{"allow":["GET"]}}],"collection":[{"href":"https:\/\/madabouthorror.co.uk\/fr\/wp-json\/wp\/v2\/product"}],"about":[{"href":"https:\/\/madabouthorror.co.uk\/fr\/wp-json\/wp\/v2\/types\/product"}],"replies":[{"embeddable":true,"href":"https:\/\/madabouthorror.co.uk\/fr\/wp-json\/wp\/v2\/comments?post=539831"}],"wp:featuredmedia":[{"embeddable":true,"href":"https:\/\/madabouthorror.co.uk\/fr\/wp-json\/wp\/v2\/media\/539925"}],"wp:attachment":[{"href":"https:\/\/madabouthorror.co.uk\/fr\/wp-json\/wp\/v2\/media?parent=539831"}],"wp:term":[{"taxonomy":"product_brand","embeddable":true,"href":"https:\/\/madabouthorror.co.uk\/fr\/wp-json\/wp\/v2\/product_brand?post=539831"},{"taxonomy":"product_cat","embeddable":true,"href":"https:\/\/madabouthorror.co.uk\/fr\/wp-json\/wp\/v2\/product_cat?post=539831"},{"taxonomy":"product_tag","embeddable":true,"href":"https:\/\/madabouthorror.co.uk\/fr\/wp-json\/wp\/v2\/product_tag?post=539831"}],"curies":[{"name":"wp","href":"https:\/\/api.w.org\/{rel}","templated":true}]}}