{"id":544789,"date":"2025-07-08T12:29:32","date_gmt":"2025-07-08T11:29:32","guid":{"rendered":"https:\/\/madabouthorror.co.uk\/?post_type=product&#038;p=544789"},"modified":"2026-04-20T15:40:30","modified_gmt":"2026-04-20T14:40:30","slug":"terrifier-2-costume-shop-art-the-clown-5-action-figure","status":"publish","type":"product","link":"https:\/\/madabouthorror.co.uk\/fr\/product\/terrifier-2-costume-shop-art-the-clown-5-action-figure\/","title":{"rendered":"Terrifier 2 - Costume Shop Art the Clown 5\u2033 Action Figure"},"content":{"rendered":"<p data-start=\"108\" data-end=\"241\">Trick or Treat Studios est fier de pr\u00e9senter la figurine articul\u00e9e officielle Terrifier 2 \u2013 Costume Shop Art the Clown de 12,7 cm !<\/p>\n<p data-start=\"243\" data-end=\"544\">Tout droit sorti de la sc\u00e8ne du magasin de costumes effrayant dans <em data-start=\"292\" data-end=\"305\">Terrifier 2<\/em>, Cette figurine de 5 pouces pr\u00e9sente Art le Clown dans toute sa gloire d\u00e9rangeante. Il est enti\u00e8rement \u00e9quip\u00e9 d'accessoires macabres, dont un chalumeau, un cor, de l'eau de Javel et du sel, pr\u00eats \u00e0 recr\u00e9er l'un des moments les plus inoubliables du film.<\/p>\n<p data-start=\"546\" data-end=\"624\">Un ajout sinistre pour les collectionneurs d'horreur et les fans de la franchise Terrifier !<\/p>","protected":false},"excerpt":{"rendered":"<p>Trick or Treat Studios est fier de pr\u00e9senter la figurine articul\u00e9e sous licence officielle Terrifier 2 \u2013 Costume Shop Art the Clown de 12,7 cm ! Tout droit sortie de la sc\u00e8ne culte de la boutique de costumes dans Terrifier 2, cette figurine de 12,7 cm repr\u00e9sente Art the Clown dans toute sa gloire d\u00e9rangeante. Il est enti\u00e8rement \u00e9quip\u00e9 d'accessoires macabres comprenant un chalumeau, une corne, [\u2026]<\/p>","protected":false},"featured_media":544790,"comment_status":"closed","ping_status":"closed","template":"","meta":{"_acf_changed":false},"product_brand":[],"product_cat":[10043,6538,10075,6537,6571,6792,6701],"product_tag":[],"class_list":{"0":"post-544789","1":"product","2":"type-product","3":"status-publish","4":"has-post-thumbnail","6":"product_cat-5-figures","7":"product_cat-figures","8":"product_cat-action-figures","9":"product_cat-collectibles","10":"product_cat-just-arrived","11":"product_cat-trick-or-treat-studios","12":"product_cat-terrifier","13":"product_shipping_class-small-parcel-economy-3-5-business-days","15":"first","16":"instock","17":"taxable","18":"shipping-taxable","19":"purchasable","20":"product-type-simple"},"supplier_id":467429,"supplier_sku":"TTDA107","barcode":"810116282494","atum_controlled":true,"out_stock_date":null,"out_stock_threshold":null,"inheritable":false,"inbound_stock":0,"stock_on_hold":0,"sold_today":0,"sales_last_days":0,"reserved_stock":0,"customer_returns":0,"warehouse_damage":0,"lost_in_post":0,"other_logs":0,"out_stock_days":0,"lost_sales":0,"has_location":false,"update_date":"2026-04-24T01:56:58","atum_locations":[],"atum_stock_status":"instock","restock_status":false,"low_stock_amount":8,"sales_update_date":"2026-04-24T01:56:57","calc_backorders":null,"acf":[],"yoast_head":"<!-- This site is optimized with the Yoast SEO plugin v27.4 - https:\/\/yoast.com\/product\/yoast-seo-wordpress\/ -->\n<title>Terrifier 2 - Costume Shop Art the Clown 5&quot; Action Figure | Mad About Horror<\/title>\n<meta name=\"description\" content=\"Terrifier Costume Shop Figure. Art the Clown. Official UK Stockist of Trick or Treat Studios. Shop Horror collectibles and Halloween props. UK Stock\" \/>\n<meta name=\"robots\" content=\"index, follow, max-snippet:-1, max-image-preview:large, max-video-preview:-1\" \/>\n<link rel=\"canonical\" href=\"https:\/\/madabouthorror.co.uk\/fr\/product\/terrifier-2-costume-shop-art-the-clown-5-action-figure\/\" \/>\n<meta property=\"og:locale\" content=\"fr_FR\" \/>\n<meta property=\"og:type\" content=\"article\" \/>\n<meta property=\"og:title\" content=\"Terrifier 2 - Costume Shop Art the Clown 5&quot; Action Figure | Mad About Horror\" \/>\n<meta property=\"og:description\" content=\"Terrifier Costume Shop Figure. Art the Clown. Official UK Stockist of Trick or Treat Studios. Shop Horror collectibles and Halloween props. UK Stock\" \/>\n<meta property=\"og:url\" content=\"https:\/\/madabouthorror.co.uk\/fr\/product\/terrifier-2-costume-shop-art-the-clown-5-action-figure\/\" \/>\n<meta property=\"og:site_name\" content=\"Mad About Horror\" \/>\n<meta property=\"article:publisher\" content=\"https:\/\/www.facebook.com\/madabouthorror\/\" \/>\n<meta property=\"article:modified_time\" content=\"2026-04-20T14:40:30+00:00\" \/>\n<meta property=\"og:image\" content=\"https:\/\/madabouthorror.co.uk\/wp-content\/uploads\/2025\/07\/1-6.png\" \/>\n\t<meta property=\"og:image:width\" content=\"1500\" \/>\n\t<meta property=\"og:image:height\" content=\"1500\" \/>\n\t<meta property=\"og:image:type\" content=\"image\/png\" \/>\n<meta name=\"twitter:card\" content=\"summary_large_image\" \/>\n<meta name=\"twitter:label1\" content=\"Dur\u00e9e de lecture estim\u00e9e\" \/>\n\t<meta name=\"twitter:data1\" content=\"1 minute\" \/>\n<script type=\"application\/ld+json\" class=\"yoast-schema-graph\">{\"@context\":\"https:\\\/\\\/schema.org\",\"@graph\":[{\"@type\":[\"WebPage\",\"ItemPage\"],\"@id\":\"https:\\\/\\\/madabouthorror.co.uk\\\/product\\\/terrifier-2-costume-shop-art-the-clown-5-action-figure\\\/\",\"url\":\"https:\\\/\\\/madabouthorror.co.uk\\\/product\\\/terrifier-2-costume-shop-art-the-clown-5-action-figure\\\/\",\"name\":\"Terrifier 2 - Costume Shop Art the Clown 5\\\" Action Figure | Mad About Horror\",\"isPartOf\":{\"@id\":\"https:\\\/\\\/madabouthorror.co.uk\\\/#website\"},\"primaryImageOfPage\":{\"@id\":\"https:\\\/\\\/madabouthorror.co.uk\\\/product\\\/terrifier-2-costume-shop-art-the-clown-5-action-figure\\\/#primaryimage\"},\"image\":{\"@id\":\"https:\\\/\\\/madabouthorror.co.uk\\\/product\\\/terrifier-2-costume-shop-art-the-clown-5-action-figure\\\/#primaryimage\"},\"thumbnailUrl\":\"https:\\\/\\\/madabouthorror.co.uk\\\/wp-content\\\/uploads\\\/2025\\\/07\\\/1-6.png\",\"datePublished\":\"2025-07-08T11:29:32+00:00\",\"dateModified\":\"2026-04-20T14:40:30+00:00\",\"description\":\"Terrifier Costume Shop Figure. Art the Clown. Official UK Stockist of Trick or Treat Studios. Shop Horror collectibles and Halloween props. UK Stock\",\"breadcrumb\":{\"@id\":\"https:\\\/\\\/madabouthorror.co.uk\\\/product\\\/terrifier-2-costume-shop-art-the-clown-5-action-figure\\\/#breadcrumb\"},\"inLanguage\":\"fr-FR\",\"potentialAction\":[{\"@type\":\"ReadAction\",\"target\":[\"https:\\\/\\\/madabouthorror.co.uk\\\/product\\\/terrifier-2-costume-shop-art-the-clown-5-action-figure\\\/\"]}]},{\"@type\":\"ImageObject\",\"inLanguage\":\"fr-FR\",\"@id\":\"https:\\\/\\\/madabouthorror.co.uk\\\/product\\\/terrifier-2-costume-shop-art-the-clown-5-action-figure\\\/#primaryimage\",\"url\":\"https:\\\/\\\/madabouthorror.co.uk\\\/wp-content\\\/uploads\\\/2025\\\/07\\\/1-6.png\",\"contentUrl\":\"https:\\\/\\\/madabouthorror.co.uk\\\/wp-content\\\/uploads\\\/2025\\\/07\\\/1-6.png\",\"width\":1500,\"height\":1500,\"caption\":\"Terrifier Costume Shop Figure\"},{\"@type\":\"BreadcrumbList\",\"@id\":\"https:\\\/\\\/madabouthorror.co.uk\\\/product\\\/terrifier-2-costume-shop-art-the-clown-5-action-figure\\\/#breadcrumb\",\"itemListElement\":[{\"@type\":\"ListItem\",\"position\":1,\"name\":\"Shop\",\"item\":\"https:\\\/\\\/madabouthorror.co.uk\\\/shop\\\/\"},{\"@type\":\"ListItem\",\"position\":2,\"name\":\"Terrifier 2 &#8211; Costume Shop Art the Clown 5&#8243; Action Figure\"}]},{\"@type\":\"WebSite\",\"@id\":\"https:\\\/\\\/madabouthorror.co.uk\\\/#website\",\"url\":\"https:\\\/\\\/madabouthorror.co.uk\\\/\",\"name\":\"Mad About Horror\",\"description\":\"\",\"publisher\":{\"@id\":\"https:\\\/\\\/madabouthorror.co.uk\\\/#organization\"},\"alternateName\":\"Mad About Horror Limited\",\"potentialAction\":[{\"@type\":\"SearchAction\",\"target\":{\"@type\":\"EntryPoint\",\"urlTemplate\":\"https:\\\/\\\/madabouthorror.co.uk\\\/?s={search_term_string}\"},\"query-input\":{\"@type\":\"PropertyValueSpecification\",\"valueRequired\":true,\"valueName\":\"search_term_string\"}}],\"inLanguage\":\"fr-FR\"},{\"@type\":\"Organization\",\"@id\":\"https:\\\/\\\/madabouthorror.co.uk\\\/#organization\",\"name\":\"Mad About Horror\",\"url\":\"https:\\\/\\\/madabouthorror.co.uk\\\/\",\"logo\":{\"@type\":\"ImageObject\",\"inLanguage\":\"fr-FR\",\"@id\":\"https:\\\/\\\/madabouthorror.co.uk\\\/#\\\/schema\\\/logo\\\/image\\\/\",\"url\":\"https:\\\/\\\/madabouthorror.co.uk\\\/wp-content\\\/uploads\\\/2024\\\/02\\\/cropped-Logo.png\",\"contentUrl\":\"https:\\\/\\\/madabouthorror.co.uk\\\/wp-content\\\/uploads\\\/2024\\\/02\\\/cropped-Logo.png\",\"width\":240,\"height\":88,\"caption\":\"Mad About Horror\"},\"image\":{\"@id\":\"https:\\\/\\\/madabouthorror.co.uk\\\/#\\\/schema\\\/logo\\\/image\\\/\"},\"sameAs\":[\"https:\\\/\\\/www.facebook.com\\\/madabouthorror\\\/\",\"https:\\\/\\\/www.instagram.com\\\/madabouthorror\\\/\",\"https:\\\/\\\/www.pinterest.co.uk\\\/madabouthorror\\\/\",\"https:\\\/\\\/www.youtube.com\\\/channel\\\/UCBooLOIxjoQ89dj6T5lWm_w\",\"https:\\\/\\\/www.tiktok.com\\\/@weremadabouthorror\"]}]}<\/script>\n<!-- \/ Yoast SEO plugin. -->","yoast_head_json":{"title":"Terrifier 2 - Figurine d'action Art the Clown de 13 cm du magasin de costumes | Mad About Horror","description":"Figurine Terrifier. Art le Clown. Revendeur officiel au Royaume-Uni de Trick or Treat Studios. Achetez des objets de collection d'horreur et des accessoires d'Halloween. Stock UK","robots":{"index":"index","follow":"follow","max-snippet":"max-snippet:-1","max-image-preview":"max-image-preview:large","max-video-preview":"max-video-preview:-1"},"canonical":"https:\/\/madabouthorror.co.uk\/fr\/product\/terrifier-2-costume-shop-art-the-clown-5-action-figure\/","og_locale":"fr_FR","og_type":"article","og_title":"Terrifier 2 - Costume Shop Art the Clown 5\" Action Figure | Mad About Horror","og_description":"Terrifier Costume Shop Figure. Art the Clown. Official UK Stockist of Trick or Treat Studios. Shop Horror collectibles and Halloween props. UK Stock","og_url":"https:\/\/madabouthorror.co.uk\/fr\/product\/terrifier-2-costume-shop-art-the-clown-5-action-figure\/","og_site_name":"Mad About Horror","article_publisher":"https:\/\/www.facebook.com\/madabouthorror\/","article_modified_time":"2026-04-20T14:40:30+00:00","og_image":[{"width":1500,"height":1500,"url":"https:\/\/madabouthorror.co.uk\/wp-content\/uploads\/2025\/07\/1-6.png","type":"image\/png"}],"twitter_card":"summary_large_image","twitter_misc":{"Dur\u00e9e de lecture estim\u00e9e":"1 minute"},"schema":{"@context":"https:\/\/schema.org","@graph":[{"@type":["WebPage","ItemPage"],"@id":"https:\/\/madabouthorror.co.uk\/product\/terrifier-2-costume-shop-art-the-clown-5-action-figure\/","url":"https:\/\/madabouthorror.co.uk\/product\/terrifier-2-costume-shop-art-the-clown-5-action-figure\/","name":"Terrifier 2 - Figurine d'action Art the Clown de 13 cm du magasin de costumes | Mad About Horror","isPartOf":{"@id":"https:\/\/madabouthorror.co.uk\/#website"},"primaryImageOfPage":{"@id":"https:\/\/madabouthorror.co.uk\/product\/terrifier-2-costume-shop-art-the-clown-5-action-figure\/#primaryimage"},"image":{"@id":"https:\/\/madabouthorror.co.uk\/product\/terrifier-2-costume-shop-art-the-clown-5-action-figure\/#primaryimage"},"thumbnailUrl":"https:\/\/madabouthorror.co.uk\/wp-content\/uploads\/2025\/07\/1-6.png","datePublished":"2025-07-08T11:29:32+00:00","dateModified":"2026-04-20T14:40:30+00:00","description":"Figurine Terrifier. Art le Clown. Revendeur officiel au Royaume-Uni de Trick or Treat Studios. Achetez des objets de collection d'horreur et des accessoires d'Halloween. Stock UK","breadcrumb":{"@id":"https:\/\/madabouthorror.co.uk\/product\/terrifier-2-costume-shop-art-the-clown-5-action-figure\/#breadcrumb"},"inLanguage":"fr-FR","potentialAction":[{"@type":"ReadAction","target":["https:\/\/madabouthorror.co.uk\/product\/terrifier-2-costume-shop-art-the-clown-5-action-figure\/"]}]},{"@type":"ImageObject","inLanguage":"fr-FR","@id":"https:\/\/madabouthorror.co.uk\/product\/terrifier-2-costume-shop-art-the-clown-5-action-figure\/#primaryimage","url":"https:\/\/madabouthorror.co.uk\/wp-content\/uploads\/2025\/07\/1-6.png","contentUrl":"https:\/\/madabouthorror.co.uk\/wp-content\/uploads\/2025\/07\/1-6.png","width":1500,"height":1500,"caption":"Terrifier Costume Shop Figure"},{"@type":"BreadcrumbList","@id":"https:\/\/madabouthorror.co.uk\/product\/terrifier-2-costume-shop-art-the-clown-5-action-figure\/#breadcrumb","itemListElement":[{"@type":"ListItem","position":1,"name":"Shop","item":"https:\/\/madabouthorror.co.uk\/shop\/"},{"@type":"ListItem","position":2,"name":"Terrifier 2 &#8211; Costume Shop Art the Clown 5&#8243; Action Figure"}]},{"@type":"WebSite","@id":"https:\/\/madabouthorror.co.uk\/#website","url":"https:\/\/madabouthorror.co.uk\/","name":"L'horreur en folie","description":"","publisher":{"@id":"https:\/\/madabouthorror.co.uk\/#organization"},"alternateName":"Mad About Horror Limited","potentialAction":[{"@type":"SearchAction","target":{"@type":"EntryPoint","urlTemplate":"https:\/\/madabouthorror.co.uk\/?s={search_term_string}"},"query-input":{"@type":"PropertyValueSpecification","valueRequired":true,"valueName":"search_term_string"}}],"inLanguage":"fr-FR"},{"@type":"Organization","@id":"https:\/\/madabouthorror.co.uk\/#organization","name":"L'horreur en folie","url":"https:\/\/madabouthorror.co.uk\/","logo":{"@type":"ImageObject","inLanguage":"fr-FR","@id":"https:\/\/madabouthorror.co.uk\/#\/schema\/logo\/image\/","url":"https:\/\/madabouthorror.co.uk\/wp-content\/uploads\/2024\/02\/cropped-Logo.png","contentUrl":"https:\/\/madabouthorror.co.uk\/wp-content\/uploads\/2024\/02\/cropped-Logo.png","width":240,"height":88,"caption":"Mad About Horror"},"image":{"@id":"https:\/\/madabouthorror.co.uk\/#\/schema\/logo\/image\/"},"sameAs":["https:\/\/www.facebook.com\/madabouthorror\/","https:\/\/www.instagram.com\/madabouthorror\/","https:\/\/www.pinterest.co.uk\/madabouthorror\/","https:\/\/www.youtube.com\/channel\/UCBooLOIxjoQ89dj6T5lWm_w","https:\/\/www.tiktok.com\/@weremadabouthorror"]}]}},"df_price":25.99,"df_sale_price":"","df_regular_price":25.99,"df_image_link":"https:\/\/madabouthorror.co.uk\/wp-content\/uploads\/2025\/07\/1-6-300x300.png","_links":{"self":[{"href":"https:\/\/madabouthorror.co.uk\/fr\/wp-json\/wp\/v2\/product\/544789","targetHints":{"allow":["GET"]}}],"collection":[{"href":"https:\/\/madabouthorror.co.uk\/fr\/wp-json\/wp\/v2\/product"}],"about":[{"href":"https:\/\/madabouthorror.co.uk\/fr\/wp-json\/wp\/v2\/types\/product"}],"replies":[{"embeddable":true,"href":"https:\/\/madabouthorror.co.uk\/fr\/wp-json\/wp\/v2\/comments?post=544789"}],"wp:featuredmedia":[{"embeddable":true,"href":"https:\/\/madabouthorror.co.uk\/fr\/wp-json\/wp\/v2\/media\/544790"}],"wp:attachment":[{"href":"https:\/\/madabouthorror.co.uk\/fr\/wp-json\/wp\/v2\/media?parent=544789"}],"wp:term":[{"taxonomy":"product_brand","embeddable":true,"href":"https:\/\/madabouthorror.co.uk\/fr\/wp-json\/wp\/v2\/product_brand?post=544789"},{"taxonomy":"product_cat","embeddable":true,"href":"https:\/\/madabouthorror.co.uk\/fr\/wp-json\/wp\/v2\/product_cat?post=544789"},{"taxonomy":"product_tag","embeddable":true,"href":"https:\/\/madabouthorror.co.uk\/fr\/wp-json\/wp\/v2\/product_tag?post=544789"}],"curies":[{"name":"wp","href":"https:\/\/api.w.org\/{rel}","templated":true}]}}