{"id":545120,"date":"2025-07-11T10:26:04","date_gmt":"2025-07-11T09:26:04","guid":{"rendered":"https:\/\/madabouthorror.co.uk\/?post_type=product&#038;p=545120"},"modified":"2026-04-29T19:59:43","modified_gmt":"2026-04-29T18:59:43","slug":"5-8ft-valak-the-nun-halloween-animatronic","status":"publish","type":"product","link":"https:\/\/madabouthorror.co.uk\/fr\/product\/5-8ft-valak-the-nun-halloween-animatronic\/","title":{"rendered":"Animatronique d'Halloween de 5,8 pieds Valak The Nun (Spirit Halloween)"},"content":{"rendered":"<p data-start=\"249\" data-end=\"529\">En direct de <em data-start=\"263\" data-end=\"287\">L'univers Conjuring<\/em>, La Nonne, Valak, prend une nouvelle forme terrifiante sous la forme de cet animatronic sous licence officielle. D'une hauteur de pr\u00e8s d'un m\u00e8tre quatre-vingt-dix, la Nonne s'anime d'un mouvement soudain, \u00e9cartant les bras et levant la t\u00eate avec une rapidit\u00e9 effrayante.<\/p>\n<p data-start=\"531\" data-end=\"769\">D\u00e9clench\u00e9 par un capteur infrarouge, Valak s'\u00e9lance vers l'avant \u00e0 l'aide d'un m\u00e9canisme de ciseaux qui produit un effet d'effroi r\u00e9aliste. Des cloches sinistres, des portes grin\u00e7antes et des cris retentissent lorsqu'elle frappe, ce qui ne manquera pas de faire frissonner. Accessoire d'Halloween anim\u00e9 import\u00e9 de Spirit Halloween.<\/p>\n<p data-start=\"776\" data-end=\"793\">Caract\u00e9ristiques :<\/p>\n<ul data-start=\"794\" data-end=\"1154\">\n<li data-start=\"794\" data-end=\"857\">\n<p data-start=\"796\" data-end=\"857\">Mouvement rapide de fente en levant la t\u00eate et en ouvrant les bras<\/p>\n<\/li>\n<li data-start=\"858\" data-end=\"912\">\n<p data-start=\"860\" data-end=\"912\">Capteur IR activ\u00e9 pour une r\u00e9action d'effroi instantan\u00e9e<\/p>\n<\/li>\n<li data-start=\"913\" data-end=\"983\">\n<p data-start=\"915\" data-end=\"983\">Joue des sons obs\u00e9dants : sons de cloches, grincements de portes et cris.<\/p>\n<\/li>\n<li data-start=\"984\" data-end=\"1043\">\n<p data-start=\"986\" data-end=\"1043\">Compatible avec les d\u00e9clencheurs externes (vendus s\u00e9par\u00e9ment)<\/p>\n<\/li>\n<li data-start=\"1044\" data-end=\"1108\">\n<p data-start=\"1046\" data-end=\"1108\">Contr\u00f4le du volume + prise pour haut-parleur externe pour la personnalisation<\/p>\n<\/li>\n<li data-start=\"1109\" data-end=\"1154\">\n<p data-start=\"1111\" data-end=\"1154\">Comprend 3 sacs de sable pour plus de stabilit\u00e9<\/p>\n<\/li>\n<\/ul>\n<p data-start=\"1330\" data-end=\"1344\">Sp\u00e9cifications :<\/p>\n<ul data-start=\"1345\" data-end=\"1734\">\n<li data-start=\"1345\" data-end=\"1383\">\n<p data-start=\"1347\" data-end=\"1383\">Hauteur : 66.5\u2033 (extensible \u00e0 68\u2033)<\/p>\n<\/li>\n<li data-start=\"1384\" data-end=\"1420\">\n<p data-start=\"1386\" data-end=\"1420\">Longueur : 42\u2033 (extensible \u00e0 56\u2033)<\/p>\n<\/li>\n<li data-start=\"1421\" data-end=\"1460\">\n<p data-start=\"1423\" data-end=\"1460\">Largeur : 21.5\u2033 (extensible \u00e0 31.5\u2033)<\/p>\n<\/li>\n<li data-start=\"1461\" data-end=\"1488\">\n<p data-start=\"1463\" data-end=\"1488\">Longueur du cordon : 7 pieds<\/p>\n<\/li>\n<li data-start=\"1489\" data-end=\"1512\">\n<p data-start=\"1491\" data-end=\"1512\">Poids : ~37 lbs<\/p>\n<\/li>\n<li data-start=\"1513\" data-end=\"1566\">\n<p data-start=\"1515\" data-end=\"1566\">Mat\u00e9riau : Plastique, tissu, m\u00e9tal, \u00e9lectronique<\/p>\n<\/li>\n<li data-start=\"1567\" data-end=\"1596\">\n<p data-start=\"1569\" data-end=\"1596\">Entretien : Nettoyage ponctuel uniquement<\/p>\n<\/li>\n<li data-start=\"1597\" data-end=\"1651\">\n<p data-start=\"1599\" data-end=\"1651\">Dimensions de la bo\u00eete : 20.67\u2033 H x 27.17\u2033 L x 15.55\u2033 L<\/p>\n<\/li>\n<\/ul>\n<div><b>Fourni avec un adaptateur secteur britannique<\/b>. <i>N'utilisez que l'adaptateur d'alimentation fourni, car les adaptateurs d'alimentation incorrects peuvent causer des dommages.<\/i><\/div>\n<div><\/div>\n<div>\n<div><b>Pour le porche couvert ou l'int\u00e9rieur.<\/b> <i>Prot\u00e9ger des intemp\u00e9ries en cas d'utilisation \u00e0 l'ext\u00e9rieur et ne pas laisser \u00e0 l'ext\u00e9rieur pendant des p\u00e9riodes prolong\u00e9es.<\/i><\/div>\n<div><\/div>\n<div><b>A noter :<\/b><i> Ces accessoires ne sont pas recommand\u00e9s pour un usage commercial intensif, c'est-\u00e0-dire qu'ils ne doivent pas \u00eatre utilis\u00e9s pendant des p\u00e9riodes prolong\u00e9es, c'est-\u00e0-dire plusieurs jours d'affil\u00e9e. Ils sont con\u00e7us pour \u00eatre utilis\u00e9s \u00e0 l'occasion d'Halloween. Si vous avez des questions \u00e0 ce sujet, n'h\u00e9sitez pas \u00e0 les poser.<\/i><\/div>\n<\/div>","protected":false},"excerpt":{"rendered":"<p>Tout droit sorti de l'Univers Conjuring, Valak prend une nouvelle forme terrifiante sous la forme de cette animatronique gla\u00e7ante, sous licence officielle. Mesurant pr\u00e8s de 1,80 m\u00e8tre, La Non prend vie avec un mouvement de bond soudain, \u00e9cartant ses bras et levant la t\u00eate avec une rapidit\u00e9 effroyable. D\u00e9clench\u00e9 par un capteur infrarouge, Valak bondit vers l'avant gr\u00e2ce \u00e0 un m\u00e9canisme \u00e0 ciseaux qui d\u00e9livre [\u2026]<\/p>","protected":false},"featured_media":545148,"comment_status":"closed","ping_status":"closed","template":"","meta":{"_acf_changed":false},"product_brand":[],"product_cat":[10068,10131,10158,10108,10110,10093,10033,10107,10094,6547,6549,6963,9839,7050,6571,7054,7058],"product_tag":[],"class_list":{"0":"post-545120","1":"product","2":"type-product","3":"status-publish","4":"has-post-thumbnail","6":"product_cat-halloween-decorations-2025","7":"product_cat-halloween-gifts","8":"product_cat-in-stock-animatronics","9":"product_cat-light-up-halloween-decorations","10":"product_cat-us-imports","11":"product_cat-indoor-halloween-decorations","12":"product_cat-jump-scare","13":"product_cat-licensed-halloween-decorations","14":"product_cat-outdoor-halloween-decorations","15":"product_cat-decorations","16":"product_cat-haunted-house","17":"product_cat-animatronics","18":"product_cat-spirit-halloween-animatronics","19":"product_cat-haunted-house-animatronics","20":"product_cat-just-arrived","21":"product_cat-movie-tv-props","22":"product_cat-ghosts-demons","23":"product_shipping_class-props","25":"first","26":"instock","27":"taxable","28":"shipping-taxable","29":"purchasable","30":"product-type-simple"},"supplier_id":471382,"supplier_sku":"01776533","barcode":null,"atum_controlled":true,"out_stock_date":null,"out_stock_threshold":null,"inheritable":false,"inbound_stock":0,"stock_on_hold":0,"sold_today":0,"sales_last_days":1,"reserved_stock":0,"customer_returns":0,"warehouse_damage":0,"lost_in_post":0,"other_logs":0,"out_stock_days":0,"lost_sales":0,"has_location":false,"update_date":"2026-05-06T00:23:32","atum_locations":[],"atum_stock_status":"instock","restock_status":true,"low_stock_amount":"","sales_update_date":"2026-05-06T00:23:30","calc_backorders":null,"acf":[],"yoast_head":"<!-- This site is optimized with the Yoast SEO plugin v27.5 - https:\/\/yoast.com\/product\/yoast-seo-wordpress\/ -->\n<title>5.8ft Valak The Nun Halloween Animatronic (Spirit Halloween) | UK<\/title>\n<meta name=\"description\" content=\"The Nun Halloween Animatronic - Valak. Official UK Stockist of Spirit Halloween. Shop Horror collectibles and Halloween props. UK Stock\" \/>\n<meta name=\"robots\" content=\"index, follow, max-snippet:-1, max-image-preview:large, max-video-preview:-1\" \/>\n<link rel=\"canonical\" href=\"https:\/\/madabouthorror.co.uk\/fr\/product\/5-8ft-valak-the-nun-halloween-animatronic\/\" \/>\n<meta property=\"og:locale\" content=\"fr_FR\" \/>\n<meta property=\"og:type\" content=\"article\" \/>\n<meta property=\"og:title\" content=\"5.8ft Valak The Nun Halloween Animatronic (Spirit Halloween) | UK\" \/>\n<meta property=\"og:description\" content=\"The Nun Halloween Animatronic - Valak. Official UK Stockist of Spirit Halloween. Shop Horror collectibles and Halloween props. UK Stock\" \/>\n<meta property=\"og:url\" content=\"https:\/\/madabouthorror.co.uk\/fr\/product\/5-8ft-valak-the-nun-halloween-animatronic\/\" \/>\n<meta property=\"og:site_name\" content=\"Mad About Horror\" \/>\n<meta property=\"article:publisher\" content=\"https:\/\/www.facebook.com\/madabouthorror\/\" \/>\n<meta property=\"article:modified_time\" content=\"2026-04-29T18:59:43+00:00\" \/>\n<meta property=\"og:image\" content=\"https:\/\/madabouthorror.co.uk\/wp-content\/uploads\/2025\/07\/02.jpg\" \/>\n\t<meta property=\"og:image:width\" content=\"1500\" \/>\n\t<meta property=\"og:image:height\" content=\"1500\" \/>\n\t<meta property=\"og:image:type\" content=\"image\/jpeg\" \/>\n<meta name=\"twitter:card\" content=\"summary_large_image\" \/>\n<meta name=\"twitter:label1\" content=\"Dur\u00e9e de lecture estim\u00e9e\" \/>\n\t<meta name=\"twitter:data1\" content=\"2 minutes\" \/>\n<script type=\"application\/ld+json\" class=\"yoast-schema-graph\">{\"@context\":\"https:\\\/\\\/schema.org\",\"@graph\":[{\"@type\":[\"WebPage\",\"ItemPage\"],\"@id\":\"https:\\\/\\\/madabouthorror.co.uk\\\/product\\\/5-8ft-valak-the-nun-halloween-animatronic\\\/\",\"url\":\"https:\\\/\\\/madabouthorror.co.uk\\\/product\\\/5-8ft-valak-the-nun-halloween-animatronic\\\/\",\"name\":\"5.8ft Valak The Nun Halloween Animatronic (Spirit Halloween) | UK\",\"isPartOf\":{\"@id\":\"https:\\\/\\\/madabouthorror.co.uk\\\/#website\"},\"primaryImageOfPage\":{\"@id\":\"https:\\\/\\\/madabouthorror.co.uk\\\/product\\\/5-8ft-valak-the-nun-halloween-animatronic\\\/#primaryimage\"},\"image\":{\"@id\":\"https:\\\/\\\/madabouthorror.co.uk\\\/product\\\/5-8ft-valak-the-nun-halloween-animatronic\\\/#primaryimage\"},\"thumbnailUrl\":\"https:\\\/\\\/madabouthorror.co.uk\\\/wp-content\\\/uploads\\\/2025\\\/07\\\/02.jpg\",\"datePublished\":\"2025-07-11T09:26:04+00:00\",\"dateModified\":\"2026-04-29T18:59:43+00:00\",\"description\":\"The Nun Halloween Animatronic - Valak. Official UK Stockist of Spirit Halloween. Shop Horror collectibles and Halloween props. UK Stock\",\"breadcrumb\":{\"@id\":\"https:\\\/\\\/madabouthorror.co.uk\\\/product\\\/5-8ft-valak-the-nun-halloween-animatronic\\\/#breadcrumb\"},\"inLanguage\":\"fr-FR\",\"potentialAction\":[{\"@type\":\"ReadAction\",\"target\":[\"https:\\\/\\\/madabouthorror.co.uk\\\/product\\\/5-8ft-valak-the-nun-halloween-animatronic\\\/\"]}]},{\"@type\":\"ImageObject\",\"inLanguage\":\"fr-FR\",\"@id\":\"https:\\\/\\\/madabouthorror.co.uk\\\/product\\\/5-8ft-valak-the-nun-halloween-animatronic\\\/#primaryimage\",\"url\":\"https:\\\/\\\/madabouthorror.co.uk\\\/wp-content\\\/uploads\\\/2025\\\/07\\\/02.jpg\",\"contentUrl\":\"https:\\\/\\\/madabouthorror.co.uk\\\/wp-content\\\/uploads\\\/2025\\\/07\\\/02.jpg\",\"width\":1500,\"height\":1500,\"caption\":\"The Nun Halloween Animatronic\"},{\"@type\":\"BreadcrumbList\",\"@id\":\"https:\\\/\\\/madabouthorror.co.uk\\\/product\\\/5-8ft-valak-the-nun-halloween-animatronic\\\/#breadcrumb\",\"itemListElement\":[{\"@type\":\"ListItem\",\"position\":1,\"name\":\"Shop\",\"item\":\"https:\\\/\\\/madabouthorror.co.uk\\\/shop\\\/\"},{\"@type\":\"ListItem\",\"position\":2,\"name\":\"5.8ft Valak The Nun Halloween Animatronic (Spirit Halloween)\"}]},{\"@type\":\"WebSite\",\"@id\":\"https:\\\/\\\/madabouthorror.co.uk\\\/#website\",\"url\":\"https:\\\/\\\/madabouthorror.co.uk\\\/\",\"name\":\"Mad About Horror\",\"description\":\"\",\"publisher\":{\"@id\":\"https:\\\/\\\/madabouthorror.co.uk\\\/#organization\"},\"alternateName\":\"Mad About Horror Limited\",\"potentialAction\":[{\"@type\":\"SearchAction\",\"target\":{\"@type\":\"EntryPoint\",\"urlTemplate\":\"https:\\\/\\\/madabouthorror.co.uk\\\/?s={search_term_string}\"},\"query-input\":{\"@type\":\"PropertyValueSpecification\",\"valueRequired\":true,\"valueName\":\"search_term_string\"}}],\"inLanguage\":\"fr-FR\"},{\"@type\":\"Organization\",\"@id\":\"https:\\\/\\\/madabouthorror.co.uk\\\/#organization\",\"name\":\"Mad About Horror\",\"url\":\"https:\\\/\\\/madabouthorror.co.uk\\\/\",\"logo\":{\"@type\":\"ImageObject\",\"inLanguage\":\"fr-FR\",\"@id\":\"https:\\\/\\\/madabouthorror.co.uk\\\/#\\\/schema\\\/logo\\\/image\\\/\",\"url\":\"https:\\\/\\\/madabouthorror.co.uk\\\/wp-content\\\/uploads\\\/2024\\\/02\\\/cropped-Logo.png\",\"contentUrl\":\"https:\\\/\\\/madabouthorror.co.uk\\\/wp-content\\\/uploads\\\/2024\\\/02\\\/cropped-Logo.png\",\"width\":240,\"height\":88,\"caption\":\"Mad About Horror\"},\"image\":{\"@id\":\"https:\\\/\\\/madabouthorror.co.uk\\\/#\\\/schema\\\/logo\\\/image\\\/\"},\"sameAs\":[\"https:\\\/\\\/www.facebook.com\\\/madabouthorror\\\/\",\"https:\\\/\\\/www.instagram.com\\\/madabouthorror\\\/\",\"https:\\\/\\\/www.pinterest.co.uk\\\/madabouthorror\\\/\",\"https:\\\/\\\/www.youtube.com\\\/channel\\\/UCBooLOIxjoQ89dj6T5lWm_w\",\"https:\\\/\\\/www.tiktok.com\\\/@weremadabouthorror\"]}]}<\/script>\n<!-- \/ Yoast SEO plugin. -->","yoast_head_json":{"title":"5,8 pieds Valak La Nonne Animatronique d'Halloween (Spirit Halloween) | Royaume-Uni","description":"La Nonne Halloween Animatronic - Valak. Revendeur officiel au Royaume-Uni de Spirit Halloween. Achetez des objets de collection d'horreur et des accessoires d'Halloween. Stock Royaume-Uni","robots":{"index":"index","follow":"follow","max-snippet":"max-snippet:-1","max-image-preview":"max-image-preview:large","max-video-preview":"max-video-preview:-1"},"canonical":"https:\/\/madabouthorror.co.uk\/fr\/product\/5-8ft-valak-the-nun-halloween-animatronic\/","og_locale":"fr_FR","og_type":"article","og_title":"5.8ft Valak The Nun Halloween Animatronic (Spirit Halloween) | UK","og_description":"The Nun Halloween Animatronic - Valak. Official UK Stockist of Spirit Halloween. Shop Horror collectibles and Halloween props. UK Stock","og_url":"https:\/\/madabouthorror.co.uk\/fr\/product\/5-8ft-valak-the-nun-halloween-animatronic\/","og_site_name":"Mad About Horror","article_publisher":"https:\/\/www.facebook.com\/madabouthorror\/","article_modified_time":"2026-04-29T18:59:43+00:00","og_image":[{"width":1500,"height":1500,"url":"https:\/\/madabouthorror.co.uk\/wp-content\/uploads\/2025\/07\/02.jpg","type":"image\/jpeg"}],"twitter_card":"summary_large_image","twitter_misc":{"Dur\u00e9e de lecture estim\u00e9e":"2 minutes"},"schema":{"@context":"https:\/\/schema.org","@graph":[{"@type":["WebPage","ItemPage"],"@id":"https:\/\/madabouthorror.co.uk\/product\/5-8ft-valak-the-nun-halloween-animatronic\/","url":"https:\/\/madabouthorror.co.uk\/product\/5-8ft-valak-the-nun-halloween-animatronic\/","name":"5,8 pieds Valak La Nonne Animatronique d'Halloween (Spirit Halloween) | Royaume-Uni","isPartOf":{"@id":"https:\/\/madabouthorror.co.uk\/#website"},"primaryImageOfPage":{"@id":"https:\/\/madabouthorror.co.uk\/product\/5-8ft-valak-the-nun-halloween-animatronic\/#primaryimage"},"image":{"@id":"https:\/\/madabouthorror.co.uk\/product\/5-8ft-valak-the-nun-halloween-animatronic\/#primaryimage"},"thumbnailUrl":"https:\/\/madabouthorror.co.uk\/wp-content\/uploads\/2025\/07\/02.jpg","datePublished":"2025-07-11T09:26:04+00:00","dateModified":"2026-04-29T18:59:43+00:00","description":"La Nonne Halloween Animatronic - Valak. Revendeur officiel au Royaume-Uni de Spirit Halloween. Achetez des objets de collection d'horreur et des accessoires d'Halloween. Stock Royaume-Uni","breadcrumb":{"@id":"https:\/\/madabouthorror.co.uk\/product\/5-8ft-valak-the-nun-halloween-animatronic\/#breadcrumb"},"inLanguage":"fr-FR","potentialAction":[{"@type":"ReadAction","target":["https:\/\/madabouthorror.co.uk\/product\/5-8ft-valak-the-nun-halloween-animatronic\/"]}]},{"@type":"ImageObject","inLanguage":"fr-FR","@id":"https:\/\/madabouthorror.co.uk\/product\/5-8ft-valak-the-nun-halloween-animatronic\/#primaryimage","url":"https:\/\/madabouthorror.co.uk\/wp-content\/uploads\/2025\/07\/02.jpg","contentUrl":"https:\/\/madabouthorror.co.uk\/wp-content\/uploads\/2025\/07\/02.jpg","width":1500,"height":1500,"caption":"The Nun Halloween Animatronic"},{"@type":"BreadcrumbList","@id":"https:\/\/madabouthorror.co.uk\/product\/5-8ft-valak-the-nun-halloween-animatronic\/#breadcrumb","itemListElement":[{"@type":"ListItem","position":1,"name":"Shop","item":"https:\/\/madabouthorror.co.uk\/shop\/"},{"@type":"ListItem","position":2,"name":"5.8ft Valak The Nun Halloween Animatronic (Spirit Halloween)"}]},{"@type":"WebSite","@id":"https:\/\/madabouthorror.co.uk\/#website","url":"https:\/\/madabouthorror.co.uk\/","name":"L'horreur en folie","description":"","publisher":{"@id":"https:\/\/madabouthorror.co.uk\/#organization"},"alternateName":"Mad About Horror Limited","potentialAction":[{"@type":"SearchAction","target":{"@type":"EntryPoint","urlTemplate":"https:\/\/madabouthorror.co.uk\/?s={search_term_string}"},"query-input":{"@type":"PropertyValueSpecification","valueRequired":true,"valueName":"search_term_string"}}],"inLanguage":"fr-FR"},{"@type":"Organization","@id":"https:\/\/madabouthorror.co.uk\/#organization","name":"L'horreur en folie","url":"https:\/\/madabouthorror.co.uk\/","logo":{"@type":"ImageObject","inLanguage":"fr-FR","@id":"https:\/\/madabouthorror.co.uk\/#\/schema\/logo\/image\/","url":"https:\/\/madabouthorror.co.uk\/wp-content\/uploads\/2024\/02\/cropped-Logo.png","contentUrl":"https:\/\/madabouthorror.co.uk\/wp-content\/uploads\/2024\/02\/cropped-Logo.png","width":240,"height":88,"caption":"Mad About Horror"},"image":{"@id":"https:\/\/madabouthorror.co.uk\/#\/schema\/logo\/image\/"},"sameAs":["https:\/\/www.facebook.com\/madabouthorror\/","https:\/\/www.instagram.com\/madabouthorror\/","https:\/\/www.pinterest.co.uk\/madabouthorror\/","https:\/\/www.youtube.com\/channel\/UCBooLOIxjoQ89dj6T5lWm_w","https:\/\/www.tiktok.com\/@weremadabouthorror"]}]}},"df_price":599.95,"df_sale_price":"","df_regular_price":599.95,"df_image_link":"https:\/\/madabouthorror.co.uk\/wp-content\/uploads\/2025\/07\/02-300x300.jpg","_links":{"self":[{"href":"https:\/\/madabouthorror.co.uk\/fr\/wp-json\/wp\/v2\/product\/545120","targetHints":{"allow":["GET"]}}],"collection":[{"href":"https:\/\/madabouthorror.co.uk\/fr\/wp-json\/wp\/v2\/product"}],"about":[{"href":"https:\/\/madabouthorror.co.uk\/fr\/wp-json\/wp\/v2\/types\/product"}],"replies":[{"embeddable":true,"href":"https:\/\/madabouthorror.co.uk\/fr\/wp-json\/wp\/v2\/comments?post=545120"}],"wp:featuredmedia":[{"embeddable":true,"href":"https:\/\/madabouthorror.co.uk\/fr\/wp-json\/wp\/v2\/media\/545148"}],"wp:attachment":[{"href":"https:\/\/madabouthorror.co.uk\/fr\/wp-json\/wp\/v2\/media?parent=545120"}],"wp:term":[{"taxonomy":"product_brand","embeddable":true,"href":"https:\/\/madabouthorror.co.uk\/fr\/wp-json\/wp\/v2\/product_brand?post=545120"},{"taxonomy":"product_cat","embeddable":true,"href":"https:\/\/madabouthorror.co.uk\/fr\/wp-json\/wp\/v2\/product_cat?post=545120"},{"taxonomy":"product_tag","embeddable":true,"href":"https:\/\/madabouthorror.co.uk\/fr\/wp-json\/wp\/v2\/product_tag?post=545120"}],"curies":[{"name":"wp","href":"https:\/\/api.w.org\/{rel}","templated":true}]}}