{"id":545156,"date":"2025-07-11T11:39:51","date_gmt":"2025-07-11T10:39:51","guid":{"rendered":"https:\/\/madabouthorror.co.uk\/?post_type=product&#038;p=545156"},"modified":"2026-02-06T15:13:46","modified_gmt":"2026-02-06T15:13:46","slug":"6ft-night-owl-animated-halloween-prop","status":"publish","type":"product","link":"https:\/\/madabouthorror.co.uk\/fr\/product\/6ft-night-owl-animated-halloween-prop\/","title":{"rendered":"6ft Demon Night Owl Animated Halloween Prop (Spirit Halloween)"},"content":{"rendered":"<p data-start=\"208\" data-end=\"255\">Il chasse en silence. Il frappe dans l'ombre.<\/p>\n<p data-start=\"257\" data-end=\"544\">Le hibou de nuit est de retour et il a faim. D'une hauteur de 1,80 m et d'une envergure terrifiante de 1,80 m, ce monstrueux pr\u00e9dateur veille silencieusement dans l'obscurit\u00e9. Ses yeux rougeoyants percent la nuit, traquant ses proies. Lorsque vous entendez ses ailes battre, il est d\u00e9j\u00e0 trop tard.<\/p>\n<p data-start=\"546\" data-end=\"732\">Dans un cri soudain, le hibou de nuit d\u00e9ploie ses ailes massives et fait pivoter sa t\u00eate pour croiser son regard avant de frapper. Son bec en forme de rasoir et ses serres en forme d'aiguille finissent le travail. Animatronic import\u00e9 de Spirit Halloween.<\/p>\n<p data-start=\"739\" data-end=\"756\">Caract\u00e9ristiques :<\/p>\n<ul data-start=\"757\" data-end=\"957\">\n<li data-start=\"757\" data-end=\"789\">\n<p data-start=\"759\" data-end=\"789\">6\u2032 de hauteur et 5'4\u2033 d'envergure<\/p>\n<\/li>\n<li data-start=\"790\" data-end=\"835\">\n<p data-start=\"792\" data-end=\"835\">Des ailes mobiles qui battent d'avant en arri\u00e8re<\/p>\n<\/li>\n<li data-start=\"836\" data-end=\"887\">\n<p data-start=\"838\" data-end=\"887\">Mouvement de rotation de la t\u00eate pour un suivi inqui\u00e9tant des proies<\/p>\n<\/li>\n<li data-start=\"888\" data-end=\"915\">\n<p data-start=\"890\" data-end=\"915\">Yeux lumineux \u00e0 LED rouges<\/p>\n<\/li>\n<li data-start=\"916\" data-end=\"957\">\n<p data-start=\"918\" data-end=\"957\">Cris et battements d'ailes<\/p>\n<\/li>\n<\/ul>\n<p><b>Fourni avec un adaptateur secteur britannique<\/b>. <i>N'utilisez que l'adaptateur d'alimentation fourni, car les adaptateurs d'alimentation incorrects peuvent causer des dommages.<\/i><\/p>\n<div>\n<div><b>Pour le porche couvert ou l'int\u00e9rieur.<\/b> <i>Prot\u00e9ger des intemp\u00e9ries en cas d'utilisation \u00e0 l'ext\u00e9rieur et ne pas laisser \u00e0 l'ext\u00e9rieur pendant des p\u00e9riodes prolong\u00e9es.<\/i><\/div>\n<div><\/div>\n<div><b>A noter :<\/b><i> Ces accessoires ne sont pas recommand\u00e9s pour un usage commercial intensif, c'est-\u00e0-dire qu'ils ne doivent pas \u00eatre utilis\u00e9s pendant des p\u00e9riodes prolong\u00e9es, c'est-\u00e0-dire plusieurs jours d'affil\u00e9e. Ils sont con\u00e7us pour \u00eatre utilis\u00e9s \u00e0 l'occasion d'Halloween. Si vous avez des questions \u00e0 ce sujet, n'h\u00e9sitez pas \u00e0 les poser.<\/i><\/div>\n<\/div>","protected":false},"excerpt":{"rendered":"<p>Il chasse en silence. Il frappe dans l'ombre. Le Hibou de Nuit est de retour, et il a faim. Haut de 1,80 m\u00e8tre avec une envergure terrifiante de 1,63 m\u00e8tre, ce pr\u00e9dateur monstrueux observe silencieusement depuis l'obscurit\u00e9. Ses yeux rouges luisants percent la nuit, traquant ses proies. Quand vous entendez le battement de ses ailes, il est d\u00e9j\u00e0 trop tard. Avec un [\u2026]<\/p>","protected":false},"featured_media":545159,"comment_status":"closed","ping_status":"closed","template":"","meta":{"_acf_changed":false},"product_brand":[],"product_cat":[10068,10131,10108,10110,10093,10094,6550,6547,6963,9839,7050,7051,7056],"product_tag":[],"class_list":{"0":"post-545156","1":"product","2":"type-product","3":"status-publish","4":"has-post-thumbnail","6":"product_cat-halloween-decorations-2025","7":"product_cat-halloween-gifts","8":"product_cat-light-up-halloween-decorations","9":"product_cat-us-imports","10":"product_cat-indoor-halloween-decorations","11":"product_cat-outdoor-halloween-decorations","12":"product_cat-graveyard-decorations","13":"product_cat-decorations","14":"product_cat-animatronics","15":"product_cat-spirit-halloween-animatronics","16":"product_cat-haunted-house-animatronics","17":"product_cat-graveyard-animatronics","18":"product_cat-animals-creatures","19":"product_shipping_class-props","21":"first","22":"instock","23":"taxable","24":"shipping-taxable","25":"purchasable","26":"product-type-simple"},"supplier_id":471382,"supplier_sku":"","barcode":null,"atum_controlled":true,"out_stock_date":"2025-07-11 11:39:52","out_stock_threshold":null,"inheritable":false,"inbound_stock":0,"stock_on_hold":0,"sold_today":0,"sales_last_days":0,"reserved_stock":0,"customer_returns":0,"warehouse_damage":0,"lost_in_post":0,"other_logs":0,"out_stock_days":285,"lost_sales":0,"has_location":false,"update_date":"2026-04-23T00:46:59","atum_locations":[],"atum_stock_status":"instock","restock_status":false,"low_stock_amount":"","sales_update_date":"2026-04-23T00:46:57","calc_backorders":null,"acf":[],"yoast_head":"<!-- This site is optimized with the Yoast SEO plugin v27.4 - https:\/\/yoast.com\/product\/yoast-seo-wordpress\/ -->\n<title>6ft Demon Night Owl Animated Halloween Prop (Spirit Halloween) | Mad About Horror<\/title>\n<meta name=\"description\" content=\"Night Owl Halloween Prop - Animatronic. Official UK Stockist of Spirit Halloween. Shop Horror collectibles and Halloween props. UK Stock\" \/>\n<meta name=\"robots\" content=\"index, follow, max-snippet:-1, max-image-preview:large, max-video-preview:-1\" \/>\n<link rel=\"canonical\" href=\"https:\/\/madabouthorror.co.uk\/fr\/product\/6ft-night-owl-animated-halloween-prop\/\" \/>\n<meta property=\"og:locale\" content=\"fr_FR\" \/>\n<meta property=\"og:type\" content=\"article\" \/>\n<meta property=\"og:title\" content=\"6ft Demon Night Owl Animated Halloween Prop (Spirit Halloween) | Mad About Horror\" \/>\n<meta property=\"og:description\" content=\"Night Owl Halloween Prop - Animatronic. Official UK Stockist of Spirit Halloween. Shop Horror collectibles and Halloween props. UK Stock\" \/>\n<meta property=\"og:url\" content=\"https:\/\/madabouthorror.co.uk\/fr\/product\/6ft-night-owl-animated-halloween-prop\/\" \/>\n<meta property=\"og:site_name\" content=\"Mad About Horror\" \/>\n<meta property=\"article:publisher\" content=\"https:\/\/www.facebook.com\/madabouthorror\/\" \/>\n<meta property=\"article:modified_time\" content=\"2026-02-06T15:13:46+00:00\" \/>\n<meta property=\"og:image\" content=\"https:\/\/madabouthorror.co.uk\/wp-content\/uploads\/2025\/07\/01-2.jpg\" \/>\n\t<meta property=\"og:image:width\" content=\"1500\" \/>\n\t<meta property=\"og:image:height\" content=\"1500\" \/>\n\t<meta property=\"og:image:type\" content=\"image\/jpeg\" \/>\n<meta name=\"twitter:card\" content=\"summary_large_image\" \/>\n<meta name=\"twitter:label1\" content=\"Dur\u00e9e de lecture estim\u00e9e\" \/>\n\t<meta name=\"twitter:data1\" content=\"2 minutes\" \/>\n<script type=\"application\/ld+json\" class=\"yoast-schema-graph\">{\"@context\":\"https:\\\/\\\/schema.org\",\"@graph\":[{\"@type\":[\"WebPage\",\"ItemPage\"],\"@id\":\"https:\\\/\\\/madabouthorror.co.uk\\\/product\\\/6ft-night-owl-animated-halloween-prop\\\/\",\"url\":\"https:\\\/\\\/madabouthorror.co.uk\\\/product\\\/6ft-night-owl-animated-halloween-prop\\\/\",\"name\":\"6ft Demon Night Owl Animated Halloween Prop (Spirit Halloween) | Mad About Horror\",\"isPartOf\":{\"@id\":\"https:\\\/\\\/madabouthorror.co.uk\\\/#website\"},\"primaryImageOfPage\":{\"@id\":\"https:\\\/\\\/madabouthorror.co.uk\\\/product\\\/6ft-night-owl-animated-halloween-prop\\\/#primaryimage\"},\"image\":{\"@id\":\"https:\\\/\\\/madabouthorror.co.uk\\\/product\\\/6ft-night-owl-animated-halloween-prop\\\/#primaryimage\"},\"thumbnailUrl\":\"https:\\\/\\\/madabouthorror.co.uk\\\/wp-content\\\/uploads\\\/2025\\\/07\\\/01-2.jpg\",\"datePublished\":\"2025-07-11T10:39:51+00:00\",\"dateModified\":\"2026-02-06T15:13:46+00:00\",\"description\":\"Night Owl Halloween Prop - Animatronic. Official UK Stockist of Spirit Halloween. Shop Horror collectibles and Halloween props. UK Stock\",\"breadcrumb\":{\"@id\":\"https:\\\/\\\/madabouthorror.co.uk\\\/product\\\/6ft-night-owl-animated-halloween-prop\\\/#breadcrumb\"},\"inLanguage\":\"fr-FR\",\"potentialAction\":[{\"@type\":\"ReadAction\",\"target\":[\"https:\\\/\\\/madabouthorror.co.uk\\\/product\\\/6ft-night-owl-animated-halloween-prop\\\/\"]}]},{\"@type\":\"ImageObject\",\"inLanguage\":\"fr-FR\",\"@id\":\"https:\\\/\\\/madabouthorror.co.uk\\\/product\\\/6ft-night-owl-animated-halloween-prop\\\/#primaryimage\",\"url\":\"https:\\\/\\\/madabouthorror.co.uk\\\/wp-content\\\/uploads\\\/2025\\\/07\\\/01-2.jpg\",\"contentUrl\":\"https:\\\/\\\/madabouthorror.co.uk\\\/wp-content\\\/uploads\\\/2025\\\/07\\\/01-2.jpg\",\"width\":1500,\"height\":1500,\"caption\":\"Night Owl Halloween Prop\"},{\"@type\":\"BreadcrumbList\",\"@id\":\"https:\\\/\\\/madabouthorror.co.uk\\\/product\\\/6ft-night-owl-animated-halloween-prop\\\/#breadcrumb\",\"itemListElement\":[{\"@type\":\"ListItem\",\"position\":1,\"name\":\"Shop\",\"item\":\"https:\\\/\\\/madabouthorror.co.uk\\\/shop\\\/\"},{\"@type\":\"ListItem\",\"position\":2,\"name\":\"6ft Demon Night Owl Animated Halloween Prop (Spirit Halloween)\"}]},{\"@type\":\"WebSite\",\"@id\":\"https:\\\/\\\/madabouthorror.co.uk\\\/#website\",\"url\":\"https:\\\/\\\/madabouthorror.co.uk\\\/\",\"name\":\"Mad About Horror\",\"description\":\"\",\"publisher\":{\"@id\":\"https:\\\/\\\/madabouthorror.co.uk\\\/#organization\"},\"alternateName\":\"Mad About Horror Limited\",\"potentialAction\":[{\"@type\":\"SearchAction\",\"target\":{\"@type\":\"EntryPoint\",\"urlTemplate\":\"https:\\\/\\\/madabouthorror.co.uk\\\/?s={search_term_string}\"},\"query-input\":{\"@type\":\"PropertyValueSpecification\",\"valueRequired\":true,\"valueName\":\"search_term_string\"}}],\"inLanguage\":\"fr-FR\"},{\"@type\":\"Organization\",\"@id\":\"https:\\\/\\\/madabouthorror.co.uk\\\/#organization\",\"name\":\"Mad About Horror\",\"url\":\"https:\\\/\\\/madabouthorror.co.uk\\\/\",\"logo\":{\"@type\":\"ImageObject\",\"inLanguage\":\"fr-FR\",\"@id\":\"https:\\\/\\\/madabouthorror.co.uk\\\/#\\\/schema\\\/logo\\\/image\\\/\",\"url\":\"https:\\\/\\\/madabouthorror.co.uk\\\/wp-content\\\/uploads\\\/2024\\\/02\\\/cropped-Logo.png\",\"contentUrl\":\"https:\\\/\\\/madabouthorror.co.uk\\\/wp-content\\\/uploads\\\/2024\\\/02\\\/cropped-Logo.png\",\"width\":240,\"height\":88,\"caption\":\"Mad About Horror\"},\"image\":{\"@id\":\"https:\\\/\\\/madabouthorror.co.uk\\\/#\\\/schema\\\/logo\\\/image\\\/\"},\"sameAs\":[\"https:\\\/\\\/www.facebook.com\\\/madabouthorror\\\/\",\"https:\\\/\\\/www.instagram.com\\\/madabouthorror\\\/\",\"https:\\\/\\\/www.pinterest.co.uk\\\/madabouthorror\\\/\",\"https:\\\/\\\/www.youtube.com\\\/channel\\\/UCBooLOIxjoQ89dj6T5lWm_w\",\"https:\\\/\\\/www.tiktok.com\\\/@weremadabouthorror\"]}]}<\/script>\n<!-- \/ Yoast SEO plugin. -->","yoast_head_json":{"title":"D\u00e9mon hibou de nuit anim\u00e9 de 6 pieds - Propil d'Halloween (Spirit Halloween) | Mad About Horror","description":"Chouette effraie Halloween - Anim\u00e9. Revendeur officiel au Royaume-Uni de Spirit Halloween. Achetez des objets de collection d'horreur et des accessoires d'Halloween. Stock au Royaume-Uni","robots":{"index":"index","follow":"follow","max-snippet":"max-snippet:-1","max-image-preview":"max-image-preview:large","max-video-preview":"max-video-preview:-1"},"canonical":"https:\/\/madabouthorror.co.uk\/fr\/product\/6ft-night-owl-animated-halloween-prop\/","og_locale":"fr_FR","og_type":"article","og_title":"6ft Demon Night Owl Animated Halloween Prop (Spirit Halloween) | Mad About Horror","og_description":"Night Owl Halloween Prop - Animatronic. Official UK Stockist of Spirit Halloween. Shop Horror collectibles and Halloween props. UK Stock","og_url":"https:\/\/madabouthorror.co.uk\/fr\/product\/6ft-night-owl-animated-halloween-prop\/","og_site_name":"Mad About Horror","article_publisher":"https:\/\/www.facebook.com\/madabouthorror\/","article_modified_time":"2026-02-06T15:13:46+00:00","og_image":[{"width":1500,"height":1500,"url":"https:\/\/madabouthorror.co.uk\/wp-content\/uploads\/2025\/07\/01-2.jpg","type":"image\/jpeg"}],"twitter_card":"summary_large_image","twitter_misc":{"Dur\u00e9e de lecture estim\u00e9e":"2 minutes"},"schema":{"@context":"https:\/\/schema.org","@graph":[{"@type":["WebPage","ItemPage"],"@id":"https:\/\/madabouthorror.co.uk\/product\/6ft-night-owl-animated-halloween-prop\/","url":"https:\/\/madabouthorror.co.uk\/product\/6ft-night-owl-animated-halloween-prop\/","name":"D\u00e9mon hibou de nuit anim\u00e9 de 6 pieds - Propil d'Halloween (Spirit Halloween) | Mad About Horror","isPartOf":{"@id":"https:\/\/madabouthorror.co.uk\/#website"},"primaryImageOfPage":{"@id":"https:\/\/madabouthorror.co.uk\/product\/6ft-night-owl-animated-halloween-prop\/#primaryimage"},"image":{"@id":"https:\/\/madabouthorror.co.uk\/product\/6ft-night-owl-animated-halloween-prop\/#primaryimage"},"thumbnailUrl":"https:\/\/madabouthorror.co.uk\/wp-content\/uploads\/2025\/07\/01-2.jpg","datePublished":"2025-07-11T10:39:51+00:00","dateModified":"2026-02-06T15:13:46+00:00","description":"Chouette effraie Halloween - Anim\u00e9. Revendeur officiel au Royaume-Uni de Spirit Halloween. Achetez des objets de collection d'horreur et des accessoires d'Halloween. Stock au Royaume-Uni","breadcrumb":{"@id":"https:\/\/madabouthorror.co.uk\/product\/6ft-night-owl-animated-halloween-prop\/#breadcrumb"},"inLanguage":"fr-FR","potentialAction":[{"@type":"ReadAction","target":["https:\/\/madabouthorror.co.uk\/product\/6ft-night-owl-animated-halloween-prop\/"]}]},{"@type":"ImageObject","inLanguage":"fr-FR","@id":"https:\/\/madabouthorror.co.uk\/product\/6ft-night-owl-animated-halloween-prop\/#primaryimage","url":"https:\/\/madabouthorror.co.uk\/wp-content\/uploads\/2025\/07\/01-2.jpg","contentUrl":"https:\/\/madabouthorror.co.uk\/wp-content\/uploads\/2025\/07\/01-2.jpg","width":1500,"height":1500,"caption":"Night Owl Halloween Prop"},{"@type":"BreadcrumbList","@id":"https:\/\/madabouthorror.co.uk\/product\/6ft-night-owl-animated-halloween-prop\/#breadcrumb","itemListElement":[{"@type":"ListItem","position":1,"name":"Shop","item":"https:\/\/madabouthorror.co.uk\/shop\/"},{"@type":"ListItem","position":2,"name":"6ft Demon Night Owl Animated Halloween Prop (Spirit Halloween)"}]},{"@type":"WebSite","@id":"https:\/\/madabouthorror.co.uk\/#website","url":"https:\/\/madabouthorror.co.uk\/","name":"L'horreur en folie","description":"","publisher":{"@id":"https:\/\/madabouthorror.co.uk\/#organization"},"alternateName":"Mad About Horror Limited","potentialAction":[{"@type":"SearchAction","target":{"@type":"EntryPoint","urlTemplate":"https:\/\/madabouthorror.co.uk\/?s={search_term_string}"},"query-input":{"@type":"PropertyValueSpecification","valueRequired":true,"valueName":"search_term_string"}}],"inLanguage":"fr-FR"},{"@type":"Organization","@id":"https:\/\/madabouthorror.co.uk\/#organization","name":"L'horreur en folie","url":"https:\/\/madabouthorror.co.uk\/","logo":{"@type":"ImageObject","inLanguage":"fr-FR","@id":"https:\/\/madabouthorror.co.uk\/#\/schema\/logo\/image\/","url":"https:\/\/madabouthorror.co.uk\/wp-content\/uploads\/2024\/02\/cropped-Logo.png","contentUrl":"https:\/\/madabouthorror.co.uk\/wp-content\/uploads\/2024\/02\/cropped-Logo.png","width":240,"height":88,"caption":"Mad About Horror"},"image":{"@id":"https:\/\/madabouthorror.co.uk\/#\/schema\/logo\/image\/"},"sameAs":["https:\/\/www.facebook.com\/madabouthorror\/","https:\/\/www.instagram.com\/madabouthorror\/","https:\/\/www.pinterest.co.uk\/madabouthorror\/","https:\/\/www.youtube.com\/channel\/UCBooLOIxjoQ89dj6T5lWm_w","https:\/\/www.tiktok.com\/@weremadabouthorror"]}]}},"df_price":468.7,"df_sale_price":"","df_regular_price":468.7,"df_image_link":"https:\/\/madabouthorror.co.uk\/wp-content\/uploads\/2025\/07\/01-2-300x300.jpg","_links":{"self":[{"href":"https:\/\/madabouthorror.co.uk\/fr\/wp-json\/wp\/v2\/product\/545156","targetHints":{"allow":["GET"]}}],"collection":[{"href":"https:\/\/madabouthorror.co.uk\/fr\/wp-json\/wp\/v2\/product"}],"about":[{"href":"https:\/\/madabouthorror.co.uk\/fr\/wp-json\/wp\/v2\/types\/product"}],"replies":[{"embeddable":true,"href":"https:\/\/madabouthorror.co.uk\/fr\/wp-json\/wp\/v2\/comments?post=545156"}],"wp:featuredmedia":[{"embeddable":true,"href":"https:\/\/madabouthorror.co.uk\/fr\/wp-json\/wp\/v2\/media\/545159"}],"wp:attachment":[{"href":"https:\/\/madabouthorror.co.uk\/fr\/wp-json\/wp\/v2\/media?parent=545156"}],"wp:term":[{"taxonomy":"product_brand","embeddable":true,"href":"https:\/\/madabouthorror.co.uk\/fr\/wp-json\/wp\/v2\/product_brand?post=545156"},{"taxonomy":"product_cat","embeddable":true,"href":"https:\/\/madabouthorror.co.uk\/fr\/wp-json\/wp\/v2\/product_cat?post=545156"},{"taxonomy":"product_tag","embeddable":true,"href":"https:\/\/madabouthorror.co.uk\/fr\/wp-json\/wp\/v2\/product_tag?post=545156"}],"curies":[{"name":"wp","href":"https:\/\/api.w.org\/{rel}","templated":true}]}}