{"id":545176,"date":"2025-07-11T12:42:16","date_gmt":"2025-07-11T11:42:16","guid":{"rendered":"https:\/\/madabouthorror.co.uk\/?post_type=product&#038;p=545176"},"modified":"2026-02-06T15:13:39","modified_gmt":"2026-02-06T15:13:39","slug":"6-5ft-the-black-heart-animated-halloween-prop","status":"publish","type":"product","link":"https:\/\/madabouthorror.co.uk\/fr\/product\/6-5ft-the-black-heart-animated-halloween-prop\/","title":{"rendered":"Animatronic 6.5ft The Black Heart (Spirit Halloween)"},"content":{"rendered":"<p data-start=\"224\" data-end=\"264\">L'amour a tu\u00e9 Ava. Maintenant, c'est votre tour.<\/p>\n<p data-start=\"224\" data-end=\"264\">Cet imposant animatronic de 2,5 m\u00e8tres ouvre ses bras pour r\u00e9v\u00e9ler le cadavre d'Ava et prononce des phrases gla\u00e7antes par sa bouche en mouvement, invitant les vivants \u00e0 rejoindre les morts. Sa pr\u00e9sence est imposante. Sa voix est inoubliable.<\/p>\n<p data-start=\"266\" data-end=\"571\">D\u00e9sesp\u00e9r\u00e9e par l'amour, Ava a suivi une vieille l\u00e9gende du village : allongez-vous dans une tombe \u00e0 minuit et le v\u00e9ritable amour vous r\u00e9veillera avec un baiser. Elle s'est r\u00e9veill\u00e9e avec des l\u00e8vres froides... et un ma\u00eetre des enfers. Aujourd'hui, le C\u0153ur noir parcourt la terre, cachant le corps bris\u00e9 d'Ava dans sa cape, pr\u00eat \u00e0 r\u00e9clamer sa prochaine \u00e9pouse \u00e9ternelle. Import\u00e9 de Spirit Halloween.<\/p>\n<p data-start=\"809\" data-end=\"826\">Caract\u00e9ristiques :<\/p>\n<ul data-start=\"827\" data-end=\"1026\">\n<li data-start=\"827\" data-end=\"846\">\n<p data-start=\"829\" data-end=\"846\">6,5 pieds de haut<\/p>\n<\/li>\n<li data-start=\"847\" data-end=\"909\">\n<p data-start=\"849\" data-end=\"909\">Le mouvement du bras r\u00e9v\u00e8le le corps d\u00e9compos\u00e9 d'Ava \u00e0 l'int\u00e9rieur de son manteau.<\/p>\n<\/li>\n<li data-start=\"910\" data-end=\"956\">\n<p data-start=\"912\" data-end=\"956\">Bouche mobile avec commande vocale<\/p>\n<\/li>\n<li data-start=\"957\" data-end=\"1003\">\n<p data-start=\"959\" data-end=\"1003\">Contr\u00f4le du volume et prise pour haut-parleur externe<\/p>\n<\/li>\n<\/ul>\n<p data-start=\"1033\" data-end=\"1067\">Prononce 3 phrases qui font froid dans le dos :<\/p>\n<ul data-start=\"1068\" data-end=\"1383\">\n<li data-start=\"1068\" data-end=\"1158\">\n<p data-start=\"1070\" data-end=\"1158\">\"N'ayez pas peur, votre heure est venue. Rejoignez-nous - aujourd'hui et pour toujours, les nuits nous appartiendront !\"<\/p>\n<\/li>\n<li data-start=\"1159\" data-end=\"1269\">\n<p data-start=\"1161\" data-end=\"1269\">\"Bient\u00f4t, tu oublieras tout... ta vie, ton pass\u00e9. Tu resteras avec moi pour l'\u00e9ternit\u00e9 !\"<\/p>\n<\/li>\n<li data-start=\"1270\" data-end=\"1383\">\n<p data-start=\"1272\" data-end=\"1383\">\"Tu es maintenant \u00e0 moi pour toujours. Ensemble, nous errerons parmi les vivants et trouverons notre prochaine victime.\"<\/p>\n<\/li>\n<\/ul>\n<p><b>Fourni avec un adaptateur secteur britannique<\/b>. <i>N'utilisez que l'adaptateur d'alimentation fourni, car les adaptateurs d'alimentation incorrects peuvent causer des dommages.<\/i><\/p>\n<div>\n<div><b>Pour le porche couvert ou l'int\u00e9rieur.<\/b> <i>Prot\u00e9ger des intemp\u00e9ries en cas d'utilisation \u00e0 l'ext\u00e9rieur et ne pas laisser \u00e0 l'ext\u00e9rieur pendant des p\u00e9riodes prolong\u00e9es.<\/i><\/div>\n<div><\/div>\n<div><b>A noter :<\/b><i> Ces accessoires ne sont pas recommand\u00e9s pour un usage commercial intensif, c'est-\u00e0-dire qu'ils ne doivent pas \u00eatre utilis\u00e9s pendant des p\u00e9riodes prolong\u00e9es, c'est-\u00e0-dire plusieurs jours d'affil\u00e9e. Ils sont con\u00e7us pour \u00eatre utilis\u00e9s \u00e0 l'occasion d'Halloween. Si vous avez des questions \u00e0 ce sujet, n'h\u00e9sitez pas \u00e0 les poser.<\/i><\/div>\n<\/div>","protected":false},"excerpt":{"rendered":"<p>L'amour a tu\u00e9 Ava. Maintenant, c'est \u00e0 votre tour. Cet animatronique imposant de 1,98 m\u00e8tre ouvre ses bras pour r\u00e9v\u00e9ler le cadavre d'Ava et prononce des phrases gla\u00e7antes par sa bouche mobile, invitant les vivants \u00e0 rejoindre les morts. Sa pr\u00e9sence est imposante. Sa voix, inoubliable. D\u00e9sesp\u00e9r\u00e9e d'amour, Ava a suivi une ancienne l\u00e9gende du village : se coucher dans une tombe \u00e0 minuit et [\u2026]<\/p>","protected":false},"featured_media":545180,"comment_status":"closed","ping_status":"closed","template":"","meta":{"_acf_changed":false},"product_brand":[],"product_cat":[10068,10131,10108,10110,10093,10094,6550,6547,6548,6963,9839,7047,7051],"product_tag":[],"class_list":{"0":"post-545176","1":"product","2":"type-product","3":"status-publish","4":"has-post-thumbnail","6":"product_cat-halloween-decorations-2025","7":"product_cat-halloween-gifts","8":"product_cat-light-up-halloween-decorations","9":"product_cat-us-imports","10":"product_cat-indoor-halloween-decorations","11":"product_cat-outdoor-halloween-decorations","12":"product_cat-graveyard-decorations","13":"product_cat-decorations","14":"product_cat-skeleton-decorations","15":"product_cat-animatronics","16":"product_cat-spirit-halloween-animatronics","17":"product_cat-skeletons-reapers","18":"product_cat-graveyard-animatronics","19":"product_shipping_class-props","21":"first","22":"outofstock","23":"taxable","24":"shipping-taxable","25":"purchasable","26":"product-type-simple"},"supplier_id":471382,"supplier_sku":"01611128","barcode":null,"atum_controlled":true,"out_stock_date":"2025-10-16 15:08:12","out_stock_threshold":null,"inheritable":false,"inbound_stock":0,"stock_on_hold":0,"sold_today":0,"sales_last_days":0,"reserved_stock":0,"customer_returns":0,"warehouse_damage":0,"lost_in_post":0,"other_logs":0,"out_stock_days":200,"lost_sales":13141,"has_location":false,"update_date":"2026-05-05T01:00:09","atum_locations":[],"atum_stock_status":"outofstock","restock_status":false,"low_stock_amount":"","sales_update_date":"2026-05-05T01:00:08","calc_backorders":null,"acf":[],"yoast_head":"<!-- This site is optimized with the Yoast SEO plugin v27.5 - https:\/\/yoast.com\/product\/yoast-seo-wordpress\/ -->\n<title>6.5ft The Black Heart Animatronic (Spirit Halloween) | Mad About Horror<\/title>\n<meta name=\"description\" content=\"Black Heart Halloween Animatronic. Animated Halloween Prop. Official UK Stockist of Spirit Halloween. Shop Horror collectibles and Halloween props. UK Stock\" \/>\n<meta name=\"robots\" content=\"index, follow, max-snippet:-1, max-image-preview:large, max-video-preview:-1\" \/>\n<link rel=\"canonical\" href=\"https:\/\/madabouthorror.co.uk\/fr\/product\/6-5ft-the-black-heart-animated-halloween-prop\/\" \/>\n<meta property=\"og:locale\" content=\"fr_FR\" \/>\n<meta property=\"og:type\" content=\"article\" \/>\n<meta property=\"og:title\" content=\"6.5ft The Black Heart Animatronic (Spirit Halloween) | Mad About Horror\" \/>\n<meta property=\"og:description\" content=\"Black Heart Halloween Animatronic. Animated Halloween Prop. Official UK Stockist of Spirit Halloween. Shop Horror collectibles and Halloween props. UK Stock\" \/>\n<meta property=\"og:url\" content=\"https:\/\/madabouthorror.co.uk\/fr\/product\/6-5ft-the-black-heart-animated-halloween-prop\/\" \/>\n<meta property=\"og:site_name\" content=\"Mad About Horror\" \/>\n<meta property=\"article:publisher\" content=\"https:\/\/www.facebook.com\/madabouthorror\/\" \/>\n<meta property=\"article:modified_time\" content=\"2026-02-06T15:13:39+00:00\" \/>\n<meta property=\"og:image\" content=\"https:\/\/madabouthorror.co.uk\/wp-content\/uploads\/2025\/07\/01-4.jpg\" \/>\n\t<meta property=\"og:image:width\" content=\"1500\" \/>\n\t<meta property=\"og:image:height\" content=\"1500\" \/>\n\t<meta property=\"og:image:type\" content=\"image\/jpeg\" \/>\n<meta name=\"twitter:card\" content=\"summary_large_image\" \/>\n<meta name=\"twitter:label1\" content=\"Dur\u00e9e de lecture estim\u00e9e\" \/>\n\t<meta name=\"twitter:data1\" content=\"2 minutes\" \/>\n<script type=\"application\/ld+json\" class=\"yoast-schema-graph\">{\"@context\":\"https:\\\/\\\/schema.org\",\"@graph\":[{\"@type\":[\"WebPage\",\"ItemPage\"],\"@id\":\"https:\\\/\\\/madabouthorror.co.uk\\\/product\\\/6-5ft-the-black-heart-animated-halloween-prop\\\/\",\"url\":\"https:\\\/\\\/madabouthorror.co.uk\\\/product\\\/6-5ft-the-black-heart-animated-halloween-prop\\\/\",\"name\":\"6.5ft The Black Heart Animatronic (Spirit Halloween) | Mad About Horror\",\"isPartOf\":{\"@id\":\"https:\\\/\\\/madabouthorror.co.uk\\\/#website\"},\"primaryImageOfPage\":{\"@id\":\"https:\\\/\\\/madabouthorror.co.uk\\\/product\\\/6-5ft-the-black-heart-animated-halloween-prop\\\/#primaryimage\"},\"image\":{\"@id\":\"https:\\\/\\\/madabouthorror.co.uk\\\/product\\\/6-5ft-the-black-heart-animated-halloween-prop\\\/#primaryimage\"},\"thumbnailUrl\":\"https:\\\/\\\/madabouthorror.co.uk\\\/wp-content\\\/uploads\\\/2025\\\/07\\\/01-4.jpg\",\"datePublished\":\"2025-07-11T11:42:16+00:00\",\"dateModified\":\"2026-02-06T15:13:39+00:00\",\"description\":\"Black Heart Halloween Animatronic. Animated Halloween Prop. Official UK Stockist of Spirit Halloween. Shop Horror collectibles and Halloween props. UK Stock\",\"breadcrumb\":{\"@id\":\"https:\\\/\\\/madabouthorror.co.uk\\\/product\\\/6-5ft-the-black-heart-animated-halloween-prop\\\/#breadcrumb\"},\"inLanguage\":\"fr-FR\",\"potentialAction\":[{\"@type\":\"ReadAction\",\"target\":[\"https:\\\/\\\/madabouthorror.co.uk\\\/product\\\/6-5ft-the-black-heart-animated-halloween-prop\\\/\"]}]},{\"@type\":\"ImageObject\",\"inLanguage\":\"fr-FR\",\"@id\":\"https:\\\/\\\/madabouthorror.co.uk\\\/product\\\/6-5ft-the-black-heart-animated-halloween-prop\\\/#primaryimage\",\"url\":\"https:\\\/\\\/madabouthorror.co.uk\\\/wp-content\\\/uploads\\\/2025\\\/07\\\/01-4.jpg\",\"contentUrl\":\"https:\\\/\\\/madabouthorror.co.uk\\\/wp-content\\\/uploads\\\/2025\\\/07\\\/01-4.jpg\",\"width\":1500,\"height\":1500,\"caption\":\"Black Heart Halloween Animatronic\"},{\"@type\":\"BreadcrumbList\",\"@id\":\"https:\\\/\\\/madabouthorror.co.uk\\\/product\\\/6-5ft-the-black-heart-animated-halloween-prop\\\/#breadcrumb\",\"itemListElement\":[{\"@type\":\"ListItem\",\"position\":1,\"name\":\"Shop\",\"item\":\"https:\\\/\\\/madabouthorror.co.uk\\\/shop\\\/\"},{\"@type\":\"ListItem\",\"position\":2,\"name\":\"6.5ft The Black Heart Animatronic (Spirit Halloween)\"}]},{\"@type\":\"WebSite\",\"@id\":\"https:\\\/\\\/madabouthorror.co.uk\\\/#website\",\"url\":\"https:\\\/\\\/madabouthorror.co.uk\\\/\",\"name\":\"Mad About Horror\",\"description\":\"\",\"publisher\":{\"@id\":\"https:\\\/\\\/madabouthorror.co.uk\\\/#organization\"},\"alternateName\":\"Mad About Horror Limited\",\"potentialAction\":[{\"@type\":\"SearchAction\",\"target\":{\"@type\":\"EntryPoint\",\"urlTemplate\":\"https:\\\/\\\/madabouthorror.co.uk\\\/?s={search_term_string}\"},\"query-input\":{\"@type\":\"PropertyValueSpecification\",\"valueRequired\":true,\"valueName\":\"search_term_string\"}}],\"inLanguage\":\"fr-FR\"},{\"@type\":\"Organization\",\"@id\":\"https:\\\/\\\/madabouthorror.co.uk\\\/#organization\",\"name\":\"Mad About Horror\",\"url\":\"https:\\\/\\\/madabouthorror.co.uk\\\/\",\"logo\":{\"@type\":\"ImageObject\",\"inLanguage\":\"fr-FR\",\"@id\":\"https:\\\/\\\/madabouthorror.co.uk\\\/#\\\/schema\\\/logo\\\/image\\\/\",\"url\":\"https:\\\/\\\/madabouthorror.co.uk\\\/wp-content\\\/uploads\\\/2024\\\/02\\\/cropped-Logo.png\",\"contentUrl\":\"https:\\\/\\\/madabouthorror.co.uk\\\/wp-content\\\/uploads\\\/2024\\\/02\\\/cropped-Logo.png\",\"width\":240,\"height\":88,\"caption\":\"Mad About Horror\"},\"image\":{\"@id\":\"https:\\\/\\\/madabouthorror.co.uk\\\/#\\\/schema\\\/logo\\\/image\\\/\"},\"sameAs\":[\"https:\\\/\\\/www.facebook.com\\\/madabouthorror\\\/\",\"https:\\\/\\\/www.instagram.com\\\/madabouthorror\\\/\",\"https:\\\/\\\/www.pinterest.co.uk\\\/madabouthorror\\\/\",\"https:\\\/\\\/www.youtube.com\\\/channel\\\/UCBooLOIxjoQ89dj6T5lWm_w\",\"https:\\\/\\\/www.tiktok.com\\\/@weremadabouthorror\"]}]}<\/script>\n<!-- \/ Yoast SEO plugin. -->","yoast_head_json":{"title":"6.5ft Le C\u0153ur Noir Animatronic (Spirit Halloween) | Mad About Horror","description":"C\u0153ur Noir Anim\u00e9 d'Halloween. Accessoire d'Halloween anim\u00e9. Revendeur officiel au Royaume-Uni de Spirit Halloween. Achetez des objets de collection d'horreur et des accessoires d'Halloween. Stock au Royaume-Uni","robots":{"index":"index","follow":"follow","max-snippet":"max-snippet:-1","max-image-preview":"max-image-preview:large","max-video-preview":"max-video-preview:-1"},"canonical":"https:\/\/madabouthorror.co.uk\/fr\/product\/6-5ft-the-black-heart-animated-halloween-prop\/","og_locale":"fr_FR","og_type":"article","og_title":"6.5ft The Black Heart Animatronic (Spirit Halloween) | Mad About Horror","og_description":"Black Heart Halloween Animatronic. Animated Halloween Prop. Official UK Stockist of Spirit Halloween. Shop Horror collectibles and Halloween props. UK Stock","og_url":"https:\/\/madabouthorror.co.uk\/fr\/product\/6-5ft-the-black-heart-animated-halloween-prop\/","og_site_name":"Mad About Horror","article_publisher":"https:\/\/www.facebook.com\/madabouthorror\/","article_modified_time":"2026-02-06T15:13:39+00:00","og_image":[{"width":1500,"height":1500,"url":"https:\/\/madabouthorror.co.uk\/wp-content\/uploads\/2025\/07\/01-4.jpg","type":"image\/jpeg"}],"twitter_card":"summary_large_image","twitter_misc":{"Dur\u00e9e de lecture estim\u00e9e":"2 minutes"},"schema":{"@context":"https:\/\/schema.org","@graph":[{"@type":["WebPage","ItemPage"],"@id":"https:\/\/madabouthorror.co.uk\/product\/6-5ft-the-black-heart-animated-halloween-prop\/","url":"https:\/\/madabouthorror.co.uk\/product\/6-5ft-the-black-heart-animated-halloween-prop\/","name":"6.5ft Le C\u0153ur Noir Animatronic (Spirit Halloween) | Mad About Horror","isPartOf":{"@id":"https:\/\/madabouthorror.co.uk\/#website"},"primaryImageOfPage":{"@id":"https:\/\/madabouthorror.co.uk\/product\/6-5ft-the-black-heart-animated-halloween-prop\/#primaryimage"},"image":{"@id":"https:\/\/madabouthorror.co.uk\/product\/6-5ft-the-black-heart-animated-halloween-prop\/#primaryimage"},"thumbnailUrl":"https:\/\/madabouthorror.co.uk\/wp-content\/uploads\/2025\/07\/01-4.jpg","datePublished":"2025-07-11T11:42:16+00:00","dateModified":"2026-02-06T15:13:39+00:00","description":"C\u0153ur Noir Anim\u00e9 d'Halloween. Accessoire d'Halloween anim\u00e9. Revendeur officiel au Royaume-Uni de Spirit Halloween. Achetez des objets de collection d'horreur et des accessoires d'Halloween. Stock au Royaume-Uni","breadcrumb":{"@id":"https:\/\/madabouthorror.co.uk\/product\/6-5ft-the-black-heart-animated-halloween-prop\/#breadcrumb"},"inLanguage":"fr-FR","potentialAction":[{"@type":"ReadAction","target":["https:\/\/madabouthorror.co.uk\/product\/6-5ft-the-black-heart-animated-halloween-prop\/"]}]},{"@type":"ImageObject","inLanguage":"fr-FR","@id":"https:\/\/madabouthorror.co.uk\/product\/6-5ft-the-black-heart-animated-halloween-prop\/#primaryimage","url":"https:\/\/madabouthorror.co.uk\/wp-content\/uploads\/2025\/07\/01-4.jpg","contentUrl":"https:\/\/madabouthorror.co.uk\/wp-content\/uploads\/2025\/07\/01-4.jpg","width":1500,"height":1500,"caption":"Black Heart Halloween Animatronic"},{"@type":"BreadcrumbList","@id":"https:\/\/madabouthorror.co.uk\/product\/6-5ft-the-black-heart-animated-halloween-prop\/#breadcrumb","itemListElement":[{"@type":"ListItem","position":1,"name":"Shop","item":"https:\/\/madabouthorror.co.uk\/shop\/"},{"@type":"ListItem","position":2,"name":"6.5ft The Black Heart Animatronic (Spirit Halloween)"}]},{"@type":"WebSite","@id":"https:\/\/madabouthorror.co.uk\/#website","url":"https:\/\/madabouthorror.co.uk\/","name":"L'horreur en folie","description":"","publisher":{"@id":"https:\/\/madabouthorror.co.uk\/#organization"},"alternateName":"Mad About Horror Limited","potentialAction":[{"@type":"SearchAction","target":{"@type":"EntryPoint","urlTemplate":"https:\/\/madabouthorror.co.uk\/?s={search_term_string}"},"query-input":{"@type":"PropertyValueSpecification","valueRequired":true,"valueName":"search_term_string"}}],"inLanguage":"fr-FR"},{"@type":"Organization","@id":"https:\/\/madabouthorror.co.uk\/#organization","name":"L'horreur en folie","url":"https:\/\/madabouthorror.co.uk\/","logo":{"@type":"ImageObject","inLanguage":"fr-FR","@id":"https:\/\/madabouthorror.co.uk\/#\/schema\/logo\/image\/","url":"https:\/\/madabouthorror.co.uk\/wp-content\/uploads\/2024\/02\/cropped-Logo.png","contentUrl":"https:\/\/madabouthorror.co.uk\/wp-content\/uploads\/2024\/02\/cropped-Logo.png","width":240,"height":88,"caption":"Mad About Horror"},"image":{"@id":"https:\/\/madabouthorror.co.uk\/#\/schema\/logo\/image\/"},"sameAs":["https:\/\/www.facebook.com\/madabouthorror\/","https:\/\/www.instagram.com\/madabouthorror\/","https:\/\/www.pinterest.co.uk\/madabouthorror\/","https:\/\/www.youtube.com\/channel\/UCBooLOIxjoQ89dj6T5lWm_w","https:\/\/www.tiktok.com\/@weremadabouthorror"]}]}},"df_price":459.95,"df_sale_price":"","df_regular_price":459.95,"df_image_link":"https:\/\/madabouthorror.co.uk\/wp-content\/uploads\/2025\/07\/01-4-300x300.jpg","_links":{"self":[{"href":"https:\/\/madabouthorror.co.uk\/fr\/wp-json\/wp\/v2\/product\/545176","targetHints":{"allow":["GET"]}}],"collection":[{"href":"https:\/\/madabouthorror.co.uk\/fr\/wp-json\/wp\/v2\/product"}],"about":[{"href":"https:\/\/madabouthorror.co.uk\/fr\/wp-json\/wp\/v2\/types\/product"}],"replies":[{"embeddable":true,"href":"https:\/\/madabouthorror.co.uk\/fr\/wp-json\/wp\/v2\/comments?post=545176"}],"wp:featuredmedia":[{"embeddable":true,"href":"https:\/\/madabouthorror.co.uk\/fr\/wp-json\/wp\/v2\/media\/545180"}],"wp:attachment":[{"href":"https:\/\/madabouthorror.co.uk\/fr\/wp-json\/wp\/v2\/media?parent=545176"}],"wp:term":[{"taxonomy":"product_brand","embeddable":true,"href":"https:\/\/madabouthorror.co.uk\/fr\/wp-json\/wp\/v2\/product_brand?post=545176"},{"taxonomy":"product_cat","embeddable":true,"href":"https:\/\/madabouthorror.co.uk\/fr\/wp-json\/wp\/v2\/product_cat?post=545176"},{"taxonomy":"product_tag","embeddable":true,"href":"https:\/\/madabouthorror.co.uk\/fr\/wp-json\/wp\/v2\/product_tag?post=545176"}],"curies":[{"name":"wp","href":"https:\/\/api.w.org\/{rel}","templated":true}]}}