{"id":54544,"date":"2022-08-17T15:07:24","date_gmt":"2022-08-17T14:07:24","guid":{"rendered":"https:\/\/mah.6bdv.ws\/product\/creepy-baby-prop\/"},"modified":"2025-10-07T00:30:19","modified_gmt":"2025-10-06T23:30:19","slug":"creepy-baby-prop","status":"publish","type":"product","link":"https:\/\/madabouthorror.co.uk\/fr\/product\/creepy-baby-prop\/","title":{"rendered":"Accessoire pour b\u00e9b\u00e9 effrayant"},"content":{"rendered":"<h4>Accessoire pour b\u00e9b\u00e9 effrayant<\/h4>\n<p>&nbsp;<\/p>\n<p>Ce b\u00e9b\u00e9 poup\u00e9e effrayant pour votre maison hant\u00e9e ou votre maison hant\u00e9e laissera toute une impression. Tout le monde aime les b\u00e9b\u00e9s... jusqu'\u00e0 ce qu'ils voient celui-ci ! T\u00eate de squelette envelopp\u00e9e dans un chignon. Les yeux s'allument. Chansons de berceau effrayantes.<\/p>\n<p>Mesures : 26 x 8 x 8\u2033.<\/p>\n<p>Utilise 3 piles AA qui ne sont pas incluses.<\/p>","protected":false},"excerpt":{"rendered":"<p>Creepy Baby Prop Cet accessoire de poup\u00e9e b\u00e9b\u00e9 effrayant pour votre maison hant\u00e9e ou votre maison hant\u00e9e laissera toute une impression. Tout le monde aime les b\u00e9b\u00e9s... jusqu'\u00e0 ce qu'ils voient celui-ci ! T\u00eate de squelette envelopp\u00e9e dans un chignon. Les yeux s'allument. Chansons de berceau effrayantes. Mesures : 26 x 8 x 8\u2033. Utilise 3 piles AA qui ne sont pas incluses.<\/p>","protected":false},"featured_media":54543,"comment_status":"closed","ping_status":"closed","template":"","meta":{"_acf_changed":false},"product_brand":[],"product_cat":[10117,6550,6547,6549,6548],"product_tag":[9992],"class_list":{"0":"post-54544","1":"product","2":"type-product","3":"status-publish","4":"has-post-thumbnail","6":"product_cat-halloween-essentials","7":"product_cat-graveyard-decorations","8":"product_cat-decorations","9":"product_cat-haunted-house","10":"product_cat-skeleton-decorations","11":"product_tag-haunted-house","12":"product_shipping_class-small-parcel-economy-3-5-business-days","13":"pa_brand-other","14":"pa_character-other","15":"pa_google_tax-84-artsentertainmentpartycele","17":"first","18":"outofstock","19":"taxable","20":"shipping-taxable","21":"purchasable","22":"product-type-simple"},"supplier_id":467908,"supplier_sku":"","barcode":"762543704196","atum_controlled":true,"out_stock_date":"2025-10-07 00:30:20","out_stock_threshold":null,"inheritable":false,"inbound_stock":0,"stock_on_hold":0,"sold_today":0,"sales_last_days":0,"reserved_stock":0,"customer_returns":0,"warehouse_damage":0,"lost_in_post":0,"other_logs":0,"out_stock_days":183,"lost_sales":1304,"has_location":false,"update_date":"2026-04-08T00:35:41","atum_locations":[],"atum_stock_status":"outofstock","restock_status":false,"low_stock_amount":"","sales_update_date":"2026-04-08T00:35:39","calc_backorders":null,"acf":[],"yoast_head":"<!-- This site is optimized with the Yoast SEO plugin v27.3 - https:\/\/yoast.com\/product\/yoast-seo-wordpress\/ -->\n<title>Creepy Baby Halloween Prop<\/title>\n<meta name=\"description\" content=\"Pumpkins, witches, zombies, ghosts &amp; ghouls, everything for Halloween! A huge range of Halloween masks, decor and props. BUY from the UK&#039;s leading Halloween &amp; Horror specialist.\" \/>\n<meta name=\"robots\" content=\"index, follow, max-snippet:-1, max-image-preview:large, max-video-preview:-1\" \/>\n<link rel=\"canonical\" href=\"https:\/\/madabouthorror.co.uk\/fr\/product\/creepy-baby-prop\/\" \/>\n<meta property=\"og:locale\" content=\"fr_FR\" \/>\n<meta property=\"og:type\" content=\"article\" \/>\n<meta property=\"og:title\" content=\"Creepy Baby Halloween Prop\" \/>\n<meta property=\"og:description\" content=\"Pumpkins, witches, zombies, ghosts &amp; ghouls, everything for Halloween! A huge range of Halloween masks, decor and props. BUY from the UK&#039;s leading Halloween &amp; Horror specialist.\" \/>\n<meta property=\"og:url\" content=\"https:\/\/madabouthorror.co.uk\/fr\/product\/creepy-baby-prop\/\" \/>\n<meta property=\"og:site_name\" content=\"Mad About Horror\" \/>\n<meta property=\"article:publisher\" content=\"https:\/\/www.facebook.com\/madabouthorror\/\" \/>\n<meta property=\"article:modified_time\" content=\"2025-10-06T23:30:19+00:00\" \/>\n<meta property=\"og:image\" content=\"https:\/\/madabouthorror.co.uk\/wp-content\/uploads\/2022\/08\/creepy_baby_halloween_prop.jpg\" \/>\n\t<meta property=\"og:image:width\" content=\"670\" \/>\n\t<meta property=\"og:image:height\" content=\"670\" \/>\n\t<meta property=\"og:image:type\" content=\"image\/jpeg\" \/>\n<meta name=\"twitter:card\" content=\"summary_large_image\" \/>\n<script type=\"application\/ld+json\" class=\"yoast-schema-graph\">{\"@context\":\"https:\\\/\\\/schema.org\",\"@graph\":[{\"@type\":[\"WebPage\",\"ItemPage\"],\"@id\":\"https:\\\/\\\/madabouthorror.co.uk\\\/product\\\/creepy-baby-prop\\\/\",\"url\":\"https:\\\/\\\/madabouthorror.co.uk\\\/product\\\/creepy-baby-prop\\\/\",\"name\":\"Creepy Baby Halloween Prop\",\"isPartOf\":{\"@id\":\"https:\\\/\\\/madabouthorror.co.uk\\\/#website\"},\"primaryImageOfPage\":{\"@id\":\"https:\\\/\\\/madabouthorror.co.uk\\\/product\\\/creepy-baby-prop\\\/#primaryimage\"},\"image\":{\"@id\":\"https:\\\/\\\/madabouthorror.co.uk\\\/product\\\/creepy-baby-prop\\\/#primaryimage\"},\"thumbnailUrl\":\"https:\\\/\\\/madabouthorror.co.uk\\\/wp-content\\\/uploads\\\/2022\\\/08\\\/creepy_baby_halloween_prop.jpg\",\"datePublished\":\"2022-08-17T14:07:24+00:00\",\"dateModified\":\"2025-10-06T23:30:19+00:00\",\"description\":\"Pumpkins, witches, zombies, ghosts & ghouls, everything for Halloween! A huge range of Halloween masks, decor and props. BUY from the UK's leading Halloween & Horror specialist.\",\"breadcrumb\":{\"@id\":\"https:\\\/\\\/madabouthorror.co.uk\\\/product\\\/creepy-baby-prop\\\/#breadcrumb\"},\"inLanguage\":\"fr-FR\",\"potentialAction\":[{\"@type\":\"ReadAction\",\"target\":[\"https:\\\/\\\/madabouthorror.co.uk\\\/product\\\/creepy-baby-prop\\\/\"]}]},{\"@type\":\"ImageObject\",\"inLanguage\":\"fr-FR\",\"@id\":\"https:\\\/\\\/madabouthorror.co.uk\\\/product\\\/creepy-baby-prop\\\/#primaryimage\",\"url\":\"https:\\\/\\\/madabouthorror.co.uk\\\/wp-content\\\/uploads\\\/2022\\\/08\\\/creepy_baby_halloween_prop.jpg\",\"contentUrl\":\"https:\\\/\\\/madabouthorror.co.uk\\\/wp-content\\\/uploads\\\/2022\\\/08\\\/creepy_baby_halloween_prop.jpg\",\"width\":670,\"height\":670,\"caption\":\"Creepy Baby Prop Halloween\"},{\"@type\":\"BreadcrumbList\",\"@id\":\"https:\\\/\\\/madabouthorror.co.uk\\\/product\\\/creepy-baby-prop\\\/#breadcrumb\",\"itemListElement\":[{\"@type\":\"ListItem\",\"position\":1,\"name\":\"Shop\",\"item\":\"https:\\\/\\\/madabouthorror.co.uk\\\/shop\\\/\"},{\"@type\":\"ListItem\",\"position\":2,\"name\":\"Creepy Baby Prop\"}]},{\"@type\":\"WebSite\",\"@id\":\"https:\\\/\\\/madabouthorror.co.uk\\\/#website\",\"url\":\"https:\\\/\\\/madabouthorror.co.uk\\\/\",\"name\":\"Mad About Horror\",\"description\":\"\",\"publisher\":{\"@id\":\"https:\\\/\\\/madabouthorror.co.uk\\\/#organization\"},\"alternateName\":\"Mad About Horror Limited\",\"potentialAction\":[{\"@type\":\"SearchAction\",\"target\":{\"@type\":\"EntryPoint\",\"urlTemplate\":\"https:\\\/\\\/madabouthorror.co.uk\\\/?s={search_term_string}\"},\"query-input\":{\"@type\":\"PropertyValueSpecification\",\"valueRequired\":true,\"valueName\":\"search_term_string\"}}],\"inLanguage\":\"fr-FR\"},{\"@type\":\"Organization\",\"@id\":\"https:\\\/\\\/madabouthorror.co.uk\\\/#organization\",\"name\":\"Mad About Horror\",\"url\":\"https:\\\/\\\/madabouthorror.co.uk\\\/\",\"logo\":{\"@type\":\"ImageObject\",\"inLanguage\":\"fr-FR\",\"@id\":\"https:\\\/\\\/madabouthorror.co.uk\\\/#\\\/schema\\\/logo\\\/image\\\/\",\"url\":\"https:\\\/\\\/madabouthorror.co.uk\\\/wp-content\\\/uploads\\\/2024\\\/02\\\/cropped-Logo.png\",\"contentUrl\":\"https:\\\/\\\/madabouthorror.co.uk\\\/wp-content\\\/uploads\\\/2024\\\/02\\\/cropped-Logo.png\",\"width\":240,\"height\":88,\"caption\":\"Mad About Horror\"},\"image\":{\"@id\":\"https:\\\/\\\/madabouthorror.co.uk\\\/#\\\/schema\\\/logo\\\/image\\\/\"},\"sameAs\":[\"https:\\\/\\\/www.facebook.com\\\/madabouthorror\\\/\",\"https:\\\/\\\/www.instagram.com\\\/madabouthorror\\\/\",\"https:\\\/\\\/www.pinterest.co.uk\\\/madabouthorror\\\/\",\"https:\\\/\\\/www.youtube.com\\\/channel\\\/UCBooLOIxjoQ89dj6T5lWm_w\",\"https:\\\/\\\/www.tiktok.com\\\/@weremadabouthorror\"]}]}<\/script>\n<!-- \/ Yoast SEO plugin. -->","yoast_head_json":{"title":"B\u00e9b\u00e9 effrayant pour Halloween","description":"Citrouilles, sorci\u00e8res, zombies, fant\u00f4mes et goules, tout pour Halloween ! Une vaste gamme de masques, de d\u00e9corations et d'accessoires pour Halloween. Achetez au plus grand sp\u00e9cialiste britannique de l'Halloween et de l'horreur.","robots":{"index":"index","follow":"follow","max-snippet":"max-snippet:-1","max-image-preview":"max-image-preview:large","max-video-preview":"max-video-preview:-1"},"canonical":"https:\/\/madabouthorror.co.uk\/fr\/product\/creepy-baby-prop\/","og_locale":"fr_FR","og_type":"article","og_title":"Creepy Baby Halloween Prop","og_description":"Pumpkins, witches, zombies, ghosts & ghouls, everything for Halloween! A huge range of Halloween masks, decor and props. BUY from the UK's leading Halloween & Horror specialist.","og_url":"https:\/\/madabouthorror.co.uk\/fr\/product\/creepy-baby-prop\/","og_site_name":"Mad About Horror","article_publisher":"https:\/\/www.facebook.com\/madabouthorror\/","article_modified_time":"2025-10-06T23:30:19+00:00","og_image":[{"width":670,"height":670,"url":"https:\/\/madabouthorror.co.uk\/wp-content\/uploads\/2022\/08\/creepy_baby_halloween_prop.jpg","type":"image\/jpeg"}],"twitter_card":"summary_large_image","schema":{"@context":"https:\/\/schema.org","@graph":[{"@type":["WebPage","ItemPage"],"@id":"https:\/\/madabouthorror.co.uk\/product\/creepy-baby-prop\/","url":"https:\/\/madabouthorror.co.uk\/product\/creepy-baby-prop\/","name":"B\u00e9b\u00e9 effrayant pour Halloween","isPartOf":{"@id":"https:\/\/madabouthorror.co.uk\/#website"},"primaryImageOfPage":{"@id":"https:\/\/madabouthorror.co.uk\/product\/creepy-baby-prop\/#primaryimage"},"image":{"@id":"https:\/\/madabouthorror.co.uk\/product\/creepy-baby-prop\/#primaryimage"},"thumbnailUrl":"https:\/\/madabouthorror.co.uk\/wp-content\/uploads\/2022\/08\/creepy_baby_halloween_prop.jpg","datePublished":"2022-08-17T14:07:24+00:00","dateModified":"2025-10-06T23:30:19+00:00","description":"Citrouilles, sorci\u00e8res, zombies, fant\u00f4mes et goules, tout pour Halloween ! Une vaste gamme de masques, de d\u00e9corations et d'accessoires pour Halloween. Achetez au plus grand sp\u00e9cialiste britannique de l'Halloween et de l'horreur.","breadcrumb":{"@id":"https:\/\/madabouthorror.co.uk\/product\/creepy-baby-prop\/#breadcrumb"},"inLanguage":"fr-FR","potentialAction":[{"@type":"ReadAction","target":["https:\/\/madabouthorror.co.uk\/product\/creepy-baby-prop\/"]}]},{"@type":"ImageObject","inLanguage":"fr-FR","@id":"https:\/\/madabouthorror.co.uk\/product\/creepy-baby-prop\/#primaryimage","url":"https:\/\/madabouthorror.co.uk\/wp-content\/uploads\/2022\/08\/creepy_baby_halloween_prop.jpg","contentUrl":"https:\/\/madabouthorror.co.uk\/wp-content\/uploads\/2022\/08\/creepy_baby_halloween_prop.jpg","width":670,"height":670,"caption":"Creepy Baby Prop Halloween"},{"@type":"BreadcrumbList","@id":"https:\/\/madabouthorror.co.uk\/product\/creepy-baby-prop\/#breadcrumb","itemListElement":[{"@type":"ListItem","position":1,"name":"Shop","item":"https:\/\/madabouthorror.co.uk\/shop\/"},{"@type":"ListItem","position":2,"name":"Creepy Baby Prop"}]},{"@type":"WebSite","@id":"https:\/\/madabouthorror.co.uk\/#website","url":"https:\/\/madabouthorror.co.uk\/","name":"L'horreur en folie","description":"","publisher":{"@id":"https:\/\/madabouthorror.co.uk\/#organization"},"alternateName":"Mad About Horror Limited","potentialAction":[{"@type":"SearchAction","target":{"@type":"EntryPoint","urlTemplate":"https:\/\/madabouthorror.co.uk\/?s={search_term_string}"},"query-input":{"@type":"PropertyValueSpecification","valueRequired":true,"valueName":"search_term_string"}}],"inLanguage":"fr-FR"},{"@type":"Organization","@id":"https:\/\/madabouthorror.co.uk\/#organization","name":"L'horreur en folie","url":"https:\/\/madabouthorror.co.uk\/","logo":{"@type":"ImageObject","inLanguage":"fr-FR","@id":"https:\/\/madabouthorror.co.uk\/#\/schema\/logo\/image\/","url":"https:\/\/madabouthorror.co.uk\/wp-content\/uploads\/2024\/02\/cropped-Logo.png","contentUrl":"https:\/\/madabouthorror.co.uk\/wp-content\/uploads\/2024\/02\/cropped-Logo.png","width":240,"height":88,"caption":"Mad About Horror"},"image":{"@id":"https:\/\/madabouthorror.co.uk\/#\/schema\/logo\/image\/"},"sameAs":["https:\/\/www.facebook.com\/madabouthorror\/","https:\/\/www.instagram.com\/madabouthorror\/","https:\/\/www.pinterest.co.uk\/madabouthorror\/","https:\/\/www.youtube.com\/channel\/UCBooLOIxjoQ89dj6T5lWm_w","https:\/\/www.tiktok.com\/@weremadabouthorror"]}]}},"df_price":25.99,"df_sale_price":"","df_regular_price":25.99,"df_image_link":"https:\/\/madabouthorror.co.uk\/wp-content\/uploads\/2022\/08\/creepy_baby_halloween_prop-300x300.jpg","_links":{"self":[{"href":"https:\/\/madabouthorror.co.uk\/fr\/wp-json\/wp\/v2\/product\/54544","targetHints":{"allow":["GET"]}}],"collection":[{"href":"https:\/\/madabouthorror.co.uk\/fr\/wp-json\/wp\/v2\/product"}],"about":[{"href":"https:\/\/madabouthorror.co.uk\/fr\/wp-json\/wp\/v2\/types\/product"}],"replies":[{"embeddable":true,"href":"https:\/\/madabouthorror.co.uk\/fr\/wp-json\/wp\/v2\/comments?post=54544"}],"wp:featuredmedia":[{"embeddable":true,"href":"https:\/\/madabouthorror.co.uk\/fr\/wp-json\/wp\/v2\/media\/54543"}],"wp:attachment":[{"href":"https:\/\/madabouthorror.co.uk\/fr\/wp-json\/wp\/v2\/media?parent=54544"}],"wp:term":[{"taxonomy":"product_brand","embeddable":true,"href":"https:\/\/madabouthorror.co.uk\/fr\/wp-json\/wp\/v2\/product_brand?post=54544"},{"taxonomy":"product_cat","embeddable":true,"href":"https:\/\/madabouthorror.co.uk\/fr\/wp-json\/wp\/v2\/product_cat?post=54544"},{"taxonomy":"product_tag","embeddable":true,"href":"https:\/\/madabouthorror.co.uk\/fr\/wp-json\/wp\/v2\/product_tag?post=54544"}],"curies":[{"name":"wp","href":"https:\/\/api.w.org\/{rel}","templated":true}]}}