{"id":54601,"date":"2022-08-23T21:35:07","date_gmt":"2022-08-23T20:35:07","guid":{"rendered":"https:\/\/mah.6bdv.ws\/product\/spiral-clown-costume-smiley\/"},"modified":"2026-02-10T12:14:51","modified_gmt":"2026-02-10T12:14:51","slug":"spiral-clown-costume-smiley","status":"publish","type":"product","link":"https:\/\/madabouthorror.co.uk\/fr\/product\/spiral-clown-costume-smiley\/","title":{"rendered":"Costume de clown en spirale - SMILEY"},"content":{"rendered":"<p>Cr\u00e9\u00e9e par notre propre costumier, Mad About Horror vous propose une nouvelle gamme de costumes de clowns professionnels pour les secteurs de l'\u00e9pouvante, de l'Halloween et des \u00e9v\u00e9nements d'horreur.<\/p>\n<p>Comprend :<\/p>\n<ul>\n<li>T-shirt avec motif SMILEY FACE<\/li>\n<li>T-shirt \u00e0 manches longues<\/li>\n<li>Collier de clown<\/li>\n<li>Pantalon de clown \u00e0 pois<\/li>\n<li>Gants<\/li>\n<li>Chaussettes<\/li>\n<li>Masque de sac en option (non inclus)<\/li>\n<\/ul>\n<p>Toutes les pi\u00e8ces sont professionnellement patin\u00e9es et vieillies, et le tissu est de haute qualit\u00e9.<\/p>\n<p>Les bottes ne sont pas incluses.<\/p>\n<p>Tailles : Standard &amp; X Large<\/p>","protected":false},"excerpt":{"rendered":"<p>Cr\u00e9\u00e9e par notre propre costumi\u00e8re, Mad About Horror vous propose sa nouvelle gamme de costumes de clown professionnels pour les \u00e9v\u00e9nements d'\u00e9pouvante, d'Halloween et d'horreur. Comprend : T-shirt avec motif VISAGE SOURIANT Sous-v\u00eatement \u00e0 manches longues Col de clown Pantalon de clown \u00e0 pois Gants Chaussettes Masque en sac en option (non inclus) Le tout patin\u00e9 et vieilli professionnellement, haute qualit\u00e9 [\u2026]<\/p>","protected":false},"featured_media":54596,"comment_status":"closed","ping_status":"closed","template":"","meta":{"_acf_changed":false},"product_brand":[],"product_cat":[6969,6551,6543,6829],"product_tag":[],"class_list":{"0":"post-54601","1":"product","2":"type-product","3":"status-publish","4":"has-post-thumbnail","6":"product_cat-professional-costumes","7":"product_cat-costumes","8":"product_cat-professional","9":"product_cat-professional-range-costumes","10":"pa_brand-other","11":"pa_brand-madabouthorror","12":"pa_character-other","14":"first","15":"instock","16":"taxable","17":"shipping-taxable","18":"purchasable","19":"product-type-variable"},"supplier_id":467463,"supplier_sku":"","barcode":"","atum_controlled":true,"out_stock_date":null,"out_stock_threshold":null,"inheritable":true,"inbound_stock":0,"stock_on_hold":0,"sold_today":0,"sales_last_days":0,"reserved_stock":0,"customer_returns":0,"warehouse_damage":0,"lost_in_post":0,"other_logs":0,"out_stock_days":0,"lost_sales":0,"has_location":false,"update_date":"2026-04-15T00:38:17","atum_locations":[],"atum_stock_status":"instock","restock_status":false,"low_stock_amount":"","sales_update_date":"2026-04-15T00:38:16","calc_backorders":null,"acf":[],"yoast_head":"<!-- This site is optimized with the Yoast SEO plugin v27.4 - https:\/\/yoast.com\/product\/yoast-seo-wordpress\/ -->\n<title>Spiral Clown Costume - Smiley<\/title>\n<meta name=\"description\" content=\"Professional range of Scare \/ Haunt Costumes for the entertainment industry. High quality, hand made costumes for Halloween. UK stock, fast delivery. Customisation available.\" \/>\n<meta name=\"robots\" content=\"index, follow, max-snippet:-1, max-image-preview:large, max-video-preview:-1\" \/>\n<link rel=\"canonical\" href=\"https:\/\/madabouthorror.co.uk\/fr\/product\/spiral-clown-costume-smiley\/\" \/>\n<meta property=\"og:locale\" content=\"fr_FR\" \/>\n<meta property=\"og:type\" content=\"article\" \/>\n<meta property=\"og:title\" content=\"Spiral Clown Costume - Smiley\" \/>\n<meta property=\"og:description\" content=\"Professional range of Scare \/ Haunt Costumes for the entertainment industry. High quality, hand made costumes for Halloween. UK stock, fast delivery. Customisation available.\" \/>\n<meta property=\"og:url\" content=\"https:\/\/madabouthorror.co.uk\/fr\/product\/spiral-clown-costume-smiley\/\" \/>\n<meta property=\"og:site_name\" content=\"Mad About Horror\" \/>\n<meta property=\"article:publisher\" content=\"https:\/\/www.facebook.com\/madabouthorror\/\" \/>\n<meta property=\"article:modified_time\" content=\"2026-02-10T12:14:51+00:00\" \/>\n<meta property=\"og:image\" content=\"https:\/\/madabouthorror.co.uk\/wp-content\/uploads\/2022\/08\/5_spiral_clown_sack_mask.jpg\" \/>\n\t<meta property=\"og:image:width\" content=\"670\" \/>\n\t<meta property=\"og:image:height\" content=\"670\" \/>\n\t<meta property=\"og:image:type\" content=\"image\/jpeg\" \/>\n<meta name=\"twitter:card\" content=\"summary_large_image\" \/>\n<meta name=\"twitter:label1\" content=\"Dur\u00e9e de lecture estim\u00e9e\" \/>\n\t<meta name=\"twitter:data1\" content=\"1 minute\" \/>\n<script type=\"application\/ld+json\" class=\"yoast-schema-graph\">{\"@context\":\"https:\\\/\\\/schema.org\",\"@graph\":[{\"@type\":[\"WebPage\",\"ItemPage\"],\"@id\":\"https:\\\/\\\/madabouthorror.co.uk\\\/product\\\/spiral-clown-costume-smiley\\\/\",\"url\":\"https:\\\/\\\/madabouthorror.co.uk\\\/product\\\/spiral-clown-costume-smiley\\\/\",\"name\":\"Spiral Clown Costume - Smiley\",\"isPartOf\":{\"@id\":\"https:\\\/\\\/madabouthorror.co.uk\\\/#website\"},\"primaryImageOfPage\":{\"@id\":\"https:\\\/\\\/madabouthorror.co.uk\\\/product\\\/spiral-clown-costume-smiley\\\/#primaryimage\"},\"image\":{\"@id\":\"https:\\\/\\\/madabouthorror.co.uk\\\/product\\\/spiral-clown-costume-smiley\\\/#primaryimage\"},\"thumbnailUrl\":\"https:\\\/\\\/madabouthorror.co.uk\\\/wp-content\\\/uploads\\\/2022\\\/08\\\/5_spiral_clown_sack_mask.jpg\",\"datePublished\":\"2022-08-23T20:35:07+00:00\",\"dateModified\":\"2026-02-10T12:14:51+00:00\",\"description\":\"Professional range of Scare \\\/ Haunt Costumes for the entertainment industry. High quality, hand made costumes for Halloween. UK stock, fast delivery. Customisation available.\",\"breadcrumb\":{\"@id\":\"https:\\\/\\\/madabouthorror.co.uk\\\/product\\\/spiral-clown-costume-smiley\\\/#breadcrumb\"},\"inLanguage\":\"fr-FR\",\"potentialAction\":[{\"@type\":\"ReadAction\",\"target\":[\"https:\\\/\\\/madabouthorror.co.uk\\\/product\\\/spiral-clown-costume-smiley\\\/\"]}]},{\"@type\":\"ImageObject\",\"inLanguage\":\"fr-FR\",\"@id\":\"https:\\\/\\\/madabouthorror.co.uk\\\/product\\\/spiral-clown-costume-smiley\\\/#primaryimage\",\"url\":\"https:\\\/\\\/madabouthorror.co.uk\\\/wp-content\\\/uploads\\\/2022\\\/08\\\/5_spiral_clown_sack_mask.jpg\",\"contentUrl\":\"https:\\\/\\\/madabouthorror.co.uk\\\/wp-content\\\/uploads\\\/2022\\\/08\\\/5_spiral_clown_sack_mask.jpg\",\"width\":670,\"height\":670,\"caption\":\"SMILEY FACE CLOWN COSTUME halloween\"},{\"@type\":\"BreadcrumbList\",\"@id\":\"https:\\\/\\\/madabouthorror.co.uk\\\/product\\\/spiral-clown-costume-smiley\\\/#breadcrumb\",\"itemListElement\":[{\"@type\":\"ListItem\",\"position\":1,\"name\":\"Shop\",\"item\":\"https:\\\/\\\/madabouthorror.co.uk\\\/shop\\\/\"},{\"@type\":\"ListItem\",\"position\":2,\"name\":\"Spiral Clown Costume &#8211; SMILEY\"}]},{\"@type\":\"WebSite\",\"@id\":\"https:\\\/\\\/madabouthorror.co.uk\\\/#website\",\"url\":\"https:\\\/\\\/madabouthorror.co.uk\\\/\",\"name\":\"Mad About Horror\",\"description\":\"\",\"publisher\":{\"@id\":\"https:\\\/\\\/madabouthorror.co.uk\\\/#organization\"},\"alternateName\":\"Mad About Horror Limited\",\"potentialAction\":[{\"@type\":\"SearchAction\",\"target\":{\"@type\":\"EntryPoint\",\"urlTemplate\":\"https:\\\/\\\/madabouthorror.co.uk\\\/?s={search_term_string}\"},\"query-input\":{\"@type\":\"PropertyValueSpecification\",\"valueRequired\":true,\"valueName\":\"search_term_string\"}}],\"inLanguage\":\"fr-FR\"},{\"@type\":\"Organization\",\"@id\":\"https:\\\/\\\/madabouthorror.co.uk\\\/#organization\",\"name\":\"Mad About Horror\",\"url\":\"https:\\\/\\\/madabouthorror.co.uk\\\/\",\"logo\":{\"@type\":\"ImageObject\",\"inLanguage\":\"fr-FR\",\"@id\":\"https:\\\/\\\/madabouthorror.co.uk\\\/#\\\/schema\\\/logo\\\/image\\\/\",\"url\":\"https:\\\/\\\/madabouthorror.co.uk\\\/wp-content\\\/uploads\\\/2024\\\/02\\\/cropped-Logo.png\",\"contentUrl\":\"https:\\\/\\\/madabouthorror.co.uk\\\/wp-content\\\/uploads\\\/2024\\\/02\\\/cropped-Logo.png\",\"width\":240,\"height\":88,\"caption\":\"Mad About Horror\"},\"image\":{\"@id\":\"https:\\\/\\\/madabouthorror.co.uk\\\/#\\\/schema\\\/logo\\\/image\\\/\"},\"sameAs\":[\"https:\\\/\\\/www.facebook.com\\\/madabouthorror\\\/\",\"https:\\\/\\\/www.instagram.com\\\/madabouthorror\\\/\",\"https:\\\/\\\/www.pinterest.co.uk\\\/madabouthorror\\\/\",\"https:\\\/\\\/www.youtube.com\\\/channel\\\/UCBooLOIxjoQ89dj6T5lWm_w\",\"https:\\\/\\\/www.tiktok.com\\\/@weremadabouthorror\"]}]}<\/script>\n<!-- \/ Yoast SEO plugin. -->","yoast_head_json":{"title":"Costume de clown en spirale - Smiley","description":"Gamme professionnelle de costumes d'\u00e9pouvante pour l'industrie du spectacle. Costumes de haute qualit\u00e9, faits \u00e0 la main pour Halloween. Stock britannique, livraison rapide. Personnalisation possible.","robots":{"index":"index","follow":"follow","max-snippet":"max-snippet:-1","max-image-preview":"max-image-preview:large","max-video-preview":"max-video-preview:-1"},"canonical":"https:\/\/madabouthorror.co.uk\/fr\/product\/spiral-clown-costume-smiley\/","og_locale":"fr_FR","og_type":"article","og_title":"Spiral Clown Costume - Smiley","og_description":"Professional range of Scare \/ Haunt Costumes for the entertainment industry. High quality, hand made costumes for Halloween. UK stock, fast delivery. Customisation available.","og_url":"https:\/\/madabouthorror.co.uk\/fr\/product\/spiral-clown-costume-smiley\/","og_site_name":"Mad About Horror","article_publisher":"https:\/\/www.facebook.com\/madabouthorror\/","article_modified_time":"2026-02-10T12:14:51+00:00","og_image":[{"width":670,"height":670,"url":"https:\/\/madabouthorror.co.uk\/wp-content\/uploads\/2022\/08\/5_spiral_clown_sack_mask.jpg","type":"image\/jpeg"}],"twitter_card":"summary_large_image","twitter_misc":{"Dur\u00e9e de lecture estim\u00e9e":"1 minute"},"schema":{"@context":"https:\/\/schema.org","@graph":[{"@type":["WebPage","ItemPage"],"@id":"https:\/\/madabouthorror.co.uk\/product\/spiral-clown-costume-smiley\/","url":"https:\/\/madabouthorror.co.uk\/product\/spiral-clown-costume-smiley\/","name":"Costume de clown en spirale - Smiley","isPartOf":{"@id":"https:\/\/madabouthorror.co.uk\/#website"},"primaryImageOfPage":{"@id":"https:\/\/madabouthorror.co.uk\/product\/spiral-clown-costume-smiley\/#primaryimage"},"image":{"@id":"https:\/\/madabouthorror.co.uk\/product\/spiral-clown-costume-smiley\/#primaryimage"},"thumbnailUrl":"https:\/\/madabouthorror.co.uk\/wp-content\/uploads\/2022\/08\/5_spiral_clown_sack_mask.jpg","datePublished":"2022-08-23T20:35:07+00:00","dateModified":"2026-02-10T12:14:51+00:00","description":"Gamme professionnelle de costumes d'\u00e9pouvante pour l'industrie du spectacle. Costumes de haute qualit\u00e9, faits \u00e0 la main pour Halloween. Stock britannique, livraison rapide. Personnalisation possible.","breadcrumb":{"@id":"https:\/\/madabouthorror.co.uk\/product\/spiral-clown-costume-smiley\/#breadcrumb"},"inLanguage":"fr-FR","potentialAction":[{"@type":"ReadAction","target":["https:\/\/madabouthorror.co.uk\/product\/spiral-clown-costume-smiley\/"]}]},{"@type":"ImageObject","inLanguage":"fr-FR","@id":"https:\/\/madabouthorror.co.uk\/product\/spiral-clown-costume-smiley\/#primaryimage","url":"https:\/\/madabouthorror.co.uk\/wp-content\/uploads\/2022\/08\/5_spiral_clown_sack_mask.jpg","contentUrl":"https:\/\/madabouthorror.co.uk\/wp-content\/uploads\/2022\/08\/5_spiral_clown_sack_mask.jpg","width":670,"height":670,"caption":"SMILEY FACE CLOWN COSTUME halloween"},{"@type":"BreadcrumbList","@id":"https:\/\/madabouthorror.co.uk\/product\/spiral-clown-costume-smiley\/#breadcrumb","itemListElement":[{"@type":"ListItem","position":1,"name":"Shop","item":"https:\/\/madabouthorror.co.uk\/shop\/"},{"@type":"ListItem","position":2,"name":"Spiral Clown Costume &#8211; SMILEY"}]},{"@type":"WebSite","@id":"https:\/\/madabouthorror.co.uk\/#website","url":"https:\/\/madabouthorror.co.uk\/","name":"L'horreur en folie","description":"","publisher":{"@id":"https:\/\/madabouthorror.co.uk\/#organization"},"alternateName":"Mad About Horror Limited","potentialAction":[{"@type":"SearchAction","target":{"@type":"EntryPoint","urlTemplate":"https:\/\/madabouthorror.co.uk\/?s={search_term_string}"},"query-input":{"@type":"PropertyValueSpecification","valueRequired":true,"valueName":"search_term_string"}}],"inLanguage":"fr-FR"},{"@type":"Organization","@id":"https:\/\/madabouthorror.co.uk\/#organization","name":"L'horreur en folie","url":"https:\/\/madabouthorror.co.uk\/","logo":{"@type":"ImageObject","inLanguage":"fr-FR","@id":"https:\/\/madabouthorror.co.uk\/#\/schema\/logo\/image\/","url":"https:\/\/madabouthorror.co.uk\/wp-content\/uploads\/2024\/02\/cropped-Logo.png","contentUrl":"https:\/\/madabouthorror.co.uk\/wp-content\/uploads\/2024\/02\/cropped-Logo.png","width":240,"height":88,"caption":"Mad About Horror"},"image":{"@id":"https:\/\/madabouthorror.co.uk\/#\/schema\/logo\/image\/"},"sameAs":["https:\/\/www.facebook.com\/madabouthorror\/","https:\/\/www.instagram.com\/madabouthorror\/","https:\/\/www.pinterest.co.uk\/madabouthorror\/","https:\/\/www.youtube.com\/channel\/UCBooLOIxjoQ89dj6T5lWm_w","https:\/\/www.tiktok.com\/@weremadabouthorror"]}]}},"df_price":145.78,"df_sale_price":"","df_regular_price":145.78,"df_image_link":"https:\/\/madabouthorror.co.uk\/wp-content\/uploads\/2022\/08\/5_spiral_clown_sack_mask-300x300.jpg","_links":{"self":[{"href":"https:\/\/madabouthorror.co.uk\/fr\/wp-json\/wp\/v2\/product\/54601","targetHints":{"allow":["GET"]}}],"collection":[{"href":"https:\/\/madabouthorror.co.uk\/fr\/wp-json\/wp\/v2\/product"}],"about":[{"href":"https:\/\/madabouthorror.co.uk\/fr\/wp-json\/wp\/v2\/types\/product"}],"replies":[{"embeddable":true,"href":"https:\/\/madabouthorror.co.uk\/fr\/wp-json\/wp\/v2\/comments?post=54601"}],"wp:featuredmedia":[{"embeddable":true,"href":"https:\/\/madabouthorror.co.uk\/fr\/wp-json\/wp\/v2\/media\/54596"}],"wp:attachment":[{"href":"https:\/\/madabouthorror.co.uk\/fr\/wp-json\/wp\/v2\/media?parent=54601"}],"wp:term":[{"taxonomy":"product_brand","embeddable":true,"href":"https:\/\/madabouthorror.co.uk\/fr\/wp-json\/wp\/v2\/product_brand?post=54601"},{"taxonomy":"product_cat","embeddable":true,"href":"https:\/\/madabouthorror.co.uk\/fr\/wp-json\/wp\/v2\/product_cat?post=54601"},{"taxonomy":"product_tag","embeddable":true,"href":"https:\/\/madabouthorror.co.uk\/fr\/wp-json\/wp\/v2\/product_tag?post=54601"}],"curies":[{"name":"wp","href":"https:\/\/api.w.org\/{rel}","templated":true}]}}