{"id":54708,"date":"2022-08-29T12:44:09","date_gmt":"2022-08-29T11:44:09","guid":{"rendered":"https:\/\/mah.6bdv.ws\/product\/life-size-body-serial-killer-victim-female\/"},"modified":"2026-04-27T03:03:15","modified_gmt":"2026-04-27T02:03:15","slug":"life-size-body-serial-killer-victim-female","status":"publish","type":"product","link":"https:\/\/madabouthorror.co.uk\/fr\/product\/life-size-body-serial-killer-victim-female\/","title":{"rendered":"Corps grandeur nature - Victime d'un tueur en s\u00e9rie, femme"},"content":{"rendered":"<p>Corps moul\u00e9 \u00e0 vie, incroyablement r\u00e9aliste, avec un niveau de d\u00e9tail \u00e9lev\u00e9. D\u00e9tails des blessures cousues - comme si elle avait \u00e9t\u00e9 coup\u00e9e en morceaux et recousue. Chaque mod\u00e8le \u00e9tant unique, les d\u00e9tails et la couleur des cheveux peuvent varier.<\/p>\n<p>Accessoire d'horreur professionnel pour les \u00e9v\u00e9nements d'horreur, les parcs \u00e0 th\u00e8me, les labyrinthes d'\u00e9pouvante et les salles d'\u00e9vasion. Disponible en stock au Royaume-Uni.<\/p>\n<p>Peut contenir du latex. Il s'agit d'un accessoire \u00e0 dos plat con\u00e7u pour \u00eatre pos\u00e9 sur une surface. Il peut \u00eatre pos\u00e9 ou accroch\u00e9 \u00e0 un mur, mais ne peut pas rester debout sans support.<\/p>\n<p>&nbsp;<\/p>\n<p>&nbsp;<\/p>","protected":false},"excerpt":{"rendered":"<p>Corps moul\u00e9 \u00e0 vie, incroyablement r\u00e9aliste, avec un niveau de d\u00e9tail \u00e9lev\u00e9. D\u00e9tails des blessures cousues - comme si elle avait \u00e9t\u00e9 coup\u00e9e en morceaux et recousue. Chaque figurine \u00e9tant unique, les d\u00e9tails et la couleur des cheveux peuvent varier. Accessoire d'horreur professionnel pour les \u00e9v\u00e9nements d'horreur, les parcs \u00e0 th\u00e8me, les labyrinthes d'\u00e9pouvante et les salles d'\u00e9vasion. Disponible en stock au Royaume-Uni. Peut contenir du latex. Ceci est [...]<\/p>","protected":false},"featured_media":54701,"comment_status":"closed","ping_status":"closed","template":"","meta":{"_acf_changed":false},"product_brand":[],"product_cat":[6821,6543],"product_tag":[],"class_list":{"0":"post-54708","1":"product","2":"type-product","3":"status-publish","4":"has-post-thumbnail","6":"product_cat-lifecast-bodies","7":"product_cat-professional","8":"product_shipping_class-bulky","9":"pa_brand-other","10":"pa_character-other","11":"pa_google_tax-3e-businessindustrialretailre","12":"pa_material-containslatex","14":"first","15":"outofstock","16":"taxable","17":"shipping-taxable","18":"purchasable","19":"product-type-simple"},"supplier_id":467448,"supplier_sku":"","barcode":"","atum_controlled":true,"out_stock_date":"2025-08-14 10:40:58","out_stock_threshold":0,"inheritable":false,"inbound_stock":2,"stock_on_hold":0,"sold_today":0,"sales_last_days":0,"reserved_stock":0,"customer_returns":0,"warehouse_damage":0,"lost_in_post":0,"other_logs":0,"out_stock_days":255,"lost_sales":60107,"has_location":false,"update_date":"2026-04-27T02:03:15","atum_locations":[],"atum_stock_status":"outofstock","restock_status":false,"low_stock_amount":"","sales_update_date":"2026-04-27T02:03:14","calc_backorders":null,"acf":[],"yoast_head":"<!-- This site is optimized with the Yoast SEO plugin v27.4 - https:\/\/yoast.com\/product\/yoast-seo-wordpress\/ -->\n<title>Life Size Dead Body - Halloween Prop<\/title>\n<meta name=\"description\" content=\"Halloween &amp; horror props for scare attractions and escape rooms. Professional quality dead body halloween prop. Available from UK stock.\" \/>\n<meta name=\"robots\" content=\"index, follow, max-snippet:-1, max-image-preview:large, max-video-preview:-1\" \/>\n<link rel=\"canonical\" href=\"https:\/\/madabouthorror.co.uk\/fr\/product\/life-size-body-serial-killer-victim-female\/\" \/>\n<meta property=\"og:locale\" content=\"fr_FR\" \/>\n<meta property=\"og:type\" content=\"article\" \/>\n<meta property=\"og:title\" content=\"Life Size Dead Body - Halloween Prop\" \/>\n<meta property=\"og:description\" content=\"Halloween &amp; horror props for scare attractions and escape rooms. Professional quality dead body halloween prop. Available from UK stock.\" \/>\n<meta property=\"og:url\" content=\"https:\/\/madabouthorror.co.uk\/fr\/product\/life-size-body-serial-killer-victim-female\/\" \/>\n<meta property=\"og:site_name\" content=\"Mad About Horror\" \/>\n<meta property=\"article:publisher\" content=\"https:\/\/www.facebook.com\/madabouthorror\/\" \/>\n<meta property=\"article:modified_time\" content=\"2026-04-27T02:03:15+00:00\" \/>\n<meta property=\"og:image\" content=\"https:\/\/madabouthorror.co.uk\/wp-content\/uploads\/2022\/08\/main_life_cast_dead_body_serial_killer_female.jpg\" \/>\n\t<meta property=\"og:image:width\" content=\"670\" \/>\n\t<meta property=\"og:image:height\" content=\"670\" \/>\n\t<meta property=\"og:image:type\" content=\"image\/jpeg\" \/>\n<meta name=\"twitter:card\" content=\"summary_large_image\" \/>\n<meta name=\"twitter:label1\" content=\"Dur\u00e9e de lecture estim\u00e9e\" \/>\n\t<meta name=\"twitter:data1\" content=\"1 minute\" \/>\n<script type=\"application\/ld+json\" class=\"yoast-schema-graph\">{\"@context\":\"https:\\\/\\\/schema.org\",\"@graph\":[{\"@type\":[\"WebPage\",\"ItemPage\"],\"@id\":\"https:\\\/\\\/madabouthorror.co.uk\\\/product\\\/life-size-body-serial-killer-victim-female\\\/\",\"url\":\"https:\\\/\\\/madabouthorror.co.uk\\\/product\\\/life-size-body-serial-killer-victim-female\\\/\",\"name\":\"Life Size Dead Body - Halloween Prop\",\"isPartOf\":{\"@id\":\"https:\\\/\\\/madabouthorror.co.uk\\\/#website\"},\"primaryImageOfPage\":{\"@id\":\"https:\\\/\\\/madabouthorror.co.uk\\\/product\\\/life-size-body-serial-killer-victim-female\\\/#primaryimage\"},\"image\":{\"@id\":\"https:\\\/\\\/madabouthorror.co.uk\\\/product\\\/life-size-body-serial-killer-victim-female\\\/#primaryimage\"},\"thumbnailUrl\":\"https:\\\/\\\/madabouthorror.co.uk\\\/wp-content\\\/uploads\\\/2022\\\/08\\\/main_life_cast_dead_body_serial_killer_female.jpg\",\"datePublished\":\"2022-08-29T11:44:09+00:00\",\"dateModified\":\"2026-04-27T02:03:15+00:00\",\"description\":\"Halloween & horror props for scare attractions and escape rooms. Professional quality dead body halloween prop. Available from UK stock.\",\"breadcrumb\":{\"@id\":\"https:\\\/\\\/madabouthorror.co.uk\\\/product\\\/life-size-body-serial-killer-victim-female\\\/#breadcrumb\"},\"inLanguage\":\"fr-FR\",\"potentialAction\":[{\"@type\":\"ReadAction\",\"target\":[\"https:\\\/\\\/madabouthorror.co.uk\\\/product\\\/life-size-body-serial-killer-victim-female\\\/\"]}]},{\"@type\":\"ImageObject\",\"inLanguage\":\"fr-FR\",\"@id\":\"https:\\\/\\\/madabouthorror.co.uk\\\/product\\\/life-size-body-serial-killer-victim-female\\\/#primaryimage\",\"url\":\"https:\\\/\\\/madabouthorror.co.uk\\\/wp-content\\\/uploads\\\/2022\\\/08\\\/main_life_cast_dead_body_serial_killer_female.jpg\",\"contentUrl\":\"https:\\\/\\\/madabouthorror.co.uk\\\/wp-content\\\/uploads\\\/2022\\\/08\\\/main_life_cast_dead_body_serial_killer_female.jpg\",\"width\":670,\"height\":670,\"caption\":\"Life Size Body - Serial Killer Victim,\u00a0Female - professional horror prop\"},{\"@type\":\"BreadcrumbList\",\"@id\":\"https:\\\/\\\/madabouthorror.co.uk\\\/product\\\/life-size-body-serial-killer-victim-female\\\/#breadcrumb\",\"itemListElement\":[{\"@type\":\"ListItem\",\"position\":1,\"name\":\"Shop\",\"item\":\"https:\\\/\\\/madabouthorror.co.uk\\\/shop\\\/\"},{\"@type\":\"ListItem\",\"position\":2,\"name\":\"Life Size Body &#8211; Serial Killer Victim, Female\"}]},{\"@type\":\"WebSite\",\"@id\":\"https:\\\/\\\/madabouthorror.co.uk\\\/#website\",\"url\":\"https:\\\/\\\/madabouthorror.co.uk\\\/\",\"name\":\"Mad About Horror\",\"description\":\"\",\"publisher\":{\"@id\":\"https:\\\/\\\/madabouthorror.co.uk\\\/#organization\"},\"alternateName\":\"Mad About Horror Limited\",\"potentialAction\":[{\"@type\":\"SearchAction\",\"target\":{\"@type\":\"EntryPoint\",\"urlTemplate\":\"https:\\\/\\\/madabouthorror.co.uk\\\/?s={search_term_string}\"},\"query-input\":{\"@type\":\"PropertyValueSpecification\",\"valueRequired\":true,\"valueName\":\"search_term_string\"}}],\"inLanguage\":\"fr-FR\"},{\"@type\":\"Organization\",\"@id\":\"https:\\\/\\\/madabouthorror.co.uk\\\/#organization\",\"name\":\"Mad About Horror\",\"url\":\"https:\\\/\\\/madabouthorror.co.uk\\\/\",\"logo\":{\"@type\":\"ImageObject\",\"inLanguage\":\"fr-FR\",\"@id\":\"https:\\\/\\\/madabouthorror.co.uk\\\/#\\\/schema\\\/logo\\\/image\\\/\",\"url\":\"https:\\\/\\\/madabouthorror.co.uk\\\/wp-content\\\/uploads\\\/2024\\\/02\\\/cropped-Logo.png\",\"contentUrl\":\"https:\\\/\\\/madabouthorror.co.uk\\\/wp-content\\\/uploads\\\/2024\\\/02\\\/cropped-Logo.png\",\"width\":240,\"height\":88,\"caption\":\"Mad About Horror\"},\"image\":{\"@id\":\"https:\\\/\\\/madabouthorror.co.uk\\\/#\\\/schema\\\/logo\\\/image\\\/\"},\"sameAs\":[\"https:\\\/\\\/www.facebook.com\\\/madabouthorror\\\/\",\"https:\\\/\\\/www.instagram.com\\\/madabouthorror\\\/\",\"https:\\\/\\\/www.pinterest.co.uk\\\/madabouthorror\\\/\",\"https:\\\/\\\/www.youtube.com\\\/channel\\\/UCBooLOIxjoQ89dj6T5lWm_w\",\"https:\\\/\\\/www.tiktok.com\\\/@weremadabouthorror\"]}]}<\/script>\n<!-- \/ Yoast SEO plugin. -->","yoast_head_json":{"title":"Cadavre grandeur nature - Accessoire Halloween","description":"Accessoires d'Halloween et d'horreur pour les attractions d'\u00e9pouvante et les salles d'\u00e9vasion. Accessoire d'Halloween pour cadavre de qualit\u00e9 professionnelle. Disponible en stock au Royaume-Uni.","robots":{"index":"index","follow":"follow","max-snippet":"max-snippet:-1","max-image-preview":"max-image-preview:large","max-video-preview":"max-video-preview:-1"},"canonical":"https:\/\/madabouthorror.co.uk\/fr\/product\/life-size-body-serial-killer-victim-female\/","og_locale":"fr_FR","og_type":"article","og_title":"Life Size Dead Body - Halloween Prop","og_description":"Halloween & horror props for scare attractions and escape rooms. Professional quality dead body halloween prop. Available from UK stock.","og_url":"https:\/\/madabouthorror.co.uk\/fr\/product\/life-size-body-serial-killer-victim-female\/","og_site_name":"Mad About Horror","article_publisher":"https:\/\/www.facebook.com\/madabouthorror\/","article_modified_time":"2026-04-27T02:03:15+00:00","og_image":[{"width":670,"height":670,"url":"https:\/\/madabouthorror.co.uk\/wp-content\/uploads\/2022\/08\/main_life_cast_dead_body_serial_killer_female.jpg","type":"image\/jpeg"}],"twitter_card":"summary_large_image","twitter_misc":{"Dur\u00e9e de lecture estim\u00e9e":"1 minute"},"schema":{"@context":"https:\/\/schema.org","@graph":[{"@type":["WebPage","ItemPage"],"@id":"https:\/\/madabouthorror.co.uk\/product\/life-size-body-serial-killer-victim-female\/","url":"https:\/\/madabouthorror.co.uk\/product\/life-size-body-serial-killer-victim-female\/","name":"Cadavre grandeur nature - Accessoire Halloween","isPartOf":{"@id":"https:\/\/madabouthorror.co.uk\/#website"},"primaryImageOfPage":{"@id":"https:\/\/madabouthorror.co.uk\/product\/life-size-body-serial-killer-victim-female\/#primaryimage"},"image":{"@id":"https:\/\/madabouthorror.co.uk\/product\/life-size-body-serial-killer-victim-female\/#primaryimage"},"thumbnailUrl":"https:\/\/madabouthorror.co.uk\/wp-content\/uploads\/2022\/08\/main_life_cast_dead_body_serial_killer_female.jpg","datePublished":"2022-08-29T11:44:09+00:00","dateModified":"2026-04-27T02:03:15+00:00","description":"Accessoires d'Halloween et d'horreur pour les attractions d'\u00e9pouvante et les salles d'\u00e9vasion. Accessoire d'Halloween pour cadavre de qualit\u00e9 professionnelle. Disponible en stock au Royaume-Uni.","breadcrumb":{"@id":"https:\/\/madabouthorror.co.uk\/product\/life-size-body-serial-killer-victim-female\/#breadcrumb"},"inLanguage":"fr-FR","potentialAction":[{"@type":"ReadAction","target":["https:\/\/madabouthorror.co.uk\/product\/life-size-body-serial-killer-victim-female\/"]}]},{"@type":"ImageObject","inLanguage":"fr-FR","@id":"https:\/\/madabouthorror.co.uk\/product\/life-size-body-serial-killer-victim-female\/#primaryimage","url":"https:\/\/madabouthorror.co.uk\/wp-content\/uploads\/2022\/08\/main_life_cast_dead_body_serial_killer_female.jpg","contentUrl":"https:\/\/madabouthorror.co.uk\/wp-content\/uploads\/2022\/08\/main_life_cast_dead_body_serial_killer_female.jpg","width":670,"height":670,"caption":"Life Size Body - Serial Killer Victim,\u00a0Female - professional horror prop"},{"@type":"BreadcrumbList","@id":"https:\/\/madabouthorror.co.uk\/product\/life-size-body-serial-killer-victim-female\/#breadcrumb","itemListElement":[{"@type":"ListItem","position":1,"name":"Shop","item":"https:\/\/madabouthorror.co.uk\/shop\/"},{"@type":"ListItem","position":2,"name":"Life Size Body &#8211; Serial Killer Victim, Female"}]},{"@type":"WebSite","@id":"https:\/\/madabouthorror.co.uk\/#website","url":"https:\/\/madabouthorror.co.uk\/","name":"L'horreur en folie","description":"","publisher":{"@id":"https:\/\/madabouthorror.co.uk\/#organization"},"alternateName":"Mad About Horror Limited","potentialAction":[{"@type":"SearchAction","target":{"@type":"EntryPoint","urlTemplate":"https:\/\/madabouthorror.co.uk\/?s={search_term_string}"},"query-input":{"@type":"PropertyValueSpecification","valueRequired":true,"valueName":"search_term_string"}}],"inLanguage":"fr-FR"},{"@type":"Organization","@id":"https:\/\/madabouthorror.co.uk\/#organization","name":"L'horreur en folie","url":"https:\/\/madabouthorror.co.uk\/","logo":{"@type":"ImageObject","inLanguage":"fr-FR","@id":"https:\/\/madabouthorror.co.uk\/#\/schema\/logo\/image\/","url":"https:\/\/madabouthorror.co.uk\/wp-content\/uploads\/2024\/02\/cropped-Logo.png","contentUrl":"https:\/\/madabouthorror.co.uk\/wp-content\/uploads\/2024\/02\/cropped-Logo.png","width":240,"height":88,"caption":"Mad About Horror"},"image":{"@id":"https:\/\/madabouthorror.co.uk\/#\/schema\/logo\/image\/"},"sameAs":["https:\/\/www.facebook.com\/madabouthorror\/","https:\/\/www.instagram.com\/madabouthorror\/","https:\/\/www.pinterest.co.uk\/madabouthorror\/","https:\/\/www.youtube.com\/channel\/UCBooLOIxjoQ89dj6T5lWm_w","https:\/\/www.tiktok.com\/@weremadabouthorror"]}]}},"df_price":1718.75,"df_sale_price":"","df_regular_price":1718.75,"df_image_link":"https:\/\/madabouthorror.co.uk\/wp-content\/uploads\/2022\/08\/main_life_cast_dead_body_serial_killer_female-300x300.jpg","_links":{"self":[{"href":"https:\/\/madabouthorror.co.uk\/fr\/wp-json\/wp\/v2\/product\/54708","targetHints":{"allow":["GET"]}}],"collection":[{"href":"https:\/\/madabouthorror.co.uk\/fr\/wp-json\/wp\/v2\/product"}],"about":[{"href":"https:\/\/madabouthorror.co.uk\/fr\/wp-json\/wp\/v2\/types\/product"}],"replies":[{"embeddable":true,"href":"https:\/\/madabouthorror.co.uk\/fr\/wp-json\/wp\/v2\/comments?post=54708"}],"wp:featuredmedia":[{"embeddable":true,"href":"https:\/\/madabouthorror.co.uk\/fr\/wp-json\/wp\/v2\/media\/54701"}],"wp:attachment":[{"href":"https:\/\/madabouthorror.co.uk\/fr\/wp-json\/wp\/v2\/media?parent=54708"}],"wp:term":[{"taxonomy":"product_brand","embeddable":true,"href":"https:\/\/madabouthorror.co.uk\/fr\/wp-json\/wp\/v2\/product_brand?post=54708"},{"taxonomy":"product_cat","embeddable":true,"href":"https:\/\/madabouthorror.co.uk\/fr\/wp-json\/wp\/v2\/product_cat?post=54708"},{"taxonomy":"product_tag","embeddable":true,"href":"https:\/\/madabouthorror.co.uk\/fr\/wp-json\/wp\/v2\/product_tag?post=54708"}],"curies":[{"name":"wp","href":"https:\/\/api.w.org\/{rel}","templated":true}]}}