{"id":547244,"date":"2025-07-30T13:14:21","date_gmt":"2025-07-30T12:14:21","guid":{"rendered":"https:\/\/madabouthorror.co.uk\/?post_type=product&#038;p=547244"},"modified":"2026-04-20T15:40:31","modified_gmt":"2026-04-20T14:40:31","slug":"fallout-the-ghoul-mask","status":"publish","type":"product","link":"https:\/\/madabouthorror.co.uk\/fr\/product\/fallout-the-ghoul-mask\/","title":{"rendered":"Fallout - Le masque de la goule"},"content":{"rendered":"<p data-start=\"0\" data-end=\"283\">Plongez dans les terres d\u00e9sol\u00e9es avec le masque Le Goule sous licence officielle Fallout, inspir\u00e9 de la s\u00e9rie \u00e0 succ\u00e8s d'Amazon Prime Video. Ce masque en latex int\u00e9gral, qui couvre toute la t\u00eate, vous transforme en l\u00e9gendaire as de la g\u00e2chette connu sous le nom de Le Goule, capturant chaque d\u00e9tail vieilli et \u00e2pre vu \u00e0 l'\u00e9cran.<\/p>\n<p data-start=\"0\" data-end=\"283\">Avec ses traits d\u00e9cr\u00e9pits et son expression sombre caract\u00e9ristique, ce masque est sculpt\u00e9 avec une pr\u00e9cision \u00e9poustouflante pour donner vie au survivant post-apocalyptique. C'est la touche finale parfaite pour le cosplay, Halloween, ou simplement pour errer dans les ruines de la civilisation dans le plus pur style des survivants des terres d\u00e9sol\u00e9es.<\/p>\n<p data-start=\"603\" data-end=\"782\" data-is-last-node=\"\" data-is-only-node=\"\">Durable et tr\u00e8s d\u00e9taill\u00e9e, ce masque de Goule de qualit\u00e9 collectionneur est un incontournable pour les fans de Fallout cherchant \u00e0 incarner l'un des personnages les plus embl\u00e9matiques de la s\u00e9rie.<\/p>","protected":false},"excerpt":{"rendered":"<p>Plongez dans les Terres d\u00e9sol\u00e9es avec le masque officiellement sous licence de Fallout \u2013 The Ghoul, inspir\u00e9 de la s\u00e9rie \u00e0 succ\u00e8s d'Amazon Prime Video. Ce masque int\u00e9gral en latex vous transforme en l\u00e9gendaire as de la g\u00e2chette connu sous le nom de The Ghoul, capturant chaque d\u00e9tail granuleux et us\u00e9 par le temps vu \u00e0 l'\u00e9cran. Avec ses traits d\u00e9compos\u00e9s et son expression sombre embl\u00e9matique, ce masque est [...]<\/p>","protected":false},"featured_media":547245,"comment_status":"closed","ping_status":"closed","template":"","meta":{"_acf_changed":false},"product_brand":[],"product_cat":[6580,9962,6541,6571,10051,6792],"product_tag":[],"class_list":{"0":"post-547244","1":"product","2":"type-product","3":"status-publish","4":"has-post-thumbnail","6":"product_cat-movie-tv","7":"product_cat-trick-or-treat-studios-masks","8":"product_cat-masks","9":"product_cat-just-arrived","10":"product_cat-fallout","11":"product_cat-trick-or-treat-studios","13":"first","14":"outofstock","15":"taxable","16":"shipping-taxable","17":"purchasable","18":"product-type-simple"},"supplier_id":467429,"supplier_sku":"TTAZ102","barcode":"810116286270","atum_controlled":true,"out_stock_date":"2026-01-27 11:04:15","out_stock_threshold":null,"inheritable":false,"inbound_stock":3,"stock_on_hold":0,"sold_today":0,"sales_last_days":0,"reserved_stock":0,"customer_returns":0,"warehouse_damage":0,"lost_in_post":0,"other_logs":0,"out_stock_days":86,"lost_sales":1767,"has_location":false,"update_date":"2026-04-24T01:47:21","atum_locations":[],"atum_stock_status":"outofstock","restock_status":false,"low_stock_amount":6,"sales_update_date":"2026-04-24T01:47:19","calc_backorders":null,"acf":[],"yoast_head":"<!-- This site is optimized with the Yoast SEO plugin v27.4 - https:\/\/yoast.com\/product\/yoast-seo-wordpress\/ -->\n<title>Fallout - The Ghoul Mask | Mad About Horror<\/title>\n<meta name=\"description\" content=\"Officially Licensed Fallout - Ghoul Mask. Horror collectibles and Halloween props available from Madabouthorror, Europe\u2019s leading horror specialist.\" \/>\n<meta name=\"robots\" content=\"index, follow, max-snippet:-1, max-image-preview:large, max-video-preview:-1\" \/>\n<link rel=\"canonical\" href=\"https:\/\/madabouthorror.co.uk\/fr\/product\/fallout-the-ghoul-mask\/\" \/>\n<meta property=\"og:locale\" content=\"fr_FR\" \/>\n<meta property=\"og:type\" content=\"article\" \/>\n<meta property=\"og:title\" content=\"Fallout - The Ghoul Mask | Mad About Horror\" \/>\n<meta property=\"og:description\" content=\"Officially Licensed Fallout - Ghoul Mask. Horror collectibles and Halloween props available from Madabouthorror, Europe\u2019s leading horror specialist.\" \/>\n<meta property=\"og:url\" content=\"https:\/\/madabouthorror.co.uk\/fr\/product\/fallout-the-ghoul-mask\/\" \/>\n<meta property=\"og:site_name\" content=\"Mad About Horror\" \/>\n<meta property=\"article:publisher\" content=\"https:\/\/www.facebook.com\/madabouthorror\/\" \/>\n<meta property=\"article:modified_time\" content=\"2026-04-20T14:40:31+00:00\" \/>\n<meta property=\"og:image\" content=\"https:\/\/madabouthorror.co.uk\/wp-content\/uploads\/2025\/07\/fallout-tv-ghoul-glam_900x.jpg.webp\" \/>\n\t<meta property=\"og:image:width\" content=\"900\" \/>\n\t<meta property=\"og:image:height\" content=\"900\" \/>\n\t<meta property=\"og:image:type\" content=\"image\/webp\" \/>\n<meta name=\"twitter:card\" content=\"summary_large_image\" \/>\n<meta name=\"twitter:label1\" content=\"Dur\u00e9e de lecture estim\u00e9e\" \/>\n\t<meta name=\"twitter:data1\" content=\"1 minute\" \/>\n<script type=\"application\/ld+json\" class=\"yoast-schema-graph\">{\"@context\":\"https:\\\/\\\/schema.org\",\"@graph\":[{\"@type\":[\"WebPage\",\"ItemPage\"],\"@id\":\"https:\\\/\\\/madabouthorror.co.uk\\\/product\\\/fallout-the-ghoul-mask\\\/\",\"url\":\"https:\\\/\\\/madabouthorror.co.uk\\\/product\\\/fallout-the-ghoul-mask\\\/\",\"name\":\"Fallout - The Ghoul Mask | Mad About Horror\",\"isPartOf\":{\"@id\":\"https:\\\/\\\/madabouthorror.co.uk\\\/#website\"},\"primaryImageOfPage\":{\"@id\":\"https:\\\/\\\/madabouthorror.co.uk\\\/product\\\/fallout-the-ghoul-mask\\\/#primaryimage\"},\"image\":{\"@id\":\"https:\\\/\\\/madabouthorror.co.uk\\\/product\\\/fallout-the-ghoul-mask\\\/#primaryimage\"},\"thumbnailUrl\":\"https:\\\/\\\/madabouthorror.co.uk\\\/wp-content\\\/uploads\\\/2025\\\/07\\\/fallout-tv-ghoul-glam_900x.jpg.webp\",\"datePublished\":\"2025-07-30T12:14:21+00:00\",\"dateModified\":\"2026-04-20T14:40:31+00:00\",\"description\":\"Officially Licensed Fallout - Ghoul Mask. Horror collectibles and Halloween props available from Madabouthorror, Europe\u2019s leading horror specialist.\",\"breadcrumb\":{\"@id\":\"https:\\\/\\\/madabouthorror.co.uk\\\/product\\\/fallout-the-ghoul-mask\\\/#breadcrumb\"},\"inLanguage\":\"fr-FR\",\"potentialAction\":[{\"@type\":\"ReadAction\",\"target\":[\"https:\\\/\\\/madabouthorror.co.uk\\\/product\\\/fallout-the-ghoul-mask\\\/\"]}]},{\"@type\":\"ImageObject\",\"inLanguage\":\"fr-FR\",\"@id\":\"https:\\\/\\\/madabouthorror.co.uk\\\/product\\\/fallout-the-ghoul-mask\\\/#primaryimage\",\"url\":\"https:\\\/\\\/madabouthorror.co.uk\\\/wp-content\\\/uploads\\\/2025\\\/07\\\/fallout-tv-ghoul-glam_900x.jpg.webp\",\"contentUrl\":\"https:\\\/\\\/madabouthorror.co.uk\\\/wp-content\\\/uploads\\\/2025\\\/07\\\/fallout-tv-ghoul-glam_900x.jpg.webp\",\"width\":900,\"height\":900,\"caption\":\"Officially Licensed Fallout - The Ghoul Mask\"},{\"@type\":\"BreadcrumbList\",\"@id\":\"https:\\\/\\\/madabouthorror.co.uk\\\/product\\\/fallout-the-ghoul-mask\\\/#breadcrumb\",\"itemListElement\":[{\"@type\":\"ListItem\",\"position\":1,\"name\":\"Shop\",\"item\":\"https:\\\/\\\/madabouthorror.co.uk\\\/shop\\\/\"},{\"@type\":\"ListItem\",\"position\":2,\"name\":\"Fallout &#8211; The Ghoul Mask\"}]},{\"@type\":\"WebSite\",\"@id\":\"https:\\\/\\\/madabouthorror.co.uk\\\/#website\",\"url\":\"https:\\\/\\\/madabouthorror.co.uk\\\/\",\"name\":\"Mad About Horror\",\"description\":\"\",\"publisher\":{\"@id\":\"https:\\\/\\\/madabouthorror.co.uk\\\/#organization\"},\"alternateName\":\"Mad About Horror Limited\",\"potentialAction\":[{\"@type\":\"SearchAction\",\"target\":{\"@type\":\"EntryPoint\",\"urlTemplate\":\"https:\\\/\\\/madabouthorror.co.uk\\\/?s={search_term_string}\"},\"query-input\":{\"@type\":\"PropertyValueSpecification\",\"valueRequired\":true,\"valueName\":\"search_term_string\"}}],\"inLanguage\":\"fr-FR\"},{\"@type\":\"Organization\",\"@id\":\"https:\\\/\\\/madabouthorror.co.uk\\\/#organization\",\"name\":\"Mad About Horror\",\"url\":\"https:\\\/\\\/madabouthorror.co.uk\\\/\",\"logo\":{\"@type\":\"ImageObject\",\"inLanguage\":\"fr-FR\",\"@id\":\"https:\\\/\\\/madabouthorror.co.uk\\\/#\\\/schema\\\/logo\\\/image\\\/\",\"url\":\"https:\\\/\\\/madabouthorror.co.uk\\\/wp-content\\\/uploads\\\/2024\\\/02\\\/cropped-Logo.png\",\"contentUrl\":\"https:\\\/\\\/madabouthorror.co.uk\\\/wp-content\\\/uploads\\\/2024\\\/02\\\/cropped-Logo.png\",\"width\":240,\"height\":88,\"caption\":\"Mad About Horror\"},\"image\":{\"@id\":\"https:\\\/\\\/madabouthorror.co.uk\\\/#\\\/schema\\\/logo\\\/image\\\/\"},\"sameAs\":[\"https:\\\/\\\/www.facebook.com\\\/madabouthorror\\\/\",\"https:\\\/\\\/www.instagram.com\\\/madabouthorror\\\/\",\"https:\\\/\\\/www.pinterest.co.uk\\\/madabouthorror\\\/\",\"https:\\\/\\\/www.youtube.com\\\/channel\\\/UCBooLOIxjoQ89dj6T5lWm_w\",\"https:\\\/\\\/www.tiktok.com\\\/@weremadabouthorror\"]}]}<\/script>\n<!-- \/ Yoast SEO plugin. -->","yoast_head_json":{"title":"Fallout - Le Masque du Goule | En folie pour l'horreur","description":"Masque de Goule Fallout sous licence officielle. Objets de collection horrifiques et accessoires d'Halloween disponibles chez Madabouthorror, le sp\u00e9cialiste europ\u00e9en de l'horreur.","robots":{"index":"index","follow":"follow","max-snippet":"max-snippet:-1","max-image-preview":"max-image-preview:large","max-video-preview":"max-video-preview:-1"},"canonical":"https:\/\/madabouthorror.co.uk\/fr\/product\/fallout-the-ghoul-mask\/","og_locale":"fr_FR","og_type":"article","og_title":"Fallout - The Ghoul Mask | Mad About Horror","og_description":"Officially Licensed Fallout - Ghoul Mask. Horror collectibles and Halloween props available from Madabouthorror, Europe\u2019s leading horror specialist.","og_url":"https:\/\/madabouthorror.co.uk\/fr\/product\/fallout-the-ghoul-mask\/","og_site_name":"Mad About Horror","article_publisher":"https:\/\/www.facebook.com\/madabouthorror\/","article_modified_time":"2026-04-20T14:40:31+00:00","og_image":[{"width":900,"height":900,"url":"https:\/\/madabouthorror.co.uk\/wp-content\/uploads\/2025\/07\/fallout-tv-ghoul-glam_900x.jpg.webp","type":"image\/webp"}],"twitter_card":"summary_large_image","twitter_misc":{"Dur\u00e9e de lecture estim\u00e9e":"1 minute"},"schema":{"@context":"https:\/\/schema.org","@graph":[{"@type":["WebPage","ItemPage"],"@id":"https:\/\/madabouthorror.co.uk\/product\/fallout-the-ghoul-mask\/","url":"https:\/\/madabouthorror.co.uk\/product\/fallout-the-ghoul-mask\/","name":"Fallout - Le Masque du Goule | En folie pour l'horreur","isPartOf":{"@id":"https:\/\/madabouthorror.co.uk\/#website"},"primaryImageOfPage":{"@id":"https:\/\/madabouthorror.co.uk\/product\/fallout-the-ghoul-mask\/#primaryimage"},"image":{"@id":"https:\/\/madabouthorror.co.uk\/product\/fallout-the-ghoul-mask\/#primaryimage"},"thumbnailUrl":"https:\/\/madabouthorror.co.uk\/wp-content\/uploads\/2025\/07\/fallout-tv-ghoul-glam_900x.jpg.webp","datePublished":"2025-07-30T12:14:21+00:00","dateModified":"2026-04-20T14:40:31+00:00","description":"Masque de Goule Fallout sous licence officielle. Objets de collection horrifiques et accessoires d'Halloween disponibles chez Madabouthorror, le sp\u00e9cialiste europ\u00e9en de l'horreur.","breadcrumb":{"@id":"https:\/\/madabouthorror.co.uk\/product\/fallout-the-ghoul-mask\/#breadcrumb"},"inLanguage":"fr-FR","potentialAction":[{"@type":"ReadAction","target":["https:\/\/madabouthorror.co.uk\/product\/fallout-the-ghoul-mask\/"]}]},{"@type":"ImageObject","inLanguage":"fr-FR","@id":"https:\/\/madabouthorror.co.uk\/product\/fallout-the-ghoul-mask\/#primaryimage","url":"https:\/\/madabouthorror.co.uk\/wp-content\/uploads\/2025\/07\/fallout-tv-ghoul-glam_900x.jpg.webp","contentUrl":"https:\/\/madabouthorror.co.uk\/wp-content\/uploads\/2025\/07\/fallout-tv-ghoul-glam_900x.jpg.webp","width":900,"height":900,"caption":"Officially Licensed Fallout - The Ghoul Mask"},{"@type":"BreadcrumbList","@id":"https:\/\/madabouthorror.co.uk\/product\/fallout-the-ghoul-mask\/#breadcrumb","itemListElement":[{"@type":"ListItem","position":1,"name":"Shop","item":"https:\/\/madabouthorror.co.uk\/shop\/"},{"@type":"ListItem","position":2,"name":"Fallout &#8211; The Ghoul Mask"}]},{"@type":"WebSite","@id":"https:\/\/madabouthorror.co.uk\/#website","url":"https:\/\/madabouthorror.co.uk\/","name":"L'horreur en folie","description":"","publisher":{"@id":"https:\/\/madabouthorror.co.uk\/#organization"},"alternateName":"Mad About Horror Limited","potentialAction":[{"@type":"SearchAction","target":{"@type":"EntryPoint","urlTemplate":"https:\/\/madabouthorror.co.uk\/?s={search_term_string}"},"query-input":{"@type":"PropertyValueSpecification","valueRequired":true,"valueName":"search_term_string"}}],"inLanguage":"fr-FR"},{"@type":"Organization","@id":"https:\/\/madabouthorror.co.uk\/#organization","name":"L'horreur en folie","url":"https:\/\/madabouthorror.co.uk\/","logo":{"@type":"ImageObject","inLanguage":"fr-FR","@id":"https:\/\/madabouthorror.co.uk\/#\/schema\/logo\/image\/","url":"https:\/\/madabouthorror.co.uk\/wp-content\/uploads\/2024\/02\/cropped-Logo.png","contentUrl":"https:\/\/madabouthorror.co.uk\/wp-content\/uploads\/2024\/02\/cropped-Logo.png","width":240,"height":88,"caption":"Mad About Horror"},"image":{"@id":"https:\/\/madabouthorror.co.uk\/#\/schema\/logo\/image\/"},"sameAs":["https:\/\/www.facebook.com\/madabouthorror\/","https:\/\/www.instagram.com\/madabouthorror\/","https:\/\/www.pinterest.co.uk\/madabouthorror\/","https:\/\/www.youtube.com\/channel\/UCBooLOIxjoQ89dj6T5lWm_w","https:\/\/www.tiktok.com\/@weremadabouthorror"]}]}},"df_price":49.95,"df_sale_price":"","df_regular_price":49.95,"df_image_link":"https:\/\/madabouthorror.co.uk\/wp-content\/uploads\/2025\/07\/fallout-tv-ghoul-glam_900x.jpg-300x300.webp","_links":{"self":[{"href":"https:\/\/madabouthorror.co.uk\/fr\/wp-json\/wp\/v2\/product\/547244","targetHints":{"allow":["GET"]}}],"collection":[{"href":"https:\/\/madabouthorror.co.uk\/fr\/wp-json\/wp\/v2\/product"}],"about":[{"href":"https:\/\/madabouthorror.co.uk\/fr\/wp-json\/wp\/v2\/types\/product"}],"replies":[{"embeddable":true,"href":"https:\/\/madabouthorror.co.uk\/fr\/wp-json\/wp\/v2\/comments?post=547244"}],"wp:featuredmedia":[{"embeddable":true,"href":"https:\/\/madabouthorror.co.uk\/fr\/wp-json\/wp\/v2\/media\/547245"}],"wp:attachment":[{"href":"https:\/\/madabouthorror.co.uk\/fr\/wp-json\/wp\/v2\/media?parent=547244"}],"wp:term":[{"taxonomy":"product_brand","embeddable":true,"href":"https:\/\/madabouthorror.co.uk\/fr\/wp-json\/wp\/v2\/product_brand?post=547244"},{"taxonomy":"product_cat","embeddable":true,"href":"https:\/\/madabouthorror.co.uk\/fr\/wp-json\/wp\/v2\/product_cat?post=547244"},{"taxonomy":"product_tag","embeddable":true,"href":"https:\/\/madabouthorror.co.uk\/fr\/wp-json\/wp\/v2\/product_tag?post=547244"}],"curies":[{"name":"wp","href":"https:\/\/api.w.org\/{rel}","templated":true}]}}