{"id":547971,"date":"2025-08-04T14:12:01","date_gmt":"2025-08-04T13:12:01","guid":{"rendered":"https:\/\/madabouthorror.co.uk\/?post_type=product&#038;p=547971"},"modified":"2026-02-11T16:41:36","modified_gmt":"2026-02-11T16:41:36","slug":"7ft-dead-water-megalodon-shark","status":"publish","type":"product","link":"https:\/\/madabouthorror.co.uk\/fr\/product\/7ft-dead-water-megalodon-shark\/","title":{"rendered":"7ft Dead Water Megalodon Shark Halloween Decoration (D\u00e9coration d'Halloween pour un requin m\u00e9galodon)"},"content":{"rendered":"<p data-start=\"106\" data-end=\"424\">Requin hors de l'eau, et directement dans votre d\u00e9coration d'Halloween. Le requin M\u00e9galodon d'eau morte LED de 7 pieds de Home Depot est une pi\u00e8ce ma\u00eetresse massive et mena\u00e7ante qui ne manquera pas de faire tourner les t\u00eates. Positionn\u00e9 en pleine attaque avec des yeux LED rouge sang et une gueule ouverte et lumineuse pleine de dents, ce pr\u00e9dateur pr\u00e9historique semble pr\u00eat \u00e0 frapper.<\/p>\n<p data-start=\"426\" data-end=\"654\">La sculpture d\u00e9taill\u00e9e donne vie au M\u00e9galodon, de ses nageoires d\u00e9chiquet\u00e9es \u00e0 son expression terrifiante, ce qui en fait un choix parfait pour les quais hant\u00e9s, les th\u00e8mes maritimes ou toute personne cherchant \u00e0 s'\u00e9loigner des fant\u00f4mes et des goules habituels.<\/p>\n<p data-start=\"426\" data-end=\"654\">Avec sa taille imposante et son apparence redoutable, ce requin d'Halloween effrayant fera sensation tout le mois d'octobre !<\/p>\n<p><b>Fourni avec un adaptateur secteur britannique<\/b>. <i>N'utilisez que l'adaptateur d'alimentation fourni, car les adaptateurs d'alimentation incorrects peuvent causer des dommages.<\/i><i><\/i><\/p>\n<p><b>Pour le porche couvert ou l'int\u00e9rieur.<\/b> <i>Prot\u00e9ger des intemp\u00e9ries en cas d'utilisation \u00e0 l'ext\u00e9rieur et ne pas laisser \u00e0 l'ext\u00e9rieur pendant des p\u00e9riodes prolong\u00e9es.<\/i><i><\/i><\/p>\n<p><b>A noter :<\/b><i> Ces accessoires ne sont pas recommand\u00e9s pour un usage commercial intensif, c'est-\u00e0-dire qu'ils ne doivent pas \u00eatre utilis\u00e9s pendant des p\u00e9riodes prolong\u00e9es, c'est-\u00e0-dire plusieurs jours d'affil\u00e9e. Ils sont con\u00e7us pour \u00eatre utilis\u00e9s \u00e0 l'occasion d'Halloween. Si vous avez des questions \u00e0 ce sujet, n'h\u00e9sitez pas \u00e0 les poser.<\/i><\/p>","protected":false},"excerpt":{"rendered":"<p>Requin hors de l'eau et directement dans votre d\u00e9cor d'Halloween. Le requin M\u00e9galodon Dead Water LED de 7 pieds de Home Depot est une pi\u00e8ce ma\u00eetresse massive et mena\u00e7ante qui fera tourner les t\u00eates \u00e0 coup s\u00fbr. Figurant dans une position d'attaque, avec des yeux LED rouge sang et une gueule ouverte et luisante pleine de dents, ce pr\u00e9dateur pr\u00e9historique semble pr\u00eat \u00e0 frapper. Sa sculpture d\u00e9taill\u00e9e donne vie au [\u2026]<\/p>","protected":false},"featured_media":547979,"comment_status":"closed","ping_status":"closed","template":"","meta":{"_acf_changed":false},"product_brand":[],"product_cat":[10131,10110,6963,9841],"product_tag":[],"class_list":{"0":"post-547971","1":"product","2":"type-product","3":"status-publish","4":"has-post-thumbnail","6":"product_cat-halloween-gifts","7":"product_cat-us-imports","8":"product_cat-animatronics","9":"product_cat-home-depot-animatronics","10":"product_shipping_class-extra-large-props","12":"first","13":"outofstock","14":"taxable","15":"shipping-taxable","16":"purchasable","17":"product-type-simple"},"supplier_id":527920,"supplier_sku":"1013320815","barcode":null,"atum_controlled":true,"out_stock_date":"2025-10-16 10:38:44","out_stock_threshold":null,"inheritable":false,"inbound_stock":0,"stock_on_hold":0,"sold_today":0,"sales_last_days":0,"reserved_stock":0,"customer_returns":0,"warehouse_damage":0,"lost_in_post":0,"other_logs":0,"out_stock_days":202,"lost_sales":23084,"has_location":false,"update_date":"2026-05-07T01:00:48","atum_locations":[],"atum_stock_status":"outofstock","restock_status":false,"low_stock_amount":"","sales_update_date":"2026-05-07T01:00:46","calc_backorders":null,"acf":[],"yoast_head":"<!-- This site is optimized with the Yoast SEO plugin v27.5 - https:\/\/yoast.com\/product\/yoast-seo-wordpress\/ -->\n<title>7ft Dead Water Megalodon Shark Halloween Decoration<\/title>\n<meta name=\"description\" content=\"7ft Dead Water Halloween Megalodon Shark Halloween Decoration. Huge range of quality Halloween props, masks and accessories. UK Stock.\" \/>\n<meta name=\"robots\" content=\"index, follow, max-snippet:-1, max-image-preview:large, max-video-preview:-1\" \/>\n<link rel=\"canonical\" href=\"https:\/\/madabouthorror.co.uk\/fr\/product\/7ft-dead-water-megalodon-shark\/\" \/>\n<meta property=\"og:locale\" content=\"fr_FR\" \/>\n<meta property=\"og:type\" content=\"article\" \/>\n<meta property=\"og:title\" content=\"7ft Dead Water Megalodon Shark Halloween Decoration\" \/>\n<meta property=\"og:description\" content=\"7ft Dead Water Halloween Megalodon Shark Halloween Decoration. Huge range of quality Halloween props, masks and accessories. UK Stock.\" \/>\n<meta property=\"og:url\" content=\"https:\/\/madabouthorror.co.uk\/fr\/product\/7ft-dead-water-megalodon-shark\/\" \/>\n<meta property=\"og:site_name\" content=\"Mad About Horror\" \/>\n<meta property=\"article:publisher\" content=\"https:\/\/www.facebook.com\/madabouthorror\/\" \/>\n<meta property=\"article:modified_time\" content=\"2026-02-11T16:41:36+00:00\" \/>\n<meta property=\"og:image\" content=\"https:\/\/madabouthorror.co.uk\/wp-content\/uploads\/2025\/08\/home-accents-holiday-halloween-animatronics-and-giants-25pa01795-e1_1000.jpg\" \/>\n\t<meta property=\"og:image:width\" content=\"1000\" \/>\n\t<meta property=\"og:image:height\" content=\"1000\" \/>\n\t<meta property=\"og:image:type\" content=\"image\/jpeg\" \/>\n<meta name=\"twitter:card\" content=\"summary_large_image\" \/>\n<meta name=\"twitter:label1\" content=\"Dur\u00e9e de lecture estim\u00e9e\" \/>\n\t<meta name=\"twitter:data1\" content=\"2 minutes\" \/>\n<script type=\"application\/ld+json\" class=\"yoast-schema-graph\">{\"@context\":\"https:\\\/\\\/schema.org\",\"@graph\":[{\"@type\":[\"WebPage\",\"ItemPage\"],\"@id\":\"https:\\\/\\\/madabouthorror.co.uk\\\/product\\\/7ft-dead-water-megalodon-shark\\\/\",\"url\":\"https:\\\/\\\/madabouthorror.co.uk\\\/product\\\/7ft-dead-water-megalodon-shark\\\/\",\"name\":\"7ft Dead Water Megalodon Shark Halloween Decoration\",\"isPartOf\":{\"@id\":\"https:\\\/\\\/madabouthorror.co.uk\\\/#website\"},\"primaryImageOfPage\":{\"@id\":\"https:\\\/\\\/madabouthorror.co.uk\\\/product\\\/7ft-dead-water-megalodon-shark\\\/#primaryimage\"},\"image\":{\"@id\":\"https:\\\/\\\/madabouthorror.co.uk\\\/product\\\/7ft-dead-water-megalodon-shark\\\/#primaryimage\"},\"thumbnailUrl\":\"https:\\\/\\\/madabouthorror.co.uk\\\/wp-content\\\/uploads\\\/2025\\\/08\\\/home-accents-holiday-halloween-animatronics-and-giants-25pa01795-e1_1000.jpg\",\"datePublished\":\"2025-08-04T13:12:01+00:00\",\"dateModified\":\"2026-02-11T16:41:36+00:00\",\"description\":\"7ft Dead Water Halloween Megalodon Shark Halloween Decoration. Huge range of quality Halloween props, masks and accessories. UK Stock.\",\"breadcrumb\":{\"@id\":\"https:\\\/\\\/madabouthorror.co.uk\\\/product\\\/7ft-dead-water-megalodon-shark\\\/#breadcrumb\"},\"inLanguage\":\"fr-FR\",\"potentialAction\":[{\"@type\":\"ReadAction\",\"target\":[\"https:\\\/\\\/madabouthorror.co.uk\\\/product\\\/7ft-dead-water-megalodon-shark\\\/\"]}]},{\"@type\":\"ImageObject\",\"inLanguage\":\"fr-FR\",\"@id\":\"https:\\\/\\\/madabouthorror.co.uk\\\/product\\\/7ft-dead-water-megalodon-shark\\\/#primaryimage\",\"url\":\"https:\\\/\\\/madabouthorror.co.uk\\\/wp-content\\\/uploads\\\/2025\\\/08\\\/home-accents-holiday-halloween-animatronics-and-giants-25pa01795-e1_1000.jpg\",\"contentUrl\":\"https:\\\/\\\/madabouthorror.co.uk\\\/wp-content\\\/uploads\\\/2025\\\/08\\\/home-accents-holiday-halloween-animatronics-and-giants-25pa01795-e1_1000.jpg\",\"width\":1000,\"height\":1000,\"caption\":\"7ft Dead Water Megalodon Shark\"},{\"@type\":\"BreadcrumbList\",\"@id\":\"https:\\\/\\\/madabouthorror.co.uk\\\/product\\\/7ft-dead-water-megalodon-shark\\\/#breadcrumb\",\"itemListElement\":[{\"@type\":\"ListItem\",\"position\":1,\"name\":\"Shop\",\"item\":\"https:\\\/\\\/madabouthorror.co.uk\\\/shop\\\/\"},{\"@type\":\"ListItem\",\"position\":2,\"name\":\"7ft Dead Water Megalodon Shark Halloween Decoration\"}]},{\"@type\":\"WebSite\",\"@id\":\"https:\\\/\\\/madabouthorror.co.uk\\\/#website\",\"url\":\"https:\\\/\\\/madabouthorror.co.uk\\\/\",\"name\":\"Mad About Horror\",\"description\":\"\",\"publisher\":{\"@id\":\"https:\\\/\\\/madabouthorror.co.uk\\\/#organization\"},\"alternateName\":\"Mad About Horror Limited\",\"potentialAction\":[{\"@type\":\"SearchAction\",\"target\":{\"@type\":\"EntryPoint\",\"urlTemplate\":\"https:\\\/\\\/madabouthorror.co.uk\\\/?s={search_term_string}\"},\"query-input\":{\"@type\":\"PropertyValueSpecification\",\"valueRequired\":true,\"valueName\":\"search_term_string\"}}],\"inLanguage\":\"fr-FR\"},{\"@type\":\"Organization\",\"@id\":\"https:\\\/\\\/madabouthorror.co.uk\\\/#organization\",\"name\":\"Mad About Horror\",\"url\":\"https:\\\/\\\/madabouthorror.co.uk\\\/\",\"logo\":{\"@type\":\"ImageObject\",\"inLanguage\":\"fr-FR\",\"@id\":\"https:\\\/\\\/madabouthorror.co.uk\\\/#\\\/schema\\\/logo\\\/image\\\/\",\"url\":\"https:\\\/\\\/madabouthorror.co.uk\\\/wp-content\\\/uploads\\\/2024\\\/02\\\/cropped-Logo.png\",\"contentUrl\":\"https:\\\/\\\/madabouthorror.co.uk\\\/wp-content\\\/uploads\\\/2024\\\/02\\\/cropped-Logo.png\",\"width\":240,\"height\":88,\"caption\":\"Mad About Horror\"},\"image\":{\"@id\":\"https:\\\/\\\/madabouthorror.co.uk\\\/#\\\/schema\\\/logo\\\/image\\\/\"},\"sameAs\":[\"https:\\\/\\\/www.facebook.com\\\/madabouthorror\\\/\",\"https:\\\/\\\/www.instagram.com\\\/madabouthorror\\\/\",\"https:\\\/\\\/www.pinterest.co.uk\\\/madabouthorror\\\/\",\"https:\\\/\\\/www.youtube.com\\\/channel\\\/UCBooLOIxjoQ89dj6T5lWm_w\",\"https:\\\/\\\/www.tiktok.com\\\/@weremadabouthorror\"]}]}<\/script>\n<!-- \/ Yoast SEO plugin. -->","yoast_head_json":{"title":"7ft Dead Water Megalodon Shark Halloween Decoration (D\u00e9coration d'Halloween pour un requin m\u00e9galodon)","description":"Megalodon g\u00e9ant de 7 pieds, d\u00e9coration Halloween \"Dead Water\". Vaste gamme d'accessoires, masques et d\u00e9corations d'Halloween de qualit\u00e9. Stock au Royaume-Uni.","robots":{"index":"index","follow":"follow","max-snippet":"max-snippet:-1","max-image-preview":"max-image-preview:large","max-video-preview":"max-video-preview:-1"},"canonical":"https:\/\/madabouthorror.co.uk\/fr\/product\/7ft-dead-water-megalodon-shark\/","og_locale":"fr_FR","og_type":"article","og_title":"7ft Dead Water Megalodon Shark Halloween Decoration","og_description":"7ft Dead Water Halloween Megalodon Shark Halloween Decoration. Huge range of quality Halloween props, masks and accessories. UK Stock.","og_url":"https:\/\/madabouthorror.co.uk\/fr\/product\/7ft-dead-water-megalodon-shark\/","og_site_name":"Mad About Horror","article_publisher":"https:\/\/www.facebook.com\/madabouthorror\/","article_modified_time":"2026-02-11T16:41:36+00:00","og_image":[{"width":1000,"height":1000,"url":"https:\/\/madabouthorror.co.uk\/wp-content\/uploads\/2025\/08\/home-accents-holiday-halloween-animatronics-and-giants-25pa01795-e1_1000.jpg","type":"image\/jpeg"}],"twitter_card":"summary_large_image","twitter_misc":{"Dur\u00e9e de lecture estim\u00e9e":"2 minutes"},"schema":{"@context":"https:\/\/schema.org","@graph":[{"@type":["WebPage","ItemPage"],"@id":"https:\/\/madabouthorror.co.uk\/product\/7ft-dead-water-megalodon-shark\/","url":"https:\/\/madabouthorror.co.uk\/product\/7ft-dead-water-megalodon-shark\/","name":"7ft Dead Water Megalodon Shark Halloween Decoration (D\u00e9coration d'Halloween pour un requin m\u00e9galodon)","isPartOf":{"@id":"https:\/\/madabouthorror.co.uk\/#website"},"primaryImageOfPage":{"@id":"https:\/\/madabouthorror.co.uk\/product\/7ft-dead-water-megalodon-shark\/#primaryimage"},"image":{"@id":"https:\/\/madabouthorror.co.uk\/product\/7ft-dead-water-megalodon-shark\/#primaryimage"},"thumbnailUrl":"https:\/\/madabouthorror.co.uk\/wp-content\/uploads\/2025\/08\/home-accents-holiday-halloween-animatronics-and-giants-25pa01795-e1_1000.jpg","datePublished":"2025-08-04T13:12:01+00:00","dateModified":"2026-02-11T16:41:36+00:00","description":"Megalodon g\u00e9ant de 7 pieds, d\u00e9coration Halloween \"Dead Water\". Vaste gamme d'accessoires, masques et d\u00e9corations d'Halloween de qualit\u00e9. Stock au Royaume-Uni.","breadcrumb":{"@id":"https:\/\/madabouthorror.co.uk\/product\/7ft-dead-water-megalodon-shark\/#breadcrumb"},"inLanguage":"fr-FR","potentialAction":[{"@type":"ReadAction","target":["https:\/\/madabouthorror.co.uk\/product\/7ft-dead-water-megalodon-shark\/"]}]},{"@type":"ImageObject","inLanguage":"fr-FR","@id":"https:\/\/madabouthorror.co.uk\/product\/7ft-dead-water-megalodon-shark\/#primaryimage","url":"https:\/\/madabouthorror.co.uk\/wp-content\/uploads\/2025\/08\/home-accents-holiday-halloween-animatronics-and-giants-25pa01795-e1_1000.jpg","contentUrl":"https:\/\/madabouthorror.co.uk\/wp-content\/uploads\/2025\/08\/home-accents-holiday-halloween-animatronics-and-giants-25pa01795-e1_1000.jpg","width":1000,"height":1000,"caption":"7ft Dead Water Megalodon Shark"},{"@type":"BreadcrumbList","@id":"https:\/\/madabouthorror.co.uk\/product\/7ft-dead-water-megalodon-shark\/#breadcrumb","itemListElement":[{"@type":"ListItem","position":1,"name":"Shop","item":"https:\/\/madabouthorror.co.uk\/shop\/"},{"@type":"ListItem","position":2,"name":"7ft Dead Water Megalodon Shark Halloween Decoration"}]},{"@type":"WebSite","@id":"https:\/\/madabouthorror.co.uk\/#website","url":"https:\/\/madabouthorror.co.uk\/","name":"L'horreur en folie","description":"","publisher":{"@id":"https:\/\/madabouthorror.co.uk\/#organization"},"alternateName":"Mad About Horror Limited","potentialAction":[{"@type":"SearchAction","target":{"@type":"EntryPoint","urlTemplate":"https:\/\/madabouthorror.co.uk\/?s={search_term_string}"},"query-input":{"@type":"PropertyValueSpecification","valueRequired":true,"valueName":"search_term_string"}}],"inLanguage":"fr-FR"},{"@type":"Organization","@id":"https:\/\/madabouthorror.co.uk\/#organization","name":"L'horreur en folie","url":"https:\/\/madabouthorror.co.uk\/","logo":{"@type":"ImageObject","inLanguage":"fr-FR","@id":"https:\/\/madabouthorror.co.uk\/#\/schema\/logo\/image\/","url":"https:\/\/madabouthorror.co.uk\/wp-content\/uploads\/2024\/02\/cropped-Logo.png","contentUrl":"https:\/\/madabouthorror.co.uk\/wp-content\/uploads\/2024\/02\/cropped-Logo.png","width":240,"height":88,"caption":"Mad About Horror"},"image":{"@id":"https:\/\/madabouthorror.co.uk\/#\/schema\/logo\/image\/"},"sameAs":["https:\/\/www.facebook.com\/madabouthorror\/","https:\/\/www.instagram.com\/madabouthorror\/","https:\/\/www.pinterest.co.uk\/madabouthorror\/","https:\/\/www.youtube.com\/channel\/UCBooLOIxjoQ89dj6T5lWm_w","https:\/\/www.tiktok.com\/@weremadabouthorror"]}]}},"df_price":799.95,"df_sale_price":"","df_regular_price":799.95,"df_image_link":"https:\/\/madabouthorror.co.uk\/wp-content\/uploads\/2025\/08\/home-accents-holiday-halloween-animatronics-and-giants-25pa01795-e1_1000-300x300.jpg","_links":{"self":[{"href":"https:\/\/madabouthorror.co.uk\/fr\/wp-json\/wp\/v2\/product\/547971","targetHints":{"allow":["GET"]}}],"collection":[{"href":"https:\/\/madabouthorror.co.uk\/fr\/wp-json\/wp\/v2\/product"}],"about":[{"href":"https:\/\/madabouthorror.co.uk\/fr\/wp-json\/wp\/v2\/types\/product"}],"replies":[{"embeddable":true,"href":"https:\/\/madabouthorror.co.uk\/fr\/wp-json\/wp\/v2\/comments?post=547971"}],"wp:featuredmedia":[{"embeddable":true,"href":"https:\/\/madabouthorror.co.uk\/fr\/wp-json\/wp\/v2\/media\/547979"}],"wp:attachment":[{"href":"https:\/\/madabouthorror.co.uk\/fr\/wp-json\/wp\/v2\/media?parent=547971"}],"wp:term":[{"taxonomy":"product_brand","embeddable":true,"href":"https:\/\/madabouthorror.co.uk\/fr\/wp-json\/wp\/v2\/product_brand?post=547971"},{"taxonomy":"product_cat","embeddable":true,"href":"https:\/\/madabouthorror.co.uk\/fr\/wp-json\/wp\/v2\/product_cat?post=547971"},{"taxonomy":"product_tag","embeddable":true,"href":"https:\/\/madabouthorror.co.uk\/fr\/wp-json\/wp\/v2\/product_tag?post=547971"}],"curies":[{"name":"wp","href":"https:\/\/api.w.org\/{rel}","templated":true}]}}