{"id":548056,"date":"2025-08-04T15:53:42","date_gmt":"2025-08-04T14:53:42","guid":{"rendered":"https:\/\/madabouthorror.co.uk\/?post_type=product&#038;p=548056"},"modified":"2026-04-22T12:32:26","modified_gmt":"2026-04-22T11:32:26","slug":"5ft-grave-bones-animated-led-hearse","status":"publish","type":"product","link":"https:\/\/madabouthorror.co.uk\/fr\/product\/5ft-grave-bones-animated-led-hearse\/","title":{"rendered":"5ft Hearse Anim\u00e9e avec Squelette et Os, \u00e0 LED (plus disponible bient\u00f4t)"},"content":{"rendered":"<p data-start=\"83\" data-end=\"428\">Le corbillard anim\u00e9 \u00e0 LED Home Depot de 1,5 m avec squelette et os arrive avec un nouveau design pour la saison \u2013 et il am\u00e8ne des passagers vraiment effrayants. Ce v\u00e9hicule sinistre comprend deux squelettes de 1,5 m : l'un conduit le corbillard vers sa prochaine destination hant\u00e9e, et une \u00e2me malchanceuse brille de mani\u00e8re inqui\u00e9tante \u00e0 l'arri\u00e8re sous une lumi\u00e8re violette obs\u00e9dante.<\/p>\n<p data-start=\"430\" data-end=\"757\" data-is-last-node=\"\" data-is-only-node=\"\">Avec quatre lanternes vacillantes \u00e9clairant le chemin et une activation par capteur sonore qui donne vie au conducteur \u2013 avec m\u00e2choire mobile et phrase effrayante \u2013 ce corbillard Home Depot est pr\u00eat \u00e0 effrayer tout le quartier. Associez-le au poney squelette LED assorti de 1,68 m Grave &amp; Bones pour un duo gla\u00e7ant tout droit venu des enfers.<\/p>\n<p><b>Fonctionne sur piles\u00a0<\/b><\/p>\n<p><b>Pour le porche couvert ou l'int\u00e9rieur.<\/b> <i>Prot\u00e9ger des intemp\u00e9ries en cas d'utilisation \u00e0 l'ext\u00e9rieur et ne pas laisser \u00e0 l'ext\u00e9rieur pendant des p\u00e9riodes prolong\u00e9es.<\/i><i><\/i><\/p>\n<p><b>A noter :<\/b><i> Ces accessoires ne sont pas recommand\u00e9s pour un usage commercial intensif, c'est-\u00e0-dire qu'ils ne doivent pas \u00eatre utilis\u00e9s pendant des p\u00e9riodes prolong\u00e9es, c'est-\u00e0-dire plusieurs jours d'affil\u00e9e. Ils sont con\u00e7us pour \u00eatre utilis\u00e9s \u00e0 l'occasion d'Halloween. Si vous avez des questions \u00e0 ce sujet, n'h\u00e9sitez pas \u00e0 les poser.<\/i><\/p>","protected":false},"excerpt":{"rendered":"<p>Le corbillard Home Depot 1,5 m anim\u00e9 par LED Grave &amp; Bones arrive avec un nouveau design pour la saison \u2013 et il apporte quelques passagers d\u00e9moniaques. Ce v\u00e9hicule sinistre comprend deux squelettes de 1,5 m : l'un conduit le corbillard vers sa prochaine destination hant\u00e9e, et une \u00e2me malchanceuse brille sinistrement dans le [...]<\/p>","protected":false},"featured_media":548060,"comment_status":"closed","ping_status":"closed","template":"","meta":{"_acf_changed":false},"product_brand":[],"product_cat":[10131,10110,6963,9841,7047],"product_tag":[],"class_list":{"0":"post-548056","1":"product","2":"type-product","3":"status-publish","4":"has-post-thumbnail","6":"product_cat-halloween-gifts","7":"product_cat-us-imports","8":"product_cat-animatronics","9":"product_cat-home-depot-animatronics","10":"product_cat-skeletons-reapers","11":"product_shipping_class-extra-large-props","13":"first","14":"outofstock","15":"taxable","16":"shipping-taxable","17":"purchasable","18":"product-type-simple"},"supplier_id":527920,"supplier_sku":"","barcode":null,"atum_controlled":true,"out_stock_date":null,"out_stock_threshold":null,"inheritable":false,"inbound_stock":0,"stock_on_hold":0,"sold_today":0,"sales_last_days":0,"reserved_stock":0,"customer_returns":0,"warehouse_damage":0,"lost_in_post":0,"other_logs":0,"out_stock_days":0,"lost_sales":0,"has_location":false,"update_date":"2026-05-03T00:24:11","atum_locations":[],"atum_stock_status":"outofstock","restock_status":false,"low_stock_amount":"","sales_update_date":"2026-05-03T00:24:10","calc_backorders":null,"acf":[],"yoast_head":"<!-- This site is optimized with the Yoast SEO plugin v27.5 - https:\/\/yoast.com\/product\/yoast-seo-wordpress\/ -->\n<title>5ft Grave &amp; Bones Animated LED Hearse (more coming soon) | Mad About Horror<\/title>\n<meta name=\"description\" content=\"5ft Home Depot Grave &amp; Bones Hearse. Shop Horror collectibles and Halloween props. Europe&#039;s leading horror collectibles specialist.\" \/>\n<meta name=\"robots\" content=\"index, follow, max-snippet:-1, max-image-preview:large, max-video-preview:-1\" \/>\n<link rel=\"canonical\" href=\"https:\/\/madabouthorror.co.uk\/fr\/product\/5ft-grave-bones-animated-led-hearse\/\" \/>\n<meta property=\"og:locale\" content=\"fr_FR\" \/>\n<meta property=\"og:type\" content=\"article\" \/>\n<meta property=\"og:title\" content=\"5ft Grave &amp; Bones Animated LED Hearse (more coming soon) | Mad About Horror\" \/>\n<meta property=\"og:description\" content=\"5ft Home Depot Grave &amp; Bones Hearse. Shop Horror collectibles and Halloween props. Europe&#039;s leading horror collectibles specialist.\" \/>\n<meta property=\"og:url\" content=\"https:\/\/madabouthorror.co.uk\/fr\/product\/5ft-grave-bones-animated-led-hearse\/\" \/>\n<meta property=\"og:site_name\" content=\"Mad About Horror\" \/>\n<meta property=\"article:publisher\" content=\"https:\/\/www.facebook.com\/madabouthorror\/\" \/>\n<meta property=\"article:modified_time\" content=\"2026-04-22T11:32:26+00:00\" \/>\n<meta property=\"og:image\" content=\"https:\/\/madabouthorror.co.uk\/wp-content\/uploads\/2025\/08\/home-accents-holiday-halloween-animatronics-and-giants-25pa04179-e1_1000.jpg\" \/>\n\t<meta property=\"og:image:width\" content=\"1000\" \/>\n\t<meta property=\"og:image:height\" content=\"1000\" \/>\n\t<meta property=\"og:image:type\" content=\"image\/jpeg\" \/>\n<meta name=\"twitter:card\" content=\"summary_large_image\" \/>\n<meta name=\"twitter:label1\" content=\"Dur\u00e9e de lecture estim\u00e9e\" \/>\n\t<meta name=\"twitter:data1\" content=\"1 minute\" \/>\n<script type=\"application\/ld+json\" class=\"yoast-schema-graph\">{\"@context\":\"https:\\\/\\\/schema.org\",\"@graph\":[{\"@type\":[\"WebPage\",\"ItemPage\"],\"@id\":\"https:\\\/\\\/madabouthorror.co.uk\\\/product\\\/5ft-grave-bones-animated-led-hearse\\\/\",\"url\":\"https:\\\/\\\/madabouthorror.co.uk\\\/product\\\/5ft-grave-bones-animated-led-hearse\\\/\",\"name\":\"5ft Grave & Bones Animated LED Hearse (more coming soon) | Mad About Horror\",\"isPartOf\":{\"@id\":\"https:\\\/\\\/madabouthorror.co.uk\\\/#website\"},\"primaryImageOfPage\":{\"@id\":\"https:\\\/\\\/madabouthorror.co.uk\\\/product\\\/5ft-grave-bones-animated-led-hearse\\\/#primaryimage\"},\"image\":{\"@id\":\"https:\\\/\\\/madabouthorror.co.uk\\\/product\\\/5ft-grave-bones-animated-led-hearse\\\/#primaryimage\"},\"thumbnailUrl\":\"https:\\\/\\\/madabouthorror.co.uk\\\/wp-content\\\/uploads\\\/2025\\\/08\\\/home-accents-holiday-halloween-animatronics-and-giants-25pa04179-e1_1000.jpg\",\"datePublished\":\"2025-08-04T14:53:42+00:00\",\"dateModified\":\"2026-04-22T11:32:26+00:00\",\"description\":\"5ft Home Depot Grave & Bones Hearse. Shop Horror collectibles and Halloween props. Europe's leading horror collectibles specialist.\",\"breadcrumb\":{\"@id\":\"https:\\\/\\\/madabouthorror.co.uk\\\/product\\\/5ft-grave-bones-animated-led-hearse\\\/#breadcrumb\"},\"inLanguage\":\"fr-FR\",\"potentialAction\":[{\"@type\":\"ReadAction\",\"target\":[\"https:\\\/\\\/madabouthorror.co.uk\\\/product\\\/5ft-grave-bones-animated-led-hearse\\\/\"]}]},{\"@type\":\"ImageObject\",\"inLanguage\":\"fr-FR\",\"@id\":\"https:\\\/\\\/madabouthorror.co.uk\\\/product\\\/5ft-grave-bones-animated-led-hearse\\\/#primaryimage\",\"url\":\"https:\\\/\\\/madabouthorror.co.uk\\\/wp-content\\\/uploads\\\/2025\\\/08\\\/home-accents-holiday-halloween-animatronics-and-giants-25pa04179-e1_1000.jpg\",\"contentUrl\":\"https:\\\/\\\/madabouthorror.co.uk\\\/wp-content\\\/uploads\\\/2025\\\/08\\\/home-accents-holiday-halloween-animatronics-and-giants-25pa04179-e1_1000.jpg\",\"width\":1000,\"height\":1000,\"caption\":\"Home Depot Animatronic Hearse\"},{\"@type\":\"BreadcrumbList\",\"@id\":\"https:\\\/\\\/madabouthorror.co.uk\\\/product\\\/5ft-grave-bones-animated-led-hearse\\\/#breadcrumb\",\"itemListElement\":[{\"@type\":\"ListItem\",\"position\":1,\"name\":\"Shop\",\"item\":\"https:\\\/\\\/madabouthorror.co.uk\\\/shop\\\/\"},{\"@type\":\"ListItem\",\"position\":2,\"name\":\"5ft Grave &#038; Bones Animated LED Hearse (more coming soon)\"}]},{\"@type\":\"WebSite\",\"@id\":\"https:\\\/\\\/madabouthorror.co.uk\\\/#website\",\"url\":\"https:\\\/\\\/madabouthorror.co.uk\\\/\",\"name\":\"Mad About Horror\",\"description\":\"\",\"publisher\":{\"@id\":\"https:\\\/\\\/madabouthorror.co.uk\\\/#organization\"},\"alternateName\":\"Mad About Horror Limited\",\"potentialAction\":[{\"@type\":\"SearchAction\",\"target\":{\"@type\":\"EntryPoint\",\"urlTemplate\":\"https:\\\/\\\/madabouthorror.co.uk\\\/?s={search_term_string}\"},\"query-input\":{\"@type\":\"PropertyValueSpecification\",\"valueRequired\":true,\"valueName\":\"search_term_string\"}}],\"inLanguage\":\"fr-FR\"},{\"@type\":\"Organization\",\"@id\":\"https:\\\/\\\/madabouthorror.co.uk\\\/#organization\",\"name\":\"Mad About Horror\",\"url\":\"https:\\\/\\\/madabouthorror.co.uk\\\/\",\"logo\":{\"@type\":\"ImageObject\",\"inLanguage\":\"fr-FR\",\"@id\":\"https:\\\/\\\/madabouthorror.co.uk\\\/#\\\/schema\\\/logo\\\/image\\\/\",\"url\":\"https:\\\/\\\/madabouthorror.co.uk\\\/wp-content\\\/uploads\\\/2024\\\/02\\\/cropped-Logo.png\",\"contentUrl\":\"https:\\\/\\\/madabouthorror.co.uk\\\/wp-content\\\/uploads\\\/2024\\\/02\\\/cropped-Logo.png\",\"width\":240,\"height\":88,\"caption\":\"Mad About Horror\"},\"image\":{\"@id\":\"https:\\\/\\\/madabouthorror.co.uk\\\/#\\\/schema\\\/logo\\\/image\\\/\"},\"sameAs\":[\"https:\\\/\\\/www.facebook.com\\\/madabouthorror\\\/\",\"https:\\\/\\\/www.instagram.com\\\/madabouthorror\\\/\",\"https:\\\/\\\/www.pinterest.co.uk\\\/madabouthorror\\\/\",\"https:\\\/\\\/www.youtube.com\\\/channel\\\/UCBooLOIxjoQ89dj6T5lWm_w\",\"https:\\\/\\\/www.tiktok.com\\\/@weremadabouthorror\"]}]}<\/script>\n<!-- \/ Yoast SEO plugin. -->","yoast_head_json":{"title":"5ft Hearse anim\u00e9e avec squelette et os, \u00e9clair\u00e9e par LED (plus bient\u00f4t) | Mad About Horror","description":"Char fun\u00e8bre 5 pieds Home Depot Grave &amp; Bones. Magasinez des objets de collection d'horreur et des d\u00e9corations d'Halloween. Le sp\u00e9cialiste europ\u00e9en des objets de collection d'horreur.","robots":{"index":"index","follow":"follow","max-snippet":"max-snippet:-1","max-image-preview":"max-image-preview:large","max-video-preview":"max-video-preview:-1"},"canonical":"https:\/\/madabouthorror.co.uk\/fr\/product\/5ft-grave-bones-animated-led-hearse\/","og_locale":"fr_FR","og_type":"article","og_title":"5ft Grave & Bones Animated LED Hearse (more coming soon) | Mad About Horror","og_description":"5ft Home Depot Grave & Bones Hearse. Shop Horror collectibles and Halloween props. Europe's leading horror collectibles specialist.","og_url":"https:\/\/madabouthorror.co.uk\/fr\/product\/5ft-grave-bones-animated-led-hearse\/","og_site_name":"Mad About Horror","article_publisher":"https:\/\/www.facebook.com\/madabouthorror\/","article_modified_time":"2026-04-22T11:32:26+00:00","og_image":[{"width":1000,"height":1000,"url":"https:\/\/madabouthorror.co.uk\/wp-content\/uploads\/2025\/08\/home-accents-holiday-halloween-animatronics-and-giants-25pa04179-e1_1000.jpg","type":"image\/jpeg"}],"twitter_card":"summary_large_image","twitter_misc":{"Dur\u00e9e de lecture estim\u00e9e":"1 minute"},"schema":{"@context":"https:\/\/schema.org","@graph":[{"@type":["WebPage","ItemPage"],"@id":"https:\/\/madabouthorror.co.uk\/product\/5ft-grave-bones-animated-led-hearse\/","url":"https:\/\/madabouthorror.co.uk\/product\/5ft-grave-bones-animated-led-hearse\/","name":"5ft Hearse anim\u00e9e avec squelette et os, \u00e9clair\u00e9e par LED (plus bient\u00f4t) | Mad About Horror","isPartOf":{"@id":"https:\/\/madabouthorror.co.uk\/#website"},"primaryImageOfPage":{"@id":"https:\/\/madabouthorror.co.uk\/product\/5ft-grave-bones-animated-led-hearse\/#primaryimage"},"image":{"@id":"https:\/\/madabouthorror.co.uk\/product\/5ft-grave-bones-animated-led-hearse\/#primaryimage"},"thumbnailUrl":"https:\/\/madabouthorror.co.uk\/wp-content\/uploads\/2025\/08\/home-accents-holiday-halloween-animatronics-and-giants-25pa04179-e1_1000.jpg","datePublished":"2025-08-04T14:53:42+00:00","dateModified":"2026-04-22T11:32:26+00:00","description":"Char fun\u00e8bre 5 pieds Home Depot Grave &amp; Bones. Magasinez des objets de collection d'horreur et des d\u00e9corations d'Halloween. Le sp\u00e9cialiste europ\u00e9en des objets de collection d'horreur.","breadcrumb":{"@id":"https:\/\/madabouthorror.co.uk\/product\/5ft-grave-bones-animated-led-hearse\/#breadcrumb"},"inLanguage":"fr-FR","potentialAction":[{"@type":"ReadAction","target":["https:\/\/madabouthorror.co.uk\/product\/5ft-grave-bones-animated-led-hearse\/"]}]},{"@type":"ImageObject","inLanguage":"fr-FR","@id":"https:\/\/madabouthorror.co.uk\/product\/5ft-grave-bones-animated-led-hearse\/#primaryimage","url":"https:\/\/madabouthorror.co.uk\/wp-content\/uploads\/2025\/08\/home-accents-holiday-halloween-animatronics-and-giants-25pa04179-e1_1000.jpg","contentUrl":"https:\/\/madabouthorror.co.uk\/wp-content\/uploads\/2025\/08\/home-accents-holiday-halloween-animatronics-and-giants-25pa04179-e1_1000.jpg","width":1000,"height":1000,"caption":"Home Depot Animatronic Hearse"},{"@type":"BreadcrumbList","@id":"https:\/\/madabouthorror.co.uk\/product\/5ft-grave-bones-animated-led-hearse\/#breadcrumb","itemListElement":[{"@type":"ListItem","position":1,"name":"Shop","item":"https:\/\/madabouthorror.co.uk\/shop\/"},{"@type":"ListItem","position":2,"name":"5ft Grave &#038; Bones Animated LED Hearse (more coming soon)"}]},{"@type":"WebSite","@id":"https:\/\/madabouthorror.co.uk\/#website","url":"https:\/\/madabouthorror.co.uk\/","name":"L'horreur en folie","description":"","publisher":{"@id":"https:\/\/madabouthorror.co.uk\/#organization"},"alternateName":"Mad About Horror Limited","potentialAction":[{"@type":"SearchAction","target":{"@type":"EntryPoint","urlTemplate":"https:\/\/madabouthorror.co.uk\/?s={search_term_string}"},"query-input":{"@type":"PropertyValueSpecification","valueRequired":true,"valueName":"search_term_string"}}],"inLanguage":"fr-FR"},{"@type":"Organization","@id":"https:\/\/madabouthorror.co.uk\/#organization","name":"L'horreur en folie","url":"https:\/\/madabouthorror.co.uk\/","logo":{"@type":"ImageObject","inLanguage":"fr-FR","@id":"https:\/\/madabouthorror.co.uk\/#\/schema\/logo\/image\/","url":"https:\/\/madabouthorror.co.uk\/wp-content\/uploads\/2024\/02\/cropped-Logo.png","contentUrl":"https:\/\/madabouthorror.co.uk\/wp-content\/uploads\/2024\/02\/cropped-Logo.png","width":240,"height":88,"caption":"Mad About Horror"},"image":{"@id":"https:\/\/madabouthorror.co.uk\/#\/schema\/logo\/image\/"},"sameAs":["https:\/\/www.facebook.com\/madabouthorror\/","https:\/\/www.instagram.com\/madabouthorror\/","https:\/\/www.pinterest.co.uk\/madabouthorror\/","https:\/\/www.youtube.com\/channel\/UCBooLOIxjoQ89dj6T5lWm_w","https:\/\/www.tiktok.com\/@weremadabouthorror"]}]}},"df_price":899.95,"df_sale_price":"","df_regular_price":899.95,"df_image_link":"https:\/\/madabouthorror.co.uk\/wp-content\/uploads\/2025\/08\/home-accents-holiday-halloween-animatronics-and-giants-25pa04179-e1_1000-300x300.jpg","_links":{"self":[{"href":"https:\/\/madabouthorror.co.uk\/fr\/wp-json\/wp\/v2\/product\/548056","targetHints":{"allow":["GET"]}}],"collection":[{"href":"https:\/\/madabouthorror.co.uk\/fr\/wp-json\/wp\/v2\/product"}],"about":[{"href":"https:\/\/madabouthorror.co.uk\/fr\/wp-json\/wp\/v2\/types\/product"}],"replies":[{"embeddable":true,"href":"https:\/\/madabouthorror.co.uk\/fr\/wp-json\/wp\/v2\/comments?post=548056"}],"wp:featuredmedia":[{"embeddable":true,"href":"https:\/\/madabouthorror.co.uk\/fr\/wp-json\/wp\/v2\/media\/548060"}],"wp:attachment":[{"href":"https:\/\/madabouthorror.co.uk\/fr\/wp-json\/wp\/v2\/media?parent=548056"}],"wp:term":[{"taxonomy":"product_brand","embeddable":true,"href":"https:\/\/madabouthorror.co.uk\/fr\/wp-json\/wp\/v2\/product_brand?post=548056"},{"taxonomy":"product_cat","embeddable":true,"href":"https:\/\/madabouthorror.co.uk\/fr\/wp-json\/wp\/v2\/product_cat?post=548056"},{"taxonomy":"product_tag","embeddable":true,"href":"https:\/\/madabouthorror.co.uk\/fr\/wp-json\/wp\/v2\/product_tag?post=548056"}],"curies":[{"name":"wp","href":"https:\/\/api.w.org\/{rel}","templated":true}]}}