{"id":550406,"date":"2025-08-20T13:57:11","date_gmt":"2025-08-20T12:57:11","guid":{"rendered":"https:\/\/madabouthorror.co.uk\/?post_type=product&#038;p=550406"},"modified":"2026-03-17T17:46:32","modified_gmt":"2026-03-17T17:46:32","slug":"15ft-grave-bones-giant-gally-crow-animatronic","status":"publish","type":"product","link":"https:\/\/madabouthorror.co.uk\/fr\/product\/15ft-grave-bones-giant-gally-crow-animatronic\/","title":{"rendered":"Animatronic corbeau g\u00e9ant de 15 pieds de Grave &amp; Bones"},"content":{"rendered":"<p>Le Gally-Crow G\u00e9ant Animatronique \u00e0 LED 15 pi. de Home Depot plane au-dessus de votre d\u00e9cor d'Halloween avec une pr\u00e9sence mena\u00e7ante difficile \u00e0 ignorer. La l\u00e9gende raconte que ce corbeau protecteur s'\u00e9veille la nuit d'Halloween, et avec des lumi\u00e8res LED scintillantes traversant son visage et sa poitrine, il semble pr\u00eat \u00e0 semer la terreur dans les champs.<\/p>\n<p>Son cadre massif pr\u00e9sente des d\u00e9tails sculpt\u00e9s r\u00e9alistes, tandis que sa t\u00eate mobile ajoute une menace r\u00e9aliste \u00e0 sa stature imposante. La d\u00e9tection de mouvement garantit que tout invit\u00e9 imprudent qui s'approche de trop pr\u00e8s pourrait r\u00e9veiller la cr\u00e9ature de son perchoir.<\/p>\n<p>D'une hauteur impressionnante de 15 pieds, l'animatronique g\u00e9ante Gally-Crow comprend une minuterie int\u00e9gr\u00e9e et des piquets de sol pour un affichage ext\u00e9rieur s\u00e9curis\u00e9, ce qui en fait une pi\u00e8ce ma\u00eetresse spectaculaire pour votre r\u00e9colte hant\u00e9e cet Halloween.<\/p>\n<p><b>Fourni avec un adaptateur secteur britannique<\/b>. <i>N'utilisez que l'adaptateur d'alimentation fourni, car les adaptateurs d'alimentation incorrects peuvent causer des dommages.<\/i><i><\/i><\/p>\n<p><b>Pour le porche couvert ou l'int\u00e9rieur.<\/b> <i>Prot\u00e9ger des intemp\u00e9ries en cas d'utilisation \u00e0 l'ext\u00e9rieur et ne pas laisser \u00e0 l'ext\u00e9rieur pendant des p\u00e9riodes prolong\u00e9es.<\/i><i><\/i><\/p>\n<p><b>A noter :<\/b><i> Ces accessoires ne sont pas recommand\u00e9s pour un usage commercial intensif, c'est-\u00e0-dire qu'ils ne doivent pas \u00eatre utilis\u00e9s pendant des p\u00e9riodes prolong\u00e9es, c'est-\u00e0-dire plusieurs jours d'affil\u00e9e. Ils sont con\u00e7us pour \u00eatre utilis\u00e9s \u00e0 l'occasion d'Halloween. Si vous avez des questions \u00e0 ce sujet, n'h\u00e9sitez pas \u00e0 les poser.<\/i><\/p>","protected":false},"excerpt":{"rendered":"<p>Le Gally-Crow g\u00e9ant anim\u00e9 et lumineux de 4,57 m (15 pi) de Home Depot domine votre d\u00e9cor d'Halloween d'une pr\u00e9sence sinistre qui ne peut \u00eatre ignor\u00e9e. La l\u00e9gende avertit que ce corbeau protecteur s'\u00e9veille la nuit d'Halloween, et avec des lumi\u00e8res LED scintillantes \u00e0 travers son visage et sa poitrine, il semble pr\u00eat \u00e0 semer la terreur dans les champs. [\u2026]<\/p>","protected":false},"featured_media":550408,"comment_status":"closed","ping_status":"closed","template":"","meta":{"_acf_changed":false},"product_brand":[],"product_cat":[10131,10110,6963,9841,7047],"product_tag":[],"class_list":{"0":"post-550406","1":"product","2":"type-product","3":"status-publish","4":"has-post-thumbnail","6":"product_cat-halloween-gifts","7":"product_cat-us-imports","8":"product_cat-animatronics","9":"product_cat-home-depot-animatronics","10":"product_cat-skeletons-reapers","11":"product_shipping_class-extra-large-props","13":"first","14":"instock","15":"taxable","16":"shipping-taxable","17":"purchasable","18":"product-type-simple"},"supplier_id":527920,"supplier_sku":"","barcode":null,"atum_controlled":true,"out_stock_date":null,"out_stock_threshold":null,"inheritable":false,"inbound_stock":3,"stock_on_hold":0,"sold_today":0,"sales_last_days":0,"reserved_stock":0,"customer_returns":0,"warehouse_damage":0,"lost_in_post":0,"other_logs":0,"out_stock_days":0,"lost_sales":0,"has_location":false,"update_date":"2026-04-25T01:05:28","atum_locations":[],"atum_stock_status":"instock","restock_status":false,"low_stock_amount":"","sales_update_date":"2026-04-25T01:05:27","calc_backorders":null,"acf":[],"yoast_head":"<!-- This site is optimized with the Yoast SEO plugin v27.4 - https:\/\/yoast.com\/product\/yoast-seo-wordpress\/ -->\n<title>15ft Grave &amp; Bones Giant Gally Crow Animatronic | Mad About Horror<\/title>\n<meta name=\"description\" content=\"Home Depot Giant Gally-crow Animatronic. Horror collectibles and Halloween props available from Madabouthorror, Europe\u2019s leading horror specialist.\" \/>\n<meta name=\"robots\" content=\"index, follow, max-snippet:-1, max-image-preview:large, max-video-preview:-1\" \/>\n<link rel=\"canonical\" href=\"https:\/\/madabouthorror.co.uk\/fr\/product\/15ft-grave-bones-giant-gally-crow-animatronic\/\" \/>\n<meta property=\"og:locale\" content=\"fr_FR\" \/>\n<meta property=\"og:type\" content=\"article\" \/>\n<meta property=\"og:title\" content=\"15ft Grave &amp; Bones Giant Gally Crow Animatronic | Mad About Horror\" \/>\n<meta property=\"og:description\" content=\"Home Depot Giant Gally-crow Animatronic. Horror collectibles and Halloween props available from Madabouthorror, Europe\u2019s leading horror specialist.\" \/>\n<meta property=\"og:url\" content=\"https:\/\/madabouthorror.co.uk\/fr\/product\/15ft-grave-bones-giant-gally-crow-animatronic\/\" \/>\n<meta property=\"og:site_name\" content=\"Mad About Horror\" \/>\n<meta property=\"article:publisher\" content=\"https:\/\/www.facebook.com\/madabouthorror\/\" \/>\n<meta property=\"article:modified_time\" content=\"2026-03-17T17:46:32+00:00\" \/>\n<meta property=\"og:image\" content=\"https:\/\/madabouthorror.co.uk\/wp-content\/uploads\/2025\/08\/home-accents-holiday-halloween-animatronics-and-giants-25sv25076-e1_1000.jpg\" \/>\n\t<meta property=\"og:image:width\" content=\"1000\" \/>\n\t<meta property=\"og:image:height\" content=\"1000\" \/>\n\t<meta property=\"og:image:type\" content=\"image\/jpeg\" \/>\n<meta name=\"twitter:card\" content=\"summary_large_image\" \/>\n<meta name=\"twitter:label1\" content=\"Dur\u00e9e de lecture estim\u00e9e\" \/>\n\t<meta name=\"twitter:data1\" content=\"2 minutes\" \/>\n<script type=\"application\/ld+json\" class=\"yoast-schema-graph\">{\"@context\":\"https:\\\/\\\/schema.org\",\"@graph\":[{\"@type\":[\"WebPage\",\"ItemPage\"],\"@id\":\"https:\\\/\\\/madabouthorror.co.uk\\\/product\\\/15ft-grave-bones-giant-gally-crow-animatronic\\\/\",\"url\":\"https:\\\/\\\/madabouthorror.co.uk\\\/product\\\/15ft-grave-bones-giant-gally-crow-animatronic\\\/\",\"name\":\"15ft Grave & Bones Giant Gally Crow Animatronic | Mad About Horror\",\"isPartOf\":{\"@id\":\"https:\\\/\\\/madabouthorror.co.uk\\\/#website\"},\"primaryImageOfPage\":{\"@id\":\"https:\\\/\\\/madabouthorror.co.uk\\\/product\\\/15ft-grave-bones-giant-gally-crow-animatronic\\\/#primaryimage\"},\"image\":{\"@id\":\"https:\\\/\\\/madabouthorror.co.uk\\\/product\\\/15ft-grave-bones-giant-gally-crow-animatronic\\\/#primaryimage\"},\"thumbnailUrl\":\"https:\\\/\\\/madabouthorror.co.uk\\\/wp-content\\\/uploads\\\/2025\\\/08\\\/home-accents-holiday-halloween-animatronics-and-giants-25sv25076-e1_1000.jpg\",\"datePublished\":\"2025-08-20T12:57:11+00:00\",\"dateModified\":\"2026-03-17T17:46:32+00:00\",\"description\":\"Home Depot Giant Gally-crow Animatronic. Horror collectibles and Halloween props available from Madabouthorror, Europe\u2019s leading horror specialist.\",\"breadcrumb\":{\"@id\":\"https:\\\/\\\/madabouthorror.co.uk\\\/product\\\/15ft-grave-bones-giant-gally-crow-animatronic\\\/#breadcrumb\"},\"inLanguage\":\"fr-FR\",\"potentialAction\":[{\"@type\":\"ReadAction\",\"target\":[\"https:\\\/\\\/madabouthorror.co.uk\\\/product\\\/15ft-grave-bones-giant-gally-crow-animatronic\\\/\"]}]},{\"@type\":\"ImageObject\",\"inLanguage\":\"fr-FR\",\"@id\":\"https:\\\/\\\/madabouthorror.co.uk\\\/product\\\/15ft-grave-bones-giant-gally-crow-animatronic\\\/#primaryimage\",\"url\":\"https:\\\/\\\/madabouthorror.co.uk\\\/wp-content\\\/uploads\\\/2025\\\/08\\\/home-accents-holiday-halloween-animatronics-and-giants-25sv25076-e1_1000.jpg\",\"contentUrl\":\"https:\\\/\\\/madabouthorror.co.uk\\\/wp-content\\\/uploads\\\/2025\\\/08\\\/home-accents-holiday-halloween-animatronics-and-giants-25sv25076-e1_1000.jpg\",\"width\":1000,\"height\":1000,\"caption\":\"Home Depot Giant 15ft Gally-crow Animatronic\"},{\"@type\":\"BreadcrumbList\",\"@id\":\"https:\\\/\\\/madabouthorror.co.uk\\\/product\\\/15ft-grave-bones-giant-gally-crow-animatronic\\\/#breadcrumb\",\"itemListElement\":[{\"@type\":\"ListItem\",\"position\":1,\"name\":\"Shop\",\"item\":\"https:\\\/\\\/madabouthorror.co.uk\\\/shop\\\/\"},{\"@type\":\"ListItem\",\"position\":2,\"name\":\"15ft Grave &#038; Bones Giant Gally Crow Animatronic\"}]},{\"@type\":\"WebSite\",\"@id\":\"https:\\\/\\\/madabouthorror.co.uk\\\/#website\",\"url\":\"https:\\\/\\\/madabouthorror.co.uk\\\/\",\"name\":\"Mad About Horror\",\"description\":\"\",\"publisher\":{\"@id\":\"https:\\\/\\\/madabouthorror.co.uk\\\/#organization\"},\"alternateName\":\"Mad About Horror Limited\",\"potentialAction\":[{\"@type\":\"SearchAction\",\"target\":{\"@type\":\"EntryPoint\",\"urlTemplate\":\"https:\\\/\\\/madabouthorror.co.uk\\\/?s={search_term_string}\"},\"query-input\":{\"@type\":\"PropertyValueSpecification\",\"valueRequired\":true,\"valueName\":\"search_term_string\"}}],\"inLanguage\":\"fr-FR\"},{\"@type\":\"Organization\",\"@id\":\"https:\\\/\\\/madabouthorror.co.uk\\\/#organization\",\"name\":\"Mad About Horror\",\"url\":\"https:\\\/\\\/madabouthorror.co.uk\\\/\",\"logo\":{\"@type\":\"ImageObject\",\"inLanguage\":\"fr-FR\",\"@id\":\"https:\\\/\\\/madabouthorror.co.uk\\\/#\\\/schema\\\/logo\\\/image\\\/\",\"url\":\"https:\\\/\\\/madabouthorror.co.uk\\\/wp-content\\\/uploads\\\/2024\\\/02\\\/cropped-Logo.png\",\"contentUrl\":\"https:\\\/\\\/madabouthorror.co.uk\\\/wp-content\\\/uploads\\\/2024\\\/02\\\/cropped-Logo.png\",\"width\":240,\"height\":88,\"caption\":\"Mad About Horror\"},\"image\":{\"@id\":\"https:\\\/\\\/madabouthorror.co.uk\\\/#\\\/schema\\\/logo\\\/image\\\/\"},\"sameAs\":[\"https:\\\/\\\/www.facebook.com\\\/madabouthorror\\\/\",\"https:\\\/\\\/www.instagram.com\\\/madabouthorror\\\/\",\"https:\\\/\\\/www.pinterest.co.uk\\\/madabouthorror\\\/\",\"https:\\\/\\\/www.youtube.com\\\/channel\\\/UCBooLOIxjoQ89dj6T5lWm_w\",\"https:\\\/\\\/www.tiktok.com\\\/@weremadabouthorror\"]}]}<\/script>\n<!-- \/ Yoast SEO plugin. -->","yoast_head_json":{"title":"Animatronique g\u00e9ant \"Grave &amp; Bones Giant Gally Crow\" de 15 pieds | Mad About Horror","description":"Home Depot G\u00e9ant Gally-crow Animatronique. Objets de collection d'horreur et accessoires d'Halloween disponibles chez Madabouthorror, le premier sp\u00e9cialiste de l'horreur en Europe.","robots":{"index":"index","follow":"follow","max-snippet":"max-snippet:-1","max-image-preview":"max-image-preview:large","max-video-preview":"max-video-preview:-1"},"canonical":"https:\/\/madabouthorror.co.uk\/fr\/product\/15ft-grave-bones-giant-gally-crow-animatronic\/","og_locale":"fr_FR","og_type":"article","og_title":"15ft Grave & Bones Giant Gally Crow Animatronic | Mad About Horror","og_description":"Home Depot Giant Gally-crow Animatronic. Horror collectibles and Halloween props available from Madabouthorror, Europe\u2019s leading horror specialist.","og_url":"https:\/\/madabouthorror.co.uk\/fr\/product\/15ft-grave-bones-giant-gally-crow-animatronic\/","og_site_name":"Mad About Horror","article_publisher":"https:\/\/www.facebook.com\/madabouthorror\/","article_modified_time":"2026-03-17T17:46:32+00:00","og_image":[{"width":1000,"height":1000,"url":"https:\/\/madabouthorror.co.uk\/wp-content\/uploads\/2025\/08\/home-accents-holiday-halloween-animatronics-and-giants-25sv25076-e1_1000.jpg","type":"image\/jpeg"}],"twitter_card":"summary_large_image","twitter_misc":{"Dur\u00e9e de lecture estim\u00e9e":"2 minutes"},"schema":{"@context":"https:\/\/schema.org","@graph":[{"@type":["WebPage","ItemPage"],"@id":"https:\/\/madabouthorror.co.uk\/product\/15ft-grave-bones-giant-gally-crow-animatronic\/","url":"https:\/\/madabouthorror.co.uk\/product\/15ft-grave-bones-giant-gally-crow-animatronic\/","name":"Animatronique g\u00e9ant \"Grave &amp; Bones Giant Gally Crow\" de 15 pieds | Mad About Horror","isPartOf":{"@id":"https:\/\/madabouthorror.co.uk\/#website"},"primaryImageOfPage":{"@id":"https:\/\/madabouthorror.co.uk\/product\/15ft-grave-bones-giant-gally-crow-animatronic\/#primaryimage"},"image":{"@id":"https:\/\/madabouthorror.co.uk\/product\/15ft-grave-bones-giant-gally-crow-animatronic\/#primaryimage"},"thumbnailUrl":"https:\/\/madabouthorror.co.uk\/wp-content\/uploads\/2025\/08\/home-accents-holiday-halloween-animatronics-and-giants-25sv25076-e1_1000.jpg","datePublished":"2025-08-20T12:57:11+00:00","dateModified":"2026-03-17T17:46:32+00:00","description":"Home Depot G\u00e9ant Gally-crow Animatronique. Objets de collection d'horreur et accessoires d'Halloween disponibles chez Madabouthorror, le premier sp\u00e9cialiste de l'horreur en Europe.","breadcrumb":{"@id":"https:\/\/madabouthorror.co.uk\/product\/15ft-grave-bones-giant-gally-crow-animatronic\/#breadcrumb"},"inLanguage":"fr-FR","potentialAction":[{"@type":"ReadAction","target":["https:\/\/madabouthorror.co.uk\/product\/15ft-grave-bones-giant-gally-crow-animatronic\/"]}]},{"@type":"ImageObject","inLanguage":"fr-FR","@id":"https:\/\/madabouthorror.co.uk\/product\/15ft-grave-bones-giant-gally-crow-animatronic\/#primaryimage","url":"https:\/\/madabouthorror.co.uk\/wp-content\/uploads\/2025\/08\/home-accents-holiday-halloween-animatronics-and-giants-25sv25076-e1_1000.jpg","contentUrl":"https:\/\/madabouthorror.co.uk\/wp-content\/uploads\/2025\/08\/home-accents-holiday-halloween-animatronics-and-giants-25sv25076-e1_1000.jpg","width":1000,"height":1000,"caption":"Home Depot Giant 15ft Gally-crow Animatronic"},{"@type":"BreadcrumbList","@id":"https:\/\/madabouthorror.co.uk\/product\/15ft-grave-bones-giant-gally-crow-animatronic\/#breadcrumb","itemListElement":[{"@type":"ListItem","position":1,"name":"Shop","item":"https:\/\/madabouthorror.co.uk\/shop\/"},{"@type":"ListItem","position":2,"name":"15ft Grave &#038; Bones Giant Gally Crow Animatronic"}]},{"@type":"WebSite","@id":"https:\/\/madabouthorror.co.uk\/#website","url":"https:\/\/madabouthorror.co.uk\/","name":"L'horreur en folie","description":"","publisher":{"@id":"https:\/\/madabouthorror.co.uk\/#organization"},"alternateName":"Mad About Horror Limited","potentialAction":[{"@type":"SearchAction","target":{"@type":"EntryPoint","urlTemplate":"https:\/\/madabouthorror.co.uk\/?s={search_term_string}"},"query-input":{"@type":"PropertyValueSpecification","valueRequired":true,"valueName":"search_term_string"}}],"inLanguage":"fr-FR"},{"@type":"Organization","@id":"https:\/\/madabouthorror.co.uk\/#organization","name":"L'horreur en folie","url":"https:\/\/madabouthorror.co.uk\/","logo":{"@type":"ImageObject","inLanguage":"fr-FR","@id":"https:\/\/madabouthorror.co.uk\/#\/schema\/logo\/image\/","url":"https:\/\/madabouthorror.co.uk\/wp-content\/uploads\/2024\/02\/cropped-Logo.png","contentUrl":"https:\/\/madabouthorror.co.uk\/wp-content\/uploads\/2024\/02\/cropped-Logo.png","width":240,"height":88,"caption":"Mad About Horror"},"image":{"@id":"https:\/\/madabouthorror.co.uk\/#\/schema\/logo\/image\/"},"sameAs":["https:\/\/www.facebook.com\/madabouthorror\/","https:\/\/www.instagram.com\/madabouthorror\/","https:\/\/www.pinterest.co.uk\/madabouthorror\/","https:\/\/www.youtube.com\/channel\/UCBooLOIxjoQ89dj6T5lWm_w","https:\/\/www.tiktok.com\/@weremadabouthorror"]}]}},"df_price":937.45,"df_sale_price":"","df_regular_price":937.45,"df_image_link":"https:\/\/madabouthorror.co.uk\/wp-content\/uploads\/2025\/08\/home-accents-holiday-halloween-animatronics-and-giants-25sv25076-e1_1000-300x300.jpg","_links":{"self":[{"href":"https:\/\/madabouthorror.co.uk\/fr\/wp-json\/wp\/v2\/product\/550406","targetHints":{"allow":["GET"]}}],"collection":[{"href":"https:\/\/madabouthorror.co.uk\/fr\/wp-json\/wp\/v2\/product"}],"about":[{"href":"https:\/\/madabouthorror.co.uk\/fr\/wp-json\/wp\/v2\/types\/product"}],"replies":[{"embeddable":true,"href":"https:\/\/madabouthorror.co.uk\/fr\/wp-json\/wp\/v2\/comments?post=550406"}],"wp:featuredmedia":[{"embeddable":true,"href":"https:\/\/madabouthorror.co.uk\/fr\/wp-json\/wp\/v2\/media\/550408"}],"wp:attachment":[{"href":"https:\/\/madabouthorror.co.uk\/fr\/wp-json\/wp\/v2\/media?parent=550406"}],"wp:term":[{"taxonomy":"product_brand","embeddable":true,"href":"https:\/\/madabouthorror.co.uk\/fr\/wp-json\/wp\/v2\/product_brand?post=550406"},{"taxonomy":"product_cat","embeddable":true,"href":"https:\/\/madabouthorror.co.uk\/fr\/wp-json\/wp\/v2\/product_cat?post=550406"},{"taxonomy":"product_tag","embeddable":true,"href":"https:\/\/madabouthorror.co.uk\/fr\/wp-json\/wp\/v2\/product_tag?post=550406"}],"curies":[{"name":"wp","href":"https:\/\/api.w.org\/{rel}","templated":true}]}}