{"id":55262,"date":"2022-09-22T10:59:16","date_gmt":"2022-09-22T09:59:16","guid":{"rendered":"https:\/\/mah.6bdv.ws\/product\/house-of-1000-corpses-collectors-case-with-exclusive-tiny-figure-pre-order-1\/"},"modified":"2026-04-02T09:38:13","modified_gmt":"2026-04-02T08:38:13","slug":"house-of-1000-corpses-collectors-case-with-exclusive-tiny-figure","status":"publish","type":"product","link":"https:\/\/madabouthorror.co.uk\/fr\/product\/house-of-1000-corpses-collectors-case-with-exclusive-tiny-figure\/","title":{"rendered":"House of 1000 Corpses - Driller Killer Doctor Satan Figure"},"content":{"rendered":"<blockquote><p><em><strong>Oh non ! La petite luciole est en morceaux !<\/strong><\/em><\/p><\/blockquote>\n<p>Voici la figurine Driller Killer Doctor Satan de Trick or Treat Studios. D'une hauteur de 5\u2033, cette figurine met en sc\u00e8ne le personnage embl\u00e9matique avec sa foreuse de la mort. Chaque figurine est livr\u00e9e avec un morceau de Tiny, ce qui en fait un must pour les collectionneurs qui cherchent \u00e0 compl\u00e9ter le jeu exclusif Tiny Build-a-Figure.<\/p>\n<p>Pr\u00e9sent\u00e9e dans un emballage de figurine de style r\u00e9tro, avec un dessin de Dug Nation, cette version rend hommage \u00e0 vos figurines pr\u00e9f\u00e9r\u00e9es du rayon jouets. Ramenez l'horreur \u00e0 la maison et compl\u00e9tez votre collection avec cet ajout g\u00e9nial.<\/p>\n<p><em>2022 Rob Zombie. Sous licence de Global Merchandising Services Ltd.<\/em><\/p>","protected":false},"excerpt":{"rendered":"<p>Oh non, Tiny Firefly est en pi\u00e8ces d\u00e9tach\u00e9es ! Voici la figurine Driller Killer Doctor Satan de Trick or Treat Studios. D'une hauteur de 5\u2033, cette figurine met en sc\u00e8ne le personnage embl\u00e9matique avec son Spinning Drill of Death. Chaque figurine est livr\u00e9e avec un morceau de Tiny, ce qui en fait un must pour les collectionneurs qui souhaitent compl\u00e9ter la collection exclusive de Tiny [...]<\/p>","protected":false},"featured_media":55255,"comment_status":"closed","ping_status":"closed","template":"","meta":{"_acf_changed":false},"product_brand":[],"product_cat":[10043,10075,6538,10039,10041,6537,10038,6792,9794],"product_tag":[],"class_list":{"0":"post-55262","1":"product","2":"type-product","3":"status-publish","4":"has-post-thumbnail","6":"product_cat-5-figures","7":"product_cat-action-figures","8":"product_cat-figures","9":"product_cat-stocking-fillers","10":"product_cat-gifts-under-50","11":"product_cat-collectibles","12":"product_cat-horror-gifts","13":"product_cat-trick-or-treat-studios","14":"product_cat-the-devils-rejects","15":"product_shipping_class-small-parcel-economy-3-5-business-days","17":"first","18":"instock","19":"taxable","20":"shipping-taxable","21":"purchasable","22":"product-type-simple"},"supplier_id":471029,"supplier_sku":"TTGM154-S12","barcode":"811501039372","atum_controlled":true,"out_stock_date":null,"out_stock_threshold":null,"inheritable":false,"inbound_stock":0,"stock_on_hold":0,"sold_today":0,"sales_last_days":0,"reserved_stock":0,"customer_returns":0,"warehouse_damage":0,"lost_in_post":0,"other_logs":0,"out_stock_days":0,"lost_sales":0,"has_location":false,"update_date":"2026-04-10T01:16:08","atum_locations":[],"atum_stock_status":"instock","restock_status":false,"low_stock_amount":1,"sales_update_date":"2026-04-10T01:16:07","calc_backorders":null,"acf":[],"yoast_head":"<!-- This site is optimized with the Yoast SEO plugin v27.3 - https:\/\/yoast.com\/product\/yoast-seo-wordpress\/ -->\n<title>House of 1000 Corpses - Doctor Satan Figure | Mad About Horror<\/title>\n<meta name=\"description\" content=\"Trick or Treat Studios all new Driller Killer Doctor Satan Action Figure! Shop our full range of House of 1000 corpses figures and more.\" \/>\n<meta name=\"robots\" content=\"index, follow, max-snippet:-1, max-image-preview:large, max-video-preview:-1\" \/>\n<link rel=\"canonical\" href=\"https:\/\/madabouthorror.co.uk\/fr\/product\/house-of-1000-corpses-collectors-case-with-exclusive-tiny-figure\/\" \/>\n<meta property=\"og:locale\" content=\"fr_FR\" \/>\n<meta property=\"og:type\" content=\"article\" \/>\n<meta property=\"og:title\" content=\"House of 1000 Corpses - Doctor Satan Figure | Mad About Horror\" \/>\n<meta property=\"og:description\" content=\"Trick or Treat Studios all new Driller Killer Doctor Satan Action Figure! Shop our full range of House of 1000 corpses figures and more.\" \/>\n<meta property=\"og:url\" content=\"https:\/\/madabouthorror.co.uk\/fr\/product\/house-of-1000-corpses-collectors-case-with-exclusive-tiny-figure\/\" \/>\n<meta property=\"og:site_name\" content=\"Mad About Horror\" \/>\n<meta property=\"article:publisher\" content=\"https:\/\/www.facebook.com\/madabouthorror\/\" \/>\n<meta property=\"article:modified_time\" content=\"2026-04-02T08:38:13+00:00\" \/>\n<meta property=\"og:image\" content=\"https:\/\/madabouthorror.co.uk\/wp-content\/uploads\/2022\/09\/house_of_1000_corpses_dr_satan_figure.jpg\" \/>\n\t<meta property=\"og:image:width\" content=\"670\" \/>\n\t<meta property=\"og:image:height\" content=\"670\" \/>\n\t<meta property=\"og:image:type\" content=\"image\/jpeg\" \/>\n<meta name=\"twitter:card\" content=\"summary_large_image\" \/>\n<meta name=\"twitter:label1\" content=\"Dur\u00e9e de lecture estim\u00e9e\" \/>\n\t<meta name=\"twitter:data1\" content=\"1 minute\" \/>\n<script type=\"application\/ld+json\" class=\"yoast-schema-graph\">{\"@context\":\"https:\\\/\\\/schema.org\",\"@graph\":[{\"@type\":[\"WebPage\",\"ItemPage\"],\"@id\":\"https:\\\/\\\/madabouthorror.co.uk\\\/product\\\/house-of-1000-corpses-collectors-case-with-exclusive-tiny-figure\\\/\",\"url\":\"https:\\\/\\\/madabouthorror.co.uk\\\/product\\\/house-of-1000-corpses-collectors-case-with-exclusive-tiny-figure\\\/\",\"name\":\"House of 1000 Corpses - Doctor Satan Figure | Mad About Horror\",\"isPartOf\":{\"@id\":\"https:\\\/\\\/madabouthorror.co.uk\\\/#website\"},\"primaryImageOfPage\":{\"@id\":\"https:\\\/\\\/madabouthorror.co.uk\\\/product\\\/house-of-1000-corpses-collectors-case-with-exclusive-tiny-figure\\\/#primaryimage\"},\"image\":{\"@id\":\"https:\\\/\\\/madabouthorror.co.uk\\\/product\\\/house-of-1000-corpses-collectors-case-with-exclusive-tiny-figure\\\/#primaryimage\"},\"thumbnailUrl\":\"https:\\\/\\\/madabouthorror.co.uk\\\/wp-content\\\/uploads\\\/2022\\\/09\\\/house_of_1000_corpses_dr_satan_figure.jpg\",\"datePublished\":\"2022-09-22T09:59:16+00:00\",\"dateModified\":\"2026-04-02T08:38:13+00:00\",\"description\":\"Trick or Treat Studios all new Driller Killer Doctor Satan Action Figure! Shop our full range of House of 1000 corpses figures and more.\",\"breadcrumb\":{\"@id\":\"https:\\\/\\\/madabouthorror.co.uk\\\/product\\\/house-of-1000-corpses-collectors-case-with-exclusive-tiny-figure\\\/#breadcrumb\"},\"inLanguage\":\"fr-FR\",\"potentialAction\":[{\"@type\":\"ReadAction\",\"target\":[\"https:\\\/\\\/madabouthorror.co.uk\\\/product\\\/house-of-1000-corpses-collectors-case-with-exclusive-tiny-figure\\\/\"]}]},{\"@type\":\"ImageObject\",\"inLanguage\":\"fr-FR\",\"@id\":\"https:\\\/\\\/madabouthorror.co.uk\\\/product\\\/house-of-1000-corpses-collectors-case-with-exclusive-tiny-figure\\\/#primaryimage\",\"url\":\"https:\\\/\\\/madabouthorror.co.uk\\\/wp-content\\\/uploads\\\/2022\\\/09\\\/house_of_1000_corpses_dr_satan_figure.jpg\",\"contentUrl\":\"https:\\\/\\\/madabouthorror.co.uk\\\/wp-content\\\/uploads\\\/2022\\\/09\\\/house_of_1000_corpses_dr_satan_figure.jpg\",\"width\":670,\"height\":670,\"caption\":\"House of 1,000 Corpses - Driller Killer Doctor Satan Figure\"},{\"@type\":\"BreadcrumbList\",\"@id\":\"https:\\\/\\\/madabouthorror.co.uk\\\/product\\\/house-of-1000-corpses-collectors-case-with-exclusive-tiny-figure\\\/#breadcrumb\",\"itemListElement\":[{\"@type\":\"ListItem\",\"position\":1,\"name\":\"Shop\",\"item\":\"https:\\\/\\\/madabouthorror.co.uk\\\/shop\\\/\"},{\"@type\":\"ListItem\",\"position\":2,\"name\":\"House of 1000 Corpses &#8211; Driller Killer Doctor Satan Figure\"}]},{\"@type\":\"WebSite\",\"@id\":\"https:\\\/\\\/madabouthorror.co.uk\\\/#website\",\"url\":\"https:\\\/\\\/madabouthorror.co.uk\\\/\",\"name\":\"Mad About Horror\",\"description\":\"\",\"publisher\":{\"@id\":\"https:\\\/\\\/madabouthorror.co.uk\\\/#organization\"},\"alternateName\":\"Mad About Horror Limited\",\"potentialAction\":[{\"@type\":\"SearchAction\",\"target\":{\"@type\":\"EntryPoint\",\"urlTemplate\":\"https:\\\/\\\/madabouthorror.co.uk\\\/?s={search_term_string}\"},\"query-input\":{\"@type\":\"PropertyValueSpecification\",\"valueRequired\":true,\"valueName\":\"search_term_string\"}}],\"inLanguage\":\"fr-FR\"},{\"@type\":\"Organization\",\"@id\":\"https:\\\/\\\/madabouthorror.co.uk\\\/#organization\",\"name\":\"Mad About Horror\",\"url\":\"https:\\\/\\\/madabouthorror.co.uk\\\/\",\"logo\":{\"@type\":\"ImageObject\",\"inLanguage\":\"fr-FR\",\"@id\":\"https:\\\/\\\/madabouthorror.co.uk\\\/#\\\/schema\\\/logo\\\/image\\\/\",\"url\":\"https:\\\/\\\/madabouthorror.co.uk\\\/wp-content\\\/uploads\\\/2024\\\/02\\\/cropped-Logo.png\",\"contentUrl\":\"https:\\\/\\\/madabouthorror.co.uk\\\/wp-content\\\/uploads\\\/2024\\\/02\\\/cropped-Logo.png\",\"width\":240,\"height\":88,\"caption\":\"Mad About Horror\"},\"image\":{\"@id\":\"https:\\\/\\\/madabouthorror.co.uk\\\/#\\\/schema\\\/logo\\\/image\\\/\"},\"sameAs\":[\"https:\\\/\\\/www.facebook.com\\\/madabouthorror\\\/\",\"https:\\\/\\\/www.instagram.com\\\/madabouthorror\\\/\",\"https:\\\/\\\/www.pinterest.co.uk\\\/madabouthorror\\\/\",\"https:\\\/\\\/www.youtube.com\\\/channel\\\/UCBooLOIxjoQ89dj6T5lWm_w\",\"https:\\\/\\\/www.tiktok.com\\\/@weremadabouthorror\"]}]}<\/script>\n<!-- \/ Yoast SEO plugin. -->","yoast_head_json":{"title":"House of 1000 Corpses - Doctor Satan Figure | Mad About Horror","description":"La toute nouvelle figurine Driller Killer Doctor Satan de Trick or Treat Studios ! D\u00e9couvrez notre gamme compl\u00e8te de figurines House of 1000 corpses et plus encore.","robots":{"index":"index","follow":"follow","max-snippet":"max-snippet:-1","max-image-preview":"max-image-preview:large","max-video-preview":"max-video-preview:-1"},"canonical":"https:\/\/madabouthorror.co.uk\/fr\/product\/house-of-1000-corpses-collectors-case-with-exclusive-tiny-figure\/","og_locale":"fr_FR","og_type":"article","og_title":"House of 1000 Corpses - Doctor Satan Figure | Mad About Horror","og_description":"Trick or Treat Studios all new Driller Killer Doctor Satan Action Figure! Shop our full range of House of 1000 corpses figures and more.","og_url":"https:\/\/madabouthorror.co.uk\/fr\/product\/house-of-1000-corpses-collectors-case-with-exclusive-tiny-figure\/","og_site_name":"Mad About Horror","article_publisher":"https:\/\/www.facebook.com\/madabouthorror\/","article_modified_time":"2026-04-02T08:38:13+00:00","og_image":[{"width":670,"height":670,"url":"https:\/\/madabouthorror.co.uk\/wp-content\/uploads\/2022\/09\/house_of_1000_corpses_dr_satan_figure.jpg","type":"image\/jpeg"}],"twitter_card":"summary_large_image","twitter_misc":{"Dur\u00e9e de lecture estim\u00e9e":"1 minute"},"schema":{"@context":"https:\/\/schema.org","@graph":[{"@type":["WebPage","ItemPage"],"@id":"https:\/\/madabouthorror.co.uk\/product\/house-of-1000-corpses-collectors-case-with-exclusive-tiny-figure\/","url":"https:\/\/madabouthorror.co.uk\/product\/house-of-1000-corpses-collectors-case-with-exclusive-tiny-figure\/","name":"House of 1000 Corpses - Doctor Satan Figure | Mad About Horror","isPartOf":{"@id":"https:\/\/madabouthorror.co.uk\/#website"},"primaryImageOfPage":{"@id":"https:\/\/madabouthorror.co.uk\/product\/house-of-1000-corpses-collectors-case-with-exclusive-tiny-figure\/#primaryimage"},"image":{"@id":"https:\/\/madabouthorror.co.uk\/product\/house-of-1000-corpses-collectors-case-with-exclusive-tiny-figure\/#primaryimage"},"thumbnailUrl":"https:\/\/madabouthorror.co.uk\/wp-content\/uploads\/2022\/09\/house_of_1000_corpses_dr_satan_figure.jpg","datePublished":"2022-09-22T09:59:16+00:00","dateModified":"2026-04-02T08:38:13+00:00","description":"La toute nouvelle figurine Driller Killer Doctor Satan de Trick or Treat Studios ! D\u00e9couvrez notre gamme compl\u00e8te de figurines House of 1000 corpses et plus encore.","breadcrumb":{"@id":"https:\/\/madabouthorror.co.uk\/product\/house-of-1000-corpses-collectors-case-with-exclusive-tiny-figure\/#breadcrumb"},"inLanguage":"fr-FR","potentialAction":[{"@type":"ReadAction","target":["https:\/\/madabouthorror.co.uk\/product\/house-of-1000-corpses-collectors-case-with-exclusive-tiny-figure\/"]}]},{"@type":"ImageObject","inLanguage":"fr-FR","@id":"https:\/\/madabouthorror.co.uk\/product\/house-of-1000-corpses-collectors-case-with-exclusive-tiny-figure\/#primaryimage","url":"https:\/\/madabouthorror.co.uk\/wp-content\/uploads\/2022\/09\/house_of_1000_corpses_dr_satan_figure.jpg","contentUrl":"https:\/\/madabouthorror.co.uk\/wp-content\/uploads\/2022\/09\/house_of_1000_corpses_dr_satan_figure.jpg","width":670,"height":670,"caption":"House of 1,000 Corpses - Driller Killer Doctor Satan Figure"},{"@type":"BreadcrumbList","@id":"https:\/\/madabouthorror.co.uk\/product\/house-of-1000-corpses-collectors-case-with-exclusive-tiny-figure\/#breadcrumb","itemListElement":[{"@type":"ListItem","position":1,"name":"Shop","item":"https:\/\/madabouthorror.co.uk\/shop\/"},{"@type":"ListItem","position":2,"name":"House of 1000 Corpses &#8211; Driller Killer Doctor Satan Figure"}]},{"@type":"WebSite","@id":"https:\/\/madabouthorror.co.uk\/#website","url":"https:\/\/madabouthorror.co.uk\/","name":"L'horreur en folie","description":"","publisher":{"@id":"https:\/\/madabouthorror.co.uk\/#organization"},"alternateName":"Mad About Horror Limited","potentialAction":[{"@type":"SearchAction","target":{"@type":"EntryPoint","urlTemplate":"https:\/\/madabouthorror.co.uk\/?s={search_term_string}"},"query-input":{"@type":"PropertyValueSpecification","valueRequired":true,"valueName":"search_term_string"}}],"inLanguage":"fr-FR"},{"@type":"Organization","@id":"https:\/\/madabouthorror.co.uk\/#organization","name":"L'horreur en folie","url":"https:\/\/madabouthorror.co.uk\/","logo":{"@type":"ImageObject","inLanguage":"fr-FR","@id":"https:\/\/madabouthorror.co.uk\/#\/schema\/logo\/image\/","url":"https:\/\/madabouthorror.co.uk\/wp-content\/uploads\/2024\/02\/cropped-Logo.png","contentUrl":"https:\/\/madabouthorror.co.uk\/wp-content\/uploads\/2024\/02\/cropped-Logo.png","width":240,"height":88,"caption":"Mad About Horror"},"image":{"@id":"https:\/\/madabouthorror.co.uk\/#\/schema\/logo\/image\/"},"sameAs":["https:\/\/www.facebook.com\/madabouthorror\/","https:\/\/www.instagram.com\/madabouthorror\/","https:\/\/www.pinterest.co.uk\/madabouthorror\/","https:\/\/www.youtube.com\/channel\/UCBooLOIxjoQ89dj6T5lWm_w","https:\/\/www.tiktok.com\/@weremadabouthorror"]}]}},"df_price":25.99,"df_sale_price":"","df_regular_price":25.99,"df_image_link":"https:\/\/madabouthorror.co.uk\/wp-content\/uploads\/2022\/09\/house_of_1000_corpses_dr_satan_figure-300x300.jpg","_links":{"self":[{"href":"https:\/\/madabouthorror.co.uk\/fr\/wp-json\/wp\/v2\/product\/55262","targetHints":{"allow":["GET"]}}],"collection":[{"href":"https:\/\/madabouthorror.co.uk\/fr\/wp-json\/wp\/v2\/product"}],"about":[{"href":"https:\/\/madabouthorror.co.uk\/fr\/wp-json\/wp\/v2\/types\/product"}],"replies":[{"embeddable":true,"href":"https:\/\/madabouthorror.co.uk\/fr\/wp-json\/wp\/v2\/comments?post=55262"}],"wp:featuredmedia":[{"embeddable":true,"href":"https:\/\/madabouthorror.co.uk\/fr\/wp-json\/wp\/v2\/media\/55255"}],"wp:attachment":[{"href":"https:\/\/madabouthorror.co.uk\/fr\/wp-json\/wp\/v2\/media?parent=55262"}],"wp:term":[{"taxonomy":"product_brand","embeddable":true,"href":"https:\/\/madabouthorror.co.uk\/fr\/wp-json\/wp\/v2\/product_brand?post=55262"},{"taxonomy":"product_cat","embeddable":true,"href":"https:\/\/madabouthorror.co.uk\/fr\/wp-json\/wp\/v2\/product_cat?post=55262"},{"taxonomy":"product_tag","embeddable":true,"href":"https:\/\/madabouthorror.co.uk\/fr\/wp-json\/wp\/v2\/product_tag?post=55262"}],"curies":[{"name":"wp","href":"https:\/\/api.w.org\/{rel}","templated":true}]}}