{"id":55468,"date":"2022-10-07T00:31:34","date_gmt":"2022-10-06T23:31:34","guid":{"rendered":"https:\/\/mah.6bdv.ws\/product\/trick-r-treat-deluxe-1-6-scale-sam-action-figure\/"},"modified":"2026-04-02T09:38:22","modified_gmt":"2026-04-02T08:38:22","slug":"trick-r-treat-deluxe-1-6-scale-sam-action-figure","status":"publish","type":"product","link":"https:\/\/madabouthorror.co.uk\/fr\/product\/trick-r-treat-deluxe-1-6-scale-sam-action-figure\/","title":{"rendered":"Figurine Trick 'r' Treat Sam Deluxe \u00e0 l'\u00e9chelle 1\/6"},"content":{"rendered":"<p data-start=\"0\" data-end=\"240\">Voici la figurine Sam de Trick 'r Treat Deluxe \u00e0 l'\u00e9chelle 1:6 sous licence officielle de Trick or Treat Studios ! D'une hauteur d'environ 10\u2033, cette figurine poss\u00e8de plus de 30 points d'articulation, ce qui permet une pose dynamique et une pr\u00e9sentation parfaite.<\/p>\n<p data-start=\"242\" data-end=\"583\">La figurine est v\u00eatue d'un costume fid\u00e8le \u00e0 l'\u00e9cran, comprenant une grenouill\u00e8re en polaire douce avec des d\u00e9tails en patchwork, ainsi que des mat\u00e9riaux pour le masque en toile de jute et en corde. La base du trottoir, qui mesure 7,5\u2033 de profondeur et 5,5\u2033 de largeur, pr\u00e9sente de l'herbe artificielle et des d\u00e9tails de grilles d'orage. L'ensemble comprend \u00e9galement une magnifique bo\u00eete de collection avec une fen\u00eatre \u00e0 rabat.<\/p>\n<p data-start=\"585\" data-end=\"605\">La figurine comprend<\/p>\n<ul data-start=\"607\" data-end=\"812\">\n<li data-start=\"607\" data-end=\"627\">T\u00eate de sac en toile de jute<\/li>\n<li data-start=\"628\" data-end=\"645\">T\u00eate d\u00e9masqu\u00e9e<\/li>\n<li data-start=\"646\" data-end=\"678\">4 mains suppl\u00e9mentaires (6 au total)<\/li>\n<li data-start=\"679\" data-end=\"702\">Rasoir Hollie-Ho<\/li>\n<li data-start=\"703\" data-end=\"715\">Lollipop<\/li>\n<li data-start=\"716\" data-end=\"735\" data-is-only-node=\"\">Su\u00e7on mordu<\/li>\n<li data-start=\"736\" data-end=\"758\">Sac \u00e0 friandises<\/li>\n<li data-start=\"759\" data-end=\"794\">Jack-O-Lanterne enflamm\u00e9e lumineuse<\/li>\n<li data-start=\"795\" data-end=\"812\">Base du trottoir<\/li>\n<\/ul>\n<p data-start=\"814\" data-end=\"942\">Cette figurine de Sam Trick 'r Treat est la pi\u00e8ce de collection par excellence. Commandez d\u00e8s maintenant pour ajouter cette figure embl\u00e9matique \u00e0 votre collection !<\/p>\n<p data-start=\"944\" data-end=\"1137\" data-is-last-node=\"\" data-is-only-node=\"\"><strong data-start=\"944\" data-end=\"960\">A noter :<\/strong> De nombreuses figurines \u00e0 l'\u00e9chelle 1:6 mesurent environ 12\u2033 pour repr\u00e9senter des adultes d'environ 6\u2032. Sam, qui est de la taille d'un enfant dans le film, mesure environ 10\u2033 pour refl\u00e9ter cette \u00e9chelle.<\/p>\n<p>Consultez tous nos <a href=\"https:\/\/madabouthorror.co.uk\/fr\/c\/collectibles\/figures\/1-6-scale-figures\/\">Figurines \u00e0 l'\u00e9chelle 1\/6 maintenant<\/a>.<\/p>","protected":false},"excerpt":{"rendered":"<p>Voici la figurine Sam de Trick 'r Treat Deluxe \u00e0 l'\u00e9chelle 1:6 sous licence officielle de Trick or Treat Studios ! D'une hauteur d'environ 10\u2033, cette figurine poss\u00e8de plus de 30 points d'articulation, ce qui permet une pose dynamique et une pr\u00e9sentation parfaite. La figurine est v\u00eatue d'un costume fid\u00e8le \u00e0 l'\u00e9cran, comprenant une grenouill\u00e8re en molleton avec des d\u00e9tails en patchwork, ainsi qu'une toile de jute [...]<\/p>","protected":false},"featured_media":55457,"comment_status":"closed","ping_status":"closed","template":"","meta":{"_acf_changed":false},"product_brand":[],"product_cat":[9938,6538,10075,10129,10112,10038,6728,6792,6716],"product_tag":[],"class_list":{"0":"post-55468","1":"product","2":"type-product","3":"status-publish","4":"has-post-thumbnail","6":"product_cat-1-6-scale-figures","7":"product_cat-figures","8":"product_cat-action-figures","9":"product_cat-main-gift","10":"product_cat-premium-figures","11":"product_cat-horror-gifts","12":"product_cat-premium","13":"product_cat-trick-or-treat-studios","14":"product_cat-trickrtreat","16":"first","17":"instock","18":"taxable","19":"shipping-taxable","20":"purchasable","21":"product-type-simple"},"supplier_id":471030,"supplier_sku":"TTLE109","barcode":"811501037705","atum_controlled":true,"out_stock_date":null,"out_stock_threshold":null,"inheritable":false,"inbound_stock":4,"stock_on_hold":0,"sold_today":0,"sales_last_days":0,"reserved_stock":0,"customer_returns":0,"warehouse_damage":0,"lost_in_post":0,"other_logs":0,"out_stock_days":0,"lost_sales":0,"has_location":false,"update_date":"2026-04-16T01:45:50","atum_locations":[],"atum_stock_status":"instock","restock_status":false,"low_stock_amount":1,"sales_update_date":"2026-04-16T01:45:48","calc_backorders":null,"acf":[],"yoast_head":"<!-- This site is optimized with the Yoast SEO plugin v27.4 - https:\/\/yoast.com\/product\/yoast-seo-wordpress\/ -->\n<title>Trick &#039;r&#039; Treat - Deluxe 1\/6 Scale Sam Action Figure | UK Stock<\/title>\n<meta name=\"description\" content=\"Trick &#039;r&#039; Treat Sam Deluxe 1\/6 Scale Action Figure. Official UK Stockist of Trick or Treat Studios. Shop Horror collectibles and Halloween props. UK Stock.\" \/>\n<meta name=\"robots\" content=\"index, follow, max-snippet:-1, max-image-preview:large, max-video-preview:-1\" \/>\n<link rel=\"canonical\" href=\"https:\/\/madabouthorror.co.uk\/fr\/product\/trick-r-treat-deluxe-1-6-scale-sam-action-figure\/\" \/>\n<meta property=\"og:locale\" content=\"fr_FR\" \/>\n<meta property=\"og:type\" content=\"article\" \/>\n<meta property=\"og:title\" content=\"Trick &#039;r&#039; Treat - Deluxe 1\/6 Scale Sam Action Figure | UK Stock\" \/>\n<meta property=\"og:description\" content=\"Trick &#039;r&#039; Treat Sam Deluxe 1\/6 Scale Action Figure. Official UK Stockist of Trick or Treat Studios. Shop Horror collectibles and Halloween props. UK Stock.\" \/>\n<meta property=\"og:url\" content=\"https:\/\/madabouthorror.co.uk\/fr\/product\/trick-r-treat-deluxe-1-6-scale-sam-action-figure\/\" \/>\n<meta property=\"og:site_name\" content=\"Mad About Horror\" \/>\n<meta property=\"article:publisher\" content=\"https:\/\/www.facebook.com\/madabouthorror\/\" \/>\n<meta property=\"article:modified_time\" content=\"2026-04-02T08:38:22+00:00\" \/>\n<meta property=\"og:image\" content=\"https:\/\/madabouthorror.co.uk\/wp-content\/uploads\/2022\/10\/trt_sam_1-6.jpg\" \/>\n\t<meta property=\"og:image:width\" content=\"650\" \/>\n\t<meta property=\"og:image:height\" content=\"650\" \/>\n\t<meta property=\"og:image:type\" content=\"image\/jpeg\" \/>\n<meta name=\"twitter:card\" content=\"summary_large_image\" \/>\n<meta name=\"twitter:label1\" content=\"Dur\u00e9e de lecture estim\u00e9e\" \/>\n\t<meta name=\"twitter:data1\" content=\"1 minute\" \/>\n<script type=\"application\/ld+json\" class=\"yoast-schema-graph\">{\"@context\":\"https:\\\/\\\/schema.org\",\"@graph\":[{\"@type\":[\"WebPage\",\"ItemPage\"],\"@id\":\"https:\\\/\\\/madabouthorror.co.uk\\\/product\\\/trick-r-treat-deluxe-1-6-scale-sam-action-figure\\\/\",\"url\":\"https:\\\/\\\/madabouthorror.co.uk\\\/product\\\/trick-r-treat-deluxe-1-6-scale-sam-action-figure\\\/\",\"name\":\"Trick 'r' Treat - Deluxe 1\\\/6 Scale Sam Action Figure | UK Stock\",\"isPartOf\":{\"@id\":\"https:\\\/\\\/madabouthorror.co.uk\\\/#website\"},\"primaryImageOfPage\":{\"@id\":\"https:\\\/\\\/madabouthorror.co.uk\\\/product\\\/trick-r-treat-deluxe-1-6-scale-sam-action-figure\\\/#primaryimage\"},\"image\":{\"@id\":\"https:\\\/\\\/madabouthorror.co.uk\\\/product\\\/trick-r-treat-deluxe-1-6-scale-sam-action-figure\\\/#primaryimage\"},\"thumbnailUrl\":\"https:\\\/\\\/madabouthorror.co.uk\\\/wp-content\\\/uploads\\\/2022\\\/10\\\/trt_sam_1-6.jpg\",\"datePublished\":\"2022-10-06T23:31:34+00:00\",\"dateModified\":\"2026-04-02T08:38:22+00:00\",\"description\":\"Trick 'r' Treat Sam Deluxe 1\\\/6 Scale Action Figure. Official UK Stockist of Trick or Treat Studios. Shop Horror collectibles and Halloween props. UK Stock.\",\"breadcrumb\":{\"@id\":\"https:\\\/\\\/madabouthorror.co.uk\\\/product\\\/trick-r-treat-deluxe-1-6-scale-sam-action-figure\\\/#breadcrumb\"},\"inLanguage\":\"fr-FR\",\"potentialAction\":[{\"@type\":\"ReadAction\",\"target\":[\"https:\\\/\\\/madabouthorror.co.uk\\\/product\\\/trick-r-treat-deluxe-1-6-scale-sam-action-figure\\\/\"]}]},{\"@type\":\"ImageObject\",\"inLanguage\":\"fr-FR\",\"@id\":\"https:\\\/\\\/madabouthorror.co.uk\\\/product\\\/trick-r-treat-deluxe-1-6-scale-sam-action-figure\\\/#primaryimage\",\"url\":\"https:\\\/\\\/madabouthorror.co.uk\\\/wp-content\\\/uploads\\\/2022\\\/10\\\/trt_sam_1-6.jpg\",\"contentUrl\":\"https:\\\/\\\/madabouthorror.co.uk\\\/wp-content\\\/uploads\\\/2022\\\/10\\\/trt_sam_1-6.jpg\",\"width\":650,\"height\":650,\"caption\":\"Trick 'r' Treat Deluxe Sam Action Figure\"},{\"@type\":\"BreadcrumbList\",\"@id\":\"https:\\\/\\\/madabouthorror.co.uk\\\/product\\\/trick-r-treat-deluxe-1-6-scale-sam-action-figure\\\/#breadcrumb\",\"itemListElement\":[{\"@type\":\"ListItem\",\"position\":1,\"name\":\"Shop\",\"item\":\"https:\\\/\\\/madabouthorror.co.uk\\\/shop\\\/\"},{\"@type\":\"ListItem\",\"position\":2,\"name\":\"Trick &#8216;r&#8217; Treat Sam Deluxe 1\\\/6 Scale Action Figure\"}]},{\"@type\":\"WebSite\",\"@id\":\"https:\\\/\\\/madabouthorror.co.uk\\\/#website\",\"url\":\"https:\\\/\\\/madabouthorror.co.uk\\\/\",\"name\":\"Mad About Horror\",\"description\":\"\",\"publisher\":{\"@id\":\"https:\\\/\\\/madabouthorror.co.uk\\\/#organization\"},\"alternateName\":\"Mad About Horror Limited\",\"potentialAction\":[{\"@type\":\"SearchAction\",\"target\":{\"@type\":\"EntryPoint\",\"urlTemplate\":\"https:\\\/\\\/madabouthorror.co.uk\\\/?s={search_term_string}\"},\"query-input\":{\"@type\":\"PropertyValueSpecification\",\"valueRequired\":true,\"valueName\":\"search_term_string\"}}],\"inLanguage\":\"fr-FR\"},{\"@type\":\"Organization\",\"@id\":\"https:\\\/\\\/madabouthorror.co.uk\\\/#organization\",\"name\":\"Mad About Horror\",\"url\":\"https:\\\/\\\/madabouthorror.co.uk\\\/\",\"logo\":{\"@type\":\"ImageObject\",\"inLanguage\":\"fr-FR\",\"@id\":\"https:\\\/\\\/madabouthorror.co.uk\\\/#\\\/schema\\\/logo\\\/image\\\/\",\"url\":\"https:\\\/\\\/madabouthorror.co.uk\\\/wp-content\\\/uploads\\\/2024\\\/02\\\/cropped-Logo.png\",\"contentUrl\":\"https:\\\/\\\/madabouthorror.co.uk\\\/wp-content\\\/uploads\\\/2024\\\/02\\\/cropped-Logo.png\",\"width\":240,\"height\":88,\"caption\":\"Mad About Horror\"},\"image\":{\"@id\":\"https:\\\/\\\/madabouthorror.co.uk\\\/#\\\/schema\\\/logo\\\/image\\\/\"},\"sameAs\":[\"https:\\\/\\\/www.facebook.com\\\/madabouthorror\\\/\",\"https:\\\/\\\/www.instagram.com\\\/madabouthorror\\\/\",\"https:\\\/\\\/www.pinterest.co.uk\\\/madabouthorror\\\/\",\"https:\\\/\\\/www.youtube.com\\\/channel\\\/UCBooLOIxjoQ89dj6T5lWm_w\",\"https:\\\/\\\/www.tiktok.com\\\/@weremadabouthorror\"]}]}<\/script>\n<!-- \/ Yoast SEO plugin. -->","yoast_head_json":{"title":"Trick 'r' Treat - Deluxe 1\/6 Scale Sam Action Figure | UK Stock","description":"Trick 'r' Treat Sam Deluxe 1\/6 Scale Action Figure. Stockiste officiel britannique de Trick or Treat Studios. Boutique d'objets de collection d'horreur et d'accessoires d'Halloween. Stock britannique.","robots":{"index":"index","follow":"follow","max-snippet":"max-snippet:-1","max-image-preview":"max-image-preview:large","max-video-preview":"max-video-preview:-1"},"canonical":"https:\/\/madabouthorror.co.uk\/fr\/product\/trick-r-treat-deluxe-1-6-scale-sam-action-figure\/","og_locale":"fr_FR","og_type":"article","og_title":"Trick 'r' Treat - Deluxe 1\/6 Scale Sam Action Figure | UK Stock","og_description":"Trick 'r' Treat Sam Deluxe 1\/6 Scale Action Figure. Official UK Stockist of Trick or Treat Studios. Shop Horror collectibles and Halloween props. UK Stock.","og_url":"https:\/\/madabouthorror.co.uk\/fr\/product\/trick-r-treat-deluxe-1-6-scale-sam-action-figure\/","og_site_name":"Mad About Horror","article_publisher":"https:\/\/www.facebook.com\/madabouthorror\/","article_modified_time":"2026-04-02T08:38:22+00:00","og_image":[{"width":650,"height":650,"url":"https:\/\/madabouthorror.co.uk\/wp-content\/uploads\/2022\/10\/trt_sam_1-6.jpg","type":"image\/jpeg"}],"twitter_card":"summary_large_image","twitter_misc":{"Dur\u00e9e de lecture estim\u00e9e":"1 minute"},"schema":{"@context":"https:\/\/schema.org","@graph":[{"@type":["WebPage","ItemPage"],"@id":"https:\/\/madabouthorror.co.uk\/product\/trick-r-treat-deluxe-1-6-scale-sam-action-figure\/","url":"https:\/\/madabouthorror.co.uk\/product\/trick-r-treat-deluxe-1-6-scale-sam-action-figure\/","name":"Trick 'r' Treat - Deluxe 1\/6 Scale Sam Action Figure | UK Stock","isPartOf":{"@id":"https:\/\/madabouthorror.co.uk\/#website"},"primaryImageOfPage":{"@id":"https:\/\/madabouthorror.co.uk\/product\/trick-r-treat-deluxe-1-6-scale-sam-action-figure\/#primaryimage"},"image":{"@id":"https:\/\/madabouthorror.co.uk\/product\/trick-r-treat-deluxe-1-6-scale-sam-action-figure\/#primaryimage"},"thumbnailUrl":"https:\/\/madabouthorror.co.uk\/wp-content\/uploads\/2022\/10\/trt_sam_1-6.jpg","datePublished":"2022-10-06T23:31:34+00:00","dateModified":"2026-04-02T08:38:22+00:00","description":"Trick 'r' Treat Sam Deluxe 1\/6 Scale Action Figure. Stockiste officiel britannique de Trick or Treat Studios. Boutique d'objets de collection d'horreur et d'accessoires d'Halloween. Stock britannique.","breadcrumb":{"@id":"https:\/\/madabouthorror.co.uk\/product\/trick-r-treat-deluxe-1-6-scale-sam-action-figure\/#breadcrumb"},"inLanguage":"fr-FR","potentialAction":[{"@type":"ReadAction","target":["https:\/\/madabouthorror.co.uk\/product\/trick-r-treat-deluxe-1-6-scale-sam-action-figure\/"]}]},{"@type":"ImageObject","inLanguage":"fr-FR","@id":"https:\/\/madabouthorror.co.uk\/product\/trick-r-treat-deluxe-1-6-scale-sam-action-figure\/#primaryimage","url":"https:\/\/madabouthorror.co.uk\/wp-content\/uploads\/2022\/10\/trt_sam_1-6.jpg","contentUrl":"https:\/\/madabouthorror.co.uk\/wp-content\/uploads\/2022\/10\/trt_sam_1-6.jpg","width":650,"height":650,"caption":"Trick 'r' Treat Deluxe Sam Action Figure"},{"@type":"BreadcrumbList","@id":"https:\/\/madabouthorror.co.uk\/product\/trick-r-treat-deluxe-1-6-scale-sam-action-figure\/#breadcrumb","itemListElement":[{"@type":"ListItem","position":1,"name":"Shop","item":"https:\/\/madabouthorror.co.uk\/shop\/"},{"@type":"ListItem","position":2,"name":"Trick &#8216;r&#8217; Treat Sam Deluxe 1\/6 Scale Action Figure"}]},{"@type":"WebSite","@id":"https:\/\/madabouthorror.co.uk\/#website","url":"https:\/\/madabouthorror.co.uk\/","name":"L'horreur en folie","description":"","publisher":{"@id":"https:\/\/madabouthorror.co.uk\/#organization"},"alternateName":"Mad About Horror Limited","potentialAction":[{"@type":"SearchAction","target":{"@type":"EntryPoint","urlTemplate":"https:\/\/madabouthorror.co.uk\/?s={search_term_string}"},"query-input":{"@type":"PropertyValueSpecification","valueRequired":true,"valueName":"search_term_string"}}],"inLanguage":"fr-FR"},{"@type":"Organization","@id":"https:\/\/madabouthorror.co.uk\/#organization","name":"L'horreur en folie","url":"https:\/\/madabouthorror.co.uk\/","logo":{"@type":"ImageObject","inLanguage":"fr-FR","@id":"https:\/\/madabouthorror.co.uk\/#\/schema\/logo\/image\/","url":"https:\/\/madabouthorror.co.uk\/wp-content\/uploads\/2024\/02\/cropped-Logo.png","contentUrl":"https:\/\/madabouthorror.co.uk\/wp-content\/uploads\/2024\/02\/cropped-Logo.png","width":240,"height":88,"caption":"Mad About Horror"},"image":{"@id":"https:\/\/madabouthorror.co.uk\/#\/schema\/logo\/image\/"},"sameAs":["https:\/\/www.facebook.com\/madabouthorror\/","https:\/\/www.instagram.com\/madabouthorror\/","https:\/\/www.pinterest.co.uk\/madabouthorror\/","https:\/\/www.youtube.com\/channel\/UCBooLOIxjoQ89dj6T5lWm_w","https:\/\/www.tiktok.com\/@weremadabouthorror"]}]}},"df_price":187.45,"df_sale_price":"","df_regular_price":187.45,"df_image_link":"https:\/\/madabouthorror.co.uk\/wp-content\/uploads\/2022\/10\/trt_sam_1-6-300x300.jpg","_links":{"self":[{"href":"https:\/\/madabouthorror.co.uk\/fr\/wp-json\/wp\/v2\/product\/55468","targetHints":{"allow":["GET"]}}],"collection":[{"href":"https:\/\/madabouthorror.co.uk\/fr\/wp-json\/wp\/v2\/product"}],"about":[{"href":"https:\/\/madabouthorror.co.uk\/fr\/wp-json\/wp\/v2\/types\/product"}],"replies":[{"embeddable":true,"href":"https:\/\/madabouthorror.co.uk\/fr\/wp-json\/wp\/v2\/comments?post=55468"}],"wp:featuredmedia":[{"embeddable":true,"href":"https:\/\/madabouthorror.co.uk\/fr\/wp-json\/wp\/v2\/media\/55457"}],"wp:attachment":[{"href":"https:\/\/madabouthorror.co.uk\/fr\/wp-json\/wp\/v2\/media?parent=55468"}],"wp:term":[{"taxonomy":"product_brand","embeddable":true,"href":"https:\/\/madabouthorror.co.uk\/fr\/wp-json\/wp\/v2\/product_brand?post=55468"},{"taxonomy":"product_cat","embeddable":true,"href":"https:\/\/madabouthorror.co.uk\/fr\/wp-json\/wp\/v2\/product_cat?post=55468"},{"taxonomy":"product_tag","embeddable":true,"href":"https:\/\/madabouthorror.co.uk\/fr\/wp-json\/wp\/v2\/product_tag?post=55468"}],"curies":[{"name":"wp","href":"https:\/\/api.w.org\/{rel}","templated":true}]}}