{"id":55492,"date":"2022-10-09T20:56:06","date_gmt":"2022-10-09T19:56:06","guid":{"rendered":"https:\/\/mah.6bdv.ws\/product\/pig-mask-porkie\/"},"modified":"2025-08-04T12:48:28","modified_gmt":"2025-08-04T11:48:28","slug":"pig-mask-porkie","status":"publish","type":"product","link":"https:\/\/madabouthorror.co.uk\/fr\/product\/pig-mask-porkie\/","title":{"rendered":"Masque Porkie Pig"},"content":{"rendered":"<p>Masque de cochon sculpt\u00e9 et peint \u00e0 la main avec \u00e9tiquette d'oreille attach\u00e9e.<\/p>\n<p>une qualit\u00e9 et des d\u00e9tails incroyables.<\/p>\n<p>Consultez notre gamme compl\u00e8te de <a href=\"https:\/\/madabouthorror.co.uk\/fr\/c\/masks\/animal-masks\/pig-masks\/\">Masques professionnels pour porcs ici<\/a>.<\/p>","protected":false},"excerpt":{"rendered":"<p>Masque de cochon sculpt\u00e9 et peint \u00e0 la main avec \u00e9tiquette d'oreille attach\u00e9e. Qualit\u00e9 et d\u00e9tails incroyables. Consultez notre gamme compl\u00e8te de masques de cochon professionnels ici.<\/p>","protected":false},"featured_media":55489,"comment_status":"closed","ping_status":"closed","template":"","meta":{"_acf_changed":false},"product_brand":[],"product_cat":[10111,10100,10122,6542,7096,8964,6541,7101,6543,6824],"product_tag":[],"class_list":{"0":"post-55492","1":"product","2":"type-product","3":"status-publish","4":"has-post-thumbnail","6":"product_cat-animal-masks","7":"product_cat-latex-masks","8":"product_cat-pig-masks","9":"product_cat-premium-masks","10":"product_cat-dystopia-anarchy","11":"product_cat-burkbench-designs","12":"product_cat-masks","13":"product_cat-hillbilly","14":"product_cat-professional","15":"product_cat-professional-masks","16":"pa_brand-other","17":"pa_character-other","18":"pa_google_tax-e4-clothingaccessoriescostume","20":"first","21":"outofstock","22":"taxable","23":"shipping-taxable","24":"purchasable","25":"product-type-simple"},"supplier_id":467463,"supplier_sku":"","barcode":"","atum_controlled":true,"out_stock_date":"2025-07-07 17:10:21","out_stock_threshold":null,"inheritable":false,"inbound_stock":0,"stock_on_hold":0,"sold_today":0,"sales_last_days":0,"reserved_stock":0,"customer_returns":0,"warehouse_damage":0,"lost_in_post":0,"other_logs":0,"out_stock_days":297,"lost_sales":0,"has_location":false,"update_date":"2026-05-01T00:33:31","atum_locations":[],"atum_stock_status":"outofstock","restock_status":false,"low_stock_amount":"","sales_update_date":"2026-05-01T00:33:29","calc_backorders":null,"acf":[],"yoast_head":"<!-- This site is optimized with the Yoast SEO plugin v27.5 - https:\/\/yoast.com\/product\/yoast-seo-wordpress\/ -->\n<title>Deluxe Pig Mask - Halloween<\/title>\n<meta name=\"description\" content=\"Professional Range of Horror Masks, costumes and props. Buy from the UK &amp; Europe&#039;s leading Halloween supplier to the Halloween &amp; Event industries. UK stock, fast delivery.\" \/>\n<meta name=\"robots\" content=\"index, follow, max-snippet:-1, max-image-preview:large, max-video-preview:-1\" \/>\n<link rel=\"canonical\" href=\"https:\/\/madabouthorror.co.uk\/fr\/product\/pig-mask-porkie\/\" \/>\n<meta property=\"og:locale\" content=\"fr_FR\" \/>\n<meta property=\"og:type\" content=\"article\" \/>\n<meta property=\"og:title\" content=\"Deluxe Pig Mask - Halloween\" \/>\n<meta property=\"og:description\" content=\"Professional Range of Horror Masks, costumes and props. Buy from the UK &amp; Europe&#039;s leading Halloween supplier to the Halloween &amp; Event industries. UK stock, fast delivery.\" \/>\n<meta property=\"og:url\" content=\"https:\/\/madabouthorror.co.uk\/fr\/product\/pig-mask-porkie\/\" \/>\n<meta property=\"og:site_name\" content=\"Mad About Horror\" \/>\n<meta property=\"article:publisher\" content=\"https:\/\/www.facebook.com\/madabouthorror\/\" \/>\n<meta property=\"article:modified_time\" content=\"2025-08-04T11:48:28+00:00\" \/>\n<meta property=\"og:image\" content=\"https:\/\/madabouthorror.co.uk\/wp-content\/uploads\/2022\/10\/pig_mask_halloween.jpg\" \/>\n\t<meta property=\"og:image:width\" content=\"670\" \/>\n\t<meta property=\"og:image:height\" content=\"670\" \/>\n\t<meta property=\"og:image:type\" content=\"image\/jpeg\" \/>\n<meta name=\"twitter:card\" content=\"summary_large_image\" \/>\n<meta name=\"twitter:label1\" content=\"Dur\u00e9e de lecture estim\u00e9e\" \/>\n\t<meta name=\"twitter:data1\" content=\"1 minute\" \/>\n<script type=\"application\/ld+json\" class=\"yoast-schema-graph\">{\"@context\":\"https:\\\/\\\/schema.org\",\"@graph\":[{\"@type\":[\"WebPage\",\"ItemPage\"],\"@id\":\"https:\\\/\\\/madabouthorror.co.uk\\\/product\\\/pig-mask-porkie\\\/\",\"url\":\"https:\\\/\\\/madabouthorror.co.uk\\\/product\\\/pig-mask-porkie\\\/\",\"name\":\"Deluxe Pig Mask - Halloween\",\"isPartOf\":{\"@id\":\"https:\\\/\\\/madabouthorror.co.uk\\\/#website\"},\"primaryImageOfPage\":{\"@id\":\"https:\\\/\\\/madabouthorror.co.uk\\\/product\\\/pig-mask-porkie\\\/#primaryimage\"},\"image\":{\"@id\":\"https:\\\/\\\/madabouthorror.co.uk\\\/product\\\/pig-mask-porkie\\\/#primaryimage\"},\"thumbnailUrl\":\"https:\\\/\\\/madabouthorror.co.uk\\\/wp-content\\\/uploads\\\/2022\\\/10\\\/pig_mask_halloween.jpg\",\"datePublished\":\"2022-10-09T19:56:06+00:00\",\"dateModified\":\"2025-08-04T11:48:28+00:00\",\"description\":\"Professional Range of Horror Masks, costumes and props. Buy from the UK & Europe's leading Halloween supplier to the Halloween & Event industries. UK stock, fast delivery.\",\"breadcrumb\":{\"@id\":\"https:\\\/\\\/madabouthorror.co.uk\\\/product\\\/pig-mask-porkie\\\/#breadcrumb\"},\"inLanguage\":\"fr-FR\",\"potentialAction\":[{\"@type\":\"ReadAction\",\"target\":[\"https:\\\/\\\/madabouthorror.co.uk\\\/product\\\/pig-mask-porkie\\\/\"]}]},{\"@type\":\"ImageObject\",\"inLanguage\":\"fr-FR\",\"@id\":\"https:\\\/\\\/madabouthorror.co.uk\\\/product\\\/pig-mask-porkie\\\/#primaryimage\",\"url\":\"https:\\\/\\\/madabouthorror.co.uk\\\/wp-content\\\/uploads\\\/2022\\\/10\\\/pig_mask_halloween.jpg\",\"contentUrl\":\"https:\\\/\\\/madabouthorror.co.uk\\\/wp-content\\\/uploads\\\/2022\\\/10\\\/pig_mask_halloween.jpg\",\"width\":670,\"height\":670,\"caption\":\"Beetlejuice snake mask\"},{\"@type\":\"BreadcrumbList\",\"@id\":\"https:\\\/\\\/madabouthorror.co.uk\\\/product\\\/pig-mask-porkie\\\/#breadcrumb\",\"itemListElement\":[{\"@type\":\"ListItem\",\"position\":1,\"name\":\"Shop\",\"item\":\"https:\\\/\\\/madabouthorror.co.uk\\\/shop\\\/\"},{\"@type\":\"ListItem\",\"position\":2,\"name\":\"Porkie Pig Mask\"}]},{\"@type\":\"WebSite\",\"@id\":\"https:\\\/\\\/madabouthorror.co.uk\\\/#website\",\"url\":\"https:\\\/\\\/madabouthorror.co.uk\\\/\",\"name\":\"Mad About Horror\",\"description\":\"\",\"publisher\":{\"@id\":\"https:\\\/\\\/madabouthorror.co.uk\\\/#organization\"},\"alternateName\":\"Mad About Horror Limited\",\"potentialAction\":[{\"@type\":\"SearchAction\",\"target\":{\"@type\":\"EntryPoint\",\"urlTemplate\":\"https:\\\/\\\/madabouthorror.co.uk\\\/?s={search_term_string}\"},\"query-input\":{\"@type\":\"PropertyValueSpecification\",\"valueRequired\":true,\"valueName\":\"search_term_string\"}}],\"inLanguage\":\"fr-FR\"},{\"@type\":\"Organization\",\"@id\":\"https:\\\/\\\/madabouthorror.co.uk\\\/#organization\",\"name\":\"Mad About Horror\",\"url\":\"https:\\\/\\\/madabouthorror.co.uk\\\/\",\"logo\":{\"@type\":\"ImageObject\",\"inLanguage\":\"fr-FR\",\"@id\":\"https:\\\/\\\/madabouthorror.co.uk\\\/#\\\/schema\\\/logo\\\/image\\\/\",\"url\":\"https:\\\/\\\/madabouthorror.co.uk\\\/wp-content\\\/uploads\\\/2024\\\/02\\\/cropped-Logo.png\",\"contentUrl\":\"https:\\\/\\\/madabouthorror.co.uk\\\/wp-content\\\/uploads\\\/2024\\\/02\\\/cropped-Logo.png\",\"width\":240,\"height\":88,\"caption\":\"Mad About Horror\"},\"image\":{\"@id\":\"https:\\\/\\\/madabouthorror.co.uk\\\/#\\\/schema\\\/logo\\\/image\\\/\"},\"sameAs\":[\"https:\\\/\\\/www.facebook.com\\\/madabouthorror\\\/\",\"https:\\\/\\\/www.instagram.com\\\/madabouthorror\\\/\",\"https:\\\/\\\/www.pinterest.co.uk\\\/madabouthorror\\\/\",\"https:\\\/\\\/www.youtube.com\\\/channel\\\/UCBooLOIxjoQ89dj6T5lWm_w\",\"https:\\\/\\\/www.tiktok.com\\\/@weremadabouthorror\"]}]}<\/script>\n<!-- \/ Yoast SEO plugin. -->","yoast_head_json":{"title":"Masque de cochon de luxe - Halloween","description":"Gamme professionnelle de masques, costumes et accessoires d'horreur. Achetez aupr\u00e8s du premier fournisseur d'Halloween au Royaume-Uni et en Europe pour les industries de l'Halloween et de l'\u00e9v\u00e9nementiel. Stock britannique, livraison rapide.","robots":{"index":"index","follow":"follow","max-snippet":"max-snippet:-1","max-image-preview":"max-image-preview:large","max-video-preview":"max-video-preview:-1"},"canonical":"https:\/\/madabouthorror.co.uk\/fr\/product\/pig-mask-porkie\/","og_locale":"fr_FR","og_type":"article","og_title":"Deluxe Pig Mask - Halloween","og_description":"Professional Range of Horror Masks, costumes and props. Buy from the UK & Europe's leading Halloween supplier to the Halloween & Event industries. UK stock, fast delivery.","og_url":"https:\/\/madabouthorror.co.uk\/fr\/product\/pig-mask-porkie\/","og_site_name":"Mad About Horror","article_publisher":"https:\/\/www.facebook.com\/madabouthorror\/","article_modified_time":"2025-08-04T11:48:28+00:00","og_image":[{"width":670,"height":670,"url":"https:\/\/madabouthorror.co.uk\/wp-content\/uploads\/2022\/10\/pig_mask_halloween.jpg","type":"image\/jpeg"}],"twitter_card":"summary_large_image","twitter_misc":{"Dur\u00e9e de lecture estim\u00e9e":"1 minute"},"schema":{"@context":"https:\/\/schema.org","@graph":[{"@type":["WebPage","ItemPage"],"@id":"https:\/\/madabouthorror.co.uk\/product\/pig-mask-porkie\/","url":"https:\/\/madabouthorror.co.uk\/product\/pig-mask-porkie\/","name":"Masque de cochon de luxe - Halloween","isPartOf":{"@id":"https:\/\/madabouthorror.co.uk\/#website"},"primaryImageOfPage":{"@id":"https:\/\/madabouthorror.co.uk\/product\/pig-mask-porkie\/#primaryimage"},"image":{"@id":"https:\/\/madabouthorror.co.uk\/product\/pig-mask-porkie\/#primaryimage"},"thumbnailUrl":"https:\/\/madabouthorror.co.uk\/wp-content\/uploads\/2022\/10\/pig_mask_halloween.jpg","datePublished":"2022-10-09T19:56:06+00:00","dateModified":"2025-08-04T11:48:28+00:00","description":"Gamme professionnelle de masques, costumes et accessoires d'horreur. Achetez aupr\u00e8s du premier fournisseur d'Halloween au Royaume-Uni et en Europe pour les industries de l'Halloween et de l'\u00e9v\u00e9nementiel. Stock britannique, livraison rapide.","breadcrumb":{"@id":"https:\/\/madabouthorror.co.uk\/product\/pig-mask-porkie\/#breadcrumb"},"inLanguage":"fr-FR","potentialAction":[{"@type":"ReadAction","target":["https:\/\/madabouthorror.co.uk\/product\/pig-mask-porkie\/"]}]},{"@type":"ImageObject","inLanguage":"fr-FR","@id":"https:\/\/madabouthorror.co.uk\/product\/pig-mask-porkie\/#primaryimage","url":"https:\/\/madabouthorror.co.uk\/wp-content\/uploads\/2022\/10\/pig_mask_halloween.jpg","contentUrl":"https:\/\/madabouthorror.co.uk\/wp-content\/uploads\/2022\/10\/pig_mask_halloween.jpg","width":670,"height":670,"caption":"Beetlejuice snake mask"},{"@type":"BreadcrumbList","@id":"https:\/\/madabouthorror.co.uk\/product\/pig-mask-porkie\/#breadcrumb","itemListElement":[{"@type":"ListItem","position":1,"name":"Shop","item":"https:\/\/madabouthorror.co.uk\/shop\/"},{"@type":"ListItem","position":2,"name":"Porkie Pig Mask"}]},{"@type":"WebSite","@id":"https:\/\/madabouthorror.co.uk\/#website","url":"https:\/\/madabouthorror.co.uk\/","name":"L'horreur en folie","description":"","publisher":{"@id":"https:\/\/madabouthorror.co.uk\/#organization"},"alternateName":"Mad About Horror Limited","potentialAction":[{"@type":"SearchAction","target":{"@type":"EntryPoint","urlTemplate":"https:\/\/madabouthorror.co.uk\/?s={search_term_string}"},"query-input":{"@type":"PropertyValueSpecification","valueRequired":true,"valueName":"search_term_string"}}],"inLanguage":"fr-FR"},{"@type":"Organization","@id":"https:\/\/madabouthorror.co.uk\/#organization","name":"L'horreur en folie","url":"https:\/\/madabouthorror.co.uk\/","logo":{"@type":"ImageObject","inLanguage":"fr-FR","@id":"https:\/\/madabouthorror.co.uk\/#\/schema\/logo\/image\/","url":"https:\/\/madabouthorror.co.uk\/wp-content\/uploads\/2024\/02\/cropped-Logo.png","contentUrl":"https:\/\/madabouthorror.co.uk\/wp-content\/uploads\/2024\/02\/cropped-Logo.png","width":240,"height":88,"caption":"Mad About Horror"},"image":{"@id":"https:\/\/madabouthorror.co.uk\/#\/schema\/logo\/image\/"},"sameAs":["https:\/\/www.facebook.com\/madabouthorror\/","https:\/\/www.instagram.com\/madabouthorror\/","https:\/\/www.pinterest.co.uk\/madabouthorror\/","https:\/\/www.youtube.com\/channel\/UCBooLOIxjoQ89dj6T5lWm_w","https:\/\/www.tiktok.com\/@weremadabouthorror"]}]}},"df_price":199.95,"df_sale_price":"","df_regular_price":199.95,"df_image_link":"https:\/\/madabouthorror.co.uk\/wp-content\/uploads\/2022\/10\/pig_mask_halloween-300x300.jpg","_links":{"self":[{"href":"https:\/\/madabouthorror.co.uk\/fr\/wp-json\/wp\/v2\/product\/55492","targetHints":{"allow":["GET"]}}],"collection":[{"href":"https:\/\/madabouthorror.co.uk\/fr\/wp-json\/wp\/v2\/product"}],"about":[{"href":"https:\/\/madabouthorror.co.uk\/fr\/wp-json\/wp\/v2\/types\/product"}],"replies":[{"embeddable":true,"href":"https:\/\/madabouthorror.co.uk\/fr\/wp-json\/wp\/v2\/comments?post=55492"}],"wp:featuredmedia":[{"embeddable":true,"href":"https:\/\/madabouthorror.co.uk\/fr\/wp-json\/wp\/v2\/media\/55489"}],"wp:attachment":[{"href":"https:\/\/madabouthorror.co.uk\/fr\/wp-json\/wp\/v2\/media?parent=55492"}],"wp:term":[{"taxonomy":"product_brand","embeddable":true,"href":"https:\/\/madabouthorror.co.uk\/fr\/wp-json\/wp\/v2\/product_brand?post=55492"},{"taxonomy":"product_cat","embeddable":true,"href":"https:\/\/madabouthorror.co.uk\/fr\/wp-json\/wp\/v2\/product_cat?post=55492"},{"taxonomy":"product_tag","embeddable":true,"href":"https:\/\/madabouthorror.co.uk\/fr\/wp-json\/wp\/v2\/product_tag?post=55492"}],"curies":[{"name":"wp","href":"https:\/\/api.w.org\/{rel}","templated":true}]}}