{"id":556152,"date":"2025-09-19T14:59:23","date_gmt":"2025-09-19T13:59:23","guid":{"rendered":"https:\/\/madabouthorror.co.uk\/?post_type=product&#038;p=556152"},"modified":"2026-04-20T13:43:07","modified_gmt":"2026-04-20T12:43:07","slug":"the-strangers-chapter-1-scarecrow-mask","status":"publish","type":"product","link":"https:\/\/madabouthorror.co.uk\/fr\/product\/the-strangers-chapter-1-scarecrow-mask\/","title":{"rendered":"The Strangers Chapitre 1 - Le masque de l'\u00e9pouvantail"},"content":{"rendered":"<p>Faites vivre la peur avec <em data-start=\"190\" data-end=\"231\">Les \u00c9trangers : Chapitre 1 Masque d'\u00c9pouvantail<\/em> de Trick or Treat Studios. Officiellement sous licence et fabriqu\u00e9e en latex de haute qualit\u00e9, ce masque capture chaque d\u00e9tail effrayant de l'apparence hantante de l'\u00c9pouvantail. Il est flexible, durable et confortable \u00e0 porter - parfait pour la nuit d'Halloween ou pour \u00eatre expos\u00e9 dans toute collection d'horreur. Que vous vous d\u00e9guisiez ou que vous l'exposiez, ce masque fid\u00e8le au film est un incontournable pour les fans de <em data-start=\"603\" data-end=\"618\">Les \u00e9trangers<\/em>.<\/p>","protected":false},"excerpt":{"rendered":"<p>Donnez vie \u00e0 la peur avec le masque d'\u00e9pouvantail de \"The Strangers : Chapitre 1\" de Trick or Treat Studios. Officiellement sous licence et fabriqu\u00e9 en latex de haute qualit\u00e9, ce masque capture chaque d\u00e9tail inqui\u00e9tant du look saisissant de l'\u00c9pouvantail. Il est souple, r\u00e9sistant et confortable \u00e0 porter \u2013 parfait pour la nuit d'Halloween ou pour \u00eatre expos\u00e9 dans toute collection d'objets d'horreur. Que vous vous d\u00e9guisiez [\u2026]<\/p>","protected":false},"featured_media":561840,"comment_status":"closed","ping_status":"closed","template":"","meta":{"_acf_changed":false},"product_brand":[],"product_cat":[6580,10038,9962,6541,6817,6792,6709],"product_tag":[],"class_list":{"0":"post-556152","1":"product","2":"type-product","3":"status-publish","4":"has-post-thumbnail","6":"product_cat-movie-tv","7":"product_cat-horror-gifts","8":"product_cat-trick-or-treat-studios-masks","9":"product_cat-masks","10":"product_cat-masks-scarecrows-pumpkins","11":"product_cat-trick-or-treat-studios","12":"product_cat-thestrangers","13":"product_shipping_class-small-parcel-economy-3-5-business-days","15":"first","16":"outofstock","17":"taxable","18":"shipping-taxable","19":"purchasable","20":"product-type-simple"},"supplier_id":471029,"supplier_sku":"TTLG131","barcode":"810116285334","atum_controlled":true,"out_stock_date":"2026-02-17 23:36:25","out_stock_threshold":null,"inheritable":false,"inbound_stock":0,"stock_on_hold":0,"sold_today":0,"sales_last_days":0,"reserved_stock":0,"customer_returns":0,"warehouse_damage":0,"lost_in_post":0,"other_logs":0,"out_stock_days":64,"lost_sales":1095,"has_location":false,"update_date":"2026-04-23T01:38:01","atum_locations":[],"atum_stock_status":"outofstock","restock_status":false,"low_stock_amount":12,"sales_update_date":"2026-04-23T01:37:59","calc_backorders":null,"acf":[],"yoast_head":"<!-- This site is optimized with the Yoast SEO plugin v27.4 - https:\/\/yoast.com\/product\/yoast-seo-wordpress\/ -->\n<title>The Strangers Chapter 1 - Scarecrow Mask | Mad About Horror<\/title>\n<meta name=\"description\" content=\"The Strangers: Chapter 1 - Scarecrow Mask. Official UK Stockist of Trick or Treat Studios. Shop Horror collectibles and Halloween props. UK Stock.\" \/>\n<meta name=\"robots\" content=\"index, follow, max-snippet:-1, max-image-preview:large, max-video-preview:-1\" \/>\n<link rel=\"canonical\" href=\"https:\/\/madabouthorror.co.uk\/fr\/product\/the-strangers-chapter-1-scarecrow-mask\/\" \/>\n<meta property=\"og:locale\" content=\"fr_FR\" \/>\n<meta property=\"og:type\" content=\"article\" \/>\n<meta property=\"og:title\" content=\"The Strangers Chapter 1 - Scarecrow Mask | Mad About Horror\" \/>\n<meta property=\"og:description\" content=\"The Strangers: Chapter 1 - Scarecrow Mask. Official UK Stockist of Trick or Treat Studios. Shop Horror collectibles and Halloween props. UK Stock.\" \/>\n<meta property=\"og:url\" content=\"https:\/\/madabouthorror.co.uk\/fr\/product\/the-strangers-chapter-1-scarecrow-mask\/\" \/>\n<meta property=\"og:site_name\" content=\"Mad About Horror\" \/>\n<meta property=\"article:publisher\" content=\"https:\/\/www.facebook.com\/madabouthorror\/\" \/>\n<meta property=\"article:modified_time\" content=\"2026-04-20T12:43:07+00:00\" \/>\n<meta property=\"og:image\" content=\"https:\/\/madabouthorror.co.uk\/wp-content\/uploads\/2025\/09\/1-8.jpg\" \/>\n\t<meta property=\"og:image:width\" content=\"1500\" \/>\n\t<meta property=\"og:image:height\" content=\"1500\" \/>\n\t<meta property=\"og:image:type\" content=\"image\/jpeg\" \/>\n<meta name=\"twitter:card\" content=\"summary_large_image\" \/>\n<meta name=\"twitter:label1\" content=\"Dur\u00e9e de lecture estim\u00e9e\" \/>\n\t<meta name=\"twitter:data1\" content=\"1 minute\" \/>\n<script type=\"application\/ld+json\" class=\"yoast-schema-graph\">{\"@context\":\"https:\\\/\\\/schema.org\",\"@graph\":[{\"@type\":[\"WebPage\",\"ItemPage\"],\"@id\":\"https:\\\/\\\/madabouthorror.co.uk\\\/product\\\/the-strangers-chapter-1-scarecrow-mask\\\/\",\"url\":\"https:\\\/\\\/madabouthorror.co.uk\\\/product\\\/the-strangers-chapter-1-scarecrow-mask\\\/\",\"name\":\"The Strangers Chapter 1 - Scarecrow Mask | Mad About Horror\",\"isPartOf\":{\"@id\":\"https:\\\/\\\/madabouthorror.co.uk\\\/#website\"},\"primaryImageOfPage\":{\"@id\":\"https:\\\/\\\/madabouthorror.co.uk\\\/product\\\/the-strangers-chapter-1-scarecrow-mask\\\/#primaryimage\"},\"image\":{\"@id\":\"https:\\\/\\\/madabouthorror.co.uk\\\/product\\\/the-strangers-chapter-1-scarecrow-mask\\\/#primaryimage\"},\"thumbnailUrl\":\"https:\\\/\\\/madabouthorror.co.uk\\\/wp-content\\\/uploads\\\/2025\\\/09\\\/1-8.jpg\",\"datePublished\":\"2025-09-19T13:59:23+00:00\",\"dateModified\":\"2026-04-20T12:43:07+00:00\",\"description\":\"The Strangers: Chapter 1 - Scarecrow Mask. Official UK Stockist of Trick or Treat Studios. Shop Horror collectibles and Halloween props. UK Stock.\",\"breadcrumb\":{\"@id\":\"https:\\\/\\\/madabouthorror.co.uk\\\/product\\\/the-strangers-chapter-1-scarecrow-mask\\\/#breadcrumb\"},\"inLanguage\":\"fr-FR\",\"potentialAction\":[{\"@type\":\"ReadAction\",\"target\":[\"https:\\\/\\\/madabouthorror.co.uk\\\/product\\\/the-strangers-chapter-1-scarecrow-mask\\\/\"]}]},{\"@type\":\"ImageObject\",\"inLanguage\":\"fr-FR\",\"@id\":\"https:\\\/\\\/madabouthorror.co.uk\\\/product\\\/the-strangers-chapter-1-scarecrow-mask\\\/#primaryimage\",\"url\":\"https:\\\/\\\/madabouthorror.co.uk\\\/wp-content\\\/uploads\\\/2025\\\/09\\\/1-8.jpg\",\"contentUrl\":\"https:\\\/\\\/madabouthorror.co.uk\\\/wp-content\\\/uploads\\\/2025\\\/09\\\/1-8.jpg\",\"width\":1500,\"height\":1500,\"caption\":\"The Strangers Scarecrow Mask\"},{\"@type\":\"BreadcrumbList\",\"@id\":\"https:\\\/\\\/madabouthorror.co.uk\\\/product\\\/the-strangers-chapter-1-scarecrow-mask\\\/#breadcrumb\",\"itemListElement\":[{\"@type\":\"ListItem\",\"position\":1,\"name\":\"Shop\",\"item\":\"https:\\\/\\\/madabouthorror.co.uk\\\/shop\\\/\"},{\"@type\":\"ListItem\",\"position\":2,\"name\":\"The Strangers Chapter 1 &#8211; Scarecrow Mask\"}]},{\"@type\":\"WebSite\",\"@id\":\"https:\\\/\\\/madabouthorror.co.uk\\\/#website\",\"url\":\"https:\\\/\\\/madabouthorror.co.uk\\\/\",\"name\":\"Mad About Horror\",\"description\":\"\",\"publisher\":{\"@id\":\"https:\\\/\\\/madabouthorror.co.uk\\\/#organization\"},\"alternateName\":\"Mad About Horror Limited\",\"potentialAction\":[{\"@type\":\"SearchAction\",\"target\":{\"@type\":\"EntryPoint\",\"urlTemplate\":\"https:\\\/\\\/madabouthorror.co.uk\\\/?s={search_term_string}\"},\"query-input\":{\"@type\":\"PropertyValueSpecification\",\"valueRequired\":true,\"valueName\":\"search_term_string\"}}],\"inLanguage\":\"fr-FR\"},{\"@type\":\"Organization\",\"@id\":\"https:\\\/\\\/madabouthorror.co.uk\\\/#organization\",\"name\":\"Mad About Horror\",\"url\":\"https:\\\/\\\/madabouthorror.co.uk\\\/\",\"logo\":{\"@type\":\"ImageObject\",\"inLanguage\":\"fr-FR\",\"@id\":\"https:\\\/\\\/madabouthorror.co.uk\\\/#\\\/schema\\\/logo\\\/image\\\/\",\"url\":\"https:\\\/\\\/madabouthorror.co.uk\\\/wp-content\\\/uploads\\\/2024\\\/02\\\/cropped-Logo.png\",\"contentUrl\":\"https:\\\/\\\/madabouthorror.co.uk\\\/wp-content\\\/uploads\\\/2024\\\/02\\\/cropped-Logo.png\",\"width\":240,\"height\":88,\"caption\":\"Mad About Horror\"},\"image\":{\"@id\":\"https:\\\/\\\/madabouthorror.co.uk\\\/#\\\/schema\\\/logo\\\/image\\\/\"},\"sameAs\":[\"https:\\\/\\\/www.facebook.com\\\/madabouthorror\\\/\",\"https:\\\/\\\/www.instagram.com\\\/madabouthorror\\\/\",\"https:\\\/\\\/www.pinterest.co.uk\\\/madabouthorror\\\/\",\"https:\\\/\\\/www.youtube.com\\\/channel\\\/UCBooLOIxjoQ89dj6T5lWm_w\",\"https:\\\/\\\/www.tiktok.com\\\/@weremadabouthorror\"]}]}<\/script>\n<!-- \/ Yoast SEO plugin. -->","yoast_head_json":{"title":"Les \u00c9trangers Chapitre 1 - Masque d'\u00c9pouvantail | Mad About Horror","description":"The Strangers: Chapter 1 - Masque d'\u00e9pouvantail. Revendeur officiel Trick or Treat Studios au Royaume-Uni. Achetez des objets de collection d'horreur et des accessoires d'Halloween. Stock au Royaume-Uni.","robots":{"index":"index","follow":"follow","max-snippet":"max-snippet:-1","max-image-preview":"max-image-preview:large","max-video-preview":"max-video-preview:-1"},"canonical":"https:\/\/madabouthorror.co.uk\/fr\/product\/the-strangers-chapter-1-scarecrow-mask\/","og_locale":"fr_FR","og_type":"article","og_title":"The Strangers Chapter 1 - Scarecrow Mask | Mad About Horror","og_description":"The Strangers: Chapter 1 - Scarecrow Mask. Official UK Stockist of Trick or Treat Studios. Shop Horror collectibles and Halloween props. UK Stock.","og_url":"https:\/\/madabouthorror.co.uk\/fr\/product\/the-strangers-chapter-1-scarecrow-mask\/","og_site_name":"Mad About Horror","article_publisher":"https:\/\/www.facebook.com\/madabouthorror\/","article_modified_time":"2026-04-20T12:43:07+00:00","og_image":[{"width":1500,"height":1500,"url":"https:\/\/madabouthorror.co.uk\/wp-content\/uploads\/2025\/09\/1-8.jpg","type":"image\/jpeg"}],"twitter_card":"summary_large_image","twitter_misc":{"Dur\u00e9e de lecture estim\u00e9e":"1 minute"},"schema":{"@context":"https:\/\/schema.org","@graph":[{"@type":["WebPage","ItemPage"],"@id":"https:\/\/madabouthorror.co.uk\/product\/the-strangers-chapter-1-scarecrow-mask\/","url":"https:\/\/madabouthorror.co.uk\/product\/the-strangers-chapter-1-scarecrow-mask\/","name":"Les \u00c9trangers Chapitre 1 - Masque d'\u00c9pouvantail | Mad About Horror","isPartOf":{"@id":"https:\/\/madabouthorror.co.uk\/#website"},"primaryImageOfPage":{"@id":"https:\/\/madabouthorror.co.uk\/product\/the-strangers-chapter-1-scarecrow-mask\/#primaryimage"},"image":{"@id":"https:\/\/madabouthorror.co.uk\/product\/the-strangers-chapter-1-scarecrow-mask\/#primaryimage"},"thumbnailUrl":"https:\/\/madabouthorror.co.uk\/wp-content\/uploads\/2025\/09\/1-8.jpg","datePublished":"2025-09-19T13:59:23+00:00","dateModified":"2026-04-20T12:43:07+00:00","description":"The Strangers: Chapter 1 - Masque d'\u00e9pouvantail. Revendeur officiel Trick or Treat Studios au Royaume-Uni. Achetez des objets de collection d'horreur et des accessoires d'Halloween. Stock au Royaume-Uni.","breadcrumb":{"@id":"https:\/\/madabouthorror.co.uk\/product\/the-strangers-chapter-1-scarecrow-mask\/#breadcrumb"},"inLanguage":"fr-FR","potentialAction":[{"@type":"ReadAction","target":["https:\/\/madabouthorror.co.uk\/product\/the-strangers-chapter-1-scarecrow-mask\/"]}]},{"@type":"ImageObject","inLanguage":"fr-FR","@id":"https:\/\/madabouthorror.co.uk\/product\/the-strangers-chapter-1-scarecrow-mask\/#primaryimage","url":"https:\/\/madabouthorror.co.uk\/wp-content\/uploads\/2025\/09\/1-8.jpg","contentUrl":"https:\/\/madabouthorror.co.uk\/wp-content\/uploads\/2025\/09\/1-8.jpg","width":1500,"height":1500,"caption":"The Strangers Scarecrow Mask"},{"@type":"BreadcrumbList","@id":"https:\/\/madabouthorror.co.uk\/product\/the-strangers-chapter-1-scarecrow-mask\/#breadcrumb","itemListElement":[{"@type":"ListItem","position":1,"name":"Shop","item":"https:\/\/madabouthorror.co.uk\/shop\/"},{"@type":"ListItem","position":2,"name":"The Strangers Chapter 1 &#8211; Scarecrow Mask"}]},{"@type":"WebSite","@id":"https:\/\/madabouthorror.co.uk\/#website","url":"https:\/\/madabouthorror.co.uk\/","name":"L'horreur en folie","description":"","publisher":{"@id":"https:\/\/madabouthorror.co.uk\/#organization"},"alternateName":"Mad About Horror Limited","potentialAction":[{"@type":"SearchAction","target":{"@type":"EntryPoint","urlTemplate":"https:\/\/madabouthorror.co.uk\/?s={search_term_string}"},"query-input":{"@type":"PropertyValueSpecification","valueRequired":true,"valueName":"search_term_string"}}],"inLanguage":"fr-FR"},{"@type":"Organization","@id":"https:\/\/madabouthorror.co.uk\/#organization","name":"L'horreur en folie","url":"https:\/\/madabouthorror.co.uk\/","logo":{"@type":"ImageObject","inLanguage":"fr-FR","@id":"https:\/\/madabouthorror.co.uk\/#\/schema\/logo\/image\/","url":"https:\/\/madabouthorror.co.uk\/wp-content\/uploads\/2024\/02\/cropped-Logo.png","contentUrl":"https:\/\/madabouthorror.co.uk\/wp-content\/uploads\/2024\/02\/cropped-Logo.png","width":240,"height":88,"caption":"Mad About Horror"},"image":{"@id":"https:\/\/madabouthorror.co.uk\/#\/schema\/logo\/image\/"},"sameAs":["https:\/\/www.facebook.com\/madabouthorror\/","https:\/\/www.instagram.com\/madabouthorror\/","https:\/\/www.pinterest.co.uk\/madabouthorror\/","https:\/\/www.youtube.com\/channel\/UCBooLOIxjoQ89dj6T5lWm_w","https:\/\/www.tiktok.com\/@weremadabouthorror"]}]}},"df_price":41.62,"df_sale_price":"","df_regular_price":41.62,"df_image_link":"https:\/\/madabouthorror.co.uk\/wp-content\/uploads\/2025\/09\/1-8-300x300.jpg","_links":{"self":[{"href":"https:\/\/madabouthorror.co.uk\/fr\/wp-json\/wp\/v2\/product\/556152","targetHints":{"allow":["GET"]}}],"collection":[{"href":"https:\/\/madabouthorror.co.uk\/fr\/wp-json\/wp\/v2\/product"}],"about":[{"href":"https:\/\/madabouthorror.co.uk\/fr\/wp-json\/wp\/v2\/types\/product"}],"replies":[{"embeddable":true,"href":"https:\/\/madabouthorror.co.uk\/fr\/wp-json\/wp\/v2\/comments?post=556152"}],"wp:featuredmedia":[{"embeddable":true,"href":"https:\/\/madabouthorror.co.uk\/fr\/wp-json\/wp\/v2\/media\/561840"}],"wp:attachment":[{"href":"https:\/\/madabouthorror.co.uk\/fr\/wp-json\/wp\/v2\/media?parent=556152"}],"wp:term":[{"taxonomy":"product_brand","embeddable":true,"href":"https:\/\/madabouthorror.co.uk\/fr\/wp-json\/wp\/v2\/product_brand?post=556152"},{"taxonomy":"product_cat","embeddable":true,"href":"https:\/\/madabouthorror.co.uk\/fr\/wp-json\/wp\/v2\/product_cat?post=556152"},{"taxonomy":"product_tag","embeddable":true,"href":"https:\/\/madabouthorror.co.uk\/fr\/wp-json\/wp\/v2\/product_tag?post=556152"}],"curies":[{"name":"wp","href":"https:\/\/api.w.org\/{rel}","templated":true}]}}