{"id":56118,"date":"2022-11-21T13:45:34","date_gmt":"2022-11-21T13:45:34","guid":{"rendered":"https:\/\/mah.6bdv.ws\/product\/it-pennywise-premium-scale-doll\/"},"modified":"2026-04-02T09:38:39","modified_gmt":"2026-04-02T08:38:39","slug":"it-pennywise-premium-scale-doll","status":"publish","type":"product","link":"https:\/\/madabouthorror.co.uk\/fr\/product\/it-pennywise-premium-scale-doll\/","title":{"rendered":"IT Poup\u00e9e Pennywise \u00e0 l'\u00e9chelle 1"},"content":{"rendered":"<p>Donnez vie \u00e0 la terreur de Pennywise avec la poup\u00e9e officielle IT Pennywise Premium Scale Doll de Trick or Treat Studios. Sculpt\u00e9e par Mark Anthony, cette impressionnante poup\u00e9e mesure 50\u2033, ce qui donne froid dans le dos. Elle est faite d'une mousse souple et flexible qui entoure un cadre en aluminium solide et facile \u00e0 poser. V\u00eatue de v\u00eatements et de chaussures tr\u00e8s d\u00e9taill\u00e9s, la poup\u00e9e pr\u00e9sente une peinture m\u00e9ticuleusement r\u00e9alis\u00e9e. Elle est emball\u00e9e dans une bo\u00eete \u00e0 fen\u00eatre \u00e0 th\u00e8me pour plus d'effroi.<\/p>\n<p>Pr\u00e9parez-vous \u00e0 terrifier vos amis et \u00e0 faire une d\u00e9claration audacieuse \u00e0 l'occasion d'Halloween avec la poup\u00e9e Pennywise Premium Scale Doll de IT !<\/p>\n<p><strong>CLAUSE DE NON-RESPONSABILIT\u00c9 - \u00c0 LIRE<\/strong><\/p>\n<p>Bien que nous fassions de notre mieux pour emballer avec soin, nous ne pouvons pas garantir que la bo\u00eete arrivera intacte lors de l'exp\u00e9dition.<span class=\"Apple-converted-space\">\u00a0 <\/span>Les poup\u00e9es sont vendues \u00e0 l'\u00e9tranger et nous ne sommes pas en mesure de les remplacer ou de traiter les demandes d'indemnisation pour ce type de dommages. D'apr\u00e8s notre exp\u00e9rience, nous avons constat\u00e9 que les poup\u00e9es elles-m\u00eames n'\u00e9taient g\u00e9n\u00e9ralement pas endommag\u00e9es.<\/p>\n<p>Si l'\u00e9tat de la bo\u00eete est important pour vous, vous pouvez donc vous demander s'il s'agit d'un achat appropri\u00e9 pour vous.<\/p>\n<p><strong>A noter<\/strong> Ces r\u00e9pliques \u00e0 l'\u00e9chelle 1:1 sont des pi\u00e8ces de collection. Elles sont dot\u00e9es d'un cadre en fil de fer flexible et d'une couche de mousse dense pour le corps, con\u00e7ue pour des poses d\u00e9licates. Des poses r\u00e9p\u00e9t\u00e9es ou extr\u00eames peuvent provoquer des d\u00e9chirures dans la mousse. Ces d\u00e9chirures n'acc\u00e9l\u00e8rent cependant pas la d\u00e9t\u00e9rioration de la mousse et ne sont pas consid\u00e9r\u00e9es comme un probl\u00e8me structurel.<\/p>\n<p><em>Veuillez noter que la poup\u00e9e IT Pennywise Premium Scale Doll ne tient pas debout sans support.<\/em><\/p>\n<p><em>IT et tous les personnages et \u00e9l\u00e9ments associ\u00e9s \u00a9 &amp; TM Warner Bros. Entertainment Inc.<\/em><\/p>","protected":false},"excerpt":{"rendered":"<p>Donnez vie \u00e0 la terreur de Pennywise avec la poup\u00e9e officielle IT Pennywise Premium Scale Doll de Trick or Treat Studios. Sculpt\u00e9e par Mark Anthony, cette impressionnante poup\u00e9e mesure 50\u2033, ce qui donne froid dans le dos. Elle est faite d'une mousse douce et flexible qui entoure un cadre en aluminium robuste qui permet de prendre des poses. Habill\u00e9e de v\u00eatements et de chaussures tr\u00e8s d\u00e9taill\u00e9s, [...]<\/p>","protected":false},"featured_media":56108,"comment_status":"closed","ping_status":"closed","template":"","meta":{"_acf_changed":false},"product_brand":[],"product_cat":[10129,10076,10093,9946,6537,10107,10038,6547,6788,6728,6792,6669],"product_tag":[],"class_list":{"0":"post-56118","1":"product","2":"type-product","3":"status-publish","4":"has-post-thumbnail","6":"product_cat-main-gift","7":"product_cat-replica-dolls-props","8":"product_cat-indoor-halloween-decorations","9":"product_cat-replica-dolls","10":"product_cat-collectibles","11":"product_cat-licensed-halloween-decorations","12":"product_cat-horror-gifts","13":"product_cat-decorations","14":"product_cat-pennywise","15":"product_cat-premium","16":"product_cat-trick-or-treat-studios","17":"product_cat-itpennywise","18":"product_shipping_class-eu-bulky-prop","20":"first","21":"outofstock","22":"taxable","23":"shipping-taxable","24":"purchasable","25":"product-type-simple"},"supplier_id":471030,"supplier_sku":"MAWB101","barcode":"811501038290","atum_controlled":true,"out_stock_date":"2026-04-01 23:29:09","out_stock_threshold":null,"inheritable":false,"inbound_stock":30,"stock_on_hold":0,"sold_today":0,"sales_last_days":1,"reserved_stock":0,"customer_returns":0,"warehouse_damage":0,"lost_in_post":0,"other_logs":0,"out_stock_days":5,"lost_sales":514,"has_location":false,"update_date":"2026-04-07T01:24:20","atum_locations":[],"atum_stock_status":"outofstock","restock_status":false,"low_stock_amount":2,"sales_update_date":"2026-04-07T01:24:19","calc_backorders":null,"acf":[],"yoast_head":"<!-- This site is optimized with the Yoast SEO plugin v27.3 - https:\/\/yoast.com\/product\/yoast-seo-wordpress\/ -->\n<title>IT - Pennywise Premium Scale Doll | Mad About Horror<\/title>\n<meta name=\"description\" content=\"The Official IT Pennywise Premium Scale Doll from Trick or Treat Studios. Shop collectibles, licensed masks, replica props and one to one scale dolls.\" \/>\n<meta name=\"robots\" content=\"index, follow, max-snippet:-1, max-image-preview:large, max-video-preview:-1\" \/>\n<link rel=\"canonical\" href=\"https:\/\/madabouthorror.co.uk\/fr\/product\/it-pennywise-premium-scale-doll\/\" \/>\n<meta property=\"og:locale\" content=\"fr_FR\" \/>\n<meta property=\"og:type\" content=\"article\" \/>\n<meta property=\"og:title\" content=\"IT - Pennywise Premium Scale Doll | Mad About Horror\" \/>\n<meta property=\"og:description\" content=\"The Official IT Pennywise Premium Scale Doll from Trick or Treat Studios. Shop collectibles, licensed masks, replica props and one to one scale dolls.\" \/>\n<meta property=\"og:url\" content=\"https:\/\/madabouthorror.co.uk\/fr\/product\/it-pennywise-premium-scale-doll\/\" \/>\n<meta property=\"og:site_name\" content=\"Mad About Horror\" \/>\n<meta property=\"article:publisher\" content=\"https:\/\/www.facebook.com\/madabouthorror\/\" \/>\n<meta property=\"article:modified_time\" content=\"2026-04-02T08:38:39+00:00\" \/>\n<meta property=\"og:image\" content=\"https:\/\/madabouthorror.co.uk\/wp-content\/uploads\/2022\/11\/it_pennywise_replica_doll_trick_or_treat_studios.jpg\" \/>\n\t<meta property=\"og:image:width\" content=\"670\" \/>\n\t<meta property=\"og:image:height\" content=\"670\" \/>\n\t<meta property=\"og:image:type\" content=\"image\/jpeg\" \/>\n<meta name=\"twitter:card\" content=\"summary_large_image\" \/>\n<meta name=\"twitter:label1\" content=\"Dur\u00e9e de lecture estim\u00e9e\" \/>\n\t<meta name=\"twitter:data1\" content=\"2 minutes\" \/>\n<script type=\"application\/ld+json\" class=\"yoast-schema-graph\">{\"@context\":\"https:\\\/\\\/schema.org\",\"@graph\":[{\"@type\":[\"WebPage\",\"ItemPage\"],\"@id\":\"https:\\\/\\\/madabouthorror.co.uk\\\/product\\\/it-pennywise-premium-scale-doll\\\/\",\"url\":\"https:\\\/\\\/madabouthorror.co.uk\\\/product\\\/it-pennywise-premium-scale-doll\\\/\",\"name\":\"IT - Pennywise Premium Scale Doll | Mad About Horror\",\"isPartOf\":{\"@id\":\"https:\\\/\\\/madabouthorror.co.uk\\\/#website\"},\"primaryImageOfPage\":{\"@id\":\"https:\\\/\\\/madabouthorror.co.uk\\\/product\\\/it-pennywise-premium-scale-doll\\\/#primaryimage\"},\"image\":{\"@id\":\"https:\\\/\\\/madabouthorror.co.uk\\\/product\\\/it-pennywise-premium-scale-doll\\\/#primaryimage\"},\"thumbnailUrl\":\"https:\\\/\\\/madabouthorror.co.uk\\\/wp-content\\\/uploads\\\/2022\\\/11\\\/it_pennywise_replica_doll_trick_or_treat_studios.jpg\",\"datePublished\":\"2022-11-21T13:45:34+00:00\",\"dateModified\":\"2026-04-02T08:38:39+00:00\",\"description\":\"The Official IT Pennywise Premium Scale Doll from Trick or Treat Studios. Shop collectibles, licensed masks, replica props and one to one scale dolls.\",\"breadcrumb\":{\"@id\":\"https:\\\/\\\/madabouthorror.co.uk\\\/product\\\/it-pennywise-premium-scale-doll\\\/#breadcrumb\"},\"inLanguage\":\"fr-FR\",\"potentialAction\":[{\"@type\":\"ReadAction\",\"target\":[\"https:\\\/\\\/madabouthorror.co.uk\\\/product\\\/it-pennywise-premium-scale-doll\\\/\"]}]},{\"@type\":\"ImageObject\",\"inLanguage\":\"fr-FR\",\"@id\":\"https:\\\/\\\/madabouthorror.co.uk\\\/product\\\/it-pennywise-premium-scale-doll\\\/#primaryimage\",\"url\":\"https:\\\/\\\/madabouthorror.co.uk\\\/wp-content\\\/uploads\\\/2022\\\/11\\\/it_pennywise_replica_doll_trick_or_treat_studios.jpg\",\"contentUrl\":\"https:\\\/\\\/madabouthorror.co.uk\\\/wp-content\\\/uploads\\\/2022\\\/11\\\/it_pennywise_replica_doll_trick_or_treat_studios.jpg\",\"width\":670,\"height\":670,\"caption\":\"IT Pennywise Premium Scale Doll - Trick or Treat Studios\"},{\"@type\":\"BreadcrumbList\",\"@id\":\"https:\\\/\\\/madabouthorror.co.uk\\\/product\\\/it-pennywise-premium-scale-doll\\\/#breadcrumb\",\"itemListElement\":[{\"@type\":\"ListItem\",\"position\":1,\"name\":\"Shop\",\"item\":\"https:\\\/\\\/madabouthorror.co.uk\\\/shop\\\/\"},{\"@type\":\"ListItem\",\"position\":2,\"name\":\"IT Pennywise Premium Scale Doll\"}]},{\"@type\":\"WebSite\",\"@id\":\"https:\\\/\\\/madabouthorror.co.uk\\\/#website\",\"url\":\"https:\\\/\\\/madabouthorror.co.uk\\\/\",\"name\":\"Mad About Horror\",\"description\":\"\",\"publisher\":{\"@id\":\"https:\\\/\\\/madabouthorror.co.uk\\\/#organization\"},\"alternateName\":\"Mad About Horror Limited\",\"potentialAction\":[{\"@type\":\"SearchAction\",\"target\":{\"@type\":\"EntryPoint\",\"urlTemplate\":\"https:\\\/\\\/madabouthorror.co.uk\\\/?s={search_term_string}\"},\"query-input\":{\"@type\":\"PropertyValueSpecification\",\"valueRequired\":true,\"valueName\":\"search_term_string\"}}],\"inLanguage\":\"fr-FR\"},{\"@type\":\"Organization\",\"@id\":\"https:\\\/\\\/madabouthorror.co.uk\\\/#organization\",\"name\":\"Mad About Horror\",\"url\":\"https:\\\/\\\/madabouthorror.co.uk\\\/\",\"logo\":{\"@type\":\"ImageObject\",\"inLanguage\":\"fr-FR\",\"@id\":\"https:\\\/\\\/madabouthorror.co.uk\\\/#\\\/schema\\\/logo\\\/image\\\/\",\"url\":\"https:\\\/\\\/madabouthorror.co.uk\\\/wp-content\\\/uploads\\\/2024\\\/02\\\/cropped-Logo.png\",\"contentUrl\":\"https:\\\/\\\/madabouthorror.co.uk\\\/wp-content\\\/uploads\\\/2024\\\/02\\\/cropped-Logo.png\",\"width\":240,\"height\":88,\"caption\":\"Mad About Horror\"},\"image\":{\"@id\":\"https:\\\/\\\/madabouthorror.co.uk\\\/#\\\/schema\\\/logo\\\/image\\\/\"},\"sameAs\":[\"https:\\\/\\\/www.facebook.com\\\/madabouthorror\\\/\",\"https:\\\/\\\/www.instagram.com\\\/madabouthorror\\\/\",\"https:\\\/\\\/www.pinterest.co.uk\\\/madabouthorror\\\/\",\"https:\\\/\\\/www.youtube.com\\\/channel\\\/UCBooLOIxjoQ89dj6T5lWm_w\",\"https:\\\/\\\/www.tiktok.com\\\/@weremadabouthorror\"]}]}<\/script>\n<!-- \/ Yoast SEO plugin. -->","yoast_head_json":{"title":"IT - Poup\u00e9e Pennywise \u00e0 l'\u00e9chelle 1 | Mad About Horror","description":"La poup\u00e9e officielle IT Pennywise \u00e0 l'\u00e9chelle 1 de Trick or Treat Studios. Boutique d'objets de collection, de masques sous licence, de r\u00e9pliques d'accessoires et de poup\u00e9es \u00e0 l'\u00e9chelle 1:1.","robots":{"index":"index","follow":"follow","max-snippet":"max-snippet:-1","max-image-preview":"max-image-preview:large","max-video-preview":"max-video-preview:-1"},"canonical":"https:\/\/madabouthorror.co.uk\/fr\/product\/it-pennywise-premium-scale-doll\/","og_locale":"fr_FR","og_type":"article","og_title":"IT - Pennywise Premium Scale Doll | Mad About Horror","og_description":"The Official IT Pennywise Premium Scale Doll from Trick or Treat Studios. Shop collectibles, licensed masks, replica props and one to one scale dolls.","og_url":"https:\/\/madabouthorror.co.uk\/fr\/product\/it-pennywise-premium-scale-doll\/","og_site_name":"Mad About Horror","article_publisher":"https:\/\/www.facebook.com\/madabouthorror\/","article_modified_time":"2026-04-02T08:38:39+00:00","og_image":[{"width":670,"height":670,"url":"https:\/\/madabouthorror.co.uk\/wp-content\/uploads\/2022\/11\/it_pennywise_replica_doll_trick_or_treat_studios.jpg","type":"image\/jpeg"}],"twitter_card":"summary_large_image","twitter_misc":{"Dur\u00e9e de lecture estim\u00e9e":"2 minutes"},"schema":{"@context":"https:\/\/schema.org","@graph":[{"@type":["WebPage","ItemPage"],"@id":"https:\/\/madabouthorror.co.uk\/product\/it-pennywise-premium-scale-doll\/","url":"https:\/\/madabouthorror.co.uk\/product\/it-pennywise-premium-scale-doll\/","name":"IT - Poup\u00e9e Pennywise \u00e0 l'\u00e9chelle 1 | Mad About Horror","isPartOf":{"@id":"https:\/\/madabouthorror.co.uk\/#website"},"primaryImageOfPage":{"@id":"https:\/\/madabouthorror.co.uk\/product\/it-pennywise-premium-scale-doll\/#primaryimage"},"image":{"@id":"https:\/\/madabouthorror.co.uk\/product\/it-pennywise-premium-scale-doll\/#primaryimage"},"thumbnailUrl":"https:\/\/madabouthorror.co.uk\/wp-content\/uploads\/2022\/11\/it_pennywise_replica_doll_trick_or_treat_studios.jpg","datePublished":"2022-11-21T13:45:34+00:00","dateModified":"2026-04-02T08:38:39+00:00","description":"La poup\u00e9e officielle IT Pennywise \u00e0 l'\u00e9chelle 1 de Trick or Treat Studios. Boutique d'objets de collection, de masques sous licence, de r\u00e9pliques d'accessoires et de poup\u00e9es \u00e0 l'\u00e9chelle 1:1.","breadcrumb":{"@id":"https:\/\/madabouthorror.co.uk\/product\/it-pennywise-premium-scale-doll\/#breadcrumb"},"inLanguage":"fr-FR","potentialAction":[{"@type":"ReadAction","target":["https:\/\/madabouthorror.co.uk\/product\/it-pennywise-premium-scale-doll\/"]}]},{"@type":"ImageObject","inLanguage":"fr-FR","@id":"https:\/\/madabouthorror.co.uk\/product\/it-pennywise-premium-scale-doll\/#primaryimage","url":"https:\/\/madabouthorror.co.uk\/wp-content\/uploads\/2022\/11\/it_pennywise_replica_doll_trick_or_treat_studios.jpg","contentUrl":"https:\/\/madabouthorror.co.uk\/wp-content\/uploads\/2022\/11\/it_pennywise_replica_doll_trick_or_treat_studios.jpg","width":670,"height":670,"caption":"IT Pennywise Premium Scale Doll - Trick or Treat Studios"},{"@type":"BreadcrumbList","@id":"https:\/\/madabouthorror.co.uk\/product\/it-pennywise-premium-scale-doll\/#breadcrumb","itemListElement":[{"@type":"ListItem","position":1,"name":"Shop","item":"https:\/\/madabouthorror.co.uk\/shop\/"},{"@type":"ListItem","position":2,"name":"IT Pennywise Premium Scale Doll"}]},{"@type":"WebSite","@id":"https:\/\/madabouthorror.co.uk\/#website","url":"https:\/\/madabouthorror.co.uk\/","name":"L'horreur en folie","description":"","publisher":{"@id":"https:\/\/madabouthorror.co.uk\/#organization"},"alternateName":"Mad About Horror Limited","potentialAction":[{"@type":"SearchAction","target":{"@type":"EntryPoint","urlTemplate":"https:\/\/madabouthorror.co.uk\/?s={search_term_string}"},"query-input":{"@type":"PropertyValueSpecification","valueRequired":true,"valueName":"search_term_string"}}],"inLanguage":"fr-FR"},{"@type":"Organization","@id":"https:\/\/madabouthorror.co.uk\/#organization","name":"L'horreur en folie","url":"https:\/\/madabouthorror.co.uk\/","logo":{"@type":"ImageObject","inLanguage":"fr-FR","@id":"https:\/\/madabouthorror.co.uk\/#\/schema\/logo\/image\/","url":"https:\/\/madabouthorror.co.uk\/wp-content\/uploads\/2024\/02\/cropped-Logo.png","contentUrl":"https:\/\/madabouthorror.co.uk\/wp-content\/uploads\/2024\/02\/cropped-Logo.png","width":240,"height":88,"caption":"Mad About Horror"},"image":{"@id":"https:\/\/madabouthorror.co.uk\/#\/schema\/logo\/image\/"},"sameAs":["https:\/\/www.facebook.com\/madabouthorror\/","https:\/\/www.instagram.com\/madabouthorror\/","https:\/\/www.pinterest.co.uk\/madabouthorror\/","https:\/\/www.youtube.com\/channel\/UCBooLOIxjoQ89dj6T5lWm_w","https:\/\/www.tiktok.com\/@weremadabouthorror"]}]}},"df_price":624.95,"df_sale_price":"","df_regular_price":624.95,"df_image_link":"https:\/\/madabouthorror.co.uk\/wp-content\/uploads\/2022\/11\/it_pennywise_replica_doll_trick_or_treat_studios-300x300.jpg","_links":{"self":[{"href":"https:\/\/madabouthorror.co.uk\/fr\/wp-json\/wp\/v2\/product\/56118","targetHints":{"allow":["GET"]}}],"collection":[{"href":"https:\/\/madabouthorror.co.uk\/fr\/wp-json\/wp\/v2\/product"}],"about":[{"href":"https:\/\/madabouthorror.co.uk\/fr\/wp-json\/wp\/v2\/types\/product"}],"replies":[{"embeddable":true,"href":"https:\/\/madabouthorror.co.uk\/fr\/wp-json\/wp\/v2\/comments?post=56118"}],"wp:featuredmedia":[{"embeddable":true,"href":"https:\/\/madabouthorror.co.uk\/fr\/wp-json\/wp\/v2\/media\/56108"}],"wp:attachment":[{"href":"https:\/\/madabouthorror.co.uk\/fr\/wp-json\/wp\/v2\/media?parent=56118"}],"wp:term":[{"taxonomy":"product_brand","embeddable":true,"href":"https:\/\/madabouthorror.co.uk\/fr\/wp-json\/wp\/v2\/product_brand?post=56118"},{"taxonomy":"product_cat","embeddable":true,"href":"https:\/\/madabouthorror.co.uk\/fr\/wp-json\/wp\/v2\/product_cat?post=56118"},{"taxonomy":"product_tag","embeddable":true,"href":"https:\/\/madabouthorror.co.uk\/fr\/wp-json\/wp\/v2\/product_tag?post=56118"}],"curies":[{"name":"wp","href":"https:\/\/api.w.org\/{rel}","templated":true}]}}