{"id":56435,"date":"2022-12-29T21:26:13","date_gmt":"2022-12-29T21:26:13","guid":{"rendered":"https:\/\/mah.6bdv.ws\/product\/haunt-clown-devil-3-75-figure-2-pack\/"},"modified":"2026-04-02T09:38:50","modified_gmt":"2026-04-02T08:38:50","slug":"haunt-clown-devil-3-75-figure-2-pack","status":"publish","type":"product","link":"https:\/\/madabouthorror.co.uk\/fr\/product\/haunt-clown-devil-3-75-figure-2-pack\/","title":{"rendered":"Haunt - Clown &amp; Diable - 3.75\u2033 Figure 2 Pack"},"content":{"rendered":"<p>Collectionnez une partie du monde macabre de Haunt d'Eli Roth avec les figurines Haunt Clown Devil. La collection de figurines Haunt 3.75\u2033 sous licence officielle de Trick or Treat Studios et eOne Features LLC. Sculpt\u00e9es par Alexander Ray, ces figurines \u00e0 faire froid dans le dos donnent vie aux personnages terrifiants du thriller d'horreur.<\/p>\n<p>Rencontrez une maison hant\u00e9e extr\u00eame \u00e0 Halloween, qui promet d'exploiter vos peurs les plus sombres. Le pack de 2 comprend des personnages tordus - un clown avec un accessoire de masse et un diable avec un accessoire de fourche. Collectionnez les 3 sets de figurines pour compl\u00e9ter votre ensemble de hantiseurs pr\u00e9f\u00e9r\u00e9s.<\/p>\n<p>Ne manquez pas la chance de poss\u00e9der ces objets de collection qui vous feront dresser les cheveux sur la t\u00eate et de revivre l'horreur du film Haunt d'Eli Roth. Commandez d\u00e8s maintenant pour ajouter ces figurines obs\u00e9dantes \u00e0 votre collection et donner vie \u00e0 la terreur !<\/p>\n<p>Comprend :<\/p>\n<ul>\n<li>1 - Figurine de clown avec accessoire de masse<\/li>\n<li>1 - Figurine du diable avec accessoire fourche<\/li>\n<\/ul>\n<p>Emball\u00e9 sur une carte de support avec un blister.<\/p>","protected":false},"excerpt":{"rendered":"<p>Collectionnez une partie du monde macabre de Haunt d'Eli Roth avec les figurines Haunt Clown Devil. La collection de figurines Haunt 3.75\u2033 sous licence officielle de Trick or Treat Studios et eOne Features LLC. Sculpt\u00e9es par Alexander Ray, ces figurines \u00e0 faire froid dans le dos donnent vie aux personnages terrifiants du thriller d'horreur. Rencontrez une maison hant\u00e9e extr\u00eame sur [...]<\/p>","protected":false},"featured_media":56433,"comment_status":"closed","ping_status":"closed","template":"","meta":{"_acf_changed":false},"product_brand":[],"product_cat":[6538,10075,10039,6537,10038,6792,6735],"product_tag":[],"class_list":{"0":"post-56435","1":"product","2":"type-product","3":"status-publish","4":"has-post-thumbnail","6":"product_cat-figures","7":"product_cat-action-figures","8":"product_cat-stocking-fillers","9":"product_cat-collectibles","10":"product_cat-horror-gifts","11":"product_cat-trick-or-treat-studios","12":"product_cat-haunt","13":"product_shipping_class-small-parcel-economy-3-5-business-days","15":"first","16":"outofstock","17":"taxable","18":"shipping-taxable","19":"purchasable","20":"product-type-simple"},"supplier_id":471029,"supplier_sku":"TTEO108","barcode":"810116280520","atum_controlled":true,"out_stock_date":"2025-06-17 22:15:02","out_stock_threshold":null,"inheritable":false,"inbound_stock":2,"stock_on_hold":0,"sold_today":0,"sales_last_days":0,"reserved_stock":0,"customer_returns":0,"warehouse_damage":0,"lost_in_post":0,"other_logs":0,"out_stock_days":301,"lost_sales":1158,"has_location":false,"update_date":"2026-04-15T01:19:15","atum_locations":[],"atum_stock_status":"outofstock","restock_status":false,"low_stock_amount":1,"sales_update_date":"2026-04-15T01:19:14","calc_backorders":null,"acf":[],"yoast_head":"<!-- This site is optimized with the Yoast SEO plugin v27.4 - https:\/\/yoast.com\/product\/yoast-seo-wordpress\/ -->\n<title>Haunt- Clown &amp; Devil - 3.75&quot; Figure 2 Pack<\/title>\n<meta name=\"description\" content=\"Officially licensed Haunt Clown Devil Figures - 3.75&quot; Figure 2 Pack BY Trick or Treat Studios. Available in the UK from Mad About Horror.\" \/>\n<meta name=\"robots\" content=\"index, follow, max-snippet:-1, max-image-preview:large, max-video-preview:-1\" \/>\n<link rel=\"canonical\" href=\"https:\/\/madabouthorror.co.uk\/fr\/product\/haunt-clown-devil-3-75-figure-2-pack\/\" \/>\n<meta property=\"og:locale\" content=\"fr_FR\" \/>\n<meta property=\"og:type\" content=\"article\" \/>\n<meta property=\"og:title\" content=\"Haunt- Clown &amp; Devil - 3.75&quot; Figure 2 Pack\" \/>\n<meta property=\"og:description\" content=\"Officially licensed Haunt Clown Devil Figures - 3.75&quot; Figure 2 Pack BY Trick or Treat Studios. Available in the UK from Mad About Horror.\" \/>\n<meta property=\"og:url\" content=\"https:\/\/madabouthorror.co.uk\/fr\/product\/haunt-clown-devil-3-75-figure-2-pack\/\" \/>\n<meta property=\"og:site_name\" content=\"Mad About Horror\" \/>\n<meta property=\"article:publisher\" content=\"https:\/\/www.facebook.com\/madabouthorror\/\" \/>\n<meta property=\"article:modified_time\" content=\"2026-04-02T08:38:50+00:00\" \/>\n<meta property=\"og:image\" content=\"https:\/\/madabouthorror.co.uk\/wp-content\/uploads\/2022\/12\/tots_haunt_clown_devil_figures.jpg\" \/>\n\t<meta property=\"og:image:width\" content=\"650\" \/>\n\t<meta property=\"og:image:height\" content=\"650\" \/>\n\t<meta property=\"og:image:type\" content=\"image\/jpeg\" \/>\n<meta name=\"twitter:card\" content=\"summary_large_image\" \/>\n<meta name=\"twitter:label1\" content=\"Dur\u00e9e de lecture estim\u00e9e\" \/>\n\t<meta name=\"twitter:data1\" content=\"1 minute\" \/>\n<script type=\"application\/ld+json\" class=\"yoast-schema-graph\">{\"@context\":\"https:\\\/\\\/schema.org\",\"@graph\":[{\"@type\":[\"WebPage\",\"ItemPage\"],\"@id\":\"https:\\\/\\\/madabouthorror.co.uk\\\/product\\\/haunt-clown-devil-3-75-figure-2-pack\\\/\",\"url\":\"https:\\\/\\\/madabouthorror.co.uk\\\/product\\\/haunt-clown-devil-3-75-figure-2-pack\\\/\",\"name\":\"Haunt- Clown & Devil - 3.75\\\" Figure 2 Pack\",\"isPartOf\":{\"@id\":\"https:\\\/\\\/madabouthorror.co.uk\\\/#website\"},\"primaryImageOfPage\":{\"@id\":\"https:\\\/\\\/madabouthorror.co.uk\\\/product\\\/haunt-clown-devil-3-75-figure-2-pack\\\/#primaryimage\"},\"image\":{\"@id\":\"https:\\\/\\\/madabouthorror.co.uk\\\/product\\\/haunt-clown-devil-3-75-figure-2-pack\\\/#primaryimage\"},\"thumbnailUrl\":\"https:\\\/\\\/madabouthorror.co.uk\\\/wp-content\\\/uploads\\\/2022\\\/12\\\/tots_haunt_clown_devil_figures.jpg\",\"datePublished\":\"2022-12-29T21:26:13+00:00\",\"dateModified\":\"2026-04-02T08:38:50+00:00\",\"description\":\"Officially licensed Haunt Clown Devil Figures - 3.75\\\" Figure 2 Pack BY Trick or Treat Studios. Available in the UK from Mad About Horror.\",\"breadcrumb\":{\"@id\":\"https:\\\/\\\/madabouthorror.co.uk\\\/product\\\/haunt-clown-devil-3-75-figure-2-pack\\\/#breadcrumb\"},\"inLanguage\":\"fr-FR\",\"potentialAction\":[{\"@type\":\"ReadAction\",\"target\":[\"https:\\\/\\\/madabouthorror.co.uk\\\/product\\\/haunt-clown-devil-3-75-figure-2-pack\\\/\"]}]},{\"@type\":\"ImageObject\",\"inLanguage\":\"fr-FR\",\"@id\":\"https:\\\/\\\/madabouthorror.co.uk\\\/product\\\/haunt-clown-devil-3-75-figure-2-pack\\\/#primaryimage\",\"url\":\"https:\\\/\\\/madabouthorror.co.uk\\\/wp-content\\\/uploads\\\/2022\\\/12\\\/tots_haunt_clown_devil_figures.jpg\",\"contentUrl\":\"https:\\\/\\\/madabouthorror.co.uk\\\/wp-content\\\/uploads\\\/2022\\\/12\\\/tots_haunt_clown_devil_figures.jpg\",\"width\":650,\"height\":650,\"caption\":\"Haunt- Clown & Devil - 3.75\\\" Figure 2 Pack\"},{\"@type\":\"BreadcrumbList\",\"@id\":\"https:\\\/\\\/madabouthorror.co.uk\\\/product\\\/haunt-clown-devil-3-75-figure-2-pack\\\/#breadcrumb\",\"itemListElement\":[{\"@type\":\"ListItem\",\"position\":1,\"name\":\"Shop\",\"item\":\"https:\\\/\\\/madabouthorror.co.uk\\\/shop\\\/\"},{\"@type\":\"ListItem\",\"position\":2,\"name\":\"Haunt &#8211; Clown &#038; Devil &#8211; 3.75&#8243; Figure 2 Pack\"}]},{\"@type\":\"WebSite\",\"@id\":\"https:\\\/\\\/madabouthorror.co.uk\\\/#website\",\"url\":\"https:\\\/\\\/madabouthorror.co.uk\\\/\",\"name\":\"Mad About Horror\",\"description\":\"\",\"publisher\":{\"@id\":\"https:\\\/\\\/madabouthorror.co.uk\\\/#organization\"},\"alternateName\":\"Mad About Horror Limited\",\"potentialAction\":[{\"@type\":\"SearchAction\",\"target\":{\"@type\":\"EntryPoint\",\"urlTemplate\":\"https:\\\/\\\/madabouthorror.co.uk\\\/?s={search_term_string}\"},\"query-input\":{\"@type\":\"PropertyValueSpecification\",\"valueRequired\":true,\"valueName\":\"search_term_string\"}}],\"inLanguage\":\"fr-FR\"},{\"@type\":\"Organization\",\"@id\":\"https:\\\/\\\/madabouthorror.co.uk\\\/#organization\",\"name\":\"Mad About Horror\",\"url\":\"https:\\\/\\\/madabouthorror.co.uk\\\/\",\"logo\":{\"@type\":\"ImageObject\",\"inLanguage\":\"fr-FR\",\"@id\":\"https:\\\/\\\/madabouthorror.co.uk\\\/#\\\/schema\\\/logo\\\/image\\\/\",\"url\":\"https:\\\/\\\/madabouthorror.co.uk\\\/wp-content\\\/uploads\\\/2024\\\/02\\\/cropped-Logo.png\",\"contentUrl\":\"https:\\\/\\\/madabouthorror.co.uk\\\/wp-content\\\/uploads\\\/2024\\\/02\\\/cropped-Logo.png\",\"width\":240,\"height\":88,\"caption\":\"Mad About Horror\"},\"image\":{\"@id\":\"https:\\\/\\\/madabouthorror.co.uk\\\/#\\\/schema\\\/logo\\\/image\\\/\"},\"sameAs\":[\"https:\\\/\\\/www.facebook.com\\\/madabouthorror\\\/\",\"https:\\\/\\\/www.instagram.com\\\/madabouthorror\\\/\",\"https:\\\/\\\/www.pinterest.co.uk\\\/madabouthorror\\\/\",\"https:\\\/\\\/www.youtube.com\\\/channel\\\/UCBooLOIxjoQ89dj6T5lWm_w\",\"https:\\\/\\\/www.tiktok.com\\\/@weremadabouthorror\"]}]}<\/script>\n<!-- \/ Yoast SEO plugin. -->","yoast_head_json":{"title":"Haunt- Clown &amp; Devil - 3.75\" Figure 2 Pack","description":"Figurines Haunt Clown Devil sous licence officielle - 3.75\" Figure 2 Pack BY Trick or Treat Studios. Disponible au Royaume-Uni aupr\u00e8s de Mad About Horror.","robots":{"index":"index","follow":"follow","max-snippet":"max-snippet:-1","max-image-preview":"max-image-preview:large","max-video-preview":"max-video-preview:-1"},"canonical":"https:\/\/madabouthorror.co.uk\/fr\/product\/haunt-clown-devil-3-75-figure-2-pack\/","og_locale":"fr_FR","og_type":"article","og_title":"Haunt- Clown & Devil - 3.75\" Figure 2 Pack","og_description":"Officially licensed Haunt Clown Devil Figures - 3.75\" Figure 2 Pack BY Trick or Treat Studios. Available in the UK from Mad About Horror.","og_url":"https:\/\/madabouthorror.co.uk\/fr\/product\/haunt-clown-devil-3-75-figure-2-pack\/","og_site_name":"Mad About Horror","article_publisher":"https:\/\/www.facebook.com\/madabouthorror\/","article_modified_time":"2026-04-02T08:38:50+00:00","og_image":[{"width":650,"height":650,"url":"https:\/\/madabouthorror.co.uk\/wp-content\/uploads\/2022\/12\/tots_haunt_clown_devil_figures.jpg","type":"image\/jpeg"}],"twitter_card":"summary_large_image","twitter_misc":{"Dur\u00e9e de lecture estim\u00e9e":"1 minute"},"schema":{"@context":"https:\/\/schema.org","@graph":[{"@type":["WebPage","ItemPage"],"@id":"https:\/\/madabouthorror.co.uk\/product\/haunt-clown-devil-3-75-figure-2-pack\/","url":"https:\/\/madabouthorror.co.uk\/product\/haunt-clown-devil-3-75-figure-2-pack\/","name":"Haunt- Clown &amp; Devil - 3.75\" Figure 2 Pack","isPartOf":{"@id":"https:\/\/madabouthorror.co.uk\/#website"},"primaryImageOfPage":{"@id":"https:\/\/madabouthorror.co.uk\/product\/haunt-clown-devil-3-75-figure-2-pack\/#primaryimage"},"image":{"@id":"https:\/\/madabouthorror.co.uk\/product\/haunt-clown-devil-3-75-figure-2-pack\/#primaryimage"},"thumbnailUrl":"https:\/\/madabouthorror.co.uk\/wp-content\/uploads\/2022\/12\/tots_haunt_clown_devil_figures.jpg","datePublished":"2022-12-29T21:26:13+00:00","dateModified":"2026-04-02T08:38:50+00:00","description":"Figurines Haunt Clown Devil sous licence officielle - 3.75\" Figure 2 Pack BY Trick or Treat Studios. Disponible au Royaume-Uni aupr\u00e8s de Mad About Horror.","breadcrumb":{"@id":"https:\/\/madabouthorror.co.uk\/product\/haunt-clown-devil-3-75-figure-2-pack\/#breadcrumb"},"inLanguage":"fr-FR","potentialAction":[{"@type":"ReadAction","target":["https:\/\/madabouthorror.co.uk\/product\/haunt-clown-devil-3-75-figure-2-pack\/"]}]},{"@type":"ImageObject","inLanguage":"fr-FR","@id":"https:\/\/madabouthorror.co.uk\/product\/haunt-clown-devil-3-75-figure-2-pack\/#primaryimage","url":"https:\/\/madabouthorror.co.uk\/wp-content\/uploads\/2022\/12\/tots_haunt_clown_devil_figures.jpg","contentUrl":"https:\/\/madabouthorror.co.uk\/wp-content\/uploads\/2022\/12\/tots_haunt_clown_devil_figures.jpg","width":650,"height":650,"caption":"Haunt- Clown & Devil - 3.75\" Figure 2 Pack"},{"@type":"BreadcrumbList","@id":"https:\/\/madabouthorror.co.uk\/product\/haunt-clown-devil-3-75-figure-2-pack\/#breadcrumb","itemListElement":[{"@type":"ListItem","position":1,"name":"Shop","item":"https:\/\/madabouthorror.co.uk\/shop\/"},{"@type":"ListItem","position":2,"name":"Haunt &#8211; Clown &#038; Devil &#8211; 3.75&#8243; Figure 2 Pack"}]},{"@type":"WebSite","@id":"https:\/\/madabouthorror.co.uk\/#website","url":"https:\/\/madabouthorror.co.uk\/","name":"L'horreur en folie","description":"","publisher":{"@id":"https:\/\/madabouthorror.co.uk\/#organization"},"alternateName":"Mad About Horror Limited","potentialAction":[{"@type":"SearchAction","target":{"@type":"EntryPoint","urlTemplate":"https:\/\/madabouthorror.co.uk\/?s={search_term_string}"},"query-input":{"@type":"PropertyValueSpecification","valueRequired":true,"valueName":"search_term_string"}}],"inLanguage":"fr-FR"},{"@type":"Organization","@id":"https:\/\/madabouthorror.co.uk\/#organization","name":"L'horreur en folie","url":"https:\/\/madabouthorror.co.uk\/","logo":{"@type":"ImageObject","inLanguage":"fr-FR","@id":"https:\/\/madabouthorror.co.uk\/#\/schema\/logo\/image\/","url":"https:\/\/madabouthorror.co.uk\/wp-content\/uploads\/2024\/02\/cropped-Logo.png","contentUrl":"https:\/\/madabouthorror.co.uk\/wp-content\/uploads\/2024\/02\/cropped-Logo.png","width":240,"height":88,"caption":"Mad About Horror"},"image":{"@id":"https:\/\/madabouthorror.co.uk\/#\/schema\/logo\/image\/"},"sameAs":["https:\/\/www.facebook.com\/madabouthorror\/","https:\/\/www.instagram.com\/madabouthorror\/","https:\/\/www.pinterest.co.uk\/madabouthorror\/","https:\/\/www.youtube.com\/channel\/UCBooLOIxjoQ89dj6T5lWm_w","https:\/\/www.tiktok.com\/@weremadabouthorror"]}]}},"df_price":28.08,"df_sale_price":"","df_regular_price":28.08,"df_image_link":"https:\/\/madabouthorror.co.uk\/wp-content\/uploads\/2022\/12\/tots_haunt_clown_devil_figures-300x300.jpg","_links":{"self":[{"href":"https:\/\/madabouthorror.co.uk\/fr\/wp-json\/wp\/v2\/product\/56435","targetHints":{"allow":["GET"]}}],"collection":[{"href":"https:\/\/madabouthorror.co.uk\/fr\/wp-json\/wp\/v2\/product"}],"about":[{"href":"https:\/\/madabouthorror.co.uk\/fr\/wp-json\/wp\/v2\/types\/product"}],"replies":[{"embeddable":true,"href":"https:\/\/madabouthorror.co.uk\/fr\/wp-json\/wp\/v2\/comments?post=56435"}],"wp:featuredmedia":[{"embeddable":true,"href":"https:\/\/madabouthorror.co.uk\/fr\/wp-json\/wp\/v2\/media\/56433"}],"wp:attachment":[{"href":"https:\/\/madabouthorror.co.uk\/fr\/wp-json\/wp\/v2\/media?parent=56435"}],"wp:term":[{"taxonomy":"product_brand","embeddable":true,"href":"https:\/\/madabouthorror.co.uk\/fr\/wp-json\/wp\/v2\/product_brand?post=56435"},{"taxonomy":"product_cat","embeddable":true,"href":"https:\/\/madabouthorror.co.uk\/fr\/wp-json\/wp\/v2\/product_cat?post=56435"},{"taxonomy":"product_tag","embeddable":true,"href":"https:\/\/madabouthorror.co.uk\/fr\/wp-json\/wp\/v2\/product_tag?post=56435"}],"curies":[{"name":"wp","href":"https:\/\/api.w.org\/{rel}","templated":true}]}}