{"id":56438,"date":"2022-12-29T21:31:32","date_gmt":"2022-12-29T21:31:32","guid":{"rendered":"https:\/\/mah.6bdv.ws\/product\/haunt-ghost-zombie-3-75-figure-2-pack\/"},"modified":"2026-04-02T09:38:52","modified_gmt":"2026-04-02T08:38:52","slug":"haunt-ghost-zombie-3-75-figure-2-pack","status":"publish","type":"product","link":"https:\/\/madabouthorror.co.uk\/fr\/product\/haunt-ghost-zombie-3-75-figure-2-pack\/","title":{"rendered":"Haunt - Fant\u00f4me et Zombie - 3.75\u2033 Figure 2 Pack"},"content":{"rendered":"<p>Compl\u00e9tez votre collection avec les figurines Haunt Ghost Zombie, qui font partie de la collection de figurines sous licence officielle Haunt 3.75\u2033 de Trick or Treat Studios et eOne Features LLC. Sculpt\u00e9es par Alexander Ray, ces figurines illustrent l'univers macabre du film Haunt d'Eli Roth. Rejoignez le groupe d'amis qui affronte une maison hant\u00e9e extr\u00eame le jour d'Halloween, o\u00f9 les cauchemars deviennent horriblement r\u00e9els. Collectionnez les 3 sets de figurines pour assembler vos hanteurs pr\u00e9f\u00e9r\u00e9s et revivre la terreur de Haunt. Ne manquez pas cette occasion : commandez d\u00e8s maintenant et donnez vie \u00e0 cette \u00e9pouvante dans votre collection !<\/p>\n<p>Ce pack de 2 comprend deux personnages tordus du terrifiant thriller d'horreur, Haunt d'Eli Roth.<\/p>\n<p>Comprend :<\/p>\n<ul>\n<li>1 - Figurine fant\u00f4me avec accessoire marteau<\/li>\n<li>1 - Figurine de zombie avec accessoire tron\u00e7onneuse<\/li>\n<\/ul>\n<p>Emball\u00e9 sur une carte de support avec un blister.<\/p>","protected":false},"excerpt":{"rendered":"<p>Compl\u00e9tez votre collection avec les figurines Haunt Ghost Zombie, qui font partie de la collection de figurines sous licence officielle Haunt 3.75\u2033 de Trick or Treat Studios et eOne Features LLC. Sculpt\u00e9es par Alexander Ray, ces figurines illustrent l'univers macabre du film Haunt d'Eli Roth. Rejoignez le groupe d'amis alors qu'ils affrontent une maison hant\u00e9e extr\u00eame le jour d'Halloween, [...]<\/p>","protected":false},"featured_media":56436,"comment_status":"closed","ping_status":"closed","template":"","meta":{"_acf_changed":false},"product_brand":[],"product_cat":[10075,6538,10039,10041,6537,10038,6792,6735],"product_tag":[],"class_list":{"0":"post-56438","1":"product","2":"type-product","3":"status-publish","4":"has-post-thumbnail","6":"product_cat-action-figures","7":"product_cat-figures","8":"product_cat-stocking-fillers","9":"product_cat-gifts-under-50","10":"product_cat-collectibles","11":"product_cat-horror-gifts","12":"product_cat-trick-or-treat-studios","13":"product_cat-haunt","14":"product_shipping_class-small-parcel-economy-3-5-business-days","16":"first","17":"instock","18":"taxable","19":"shipping-taxable","20":"purchasable","21":"product-type-simple"},"supplier_id":471029,"supplier_sku":"TTEO106","barcode":"810116280537","atum_controlled":true,"out_stock_date":null,"out_stock_threshold":null,"inheritable":false,"inbound_stock":0,"stock_on_hold":0,"sold_today":0,"sales_last_days":0,"reserved_stock":0,"customer_returns":0,"warehouse_damage":0,"lost_in_post":0,"other_logs":0,"out_stock_days":0,"lost_sales":0,"has_location":false,"update_date":"2026-04-12T01:19:44","atum_locations":[],"atum_stock_status":"instock","restock_status":false,"low_stock_amount":1,"sales_update_date":"2026-04-12T01:19:43","calc_backorders":null,"acf":[],"yoast_head":"<!-- This site is optimized with the Yoast SEO plugin v27.3 - https:\/\/yoast.com\/product\/yoast-seo-wordpress\/ -->\n<title>Haunt - Ghost &amp; Zombie - 3.75&quot; Figure 2 Pack | Mad About Horror<\/title>\n<meta name=\"description\" content=\"Officially licensed Haunt - Ghost &amp; Zombie - 3.75&quot; Figure 2 Pack BY Trick or Treat Studios. Available in the UK from Mad About Horror.\" \/>\n<meta name=\"robots\" content=\"index, follow, max-snippet:-1, max-image-preview:large, max-video-preview:-1\" \/>\n<link rel=\"canonical\" href=\"https:\/\/madabouthorror.co.uk\/fr\/product\/haunt-ghost-zombie-3-75-figure-2-pack\/\" \/>\n<meta property=\"og:locale\" content=\"fr_FR\" \/>\n<meta property=\"og:type\" content=\"article\" \/>\n<meta property=\"og:title\" content=\"Haunt - Ghost &amp; Zombie - 3.75&quot; Figure 2 Pack | Mad About Horror\" \/>\n<meta property=\"og:description\" content=\"Officially licensed Haunt - Ghost &amp; Zombie - 3.75&quot; Figure 2 Pack BY Trick or Treat Studios. Available in the UK from Mad About Horror.\" \/>\n<meta property=\"og:url\" content=\"https:\/\/madabouthorror.co.uk\/fr\/product\/haunt-ghost-zombie-3-75-figure-2-pack\/\" \/>\n<meta property=\"og:site_name\" content=\"Mad About Horror\" \/>\n<meta property=\"article:publisher\" content=\"https:\/\/www.facebook.com\/madabouthorror\/\" \/>\n<meta property=\"article:modified_time\" content=\"2026-04-02T08:38:52+00:00\" \/>\n<meta property=\"og:image\" content=\"https:\/\/madabouthorror.co.uk\/wp-content\/uploads\/2022\/12\/tots_haunt_ghost_zombie_figures.jpg\" \/>\n\t<meta property=\"og:image:width\" content=\"650\" \/>\n\t<meta property=\"og:image:height\" content=\"650\" \/>\n\t<meta property=\"og:image:type\" content=\"image\/jpeg\" \/>\n<meta name=\"twitter:card\" content=\"summary_large_image\" \/>\n<meta name=\"twitter:label1\" content=\"Dur\u00e9e de lecture estim\u00e9e\" \/>\n\t<meta name=\"twitter:data1\" content=\"1 minute\" \/>\n<script type=\"application\/ld+json\" class=\"yoast-schema-graph\">{\"@context\":\"https:\\\/\\\/schema.org\",\"@graph\":[{\"@type\":[\"WebPage\",\"ItemPage\"],\"@id\":\"https:\\\/\\\/madabouthorror.co.uk\\\/product\\\/haunt-ghost-zombie-3-75-figure-2-pack\\\/\",\"url\":\"https:\\\/\\\/madabouthorror.co.uk\\\/product\\\/haunt-ghost-zombie-3-75-figure-2-pack\\\/\",\"name\":\"Haunt - Ghost & Zombie - 3.75\\\" Figure 2 Pack | Mad About Horror\",\"isPartOf\":{\"@id\":\"https:\\\/\\\/madabouthorror.co.uk\\\/#website\"},\"primaryImageOfPage\":{\"@id\":\"https:\\\/\\\/madabouthorror.co.uk\\\/product\\\/haunt-ghost-zombie-3-75-figure-2-pack\\\/#primaryimage\"},\"image\":{\"@id\":\"https:\\\/\\\/madabouthorror.co.uk\\\/product\\\/haunt-ghost-zombie-3-75-figure-2-pack\\\/#primaryimage\"},\"thumbnailUrl\":\"https:\\\/\\\/madabouthorror.co.uk\\\/wp-content\\\/uploads\\\/2022\\\/12\\\/tots_haunt_ghost_zombie_figures.jpg\",\"datePublished\":\"2022-12-29T21:31:32+00:00\",\"dateModified\":\"2026-04-02T08:38:52+00:00\",\"description\":\"Officially licensed Haunt - Ghost & Zombie - 3.75\\\" Figure 2 Pack BY Trick or Treat Studios. Available in the UK from Mad About Horror.\",\"breadcrumb\":{\"@id\":\"https:\\\/\\\/madabouthorror.co.uk\\\/product\\\/haunt-ghost-zombie-3-75-figure-2-pack\\\/#breadcrumb\"},\"inLanguage\":\"fr-FR\",\"potentialAction\":[{\"@type\":\"ReadAction\",\"target\":[\"https:\\\/\\\/madabouthorror.co.uk\\\/product\\\/haunt-ghost-zombie-3-75-figure-2-pack\\\/\"]}]},{\"@type\":\"ImageObject\",\"inLanguage\":\"fr-FR\",\"@id\":\"https:\\\/\\\/madabouthorror.co.uk\\\/product\\\/haunt-ghost-zombie-3-75-figure-2-pack\\\/#primaryimage\",\"url\":\"https:\\\/\\\/madabouthorror.co.uk\\\/wp-content\\\/uploads\\\/2022\\\/12\\\/tots_haunt_ghost_zombie_figures.jpg\",\"contentUrl\":\"https:\\\/\\\/madabouthorror.co.uk\\\/wp-content\\\/uploads\\\/2022\\\/12\\\/tots_haunt_ghost_zombie_figures.jpg\",\"width\":650,\"height\":650,\"caption\":\"Haunt - Ghost & Zombie - 3.75\\\" Figure 2 Pack\"},{\"@type\":\"BreadcrumbList\",\"@id\":\"https:\\\/\\\/madabouthorror.co.uk\\\/product\\\/haunt-ghost-zombie-3-75-figure-2-pack\\\/#breadcrumb\",\"itemListElement\":[{\"@type\":\"ListItem\",\"position\":1,\"name\":\"Shop\",\"item\":\"https:\\\/\\\/madabouthorror.co.uk\\\/shop\\\/\"},{\"@type\":\"ListItem\",\"position\":2,\"name\":\"Haunt &#8211; Ghost &#038; Zombie &#8211; 3.75&#8243; Figure 2 Pack\"}]},{\"@type\":\"WebSite\",\"@id\":\"https:\\\/\\\/madabouthorror.co.uk\\\/#website\",\"url\":\"https:\\\/\\\/madabouthorror.co.uk\\\/\",\"name\":\"Mad About Horror\",\"description\":\"\",\"publisher\":{\"@id\":\"https:\\\/\\\/madabouthorror.co.uk\\\/#organization\"},\"alternateName\":\"Mad About Horror Limited\",\"potentialAction\":[{\"@type\":\"SearchAction\",\"target\":{\"@type\":\"EntryPoint\",\"urlTemplate\":\"https:\\\/\\\/madabouthorror.co.uk\\\/?s={search_term_string}\"},\"query-input\":{\"@type\":\"PropertyValueSpecification\",\"valueRequired\":true,\"valueName\":\"search_term_string\"}}],\"inLanguage\":\"fr-FR\"},{\"@type\":\"Organization\",\"@id\":\"https:\\\/\\\/madabouthorror.co.uk\\\/#organization\",\"name\":\"Mad About Horror\",\"url\":\"https:\\\/\\\/madabouthorror.co.uk\\\/\",\"logo\":{\"@type\":\"ImageObject\",\"inLanguage\":\"fr-FR\",\"@id\":\"https:\\\/\\\/madabouthorror.co.uk\\\/#\\\/schema\\\/logo\\\/image\\\/\",\"url\":\"https:\\\/\\\/madabouthorror.co.uk\\\/wp-content\\\/uploads\\\/2024\\\/02\\\/cropped-Logo.png\",\"contentUrl\":\"https:\\\/\\\/madabouthorror.co.uk\\\/wp-content\\\/uploads\\\/2024\\\/02\\\/cropped-Logo.png\",\"width\":240,\"height\":88,\"caption\":\"Mad About Horror\"},\"image\":{\"@id\":\"https:\\\/\\\/madabouthorror.co.uk\\\/#\\\/schema\\\/logo\\\/image\\\/\"},\"sameAs\":[\"https:\\\/\\\/www.facebook.com\\\/madabouthorror\\\/\",\"https:\\\/\\\/www.instagram.com\\\/madabouthorror\\\/\",\"https:\\\/\\\/www.pinterest.co.uk\\\/madabouthorror\\\/\",\"https:\\\/\\\/www.youtube.com\\\/channel\\\/UCBooLOIxjoQ89dj6T5lWm_w\",\"https:\\\/\\\/www.tiktok.com\\\/@weremadabouthorror\"]}]}<\/script>\n<!-- \/ Yoast SEO plugin. -->","yoast_head_json":{"title":"Haunt - Fant\u00f4me et Zombie - 3.75\" Figure 2 Pack | Mad About Horror","description":"Licence officielle pour Haunt - Ghost &amp; Zombie - 3.75\" Figure 2 Pack BY Trick or Treat Studios. Disponible au Royaume-Uni aupr\u00e8s de Mad About Horror.","robots":{"index":"index","follow":"follow","max-snippet":"max-snippet:-1","max-image-preview":"max-image-preview:large","max-video-preview":"max-video-preview:-1"},"canonical":"https:\/\/madabouthorror.co.uk\/fr\/product\/haunt-ghost-zombie-3-75-figure-2-pack\/","og_locale":"fr_FR","og_type":"article","og_title":"Haunt - Ghost & Zombie - 3.75\" Figure 2 Pack | Mad About Horror","og_description":"Officially licensed Haunt - Ghost & Zombie - 3.75\" Figure 2 Pack BY Trick or Treat Studios. Available in the UK from Mad About Horror.","og_url":"https:\/\/madabouthorror.co.uk\/fr\/product\/haunt-ghost-zombie-3-75-figure-2-pack\/","og_site_name":"Mad About Horror","article_publisher":"https:\/\/www.facebook.com\/madabouthorror\/","article_modified_time":"2026-04-02T08:38:52+00:00","og_image":[{"width":650,"height":650,"url":"https:\/\/madabouthorror.co.uk\/wp-content\/uploads\/2022\/12\/tots_haunt_ghost_zombie_figures.jpg","type":"image\/jpeg"}],"twitter_card":"summary_large_image","twitter_misc":{"Dur\u00e9e de lecture estim\u00e9e":"1 minute"},"schema":{"@context":"https:\/\/schema.org","@graph":[{"@type":["WebPage","ItemPage"],"@id":"https:\/\/madabouthorror.co.uk\/product\/haunt-ghost-zombie-3-75-figure-2-pack\/","url":"https:\/\/madabouthorror.co.uk\/product\/haunt-ghost-zombie-3-75-figure-2-pack\/","name":"Haunt - Fant\u00f4me et Zombie - 3.75\" Figure 2 Pack | Mad About Horror","isPartOf":{"@id":"https:\/\/madabouthorror.co.uk\/#website"},"primaryImageOfPage":{"@id":"https:\/\/madabouthorror.co.uk\/product\/haunt-ghost-zombie-3-75-figure-2-pack\/#primaryimage"},"image":{"@id":"https:\/\/madabouthorror.co.uk\/product\/haunt-ghost-zombie-3-75-figure-2-pack\/#primaryimage"},"thumbnailUrl":"https:\/\/madabouthorror.co.uk\/wp-content\/uploads\/2022\/12\/tots_haunt_ghost_zombie_figures.jpg","datePublished":"2022-12-29T21:31:32+00:00","dateModified":"2026-04-02T08:38:52+00:00","description":"Licence officielle pour Haunt - Ghost &amp; Zombie - 3.75\" Figure 2 Pack BY Trick or Treat Studios. Disponible au Royaume-Uni aupr\u00e8s de Mad About Horror.","breadcrumb":{"@id":"https:\/\/madabouthorror.co.uk\/product\/haunt-ghost-zombie-3-75-figure-2-pack\/#breadcrumb"},"inLanguage":"fr-FR","potentialAction":[{"@type":"ReadAction","target":["https:\/\/madabouthorror.co.uk\/product\/haunt-ghost-zombie-3-75-figure-2-pack\/"]}]},{"@type":"ImageObject","inLanguage":"fr-FR","@id":"https:\/\/madabouthorror.co.uk\/product\/haunt-ghost-zombie-3-75-figure-2-pack\/#primaryimage","url":"https:\/\/madabouthorror.co.uk\/wp-content\/uploads\/2022\/12\/tots_haunt_ghost_zombie_figures.jpg","contentUrl":"https:\/\/madabouthorror.co.uk\/wp-content\/uploads\/2022\/12\/tots_haunt_ghost_zombie_figures.jpg","width":650,"height":650,"caption":"Haunt - Ghost & Zombie - 3.75\" Figure 2 Pack"},{"@type":"BreadcrumbList","@id":"https:\/\/madabouthorror.co.uk\/product\/haunt-ghost-zombie-3-75-figure-2-pack\/#breadcrumb","itemListElement":[{"@type":"ListItem","position":1,"name":"Shop","item":"https:\/\/madabouthorror.co.uk\/shop\/"},{"@type":"ListItem","position":2,"name":"Haunt &#8211; Ghost &#038; Zombie &#8211; 3.75&#8243; Figure 2 Pack"}]},{"@type":"WebSite","@id":"https:\/\/madabouthorror.co.uk\/#website","url":"https:\/\/madabouthorror.co.uk\/","name":"L'horreur en folie","description":"","publisher":{"@id":"https:\/\/madabouthorror.co.uk\/#organization"},"alternateName":"Mad About Horror Limited","potentialAction":[{"@type":"SearchAction","target":{"@type":"EntryPoint","urlTemplate":"https:\/\/madabouthorror.co.uk\/?s={search_term_string}"},"query-input":{"@type":"PropertyValueSpecification","valueRequired":true,"valueName":"search_term_string"}}],"inLanguage":"fr-FR"},{"@type":"Organization","@id":"https:\/\/madabouthorror.co.uk\/#organization","name":"L'horreur en folie","url":"https:\/\/madabouthorror.co.uk\/","logo":{"@type":"ImageObject","inLanguage":"fr-FR","@id":"https:\/\/madabouthorror.co.uk\/#\/schema\/logo\/image\/","url":"https:\/\/madabouthorror.co.uk\/wp-content\/uploads\/2024\/02\/cropped-Logo.png","contentUrl":"https:\/\/madabouthorror.co.uk\/wp-content\/uploads\/2024\/02\/cropped-Logo.png","width":240,"height":88,"caption":"Mad About Horror"},"image":{"@id":"https:\/\/madabouthorror.co.uk\/#\/schema\/logo\/image\/"},"sameAs":["https:\/\/www.facebook.com\/madabouthorror\/","https:\/\/www.instagram.com\/madabouthorror\/","https:\/\/www.pinterest.co.uk\/madabouthorror\/","https:\/\/www.youtube.com\/channel\/UCBooLOIxjoQ89dj6T5lWm_w","https:\/\/www.tiktok.com\/@weremadabouthorror"]}]}},"df_price":28.08,"df_sale_price":"","df_regular_price":28.08,"df_image_link":"https:\/\/madabouthorror.co.uk\/wp-content\/uploads\/2022\/12\/tots_haunt_ghost_zombie_figures-300x300.jpg","_links":{"self":[{"href":"https:\/\/madabouthorror.co.uk\/fr\/wp-json\/wp\/v2\/product\/56438","targetHints":{"allow":["GET"]}}],"collection":[{"href":"https:\/\/madabouthorror.co.uk\/fr\/wp-json\/wp\/v2\/product"}],"about":[{"href":"https:\/\/madabouthorror.co.uk\/fr\/wp-json\/wp\/v2\/types\/product"}],"replies":[{"embeddable":true,"href":"https:\/\/madabouthorror.co.uk\/fr\/wp-json\/wp\/v2\/comments?post=56438"}],"wp:featuredmedia":[{"embeddable":true,"href":"https:\/\/madabouthorror.co.uk\/fr\/wp-json\/wp\/v2\/media\/56436"}],"wp:attachment":[{"href":"https:\/\/madabouthorror.co.uk\/fr\/wp-json\/wp\/v2\/media?parent=56438"}],"wp:term":[{"taxonomy":"product_brand","embeddable":true,"href":"https:\/\/madabouthorror.co.uk\/fr\/wp-json\/wp\/v2\/product_brand?post=56438"},{"taxonomy":"product_cat","embeddable":true,"href":"https:\/\/madabouthorror.co.uk\/fr\/wp-json\/wp\/v2\/product_cat?post=56438"},{"taxonomy":"product_tag","embeddable":true,"href":"https:\/\/madabouthorror.co.uk\/fr\/wp-json\/wp\/v2\/product_tag?post=56438"}],"curies":[{"name":"wp","href":"https:\/\/api.w.org\/{rel}","templated":true}]}}