{"id":56566,"date":"2026-02-23T13:51:43","date_gmt":"2026-02-23T13:51:43","guid":{"rendered":"https:\/\/mah.6bdv.ws\/product\/hammer-horror-dracula-prince-of-darkness-dracula-1-6-scale-figure\/"},"modified":"2026-04-20T13:42:48","modified_gmt":"2026-04-20T12:42:48","slug":"hammer-horror-dracula-prince-of-darkness-dracula-1-6-scale-figure","status":"publish","type":"product","link":"https:\/\/madabouthorror.co.uk\/fr\/product\/hammer-horror-dracula-prince-of-darkness-dracula-1-6-scale-figure\/","title":{"rendered":"Hammer Horror - Dracula Prince Of Darkness - Dracula 1\/6 Scale Action Figure"},"content":{"rendered":"<p data-start=\"0\" data-end=\"349\">Assistez \u00e0 la r\u00e9surrection du vampire le plus diabolique du monde avec la figurine Dracula \u00e0 l'\u00e9chelle 1:6 de Trick or Treat Studios et Hammer Horror. Sculpt\u00e9e par Alex Ray et habill\u00e9e par Tinela Ayres, cette figurine reproduit \u00e0 la perfection l'incomparable Christopher Lee dans le r\u00f4le du comte Dracula du film classique. <em data-start=\"319\" data-end=\"349\" data-is-only-node=\"\">Dracula : Prince des T\u00e9n\u00e8bres.<\/em><\/p>\n<p data-start=\"351\" data-end=\"648\" data-is-last-node=\"\" data-is-only-node=\"\">La figurine comprend deux t\u00eates interchangeables, cinq options de main et une garde-robe m\u00e9ticuleusement d\u00e9taill\u00e9e. Revivez la pr\u00e9sence effrayante de Dracula dans toute sa gloire gr\u00e2ce \u00e0 cette figurine tr\u00e8s d\u00e9taill\u00e9e. Faites revivre l'h\u00e9ritage de Hammer Horror et faites de cette figurine embl\u00e9matique la pi\u00e8ce ma\u00eetresse de votre collection.<\/p>","protected":false},"excerpt":{"rendered":"<p>Assistez \u00e0 la r\u00e9surrection du vampire le plus diabolique du monde avec la figurine Dracula \u00e0 l'\u00e9chelle 1:6 de Trick or Treat Studios et Hammer Horror. Sculpt\u00e9e par Alex Ray et habill\u00e9e par Tinela Ayres, cette figurine reproduit parfaitement l'incomparable Christopher Lee dans le r\u00f4le du comte Dracula du film classique Dracula : Le Prince des T\u00e9n\u00e8bres. [...]<\/p>","protected":false},"featured_media":476565,"comment_status":"closed","ping_status":"closed","template":"","meta":{"_acf_changed":false},"product_brand":[],"product_cat":[9938,6538,10075,10129,10112,6537,10038,6728,6792],"product_tag":[],"class_list":{"0":"post-56566","1":"product","2":"type-product","3":"status-publish","4":"has-post-thumbnail","6":"product_cat-1-6-scale-figures","7":"product_cat-figures","8":"product_cat-action-figures","9":"product_cat-main-gift","10":"product_cat-premium-figures","11":"product_cat-collectibles","12":"product_cat-horror-gifts","13":"product_cat-premium","14":"product_cat-trick-or-treat-studios","15":"pa_brand-trickortreatstudios","16":"pa_character-hammerhorror","17":"pa_google_tax-ba-artsentertainmenthobbiescr","19":"first","20":"outofstock","21":"taxable","22":"shipping-taxable","23":"purchasable","24":"product-type-simple"},"supplier_id":471029,"supplier_sku":"TTRL144","barcode":"810116280124","atum_controlled":true,"out_stock_date":"2026-02-23 13:51:45","out_stock_threshold":null,"inheritable":false,"inbound_stock":0,"stock_on_hold":0,"sold_today":0,"sales_last_days":0,"reserved_stock":0,"customer_returns":0,"warehouse_damage":0,"lost_in_post":0,"other_logs":0,"out_stock_days":59,"lost_sales":0,"has_location":false,"update_date":"2026-04-24T01:39:08","atum_locations":[],"atum_stock_status":"outofstock","restock_status":false,"low_stock_amount":2,"sales_update_date":"2026-04-24T01:39:07","calc_backorders":null,"acf":[],"yoast_head":"<!-- This site is optimized with the Yoast SEO plugin v27.4 - https:\/\/yoast.com\/product\/yoast-seo-wordpress\/ -->\n<title>Hammer Horror - Dracula Prince Of Darkness - 1:6 Scale Figure<\/title>\n<meta name=\"description\" content=\"Hammer Horror - Dracula Prince Of Darkness - Dracula 1\/6 Scale Action Figure. Official UK Stockist of Trick or Treat Studios. UK Stock\" \/>\n<meta name=\"robots\" content=\"index, follow, max-snippet:-1, max-image-preview:large, max-video-preview:-1\" \/>\n<link rel=\"canonical\" href=\"https:\/\/madabouthorror.co.uk\/fr\/product\/hammer-horror-dracula-prince-of-darkness-dracula-1-6-scale-figure\/\" \/>\n<meta property=\"og:locale\" content=\"fr_FR\" \/>\n<meta property=\"og:type\" content=\"article\" \/>\n<meta property=\"og:title\" content=\"Hammer Horror - Dracula Prince Of Darkness - 1:6 Scale Figure\" \/>\n<meta property=\"og:description\" content=\"Hammer Horror - Dracula Prince Of Darkness - Dracula 1\/6 Scale Action Figure. Official UK Stockist of Trick or Treat Studios. UK Stock\" \/>\n<meta property=\"og:url\" content=\"https:\/\/madabouthorror.co.uk\/fr\/product\/hammer-horror-dracula-prince-of-darkness-dracula-1-6-scale-figure\/\" \/>\n<meta property=\"og:site_name\" content=\"Mad About Horror\" \/>\n<meta property=\"article:publisher\" content=\"https:\/\/www.facebook.com\/madabouthorror\/\" \/>\n<meta property=\"article:modified_time\" content=\"2026-04-20T12:42:48+00:00\" \/>\n<meta property=\"og:image\" content=\"https:\/\/madabouthorror.co.uk\/wp-content\/uploads\/2023\/01\/1-1.jpeg\" \/>\n\t<meta property=\"og:image:width\" content=\"720\" \/>\n\t<meta property=\"og:image:height\" content=\"720\" \/>\n\t<meta property=\"og:image:type\" content=\"image\/jpeg\" \/>\n<meta name=\"twitter:card\" content=\"summary_large_image\" \/>\n<meta name=\"twitter:label1\" content=\"Dur\u00e9e de lecture estim\u00e9e\" \/>\n\t<meta name=\"twitter:data1\" content=\"1 minute\" \/>\n<script type=\"application\/ld+json\" class=\"yoast-schema-graph\">{\"@context\":\"https:\\\/\\\/schema.org\",\"@graph\":[{\"@type\":[\"WebPage\",\"ItemPage\"],\"@id\":\"https:\\\/\\\/madabouthorror.co.uk\\\/product\\\/hammer-horror-dracula-prince-of-darkness-dracula-1-6-scale-figure\\\/\",\"url\":\"https:\\\/\\\/madabouthorror.co.uk\\\/product\\\/hammer-horror-dracula-prince-of-darkness-dracula-1-6-scale-figure\\\/\",\"name\":\"Hammer Horror - Dracula Prince Of Darkness - 1:6 Scale Figure\",\"isPartOf\":{\"@id\":\"https:\\\/\\\/madabouthorror.co.uk\\\/#website\"},\"primaryImageOfPage\":{\"@id\":\"https:\\\/\\\/madabouthorror.co.uk\\\/product\\\/hammer-horror-dracula-prince-of-darkness-dracula-1-6-scale-figure\\\/#primaryimage\"},\"image\":{\"@id\":\"https:\\\/\\\/madabouthorror.co.uk\\\/product\\\/hammer-horror-dracula-prince-of-darkness-dracula-1-6-scale-figure\\\/#primaryimage\"},\"thumbnailUrl\":\"https:\\\/\\\/madabouthorror.co.uk\\\/wp-content\\\/uploads\\\/2023\\\/01\\\/1-1.jpeg\",\"datePublished\":\"2026-02-23T13:51:43+00:00\",\"dateModified\":\"2026-04-20T12:42:48+00:00\",\"description\":\"Hammer Horror - Dracula Prince Of Darkness - Dracula 1\\\/6 Scale Action Figure. Official UK Stockist of Trick or Treat Studios. UK Stock\",\"breadcrumb\":{\"@id\":\"https:\\\/\\\/madabouthorror.co.uk\\\/product\\\/hammer-horror-dracula-prince-of-darkness-dracula-1-6-scale-figure\\\/#breadcrumb\"},\"inLanguage\":\"fr-FR\",\"potentialAction\":[{\"@type\":\"ReadAction\",\"target\":[\"https:\\\/\\\/madabouthorror.co.uk\\\/product\\\/hammer-horror-dracula-prince-of-darkness-dracula-1-6-scale-figure\\\/\"]}]},{\"@type\":\"ImageObject\",\"inLanguage\":\"fr-FR\",\"@id\":\"https:\\\/\\\/madabouthorror.co.uk\\\/product\\\/hammer-horror-dracula-prince-of-darkness-dracula-1-6-scale-figure\\\/#primaryimage\",\"url\":\"https:\\\/\\\/madabouthorror.co.uk\\\/wp-content\\\/uploads\\\/2023\\\/01\\\/1-1.jpeg\",\"contentUrl\":\"https:\\\/\\\/madabouthorror.co.uk\\\/wp-content\\\/uploads\\\/2023\\\/01\\\/1-1.jpeg\",\"width\":720,\"height\":720,\"caption\":\"Hammer Horror Dracula 1\\\/6 figure\"},{\"@type\":\"BreadcrumbList\",\"@id\":\"https:\\\/\\\/madabouthorror.co.uk\\\/product\\\/hammer-horror-dracula-prince-of-darkness-dracula-1-6-scale-figure\\\/#breadcrumb\",\"itemListElement\":[{\"@type\":\"ListItem\",\"position\":1,\"name\":\"Shop\",\"item\":\"https:\\\/\\\/madabouthorror.co.uk\\\/shop\\\/\"},{\"@type\":\"ListItem\",\"position\":2,\"name\":\"Hammer Horror &#8211; Dracula Prince Of Darkness &#8211; Dracula 1\\\/6 Scale Action Figure\"}]},{\"@type\":\"WebSite\",\"@id\":\"https:\\\/\\\/madabouthorror.co.uk\\\/#website\",\"url\":\"https:\\\/\\\/madabouthorror.co.uk\\\/\",\"name\":\"Mad About Horror\",\"description\":\"\",\"publisher\":{\"@id\":\"https:\\\/\\\/madabouthorror.co.uk\\\/#organization\"},\"alternateName\":\"Mad About Horror Limited\",\"potentialAction\":[{\"@type\":\"SearchAction\",\"target\":{\"@type\":\"EntryPoint\",\"urlTemplate\":\"https:\\\/\\\/madabouthorror.co.uk\\\/?s={search_term_string}\"},\"query-input\":{\"@type\":\"PropertyValueSpecification\",\"valueRequired\":true,\"valueName\":\"search_term_string\"}}],\"inLanguage\":\"fr-FR\"},{\"@type\":\"Organization\",\"@id\":\"https:\\\/\\\/madabouthorror.co.uk\\\/#organization\",\"name\":\"Mad About Horror\",\"url\":\"https:\\\/\\\/madabouthorror.co.uk\\\/\",\"logo\":{\"@type\":\"ImageObject\",\"inLanguage\":\"fr-FR\",\"@id\":\"https:\\\/\\\/madabouthorror.co.uk\\\/#\\\/schema\\\/logo\\\/image\\\/\",\"url\":\"https:\\\/\\\/madabouthorror.co.uk\\\/wp-content\\\/uploads\\\/2024\\\/02\\\/cropped-Logo.png\",\"contentUrl\":\"https:\\\/\\\/madabouthorror.co.uk\\\/wp-content\\\/uploads\\\/2024\\\/02\\\/cropped-Logo.png\",\"width\":240,\"height\":88,\"caption\":\"Mad About Horror\"},\"image\":{\"@id\":\"https:\\\/\\\/madabouthorror.co.uk\\\/#\\\/schema\\\/logo\\\/image\\\/\"},\"sameAs\":[\"https:\\\/\\\/www.facebook.com\\\/madabouthorror\\\/\",\"https:\\\/\\\/www.instagram.com\\\/madabouthorror\\\/\",\"https:\\\/\\\/www.pinterest.co.uk\\\/madabouthorror\\\/\",\"https:\\\/\\\/www.youtube.com\\\/channel\\\/UCBooLOIxjoQ89dj6T5lWm_w\",\"https:\\\/\\\/www.tiktok.com\\\/@weremadabouthorror\"]}]}<\/script>\n<!-- \/ Yoast SEO plugin. -->","yoast_head_json":{"title":"Hammer Horror - Dracula Prince des T\u00e9n\u00e8bres - Figurine \u00e0 l'\u00e9chelle 1:6","description":"Hammer Horror - Dracula Prince Of Darkness - Dracula 1\/6 Scale Action Figure. Stockiste officiel britannique de Trick or Treat Studios. Stock britannique","robots":{"index":"index","follow":"follow","max-snippet":"max-snippet:-1","max-image-preview":"max-image-preview:large","max-video-preview":"max-video-preview:-1"},"canonical":"https:\/\/madabouthorror.co.uk\/fr\/product\/hammer-horror-dracula-prince-of-darkness-dracula-1-6-scale-figure\/","og_locale":"fr_FR","og_type":"article","og_title":"Hammer Horror - Dracula Prince Of Darkness - 1:6 Scale Figure","og_description":"Hammer Horror - Dracula Prince Of Darkness - Dracula 1\/6 Scale Action Figure. Official UK Stockist of Trick or Treat Studios. UK Stock","og_url":"https:\/\/madabouthorror.co.uk\/fr\/product\/hammer-horror-dracula-prince-of-darkness-dracula-1-6-scale-figure\/","og_site_name":"Mad About Horror","article_publisher":"https:\/\/www.facebook.com\/madabouthorror\/","article_modified_time":"2026-04-20T12:42:48+00:00","og_image":[{"width":720,"height":720,"url":"https:\/\/madabouthorror.co.uk\/wp-content\/uploads\/2023\/01\/1-1.jpeg","type":"image\/jpeg"}],"twitter_card":"summary_large_image","twitter_misc":{"Dur\u00e9e de lecture estim\u00e9e":"1 minute"},"schema":{"@context":"https:\/\/schema.org","@graph":[{"@type":["WebPage","ItemPage"],"@id":"https:\/\/madabouthorror.co.uk\/product\/hammer-horror-dracula-prince-of-darkness-dracula-1-6-scale-figure\/","url":"https:\/\/madabouthorror.co.uk\/product\/hammer-horror-dracula-prince-of-darkness-dracula-1-6-scale-figure\/","name":"Hammer Horror - Dracula Prince des T\u00e9n\u00e8bres - Figurine \u00e0 l'\u00e9chelle 1:6","isPartOf":{"@id":"https:\/\/madabouthorror.co.uk\/#website"},"primaryImageOfPage":{"@id":"https:\/\/madabouthorror.co.uk\/product\/hammer-horror-dracula-prince-of-darkness-dracula-1-6-scale-figure\/#primaryimage"},"image":{"@id":"https:\/\/madabouthorror.co.uk\/product\/hammer-horror-dracula-prince-of-darkness-dracula-1-6-scale-figure\/#primaryimage"},"thumbnailUrl":"https:\/\/madabouthorror.co.uk\/wp-content\/uploads\/2023\/01\/1-1.jpeg","datePublished":"2026-02-23T13:51:43+00:00","dateModified":"2026-04-20T12:42:48+00:00","description":"Hammer Horror - Dracula Prince Of Darkness - Dracula 1\/6 Scale Action Figure. Stockiste officiel britannique de Trick or Treat Studios. Stock britannique","breadcrumb":{"@id":"https:\/\/madabouthorror.co.uk\/product\/hammer-horror-dracula-prince-of-darkness-dracula-1-6-scale-figure\/#breadcrumb"},"inLanguage":"fr-FR","potentialAction":[{"@type":"ReadAction","target":["https:\/\/madabouthorror.co.uk\/product\/hammer-horror-dracula-prince-of-darkness-dracula-1-6-scale-figure\/"]}]},{"@type":"ImageObject","inLanguage":"fr-FR","@id":"https:\/\/madabouthorror.co.uk\/product\/hammer-horror-dracula-prince-of-darkness-dracula-1-6-scale-figure\/#primaryimage","url":"https:\/\/madabouthorror.co.uk\/wp-content\/uploads\/2023\/01\/1-1.jpeg","contentUrl":"https:\/\/madabouthorror.co.uk\/wp-content\/uploads\/2023\/01\/1-1.jpeg","width":720,"height":720,"caption":"Hammer Horror Dracula 1\/6 figure"},{"@type":"BreadcrumbList","@id":"https:\/\/madabouthorror.co.uk\/product\/hammer-horror-dracula-prince-of-darkness-dracula-1-6-scale-figure\/#breadcrumb","itemListElement":[{"@type":"ListItem","position":1,"name":"Shop","item":"https:\/\/madabouthorror.co.uk\/shop\/"},{"@type":"ListItem","position":2,"name":"Hammer Horror &#8211; Dracula Prince Of Darkness &#8211; Dracula 1\/6 Scale Action Figure"}]},{"@type":"WebSite","@id":"https:\/\/madabouthorror.co.uk\/#website","url":"https:\/\/madabouthorror.co.uk\/","name":"L'horreur en folie","description":"","publisher":{"@id":"https:\/\/madabouthorror.co.uk\/#organization"},"alternateName":"Mad About Horror Limited","potentialAction":[{"@type":"SearchAction","target":{"@type":"EntryPoint","urlTemplate":"https:\/\/madabouthorror.co.uk\/?s={search_term_string}"},"query-input":{"@type":"PropertyValueSpecification","valueRequired":true,"valueName":"search_term_string"}}],"inLanguage":"fr-FR"},{"@type":"Organization","@id":"https:\/\/madabouthorror.co.uk\/#organization","name":"L'horreur en folie","url":"https:\/\/madabouthorror.co.uk\/","logo":{"@type":"ImageObject","inLanguage":"fr-FR","@id":"https:\/\/madabouthorror.co.uk\/#\/schema\/logo\/image\/","url":"https:\/\/madabouthorror.co.uk\/wp-content\/uploads\/2024\/02\/cropped-Logo.png","contentUrl":"https:\/\/madabouthorror.co.uk\/wp-content\/uploads\/2024\/02\/cropped-Logo.png","width":240,"height":88,"caption":"Mad About Horror"},"image":{"@id":"https:\/\/madabouthorror.co.uk\/#\/schema\/logo\/image\/"},"sameAs":["https:\/\/www.facebook.com\/madabouthorror\/","https:\/\/www.instagram.com\/madabouthorror\/","https:\/\/www.pinterest.co.uk\/madabouthorror\/","https:\/\/www.youtube.com\/channel\/UCBooLOIxjoQ89dj6T5lWm_w","https:\/\/www.tiktok.com\/@weremadabouthorror"]}]}},"df_price":166.62,"df_sale_price":"","df_regular_price":166.62,"df_image_link":"https:\/\/madabouthorror.co.uk\/wp-content\/uploads\/2023\/01\/1-1-300x300.jpeg","_links":{"self":[{"href":"https:\/\/madabouthorror.co.uk\/fr\/wp-json\/wp\/v2\/product\/56566","targetHints":{"allow":["GET"]}}],"collection":[{"href":"https:\/\/madabouthorror.co.uk\/fr\/wp-json\/wp\/v2\/product"}],"about":[{"href":"https:\/\/madabouthorror.co.uk\/fr\/wp-json\/wp\/v2\/types\/product"}],"replies":[{"embeddable":true,"href":"https:\/\/madabouthorror.co.uk\/fr\/wp-json\/wp\/v2\/comments?post=56566"}],"wp:featuredmedia":[{"embeddable":true,"href":"https:\/\/madabouthorror.co.uk\/fr\/wp-json\/wp\/v2\/media\/476565"}],"wp:attachment":[{"href":"https:\/\/madabouthorror.co.uk\/fr\/wp-json\/wp\/v2\/media?parent=56566"}],"wp:term":[{"taxonomy":"product_brand","embeddable":true,"href":"https:\/\/madabouthorror.co.uk\/fr\/wp-json\/wp\/v2\/product_brand?post=56566"},{"taxonomy":"product_cat","embeddable":true,"href":"https:\/\/madabouthorror.co.uk\/fr\/wp-json\/wp\/v2\/product_cat?post=56566"},{"taxonomy":"product_tag","embeddable":true,"href":"https:\/\/madabouthorror.co.uk\/fr\/wp-json\/wp\/v2\/product_tag?post=56566"}],"curies":[{"name":"wp","href":"https:\/\/api.w.org\/{rel}","templated":true}]}}